{"id":841,"date":"2016-07-30T10:32:48","date_gmt":"2016-07-30T03:32:48","guid":{"rendered":"http:\/\/apanano.com\/?post_type=product&#038;p=841"},"modified":"2023-02-24T18:25:50","modified_gmt":"2023-02-24T11:25:50","slug":"apa-salino-12-p","status":"publish","type":"product","link":"https:\/\/apanano.com\/vi\/product\/apa-salino-12-p\/","title":{"rendered":"APA SALINO 12 P"},"content":{"rendered":"<p>Thu\u1ed1c b\u1ed9t tr\u1ed9n th\u1ee9c \u0103n.<\/p>\n<p><strong>TH\u00c0NH PH\u1ea6N:<\/strong><br \/>\nSalinomycin sodium.<\/p>\n<p><strong>C\u00d4NG D\u1ee4NG:<\/strong><br \/>\nPh\u00f2ng b\u1ec7nh c\u1ea7u tr\u00f9ng tr\u00ean g\u00e0 v\u00e0 g\u00e0 t\u00e2y.<\/p>\n<p><strong>C\u00c1CH S\u1eec D\u1ee4NG V\u00c0 LI\u1ec0U D\u00d9NG:<\/strong><br \/>\nTr\u1ed9n 500 g APA SALINO 12P\/t\u1ea5n th\u1ee9c \u0103n.<\/p>\n<p><strong>TH\u1edcI GIAN NG\u01afNG S\u1eec D\u1ee4NG THU\u1ed0C:<\/strong> 0 ng\u00e0y<\/p>\n<p><strong>B\u1ea2O QU\u1ea2N:<\/strong><br \/>\nN\u01a1i kh\u00f4 r\u00e1o, tho\u00e1ng m\u00e1t, tr\u00e1nh \u00e1nh s\u00e1ng tr\u1ef1c ti\u1ebfp.<\/p>\n<p><strong>S\u1ed1 \u0111\u0103ng k\u00fd: APA-104<\/strong><\/p>\n<h3 style=\"text-align: center;\"><span style=\"color: #ff0000;\">CH\u1ec8 D\u00d9NG TRONG TH\u00da Y<\/span><\/h3>\r\n<blockquote>\r\n<p style=\"text-align: center;\"><em>\u201cS\u1ea3n ph\u1ea9m kh\u00f4ng ch\u1ee9a c\u00e1c ch\u1ea5t c\u1ea5m s\u1eed d\u1ee5ng trong s\u1ea3n xu\u1ea5t, kinh doanh th\u00fa y theo c\u00e1c quy \u0111\u1ecbnh hi\u1ec7n h\u00e0nh c\u1ee7a <strong>B\u1ed9 N\u00f4ng nghi\u1ec7p v\u00e0 Ph\u00e1t tri\u1ec3n n\u00f4ng th\u00f4n<\/strong>\u201d<\/em><\/p>\r\n<\/blockquote>\r\n<p><!-- Shortcode [sty2] does not match the conditions --><\/p>\r\n<p style=\"text-align: center;\">S\u1ea3n ph\u1ea9m <a href=\"\">Thu\u1ed1c Th\u00fa Y <\/a> gi\u00e1 b\u00e1n, th\u00e0nh ph\u1ea7n ch\u00ednh, c\u00f4ng d\u1ee5ng \u0111i\u1ec1u tr\u1ecb, h\u01b0\u1edbng d\u1eabn s\u1eed d\u1ee5ng!<\/p>\n","protected":false},"excerpt":{"rendered":"<h3><span style=\"color: #ff0000;\">PH\u00d2NG B\u1ec6NH C\u1ea6U TR\u00d9NG TR\u00caN G\u00c0<\/span><\/h3>\n<p><strong>C\u00d4NG D\u1ee4NG:<\/strong><br \/>\nPh\u00f2ng b\u1ec7nh c\u1ea7u tr\u00f9ng tr\u00ean g\u00e0 v\u00e0 g\u00e0 t\u00e2y.<\/p>\n[sc name=\"scontact\" ]\n","protected":false},"featured_media":842,"comment_status":"open","ping_status":"closed","template":"","meta":{"sfsi_plus_gutenberg_text_before_share":"","sfsi_plus_gutenberg_show_text_before_share":"","sfsi_plus_gutenberg_icon_type":"","sfsi_plus_gutenberg_icon_alignemt":"","sfsi_plus_gutenburg_max_per_row":""},"product_brand":[],"product_cat":[18],"product_tag":[63],"class_list":{"0":"post-841","1":"product","2":"type-product","3":"status-publish","4":"has-post-thumbnail","6":"product_cat-poultry","7":"product_tag-feed-mill","9":"first","10":"instock","11":"shipping-taxable","12":"product-type-simple"},"_links":{"self":[{"href":"https:\/\/apanano.com\/vi\/wp-json\/wp\/v2\/product\/841","targetHints":{"allow":["GET"]}}],"collection":[{"href":"https:\/\/apanano.com\/vi\/wp-json\/wp\/v2\/product"}],"about":[{"href":"https:\/\/apanano.com\/vi\/wp-json\/wp\/v2\/types\/product"}],"replies":[{"embeddable":true,"href":"https:\/\/apanano.com\/vi\/wp-json\/wp\/v2\/comments?post=841"}],"wp:featuredmedia":[{"embeddable":true,"href":"https:\/\/apanano.com\/vi\/wp-json\/wp\/v2\/media\/842"}],"wp:attachment":[{"href":"https:\/\/apanano.com\/vi\/wp-json\/wp\/v2\/media?parent=841"}],"wp:term":[{"taxonomy":"product_brand","embeddable":true,"href":"https:\/\/apanano.com\/vi\/wp-json\/wp\/v2\/product_brand?post=841"},{"taxonomy":"product_cat","embeddable":true,"href":"https:\/\/apanano.com\/vi\/wp-json\/wp\/v2\/product_cat?post=841"},{"taxonomy":"product_tag","embeddable":true,"href":"https:\/\/apanano.com\/vi\/wp-json\/wp\/v2\/product_tag?post=841"}],"curies":[{"name":"wp","href":"https:\/\/api.w.org\/{rel}","templated":true}]}}