{"id":7815,"date":"2025-08-07T16:00:01","date_gmt":"2025-08-07T09:00:01","guid":{"rendered":"https:\/\/apanano.com\/vi\/product\/\/"},"modified":"2025-08-07T16:00:01","modified_gmt":"2025-08-07T09:00:01","slug":"max","status":"publish","type":"product","link":"https:\/\/apanano.com\/vi\/product\/max\/","title":{"rendered":"MAX"},"content":{"rendered":"<p><strong><u>C\u00d4NG D\u1ee4NG:<\/u><\/strong><\/p>\n<ul>\n<li>Ph\u00f9 h\u1ee3p v\u1edbi nhi\u1ec1u lo\u1ea1i b\u1ec1 m\u1eb7t s\u00e0n.<\/li>\n<li>\u0110\u00e1nh bay v\u1ebft b\u1ea9n c\u1ee9ng \u0111\u1ea7u, gi\u00fap s\u00e0n s\u1ea1ch b\u00f3ng kh\u00f4 nhanh m\u00e0 kh\u00f4ng g\u00e2y nh\u1eddn r\u00edt.<\/li>\n<li>H\u01b0\u01a1ng hoa th\u01a1m t\u01b0\u01a1i m\u00e1t, d\u1ec5 ch\u1ecbu, thanh l\u1ecdc kh\u00f4ng gian s\u1ed1ng, t\u1ea1o c\u1ea3m gi\u00e1c th\u01b0 gi\u00e3n sau m\u1ed7i l\u1ea7n lau.<\/li>\n<\/ul>\n<div class=\"su-image-carousel  su-image-carousel-columns-2 su-image-carousel-has-spacing su-image-carousel-has-outline su-image-carousel-adaptive su-image-carousel-slides-style-photo su-image-carousel-controls-style-light su-image-carousel-align-none\" style=\"\" data-flickity-options='{\"groupCells\":true,\"cellSelector\":\".su-image-carousel-item\",\"adaptiveHeight\":true,\"cellAlign\":\"left\",\"prevNextButtons\":true,\"pageDots\":true,\"autoPlay\":2000,\"imagesLoaded\":true,\"contain\":false,\"selectedAttraction\":0.025,\"friction\":0.28}' id=\"su_image_carousel_69e7466cd6831\"><div class=\"su-image-carousel-item\"><div class=\"su-image-carousel-item-content\"><img loading=\"lazy\" decoding=\"async\" width=\"1000\" height=\"1000\" src=\"\/wp-content\/uploads\/MAX-20kg.jpg\" class=\"\" alt=\"\" srcset=\"\/wp-content\/uploads\/MAX-20kg.jpg 1000w, \/wp-content\/uploads\/MAX-20kg-300x300.jpg 300w, \/wp-content\/uploads\/MAX-20kg-150x150.jpg 150w, \/wp-content\/uploads\/MAX-20kg-768x768.jpg 768w, \/wp-content\/uploads\/MAX-20kg-456x456.jpg 456w, \/wp-content\/uploads\/MAX-20kg-100x100.jpg 100w, \/wp-content\/uploads\/MAX-20kg-600x600.jpg 600w\" sizes=\"auto, (max-width: 1000px) 100vw, 1000px\" \/><\/div><\/div><div class=\"su-image-carousel-item\"><div class=\"su-image-carousel-item-content\"><img loading=\"lazy\" decoding=\"async\" width=\"1000\" height=\"1000\" src=\"\/wp-content\/uploads\/MAX-5kg.jpg\" class=\"\" alt=\"\" srcset=\"\/wp-content\/uploads\/MAX-5kg.jpg 1000w, \/wp-content\/uploads\/MAX-5kg-300x300.jpg 300w, \/wp-content\/uploads\/MAX-5kg-150x150.jpg 150w, \/wp-content\/uploads\/MAX-5kg-768x768.jpg 768w, \/wp-content\/uploads\/MAX-5kg-456x456.jpg 456w, \/wp-content\/uploads\/MAX-5kg-100x100.jpg 100w\" sizes=\"auto, (max-width: 1000px) 100vw, 1000px\" \/><\/div><\/div><div class=\"su-image-carousel-item\"><div class=\"su-image-carousel-item-content\"><img loading=\"lazy\" decoding=\"async\" width=\"1000\" height=\"1000\" src=\"\/wp-content\/uploads\/MAX.jpg\" class=\"\" alt=\"\" srcset=\"\/wp-content\/uploads\/MAX.jpg 1000w, \/wp-content\/uploads\/MAX-300x300.jpg 300w, \/wp-content\/uploads\/MAX-150x150.jpg 150w, \/wp-content\/uploads\/MAX-768x768.jpg 768w, \/wp-content\/uploads\/MAX-456x456.jpg 456w, \/wp-content\/uploads\/MAX-100x100.jpg 100w, \/wp-content\/uploads\/MAX-600x600.jpg 600w, \/wp-content\/uploads\/MAX-814x814.jpg 814w, \/wp-content\/uploads\/MAX-407x407.jpg 407w, \/wp-content\/uploads\/MAX-520x520.jpg 520w, \/wp-content\/uploads\/MAX-260x260.jpg 260w\" sizes=\"auto, (max-width: 1000px) 100vw, 1000px\" \/><\/div><\/div><\/div><script id=\"su_image_carousel_69e7466cd6831_script\">if(window.SUImageCarousel){setTimeout(function() {window.SUImageCarousel.initGallery(document.getElementById(\"su_image_carousel_69e7466cd6831\"))}, 0);}var su_image_carousel_69e7466cd6831_script=document.getElementById(\"su_image_carousel_69e7466cd6831_script\");if(su_image_carousel_69e7466cd6831_script){su_image_carousel_69e7466cd6831_script.parentNode.removeChild(su_image_carousel_69e7466cd6831_script);}<\/script>\n<p><strong><u>H\u01af\u1edaNG D\u1eaaN S\u1eec D\u1ee4NG:<\/u><\/strong><\/p>\n<ul>\n<li>B\u01b0\u1edbc 1<\/li>\n<\/ul>\n<p>Ho\u00e0 1 n\u1eafp \u0111\u1ea7y (40ml) n\u01b0\u1edbc lau s\u00e0n v\u00e0o x\u00f4 n\u01b0\u1edbc s\u1ea1ch 5 l\u00edt. Khu\u1ea5y \u0111\u1ec1u \u0111\u1ec3 dung d\u1ecbch h\u00f2a tan ho\u00e0n to\u00e0n trong n\u01b0\u1edbc.<\/p>\n<ul>\n<li>B\u01b0\u1edbc 2<\/li>\n<\/ul>\n<p>Nh\u00fang kh\u0103n lau ho\u1eb7c c\u00e2y lau nh\u00e0 v\u00e0o dung d\u1ecbch \u0111\u00e3 pha. V\u1eaft b\u1edbt n\u01b0\u1edbc, lau \u0111\u1ec1u to\u00e0n b\u1ed9 b\u1ec1 m\u1eb7t s\u00e0n, \u0111\u1eb7c bi\u1ec7t ch\u00fa \u00fd khu v\u1ef1c c\u00f3 nhi\u1ec1u v\u1ebft b\u1ea9n.<\/p>\n<ul>\n<li>B\u01b0\u1edbc 3<\/li>\n<\/ul>\n<p>Sau khi lau xong, kh\u00f4ng c\u1ea7n lau l\u1ea1i b\u1eb1ng n\u01b0\u1edbc s\u1ea1ch.<\/p>\n","protected":false},"excerpt":{"rendered":"<h3><span style=\"color: #008080;\"><strong>N\u01af\u1edaC LAU S\u00c0N H\u01af\u01a0NG HOA<\/strong><\/span><\/h3>\n<p><strong>C\u00d4NG D\u1ee4NG:<\/strong><\/p>\n<ul>\n<li>Ph\u00f9 h\u1ee3p v\u1edbi nhi\u1ec1u lo\u1ea1i b\u1ec1 m\u1eb7t s\u00e0n.<\/li>\n<li>\u0110\u00e1nh bay v\u1ebft b\u1ea9n c\u1ee9ng \u0111\u1ea7u, gi\u00fap s\u00e0n s\u1ea1ch b\u00f3ng kh\u00f4 nhanh m\u00e0 kh\u00f4ng g\u00e2y nh\u1eddn r\u00edt.<\/li>\n<li>H\u01b0\u01a1ng hoa th\u01a1m t\u01b0\u01a1i m\u00e1t, d\u1ec5 ch\u1ecbu, thanh l\u1ecdc kh\u00f4ng gian s\u1ed1ng, t\u1ea1o c\u1ea3m gi\u00e1c th\u01b0 gi\u00e3n sau m\u1ed7i l\u1ea7n lau.<\/li>\n<\/ul>\n[sc name=\"scontactdt\"][\/sc]\n","protected":false},"featured_media":7829,"comment_status":"closed","ping_status":"closed","template":"","meta":{"sfsi_plus_gutenberg_text_before_share":"","sfsi_plus_gutenberg_show_text_before_share":"","sfsi_plus_gutenberg_icon_type":"","sfsi_plus_gutenberg_icon_alignemt":"","sfsi_plus_gutenburg_max_per_row":""},"product_brand":[],"product_cat":[1068],"product_tag":[],"class_list":{"0":"post-7815","1":"product","2":"type-product","3":"status-publish","4":"has-post-thumbnail","6":"product_cat-detergent","8":"first","9":"instock","10":"shipping-taxable","11":"product-type-simple"},"_links":{"self":[{"href":"https:\/\/apanano.com\/vi\/wp-json\/wp\/v2\/product\/7815","targetHints":{"allow":["GET"]}}],"collection":[{"href":"https:\/\/apanano.com\/vi\/wp-json\/wp\/v2\/product"}],"about":[{"href":"https:\/\/apanano.com\/vi\/wp-json\/wp\/v2\/types\/product"}],"replies":[{"embeddable":true,"href":"https:\/\/apanano.com\/vi\/wp-json\/wp\/v2\/comments?post=7815"}],"wp:featuredmedia":[{"embeddable":true,"href":"https:\/\/apanano.com\/vi\/wp-json\/wp\/v2\/media\/7829"}],"wp:attachment":[{"href":"https:\/\/apanano.com\/vi\/wp-json\/wp\/v2\/media?parent=7815"}],"wp:term":[{"taxonomy":"product_brand","embeddable":true,"href":"https:\/\/apanano.com\/vi\/wp-json\/wp\/v2\/product_brand?post=7815"},{"taxonomy":"product_cat","embeddable":true,"href":"https:\/\/apanano.com\/vi\/wp-json\/wp\/v2\/product_cat?post=7815"},{"taxonomy":"product_tag","embeddable":true,"href":"https:\/\/apanano.com\/vi\/wp-json\/wp\/v2\/product_tag?post=7815"}],"curies":[{"name":"wp","href":"https:\/\/api.w.org\/{rel}","templated":true}]}}