{"id":7814,"date":"2025-08-07T15:55:51","date_gmt":"2025-08-07T08:55:51","guid":{"rendered":"https:\/\/apanano.com\/vi\/product\/\/"},"modified":"2025-08-07T16:00:45","modified_gmt":"2025-08-07T09:00:45","slug":"lik","status":"publish","type":"product","link":"https:\/\/apanano.com\/vi\/product\/lik\/","title":{"rendered":"LIK"},"content":{"rendered":"<p><strong><u>C\u00d4NG D\u1ee4NG:<\/u><\/strong><\/p>\n<ul>\n<li>T\u1ea9y nhanh c\u00e1c v\u1ebft b\u1ea9n v\u00e0 m\u1ea3ng b\u00e1m c\u1ee9ng \u0111\u1ea7u tr\u00ean b\u1ec1 m\u1eb7t.<\/li>\n<li>S\u1ea3n ph\u1ea9m kh\u00f4ng ch\u1ec9 t\u1ea9y s\u1ea1ch m\u1ea1nh m\u1ebd m\u00e0 c\u00f2n kh\u1eed m\u00f9i h\u00f4i kh\u00f3 ch\u1ecbu, mang l\u1ea1i kh\u00f4ng gian nh\u00e0 v\u1ec7 sinh s\u1ea1ch s\u1ebd, th\u01a1m m\u00e1t.<\/li>\n<li>V\u1edbi c\u00f4ng th\u1ee9c di\u1ec7t khu\u1ea9n v\u01b0\u1ee3t tr\u1ed9i, n\u01b0\u1edbc t\u1ea9y r\u1eeda gi\u00fap ti\u00eau di\u1ec7t vi khu\u1ea9n g\u00e2y h\u1ea1i, b\u1ea3o v\u1ec7 s\u1ee9c kh\u1ecfe, an to\u00e0n cho ng\u01b0\u1eddi s\u1eed d\u1ee5ng.<\/li>\n<\/ul>\n<div class=\"su-image-carousel  su-image-carousel-columns-2 su-image-carousel-has-spacing su-image-carousel-has-outline su-image-carousel-adaptive su-image-carousel-slides-style-photo su-image-carousel-controls-style-light su-image-carousel-align-none\" style=\"\" data-flickity-options='{\"groupCells\":true,\"cellSelector\":\".su-image-carousel-item\",\"adaptiveHeight\":true,\"cellAlign\":\"left\",\"prevNextButtons\":true,\"pageDots\":true,\"autoPlay\":2000,\"imagesLoaded\":true,\"contain\":false,\"selectedAttraction\":0.025,\"friction\":0.28}' id=\"su_image_carousel_6a005a4ff310f\"><div class=\"su-image-carousel-item\"><div class=\"su-image-carousel-item-content\"><img loading=\"lazy\" decoding=\"async\" width=\"1000\" height=\"1000\" src=\"\/wp-content\/uploads\/LIK-20kg.jpg\" class=\"\" alt=\"\" srcset=\"\/wp-content\/uploads\/LIK-20kg.jpg 1000w, \/wp-content\/uploads\/LIK-20kg-300x300.jpg 300w, \/wp-content\/uploads\/LIK-20kg-150x150.jpg 150w, \/wp-content\/uploads\/LIK-20kg-768x768.jpg 768w, \/wp-content\/uploads\/LIK-20kg-456x456.jpg 456w, \/wp-content\/uploads\/LIK-20kg-100x100.jpg 100w, \/wp-content\/uploads\/LIK-20kg-600x600.jpg 600w\" sizes=\"auto, (max-width: 1000px) 100vw, 1000px\" \/><\/div><\/div><div class=\"su-image-carousel-item\"><div class=\"su-image-carousel-item-content\"><img loading=\"lazy\" decoding=\"async\" width=\"1000\" height=\"1000\" src=\"\/wp-content\/uploads\/LIK-5kg.jpg\" class=\"\" alt=\"\" srcset=\"\/wp-content\/uploads\/LIK-5kg.jpg 1000w, \/wp-content\/uploads\/LIK-5kg-300x300.jpg 300w, \/wp-content\/uploads\/LIK-5kg-150x150.jpg 150w, \/wp-content\/uploads\/LIK-5kg-768x768.jpg 768w, \/wp-content\/uploads\/LIK-5kg-456x456.jpg 456w, \/wp-content\/uploads\/LIK-5kg-100x100.jpg 100w\" sizes=\"auto, (max-width: 1000px) 100vw, 1000px\" \/><\/div><\/div><div class=\"su-image-carousel-item\"><div class=\"su-image-carousel-item-content\"><img loading=\"lazy\" decoding=\"async\" width=\"1000\" height=\"1000\" src=\"\/wp-content\/uploads\/LIK.jpg\" class=\"\" alt=\"\" srcset=\"\/wp-content\/uploads\/LIK.jpg 1000w, \/wp-content\/uploads\/LIK-300x300.jpg 300w, \/wp-content\/uploads\/LIK-150x150.jpg 150w, \/wp-content\/uploads\/LIK-768x768.jpg 768w, \/wp-content\/uploads\/LIK-456x456.jpg 456w, \/wp-content\/uploads\/LIK-100x100.jpg 100w, \/wp-content\/uploads\/LIK-814x814.jpg 814w, \/wp-content\/uploads\/LIK-407x407.jpg 407w, \/wp-content\/uploads\/LIK-600x600.jpg 600w, \/wp-content\/uploads\/LIK-520x520.jpg 520w, \/wp-content\/uploads\/LIK-260x260.jpg 260w\" sizes=\"auto, (max-width: 1000px) 100vw, 1000px\" \/><\/div><\/div><\/div><script id=\"su_image_carousel_6a005a4ff310f_script\">if(window.SUImageCarousel){setTimeout(function() {window.SUImageCarousel.initGallery(document.getElementById(\"su_image_carousel_6a005a4ff310f\"))}, 0);}var su_image_carousel_6a005a4ff310f_script=document.getElementById(\"su_image_carousel_6a005a4ff310f_script\");if(su_image_carousel_6a005a4ff310f_script){su_image_carousel_6a005a4ff310f_script.parentNode.removeChild(su_image_carousel_6a005a4ff310f_script);}<\/script>\n<p><strong><u>H\u01af\u1edaNG D\u1eaaN S\u1eec D\u1ee4NG:<\/u><\/strong><\/p>\n<p><strong>B\u01b0\u1edbc 1<\/strong><\/p>\n<ul>\n<li>\u0110\u1ed5 tr\u1ef1c ti\u1ebfp dung d\u1ecbch LIK l\u00ean b\u1ec1 m\u1eb7t c\u1ea7n l\u00e0m s\u1ea1ch.<\/li>\n<li>T\u1eadp trung v\u00e0o c\u00e1c khu v\u1ef1c c\u00f3 v\u1ebft b\u1ea9n c\u1ee9ng \u0111\u1ea7u ho\u1eb7c c\u00e1c v\u1ecb tr\u00ed b\u1ecb \u1ed1 v\u00e0ng.<\/li>\n<li>\u0110\u1ec3 dung d\u1ecbch th\u1ea5m tr\u00ean b\u1ec1 m\u1eb7t trong ch\u1ed1c l\u00e1t.<\/li>\n<\/ul>\n<p><strong>B\u01b0\u1edbc 2<\/strong><\/p>\n<ul>\n<li>D\u00f9ng v\u1eadt d\u1ee5ng l\u00e0m v\u1ec7 sinh c\u1ecd r\u1eeda b\u1ec1 m\u1eb7t b\u1ecb b\u1ea9n trong toilet, ph\u00f2ng t\u1eafm<\/li>\n<li>\u0110eo g\u0103ng tay khi thao t\u00e1c tr\u1ef1c ti\u1ebfp v\u1edbi dung d\u1ecbch t\u1ea9y r\u1eeda.<\/li>\n<\/ul>\n<p><strong>B\u01b0\u1edbc 3<\/strong><\/p>\n<ul>\n<li>Sau khi c\u1ecd r\u1eeda xong, d\u1ed9i r\u1eeda l\u1ea1i b\u1eb1ng n\u01b0\u1edbc s\u1ea1ch \u0111\u1ec3 lo\u1ea1i b\u1ecf ho\u00e0n to\u00e0n c\u1eb7n b\u1ea9n v\u00e0 dung d\u1ecbch d\u01b0 th\u1eeba.<\/li>\n<\/ul>\n","protected":false},"excerpt":{"rendered":"<h3><span style=\"color: #333399;\"><strong>N\u01af\u1edaC T\u1ea8Y R\u1eecA NH\u00c0 V\u1ec6 SINH<\/strong><\/span><\/h3>\n<p><strong>C\u00d4NG D\u1ee4NG:<\/strong><\/p>\n<ul>\n<li>T\u1ea9y nhanh c\u00e1c v\u1ebft b\u1ea9n v\u00e0 m\u1ea3ng b\u00e1m c\u1ee9ng \u0111\u1ea7u tr\u00ean b\u1ec1 m\u1eb7t.<\/li>\n<li>S\u1ea3n ph\u1ea9m kh\u00f4ng ch\u1ec9 t\u1ea9y s\u1ea1ch m\u1ea1nh m\u1ebd m\u00e0 c\u00f2n kh\u1eed m\u00f9i h\u00f4i kh\u00f3 ch\u1ecbu, mang l\u1ea1i kh\u00f4ng gian nh\u00e0 v\u1ec7 sinh s\u1ea1ch s\u1ebd, th\u01a1m m\u00e1t.<\/li>\n<li>V\u1edbi c\u00f4ng th\u1ee9c di\u1ec7t khu\u1ea9n v\u01b0\u1ee3t tr\u1ed9i, n\u01b0\u1edbc t\u1ea9y r\u1eeda gi\u00fap ti\u00eau di\u1ec7t vi khu\u1ea9n g\u00e2y h\u1ea1i, b\u1ea3o v\u1ec7 s\u1ee9c kh\u1ecfe, an to\u00e0n cho ng\u01b0\u1eddi s\u1eed d\u1ee5ng.<\/li>\n<\/ul>\n[sc name=\"scontactdt\"][\/sc]\n","protected":false},"featured_media":7826,"comment_status":"closed","ping_status":"closed","template":"","meta":{"sfsi_plus_gutenberg_text_before_share":"","sfsi_plus_gutenberg_show_text_before_share":"","sfsi_plus_gutenberg_icon_type":"","sfsi_plus_gutenberg_icon_alignemt":"","sfsi_plus_gutenburg_max_per_row":""},"product_brand":[],"product_cat":[1068],"product_tag":[],"class_list":{"0":"post-7814","1":"product","2":"type-product","3":"status-publish","4":"has-post-thumbnail","6":"product_cat-detergent","8":"first","9":"instock","10":"shipping-taxable","11":"product-type-simple"},"_links":{"self":[{"href":"https:\/\/apanano.com\/vi\/wp-json\/wp\/v2\/product\/7814","targetHints":{"allow":["GET"]}}],"collection":[{"href":"https:\/\/apanano.com\/vi\/wp-json\/wp\/v2\/product"}],"about":[{"href":"https:\/\/apanano.com\/vi\/wp-json\/wp\/v2\/types\/product"}],"replies":[{"embeddable":true,"href":"https:\/\/apanano.com\/vi\/wp-json\/wp\/v2\/comments?post=7814"}],"wp:featuredmedia":[{"embeddable":true,"href":"https:\/\/apanano.com\/vi\/wp-json\/wp\/v2\/media\/7826"}],"wp:attachment":[{"href":"https:\/\/apanano.com\/vi\/wp-json\/wp\/v2\/media?parent=7814"}],"wp:term":[{"taxonomy":"product_brand","embeddable":true,"href":"https:\/\/apanano.com\/vi\/wp-json\/wp\/v2\/product_brand?post=7814"},{"taxonomy":"product_cat","embeddable":true,"href":"https:\/\/apanano.com\/vi\/wp-json\/wp\/v2\/product_cat?post=7814"},{"taxonomy":"product_tag","embeddable":true,"href":"https:\/\/apanano.com\/vi\/wp-json\/wp\/v2\/product_tag?post=7814"}],"curies":[{"name":"wp","href":"https:\/\/api.w.org\/{rel}","templated":true}]}}