{"id":7813,"date":"2025-08-07T16:07:26","date_gmt":"2025-08-07T09:07:26","guid":{"rendered":"https:\/\/apanano.com\/vi\/product\/\/"},"modified":"2025-08-08T16:10:03","modified_gmt":"2025-08-08T09:10:03","slug":"win","status":"publish","type":"product","link":"https:\/\/apanano.com\/vi\/product\/win\/","title":{"rendered":"WIN"},"content":{"rendered":"<p><strong>WIN (n\u01b0\u1edbc gi\u1eb7t)<\/strong><\/p>\n<p><strong><u>C\u00d4NG D\u1ee4NG:<\/u><\/strong><\/p>\n<ul>\n<li>V\u1edbi c\u00f4ng th\u1ee9c \u0111\u1eadm \u0111\u1eb7c, gi\u00fap l\u00e0m s\u1ea1ch m\u1ecdi v\u1ebft b\u1ea9n c\u1ee9ng \u0111\u1ea7u tr\u00ean qu\u1ea7n \u00e1o nhanh ch\u00f3ng, hi\u1ec7u qu\u1ea3 m\u00e0 kh\u00f4ng g\u00e2y h\u01b0 h\u1ecfng hay l\u00e0m gi\u1ea3m \u0111\u1ed9 b\u1ec1n qu\u1ea7n \u00e1o trong qu\u00e1 tr\u00ecnh s\u1eed d\u1ee5ng.<\/li>\n<li>L\u01b0u h\u01b0\u01a1ng b\u1ec1n l\u00e2u c\u1ea3 ng\u00e0y, kh\u1eed s\u1ea1ch m\u00f9i \u1ea9m m\u1ed1c mang \u0111\u1ebfn c\u1ea3m gi\u00e1c s\u1ea3ng kho\u00e1i v\u00e0 s\u1ef1 t\u1ef1 tin cho ng\u01b0\u1eddi d\u00f9ng.<\/li>\n<li>N\u01b0\u1edbc gi\u1eb7t d\u00f9ng \u0111\u01b0\u1ee3c cho c\u1ea3 m\u00e1y gi\u1eb7t v\u00e0 gi\u1eb7t tay, an to\u00e0n cho s\u1ee9c kh\u1ecfe.<\/li>\n<\/ul>\n<div class=\"su-image-carousel  su-image-carousel-columns-2 su-image-carousel-has-spacing su-image-carousel-has-outline su-image-carousel-adaptive su-image-carousel-slides-style-photo su-image-carousel-controls-style-light su-image-carousel-align-none\" style=\"\" data-flickity-options='{\"groupCells\":true,\"cellSelector\":\".su-image-carousel-item\",\"adaptiveHeight\":true,\"cellAlign\":\"left\",\"prevNextButtons\":true,\"pageDots\":true,\"autoPlay\":2000,\"imagesLoaded\":true,\"contain\":false,\"selectedAttraction\":0.025,\"friction\":0.28}' id=\"su_image_carousel_69ea3dc870269\"><div class=\"su-image-carousel-item\"><div class=\"su-image-carousel-item-content\"><img loading=\"lazy\" decoding=\"async\" width=\"1000\" height=\"1000\" src=\"\/wp-content\/uploads\/WIN-20kg.jpg\" class=\"\" alt=\"\" srcset=\"\/wp-content\/uploads\/WIN-20kg.jpg 1000w, \/wp-content\/uploads\/WIN-20kg-300x300.jpg 300w, \/wp-content\/uploads\/WIN-20kg-150x150.jpg 150w, \/wp-content\/uploads\/WIN-20kg-768x768.jpg 768w, \/wp-content\/uploads\/WIN-20kg-456x456.jpg 456w, \/wp-content\/uploads\/WIN-20kg-100x100.jpg 100w, \/wp-content\/uploads\/WIN-20kg-600x600.jpg 600w\" sizes=\"auto, (max-width: 1000px) 100vw, 1000px\" \/><\/div><\/div><div class=\"su-image-carousel-item\"><div class=\"su-image-carousel-item-content\"><img loading=\"lazy\" decoding=\"async\" width=\"1000\" height=\"1000\" src=\"\/wp-content\/uploads\/WIN-5kg.jpg\" class=\"\" alt=\"\" srcset=\"\/wp-content\/uploads\/WIN-5kg.jpg 1000w, \/wp-content\/uploads\/WIN-5kg-300x300.jpg 300w, \/wp-content\/uploads\/WIN-5kg-150x150.jpg 150w, \/wp-content\/uploads\/WIN-5kg-768x768.jpg 768w, \/wp-content\/uploads\/WIN-5kg-456x456.jpg 456w, \/wp-content\/uploads\/WIN-5kg-100x100.jpg 100w\" sizes=\"auto, (max-width: 1000px) 100vw, 1000px\" \/><\/div><\/div><div class=\"su-image-carousel-item\"><div class=\"su-image-carousel-item-content\"><img loading=\"lazy\" decoding=\"async\" width=\"1000\" height=\"1000\" src=\"\/wp-content\/uploads\/WIN.jpg\" class=\"\" alt=\"\" srcset=\"\/wp-content\/uploads\/WIN.jpg 1000w, \/wp-content\/uploads\/WIN-300x300.jpg 300w, \/wp-content\/uploads\/WIN-150x150.jpg 150w, \/wp-content\/uploads\/WIN-768x768.jpg 768w, \/wp-content\/uploads\/WIN-456x456.jpg 456w, \/wp-content\/uploads\/WIN-100x100.jpg 100w, \/wp-content\/uploads\/WIN-814x814.jpg 814w, \/wp-content\/uploads\/WIN-407x407.jpg 407w, \/wp-content\/uploads\/WIN-600x600.jpg 600w, \/wp-content\/uploads\/WIN-520x520.jpg 520w, \/wp-content\/uploads\/WIN-260x260.jpg 260w\" sizes=\"auto, (max-width: 1000px) 100vw, 1000px\" \/><\/div><\/div><div class=\"su-image-carousel-item\"><div class=\"su-image-carousel-item-content\"><img loading=\"lazy\" decoding=\"async\" width=\"1000\" height=\"1000\" src=\"\/wp-content\/uploads\/WIN-bao-20kg.jpg\" class=\"\" alt=\"\" srcset=\"\/wp-content\/uploads\/WIN-bao-20kg.jpg 1000w, \/wp-content\/uploads\/WIN-bao-20kg-300x300.jpg 300w, \/wp-content\/uploads\/WIN-bao-20kg-150x150.jpg 150w, \/wp-content\/uploads\/WIN-bao-20kg-768x768.jpg 768w, \/wp-content\/uploads\/WIN-bao-20kg-456x456.jpg 456w, \/wp-content\/uploads\/WIN-bao-20kg-100x100.jpg 100w, \/wp-content\/uploads\/WIN-bao-20kg-600x600.jpg 600w, \/wp-content\/uploads\/WIN-bao-20kg-814x814.jpg 814w, \/wp-content\/uploads\/WIN-bao-20kg-407x407.jpg 407w, \/wp-content\/uploads\/WIN-bao-20kg-520x520.jpg 520w, \/wp-content\/uploads\/WIN-bao-20kg-260x260.jpg 260w\" sizes=\"auto, (max-width: 1000px) 100vw, 1000px\" \/><\/div><\/div><\/div><script id=\"su_image_carousel_69ea3dc870269_script\">if(window.SUImageCarousel){setTimeout(function() {window.SUImageCarousel.initGallery(document.getElementById(\"su_image_carousel_69ea3dc870269\"))}, 0);}var su_image_carousel_69ea3dc870269_script=document.getElementById(\"su_image_carousel_69ea3dc870269_script\");if(su_image_carousel_69ea3dc870269_script){su_image_carousel_69ea3dc870269_script.parentNode.removeChild(su_image_carousel_69ea3dc870269_script);}<\/script>\n<p><strong><u>H\u01af\u1edaNG D\u1eaaN S\u1eec D\u1ee4NG:<\/u><\/strong><\/p>\n<p><strong>Gi\u1eb7t tay<\/strong><\/p>\n<ul>\n<li>X\u1ea3 qu\u1ea7n \u00e1o v\u1edbi n\u01b0\u1edbc s\u1ea1ch.<\/li>\n<li>H\u00f2a tan kho\u1ea3ng 30ml n\u01b0\u1edbc gi\u1eb7t (1\/2 n\u1eafp) v\u00e0o 3 \u2013 5 l\u00edt n\u01b0\u1edbc \u0111\u1ec3 gi\u1eb7t kho\u1ea3ng 8 \u2013 10 chi\u1ebfc qu\u1ea7n \u00e1o.<\/li>\n<li>Ng\u00e2m qu\u1ea7n \u00e1o trong kho\u1ea3ng 15 ph\u00fat \u0111\u1ec3 \u0111\u1ea1t hi\u1ec7u qu\u1ea3 t\u1ed1t nh\u1ea5t.<\/li>\n<li>V\u00f2 nh\u1eb9 v\u00e0 x\u1ea3 t\u1eeb 2 \u2013 3 l\u1ea7n v\u1edbi n\u01b0\u1edbc s\u1ea1ch.<\/li>\n<li>V\u1eaft v\u00e0 ph\u01a1i kh\u00f4 qu\u1ea7n \u00e1o.<\/li>\n<\/ul>\n<p><strong>Gi\u1eb7t m\u00e1y<\/strong><\/p>\n<ul>\n<li>D\u00f9ng kho\u1ea3ng 60ml n\u01b0\u1edbc gi\u1eb7t (1 n\u1eafp) cho m\u1ed9t l\u1ea7n gi\u1eb7t th\u00f4ng th\u01b0\u1eddng kho\u1ea3ng 15 \u2013 20 chi\u1ebfc qu\u1ea7n \u00e1o.<\/li>\n<li>\u0110\u1ed1i v\u1edbi c\u00e1c v\u1ebft b\u1ea9n kh\u00f3 gi\u1eb7t, n\u00ean x\u1eed l\u00fd tr\u01b0\u1edbc khi cho v\u00e0o m\u00e1y gi\u1eb7t b\u1eb1ng c\u00e1ch thoa m\u1ed9t \u00edt n\u01b0\u1edbc gi\u1eb7t tr\u1ef1c ti\u1ebfp l\u00ean v\u1ebft b\u1ea9n v\u00e0 ch\u00e0 nh\u1eb9, sau \u0111\u00f3 cho v\u00e0o m\u00e1y gi\u1eb7t.<\/li>\n<li>Gi\u1eb7t theo ch\u1ebf \u0111\u1ed9 th\u00edch h\u1ee3p c\u1ee7a m\u00e1y gi\u1eb7t.<\/li>\n<\/ul>\n<figure id=\"attachment_7836\" class=\"thumbnail wp-caption aligncenter\" style=\"width: 300px\"><a href=\"https:\/\/apanano.com\/product\/win-powder\/\" target=\"_blank\" rel=\"noopener\"><img loading=\"lazy\" decoding=\"async\" class=\"wp-image-7836 size-medium\" src=\"\/wp-content\/uploads\/WIN-bao-20kg-300x300.jpg\" alt=\"\" width=\"300\" height=\"300\" srcset=\"\/wp-content\/uploads\/WIN-bao-20kg-300x300.jpg 300w, \/wp-content\/uploads\/WIN-bao-20kg-150x150.jpg 150w, \/wp-content\/uploads\/WIN-bao-20kg-768x768.jpg 768w, \/wp-content\/uploads\/WIN-bao-20kg-456x456.jpg 456w, \/wp-content\/uploads\/WIN-bao-20kg-100x100.jpg 100w, \/wp-content\/uploads\/WIN-bao-20kg-600x600.jpg 600w, \/wp-content\/uploads\/WIN-bao-20kg-814x814.jpg 814w, \/wp-content\/uploads\/WIN-bao-20kg-407x407.jpg 407w, \/wp-content\/uploads\/WIN-bao-20kg-520x520.jpg 520w, \/wp-content\/uploads\/WIN-bao-20kg-260x260.jpg 260w, \/wp-content\/uploads\/WIN-bao-20kg.jpg 1000w\" sizes=\"auto, (max-width: 300px) 100vw, 300px\" \/><\/a><figcaption class=\"caption wp-caption-text\">WIN (b\u1ed9t gi\u1eb7t)<\/figcaption><\/figure>\n","protected":false},"excerpt":{"rendered":"<h3><span style=\"color: #ed0086;\"><strong>N\u01af\u1edaC GI\u1eb6T C\u00d4NG NGH\u1ec6 M\u1edaI<\/strong><\/span><\/h3>\n<p><strong>C\u00d4NG D\u1ee4NG:<\/strong><\/p>\n<ul>\n<li>V\u1edbi c\u00f4ng th\u1ee9c \u0111\u1eadm \u0111\u1eb7c, gi\u00fap l\u00e0m s\u1ea1ch m\u1ecdi v\u1ebft b\u1ea9n c\u1ee9ng \u0111\u1ea7u tr\u00ean qu\u1ea7n \u00e1o nhanh ch\u00f3ng, hi\u1ec7u qu\u1ea3 m\u00e0 kh\u00f4ng g\u00e2y h\u01b0 h\u1ecfng hay l\u00e0m gi\u1ea3m \u0111\u1ed9 b\u1ec1n qu\u1ea7n \u00e1o trong qu\u00e1 tr\u00ecnh s\u1eed d\u1ee5ng.<\/li>\n<li>L\u01b0u h\u01b0\u01a1ng b\u1ec1n l\u00e2u c\u1ea3 ng\u00e0y, kh\u1eed s\u1ea1ch m\u00f9i \u1ea9m m\u1ed1c mang \u0111\u1ebfn c\u1ea3m gi\u00e1c s\u1ea3ng kho\u00e1i v\u00e0 s\u1ef1 t\u1ef1 tin cho ng\u01b0\u1eddi d\u00f9ng.<\/li>\n<li>N\u01b0\u1edbc gi\u1eb7t d\u00f9ng \u0111\u01b0\u1ee3c cho c\u1ea3 m\u00e1y gi\u1eb7t v\u00e0 gi\u1eb7t tay, an to\u00e0n cho s\u1ee9c kh\u1ecfe.<\/li>\n<\/ul>\n[sc name=\"scontactdt\"][\/sc]\n","protected":false},"featured_media":7833,"comment_status":"closed","ping_status":"closed","template":"","meta":{"sfsi_plus_gutenberg_text_before_share":"","sfsi_plus_gutenberg_show_text_before_share":"","sfsi_plus_gutenberg_icon_type":"","sfsi_plus_gutenberg_icon_alignemt":"","sfsi_plus_gutenburg_max_per_row":""},"product_brand":[],"product_cat":[1068],"product_tag":[],"class_list":{"0":"post-7813","1":"product","2":"type-product","3":"status-publish","4":"has-post-thumbnail","6":"product_cat-detergent","8":"first","9":"instock","10":"shipping-taxable","11":"product-type-simple"},"_links":{"self":[{"href":"https:\/\/apanano.com\/vi\/wp-json\/wp\/v2\/product\/7813","targetHints":{"allow":["GET"]}}],"collection":[{"href":"https:\/\/apanano.com\/vi\/wp-json\/wp\/v2\/product"}],"about":[{"href":"https:\/\/apanano.com\/vi\/wp-json\/wp\/v2\/types\/product"}],"replies":[{"embeddable":true,"href":"https:\/\/apanano.com\/vi\/wp-json\/wp\/v2\/comments?post=7813"}],"wp:featuredmedia":[{"embeddable":true,"href":"https:\/\/apanano.com\/vi\/wp-json\/wp\/v2\/media\/7833"}],"wp:attachment":[{"href":"https:\/\/apanano.com\/vi\/wp-json\/wp\/v2\/media?parent=7813"}],"wp:term":[{"taxonomy":"product_brand","embeddable":true,"href":"https:\/\/apanano.com\/vi\/wp-json\/wp\/v2\/product_brand?post=7813"},{"taxonomy":"product_cat","embeddable":true,"href":"https:\/\/apanano.com\/vi\/wp-json\/wp\/v2\/product_cat?post=7813"},{"taxonomy":"product_tag","embeddable":true,"href":"https:\/\/apanano.com\/vi\/wp-json\/wp\/v2\/product_tag?post=7813"}],"curies":[{"name":"wp","href":"https:\/\/api.w.org\/{rel}","templated":true}]}}