{"id":745,"date":"2016-07-30T15:49:38","date_gmt":"2016-07-30T08:49:38","guid":{"rendered":"http:\/\/apanano.com\/?post_type=product&#038;p=745"},"modified":"2023-02-24T18:25:40","modified_gmt":"2023-02-24T11:25:40","slug":"apa-doxy-50-p","status":"publish","type":"product","link":"https:\/\/apanano.com\/vi\/product\/apa-doxy-50-p\/","title":{"rendered":"APA DOXY 50 P"},"content":{"rendered":"<p>Thu\u1ed1c b\u1ed9t u\u1ed1ng ho\u1eb7c tr\u1ed9n th\u1ee9c \u0103n.<\/p>\n<p><strong>TH\u00c0NH PH\u1ea6N:<\/strong><br \/>\nDoxycycline hyclate.<\/p>\n<p><strong>C\u00d4NG D\u1ee4NG:<\/strong><br \/>\n\u0110i\u1ec1u tr\u1ecb c\u00e1c b\u1ec7nh m\u00e3n t\u00ednh \u0111\u01b0\u1eddng h\u00f4 h\u1ea5p (<a href=\"https:\/\/apanano.com\/technical-support\/chronic-respiratory-disease-crd-in-poultry\/\">CRD<\/a>) do Mycoplasma g\u00e2y ra \u1edf gia c\u1ea7m, c\u00e1c ch\u1ee9ng <a href=\"https:\/\/apanano.com\/technical-support\/benh-viem-phoi-dinh-suon-app-tren-heo\/\">vi\u00eam ph\u1ed5i<\/a>, vi\u00eam ru\u1ed9t ti\u00eau ch\u1ea3y, vi\u00eam \u0111\u01b0\u1eddng sinh d\u1ee5c \u1edf gia s\u00fac.<\/p>\n<p><strong>C\u00c1CH S\u1eec D\u1ee4NG V\u00c0 LI\u1ec0U D\u00d9NG:<\/strong><br \/>\n&#8211; Li\u1ec1u \u0111i\u1ec1u tr\u1ecb:<br \/>\nGia c\u1ea7m: 400 g APA DOXY 50 P\/1000 l\u00edt n\u01b0\u1edbc u\u1ed1ng ho\u1eb7c 4 g APA DOXY 50 P \/100 kg th\u1ec3 tr\u1ecdng\/ng\u00e0y ho\u1eb7c 400 g\/t\u1ea5n th\u1ee9c \u0103n.<br \/>\nGia s\u00fac : 155 &#8211; 200 g APA DOXY 50 P\/1.000 l\u00edt n\u01b0\u1edbc u\u1ed1ng ho\u1eb7c 2 g APA DOXY 50 P\/100 kg th\u1ec3 tr\u1ecdng ho\u1eb7c 200 &#8211; 400 g APA DOXY 50 P\/t\u1ea5n th\u1ee9c \u0103n.<br \/>\nD\u00f9ng trong 3 &#8211; 5 ng\u00e0y.<br \/>\n&#8211; Li\u1ec1u ph\u00f2ng: B\u1eb1ng \u00bd li\u1ec1u \u0111i\u1ec1u tr\u1ecb.<\/p>\n<p><strong>TH\u1edcI GIAN NG\u01afNG S\u1eec D\u1ee4NG THU\u1ed0C:<\/strong> 14 ng\u00e0y.<\/p>\n<p><strong>B\u1ea2O QU\u1ea2N:<\/strong><br \/>\nN\u01a1i kh\u00f4 r\u00e1o, tho\u00e1ng m\u00e1t, tr\u00e1nh \u00e1nh s\u00e1ng tr\u1ef1c ti\u1ebfp.<\/p>\n<p><strong>S\u1ed1 \u0111\u0103ng k\u00fd: APA-62<\/strong><\/p>\n<h3 style=\"text-align: center;\"><span style=\"color: #ff0000;\">CH\u1ec8 D\u00d9NG TRONG TH\u00da Y<\/span><\/h3>\r\n<blockquote>\r\n<p style=\"text-align: center;\"><em>\u201cS\u1ea3n ph\u1ea9m kh\u00f4ng ch\u1ee9a c\u00e1c ch\u1ea5t c\u1ea5m s\u1eed d\u1ee5ng trong s\u1ea3n xu\u1ea5t, kinh doanh th\u00fa y theo c\u00e1c quy \u0111\u1ecbnh hi\u1ec7n h\u00e0nh c\u1ee7a <strong>B\u1ed9 N\u00f4ng nghi\u1ec7p v\u00e0 Ph\u00e1t tri\u1ec3n n\u00f4ng th\u00f4n<\/strong>\u201d<\/em><\/p>\r\n<\/blockquote>\r\n<p><!-- Shortcode [sty2] does not match the conditions --><\/p>\r\n<p style=\"text-align: center;\">S\u1ea3n ph\u1ea9m <a href=\"\">Thu\u1ed1c Th\u00fa Y <\/a> gi\u00e1 b\u00e1n, th\u00e0nh ph\u1ea7n ch\u00ednh, c\u00f4ng d\u1ee5ng \u0111i\u1ec1u tr\u1ecb, h\u01b0\u1edbng d\u1eabn s\u1eed d\u1ee5ng!<\/p>\n","protected":false},"excerpt":{"rendered":"<h3><span style=\"color: #ff0000;\">PH\u00d2NG TR\u1eca B\u1ec6NH \u0110\u01af\u1edcNG H\u00d4 H\u1ea4P, \u0110\u01af\u1edcNG RU\u1ed8T<\/span><\/h3>\n<p><strong>C\u00d4NG D\u1ee4NG:<\/strong><br \/>\n\u0110i\u1ec1u tr\u1ecb c\u00e1c b\u1ec7nh m\u00e3n t\u00ednh \u0111\u01b0\u1eddng h\u00f4 h\u1ea5p (CRD) do Mycoplasma g\u00e2y ra \u1edf gia c\u1ea7m, c\u00e1c ch\u1ee9ng vi\u00eam ph\u1ed5i, vi\u00eam ru\u1ed9t ti\u00eau ch\u1ea3y, vi\u00eam \u0111\u01b0\u1eddng sinh d\u1ee5c \u1edf gia s\u00fac.<\/p>\n[sc name=\"scontact\" ]\n","protected":false},"featured_media":746,"comment_status":"open","ping_status":"closed","template":"","meta":{"sfsi_plus_gutenberg_text_before_share":"","sfsi_plus_gutenberg_show_text_before_share":"","sfsi_plus_gutenberg_icon_type":"","sfsi_plus_gutenberg_icon_alignemt":"","sfsi_plus_gutenburg_max_per_row":""},"product_brand":[],"product_cat":[16,18],"product_tag":[516,562,564,63,563,561],"class_list":{"0":"post-745","1":"product","2":"type-product","3":"status-publish","4":"has-post-thumbnail","6":"product_cat-livestock","7":"product_cat-poultry","8":"product_tag-benh-crd","9":"product_tag-nguyen-lieu-thuc-an-premix","10":"product_tag-phu-gia-thuc-an-chan-nuoi","11":"product_tag-feed-mill","12":"product_tag-premix-tron-thuc-an","13":"product_tag-thuoc-khang-sinh-dang-bot","15":"first","16":"instock","17":"shipping-taxable","18":"product-type-simple"},"_links":{"self":[{"href":"https:\/\/apanano.com\/vi\/wp-json\/wp\/v2\/product\/745","targetHints":{"allow":["GET"]}}],"collection":[{"href":"https:\/\/apanano.com\/vi\/wp-json\/wp\/v2\/product"}],"about":[{"href":"https:\/\/apanano.com\/vi\/wp-json\/wp\/v2\/types\/product"}],"replies":[{"embeddable":true,"href":"https:\/\/apanano.com\/vi\/wp-json\/wp\/v2\/comments?post=745"}],"wp:featuredmedia":[{"embeddable":true,"href":"https:\/\/apanano.com\/vi\/wp-json\/wp\/v2\/media\/746"}],"wp:attachment":[{"href":"https:\/\/apanano.com\/vi\/wp-json\/wp\/v2\/media?parent=745"}],"wp:term":[{"taxonomy":"product_brand","embeddable":true,"href":"https:\/\/apanano.com\/vi\/wp-json\/wp\/v2\/product_brand?post=745"},{"taxonomy":"product_cat","embeddable":true,"href":"https:\/\/apanano.com\/vi\/wp-json\/wp\/v2\/product_cat?post=745"},{"taxonomy":"product_tag","embeddable":true,"href":"https:\/\/apanano.com\/vi\/wp-json\/wp\/v2\/product_tag?post=745"}],"curies":[{"name":"wp","href":"https:\/\/api.w.org\/{rel}","templated":true}]}}