{"id":7384,"date":"2024-04-24T14:15:26","date_gmt":"2024-04-24T07:15:26","guid":{"rendered":"https:\/\/apanano.com\/vi\/product\/\/"},"modified":"2024-04-24T14:17:40","modified_gmt":"2024-04-24T07:17:40","slug":"best-zell","status":"publish","type":"product","link":"https:\/\/apanano.com\/vi\/product\/best-zell\/","title":{"rendered":"BEST ZELL"},"content":{"rendered":"<p>APA Best Zell: Th\u1ee9c \u0103n b\u1ed5 sung Vitamin v\u00e0 Acid Amin; H\u1ed7 tr\u1ee3 gan cho Heo v\u00e0 ch\u00f3, m\u00e8o.<\/p>\n<p><strong>TH\u00c0NH PH\u1ea6N<\/strong><br \/>\nVitamin A, Vitamin D3, Vitamin E, Vitamin B1, Vitamin B2, Vitamin B5, Vitamin B6, Vitamin B12, Folic acid, Choline, Vitamin C, Methionine, Glycine, Cysteine, Taurine, Ch\u1ea5t mang v\u1eeba \u0111\u1ee7.<\/p>\n<p><strong>C\u00d4NG D\u1ee4NG<\/strong><br \/>\n&#8211; B\u1ed5 sung c\u00e1c Vitamin v\u00e0 Acid amin thi\u1ebft y\u1ebfu cho heo, ch\u00f3, m\u00e8o.<br \/>\n&#8211; T\u0103ng c\u01b0\u1eddng ch\u1ee9c n\u0103ng gan, b\u1ea3o v\u1ec7 v\u00e0 ph\u1ee5c h\u1ed3i m\u00f4 gan suy y\u1ebfu.<br \/>\n&#8211; H\u1ea1n ch\u1ebf stress, t\u0103ng s\u1ee9c \u0111\u1ec1 kh\u00e1ng, k\u00edch th\u00edch th\u00e8m \u0103n, t\u0103ng kh\u1ea3 n\u0103ng chuy\u1ec3n h\u00f3a th\u1ee9c \u0103n,<br \/>\n&#8211; Ph\u1ee5c h\u1ed3i s\u1ee9c kh\u1ecfe nhanh sau khi b\u1ec7nh, ch\u1ed1ng c\u00f2i c\u1ecdc \u1edf heo con m\u1edbi t\u1eadp \u0103n.<br \/>\n&#8211; Kh\u1eafc ph\u1ee5c t\u00ecnh tr\u1ea1ng c\u00f2i c\u1ecdc b\u1ea9m sinh, gi\u00fap heo c\u00f2i c\u1ecdc b\u1eaft k\u1ecbp t\u1ed1c \u0111\u1ed9 t\u0103ng tr\u01b0\u1edfng c\u1ee7a \u0111\u00e0n.<\/p>\n<p><strong>C\u00c1CH D\u00d9NG &amp; LI\u1ec0U L\u01af\u1ee2NG<\/strong><br \/>\nD\u00f9ng cho heo \u0103n tr\u1ef1c ti\u1ebfp, li\u1ec1u d\u00f9ng:<br \/>\n&#8211; Heo con d\u01b0\u1edbi 5 kg: 1 mu\u1ed7ng c\u00e0 ph\u00ea\/l\u1ea7n, cho \u0103n 2 l\u1ea7n\/ng\u00e0y.<br \/>\n&#8211; Heo tr\u00ean 5 kg: 2 mu\u1ed7ng c\u00e0 ph\u00ea\/l\u1ea7n, cho \u0103n 2 l\u1ea7n\/ng\u00e0y.<br \/>\n<em><strong>(M\u1ed9t l\u1ea7n b\u01a1m t\u01b0\u01a1ng \u0111\u01b0\u01a1ng 3 \u2013 4 g, m\u1ed9t mu\u1ed7ng c\u00e0 ph\u00ea t\u01b0\u01a1ng \u0111\u01b0\u01a1ng 3 \u2013 4 g).<\/strong><\/em><\/p>\n<p><strong>B\u1ea2O QU\u1ea2N<\/strong><br \/>\nSau khi s\u1eed d\u1ee5ng ph\u1ea3i \u0111\u00f3ng k\u1ef9 n\u1eafp \u0111\u1eady v\u00e0 b\u1ea3o qu\u1ea3n n\u01a1i kh\u00f4 r\u00e1o, tho\u00e1ng m\u00e1t, nhi\u1ec7t \u0111\u1ed9 d\u01b0\u1edbi 30\u00b0C, tr\u00e1nh \u00e1nh n\u1eafng tr\u1ef1c ti\u1ebfp.<\/p>\n<h3 style=\"text-align: center;\"><span style=\"color: #ff0000;\">CH\u1ec8 D\u00d9NG TRONG TH\u00da Y<\/span><\/h3>\r\n<blockquote>\r\n<p style=\"text-align: center;\"><em>\u201cS\u1ea3n ph\u1ea9m kh\u00f4ng ch\u1ee9a c\u00e1c ch\u1ea5t c\u1ea5m s\u1eed d\u1ee5ng trong s\u1ea3n xu\u1ea5t, kinh doanh th\u00fa y theo c\u00e1c quy \u0111\u1ecbnh hi\u1ec7n h\u00e0nh c\u1ee7a <strong>B\u1ed9 N\u00f4ng nghi\u1ec7p v\u00e0 Ph\u00e1t tri\u1ec3n n\u00f4ng th\u00f4n<\/strong>\u201d<\/em><\/p>\r\n<\/blockquote>\r\n<p><!-- Shortcode [sty2] does not match the conditions --><\/p>\r\n<p style=\"text-align: center;\">S\u1ea3n ph\u1ea9m <a href=\"\">Thu\u1ed1c Th\u00fa Y <\/a> gi\u00e1 b\u00e1n, th\u00e0nh ph\u1ea7n ch\u00ednh, c\u00f4ng d\u1ee5ng \u0111i\u1ec1u tr\u1ecb, h\u01b0\u1edbng d\u1eabn s\u1eed d\u1ee5ng!<\/p>\n","protected":false},"excerpt":{"rendered":"<h3><span style=\"color: #ff0000;\">GEL DINH D\u01af\u1ee0NG CAO N\u0102NG L\u01af\u1ee2NG, K\u00cdCH TH\u00cdCH \u0102N, PH\u1ee4C H\u1ed2I S\u1ee8C KH\u1eceE CHO HEO CON SAU B\u1ec6NH<\/span><\/h3>\n<p><strong>C\u00d4NG D\u1ee4NG<\/strong><br \/>\nAPA BEST ZELL l\u00e0 s\u1ea3n ph\u1ea9m dinh d\u01b0\u1ee1ng \u0111\u1eadm \u0111\u1eb7c c\u00f3 m\u00e0u n\u00e2u \u0111\u1eadm, m\u00f9i th\u01a1m \u0111\u1eb7c tr\u01b0ng, v\u1ecb h\u1ea5p d\u1eabn th\u00fa \u0103n. S\u1ea3n ph\u1ea9m d\u1ea1ng gel c\u00f4 \u0111\u1eb7c, gi\u00fap heo con t\u0103ng t\u00ednh th\u00e8m \u0103n, t\u0103ng t\u1ec9 l\u1ec7 \u0111\u1ed3ng \u0111\u1ec1u sau cai s\u1eefa, heo con h\u1ed3ng h\u00e0o mau l\u1edbn.<\/p>\n[sc name=\"scontact\" ]\n","protected":false},"featured_media":7385,"comment_status":"closed","ping_status":"closed","template":"","meta":{"sfsi_plus_gutenberg_text_before_share":"","sfsi_plus_gutenberg_show_text_before_share":"","sfsi_plus_gutenberg_icon_type":"","sfsi_plus_gutenberg_icon_alignemt":"","sfsi_plus_gutenburg_max_per_row":""},"product_brand":[],"product_cat":[16,17],"product_tag":[],"class_list":{"0":"post-7384","1":"product","2":"type-product","3":"status-publish","4":"has-post-thumbnail","6":"product_cat-livestock","7":"product_cat-pet","9":"first","10":"instock","11":"shipping-taxable","12":"product-type-simple"},"_links":{"self":[{"href":"https:\/\/apanano.com\/vi\/wp-json\/wp\/v2\/product\/7384","targetHints":{"allow":["GET"]}}],"collection":[{"href":"https:\/\/apanano.com\/vi\/wp-json\/wp\/v2\/product"}],"about":[{"href":"https:\/\/apanano.com\/vi\/wp-json\/wp\/v2\/types\/product"}],"replies":[{"embeddable":true,"href":"https:\/\/apanano.com\/vi\/wp-json\/wp\/v2\/comments?post=7384"}],"wp:featuredmedia":[{"embeddable":true,"href":"https:\/\/apanano.com\/vi\/wp-json\/wp\/v2\/media\/7385"}],"wp:attachment":[{"href":"https:\/\/apanano.com\/vi\/wp-json\/wp\/v2\/media?parent=7384"}],"wp:term":[{"taxonomy":"product_brand","embeddable":true,"href":"https:\/\/apanano.com\/vi\/wp-json\/wp\/v2\/product_brand?post=7384"},{"taxonomy":"product_cat","embeddable":true,"href":"https:\/\/apanano.com\/vi\/wp-json\/wp\/v2\/product_cat?post=7384"},{"taxonomy":"product_tag","embeddable":true,"href":"https:\/\/apanano.com\/vi\/wp-json\/wp\/v2\/product_tag?post=7384"}],"curies":[{"name":"wp","href":"https:\/\/api.w.org\/{rel}","templated":true}]}}