{"id":586,"date":"2016-07-26T16:38:10","date_gmt":"2016-07-26T09:38:10","guid":{"rendered":"http:\/\/apanano.com\/w\/?post_type=product&#038;p=586"},"modified":"2023-03-31T16:32:26","modified_gmt":"2023-03-31T09:32:26","slug":"apa-pro","status":"publish","type":"product","link":"https:\/\/apanano.com\/vi\/product\/apa-pro\/","title":{"rendered":"APA PRO NEW"},"content":{"rendered":"<p><strong>Th\u00e0nh ph\u1ea7n:<\/strong><br \/>\nCellulase,\u00a0Amylase,\u00a0Protease,\u00a0Dung m\u00f4i v\u1eeba \u0111\u1ee7.<\/p>\n<p><strong>C\u00f4ng d\u1ee5ng:<\/strong><br \/>\n&#8211; K\u00edch th\u00edch ti\u00eau h\u00f3a, gi\u00fap t\u0103ng kh\u1ea3 n\u0103ng ti\u00eau h\u00f3a v\u00e0 chuy\u1ec3n h\u00f3a dinh d\u01b0\u1ee1ng t\u1eeb th\u1ee9c \u0103n, th\u00fac \u0111\u1ea9y t\u00f4m c\u00e1 ph\u00e1t tri\u1ec3n nhanh, r\u00fat ng\u1eafn th\u1eddi gian nu\u00f4i.<br \/>\n&#8211; Gi\u1ea3m FCR, gi\u1ea3m ph\u00e2n th\u1ea3i, h\u1ea1n ch\u1ebf \u00f4 nhi\u1ec5m m\u00f4i tr\u01b0\u1eddng ao nu\u00f4i.<br \/>\n&#8211; H\u1ed7 tr\u1ee3 ti\u00eau h\u00f3a khi \u0111ang \u0111i\u1ec1u tr\u1ecb b\u1eb1ng kh\u00e1ng sinh, h\u1ed7 tr\u1ee3 \u0111i\u1ec1u tr\u1ecb c\u00e1c b\u1ec7nh \u0111\u01b0\u1eddng ru\u1ed9t nh\u01b0 vi\u00eam ru\u1ed9t, s\u01b0ng ru\u1ed9t, ph\u00e2n k\u00e9o s\u1ee3i, ph\u00e2n tr\u1eafng,..<\/p>\n<p><strong>C\u00e1ch s\u1eed d\u1ee5ng:<\/strong><\/p>\n<p>* Pha lo\u00e3ng <strong>APA PRO NEW<\/strong> v\u1edbi l\u01b0\u1ee3ng n\u01b0\u1edbc s\u1ea1ch v\u1eeba \u0111\u1ee7 r\u1ed3i t\u01b0\u1edbi \u0111\u1ec1u v\u00e0o th\u1ee9c \u0103n, \u0111\u1ec3 y\u00ean 20 \u2013 30 ph\u00fat cho thu\u1ed1c ng\u1ea5m v\u00e0o th\u1ee9c \u0103n.<br \/>\n&#8211; H\u1ed7 tr\u1ee3 ti\u00eau h\u00f3a: <strong>2 ml\/kg th\u1ee9c \u0103n<\/strong>, cho \u0103n li\u00ean t\u1ee5c trong su\u1ed1t v\u1ee5 nu\u00f4i.<br \/>\n&#8211; Tr\u01b0\u1eddng h\u1ee3p chuy\u1ec3n \u0111\u1ed5i th\u1ee9c \u0103n ho\u1eb7c t\u00f4m c\u00e1 b\u1ec7nh, gi\u1ea3m \u0103n, ti\u00eau h\u00f3a k\u00e9m, d\u00f9ng chung v\u1edbi kh\u00e1ng sinh: <strong>3 &#8211; 4 ml\/kg th\u1ee9c \u0103n<\/strong> trong 7 ng\u00e0y, sau \u0111\u00f3 gi\u1ea3m v\u1ec1 li\u1ec1u 2 ml\/kg cho \u0103n su\u1ed1t v\u1ee5 nu\u00f4i.<br \/>\n* L\u00e0m s\u1ea1ch \u0111\u00e1y ao, ph\u00e2n h\u1ee7y th\u1ee9c \u0103n th\u1eeba, x\u00e1c t\u1ea3o trong n\u01b0\u1edbc, gi\u1ea3m m\u00f9i h\u00f4i: d\u00f9ng <strong>50 \u2013 100 ml\/ 1.000 m<sup>3<\/sup><\/strong>, h\u00f2a lo\u00e3ng r\u1ed3i t\u1ea1t \u0111\u1ec1u kh\u1eafp ao, c\u00f3 th\u1ec3 t\u0103ng g\u1ea5p \u0111\u00f4i li\u1ec1u n\u1ebfu n\u01b0\u1edbc ao nhi\u1ec5m n\u1eb7ng. K\u1ebft h\u1ee3p v\u1edbi <a href=\"https:\/\/apanano.com\/product\/apa-no2-bzt-shrimp\/\" target=\"_blank\" rel=\"noopener\"><strong>APA NO<sub>2<\/sub> BZT<\/strong><\/a> \u0111\u1ec3 t\u1ed1i \u01b0u hi\u1ec7u qu\u1ea3 x\u1eed l\u00fd.<\/p>\n<p><strong>Ch\u00fa \u00fd:<\/strong><br \/>\n&#8211; L\u1eafc \u0111\u1ec1u tr\u01b0\u1edbc khi s\u1eed d\u1ee5ng.<br \/>\n&#8211; \u0110\u1ecdc k\u1ef9 h\u01b0\u1edbng d\u1eabn s\u1eed d\u1ee5ng tr\u01b0\u1edbc khi d\u00f9ng.<\/p>\n<p><strong>B\u1ea3o qu\u1ea3n:<\/strong><br \/>\n&#8211; N\u01a1i kh\u00f4 r\u00e1o, tho\u00e1ng m\u00e1t, tr\u00e1nh \u00e1nh s\u00e1ng tr\u1ef1c ti\u1ebfp.<br \/>\n&#8211; Tr\u00e1nh xa t\u1ea7m tay tr\u1ebb em.<\/p>\n<h3 style=\"text-align: center;\"><span style=\"color: #0000ff;\">CH\u1ec8 D\u00d9NG TRONG NU\u00d4I TR\u1ed2NG TH\u1ee6Y S\u1ea2N<\/span><\/h3>\r\n<blockquote>\r\n<p style=\"text-align: center;\"><em>\u201cS\u1ea3n ph\u1ea9m kh\u00f4ng ch\u1ee9a c\u00e1c ch\u1ea5t c\u1ea5m s\u1eed d\u1ee5ng trong s\u1ea3n xu\u1ea5t, kinh doanh th\u1ee7y s\u1ea3n theo c\u00e1c quy \u0111\u1ecbnh hi\u1ec7n h\u00e0nh c\u1ee7a <strong>B\u1ed9 N\u00f4ng nghi\u1ec7p v\u00e0 Ph\u00e1t tri\u1ec3n n\u00f4ng th\u00f4n<\/strong>\u201d<\/em><\/p>\r\n<\/blockquote>\r\n<!-- Shortcode [sts2] does not match the conditions -->\r\n\r\n<!-- Shortcode [act] does not exist -->\n","protected":false},"excerpt":{"rendered":"<h3><span style=\"color: #0000ff;\">K\u00cdCH TH\u00cdCH TI\u00caU H\u00d3A<br \/>\nPH\u00d2NG NG\u1eeaA V\u00c0 H\u1ed6 TR\u1ee2 \u0110I\u1ec0U TR\u1eca C\u00c1C B\u1ec6NH \u0110\u01af\u1edcNG RU\u1ed8T<br \/>\n<\/span><\/h3>\n<p><strong>C\u00f4ng d\u1ee5ng:<\/strong><br \/>\n&#8211; K\u00edch th\u00edch ti\u00eau h\u00f3a, gi\u00fap t\u0103ng kh\u1ea3 n\u0103ng ti\u00eau h\u00f3a v\u00e0 chuy\u1ec3n h\u00f3a dinh d\u01b0\u1ee1ng t\u1eeb th\u1ee9c \u0103n, th\u00fac \u0111\u1ea9y t\u00f4m c\u00e1 ph\u00e1t tri\u1ec3n nhanh, r\u00fat ng\u1eafn th\u1eddi gian nu\u00f4i.<br \/>\n&#8211; Gi\u1ea3m FCR, gi\u1ea3m ph\u00e2n th\u1ea3i, h\u1ea1n ch\u1ebf \u00f4 nhi\u1ec5m m\u00f4i tr\u01b0\u1eddng ao nu\u00f4i.<br \/>\n&#8211; H\u1ed7 tr\u1ee3 ti\u00eau h\u00f3a khi \u0111ang \u0111i\u1ec1u tr\u1ecb b\u1eb1ng kh\u00e1ng sinh, h\u1ed7 tr\u1ee3 \u0111i\u1ec1u tr\u1ecb c\u00e1c b\u1ec7nh \u0111\u01b0\u1eddng ru\u1ed9t nh\u01b0 vi\u00eam ru\u1ed9t, s\u01b0ng ru\u1ed9t, ph\u00e2n k\u00e9o s\u1ee3i, ph\u00e2n tr\u1eafng,..<\/p>\n[sc name=\"scontactf\"]\n","protected":false},"featured_media":6827,"comment_status":"open","ping_status":"closed","template":"","meta":{"sfsi_plus_gutenberg_text_before_share":"","sfsi_plus_gutenberg_show_text_before_share":"","sfsi_plus_gutenberg_icon_type":"","sfsi_plus_gutenberg_icon_alignemt":"","sfsi_plus_gutenburg_max_per_row":""},"product_brand":[],"product_cat":[410,406,405,425,19],"product_tag":[],"class_list":{"0":"post-586","1":"product","2":"type-product","3":"status-publish","4":"has-post-thumbnail","6":"product_cat-dinh-duong-bo-sung-thuc-an-ca","7":"product_cat-fish","8":"product_cat-shrimp","9":"product_cat-men-ho-tro-tieu-hoa-ca","10":"product_cat-aquaculture","12":"first","13":"instock","14":"shipping-taxable","15":"product-type-simple"},"_links":{"self":[{"href":"https:\/\/apanano.com\/vi\/wp-json\/wp\/v2\/product\/586","targetHints":{"allow":["GET"]}}],"collection":[{"href":"https:\/\/apanano.com\/vi\/wp-json\/wp\/v2\/product"}],"about":[{"href":"https:\/\/apanano.com\/vi\/wp-json\/wp\/v2\/types\/product"}],"replies":[{"embeddable":true,"href":"https:\/\/apanano.com\/vi\/wp-json\/wp\/v2\/comments?post=586"}],"wp:featuredmedia":[{"embeddable":true,"href":"https:\/\/apanano.com\/vi\/wp-json\/wp\/v2\/media\/6827"}],"wp:attachment":[{"href":"https:\/\/apanano.com\/vi\/wp-json\/wp\/v2\/media?parent=586"}],"wp:term":[{"taxonomy":"product_brand","embeddable":true,"href":"https:\/\/apanano.com\/vi\/wp-json\/wp\/v2\/product_brand?post=586"},{"taxonomy":"product_cat","embeddable":true,"href":"https:\/\/apanano.com\/vi\/wp-json\/wp\/v2\/product_cat?post=586"},{"taxonomy":"product_tag","embeddable":true,"href":"https:\/\/apanano.com\/vi\/wp-json\/wp\/v2\/product_tag?post=586"}],"curies":[{"name":"wp","href":"https:\/\/api.w.org\/{rel}","templated":true}]}}