{"id":584,"date":"2016-07-26T16:31:49","date_gmt":"2016-07-26T09:31:49","guid":{"rendered":"http:\/\/apanano.com\/w\/?post_type=product&#038;p=584"},"modified":"2023-02-24T18:26:02","modified_gmt":"2023-02-24T11:26:02","slug":"apa-pentax","status":"publish","type":"product","link":"https:\/\/apanano.com\/vi\/product\/apa-pentax\/","title":{"rendered":"APA PENTAX"},"content":{"rendered":"<p><strong>Th\u00e0nh ph\u1ea7n:<\/strong><br \/>\nPraziquantel, T\u00e1 d\u01b0\u1ee3c v\u1eeba \u0111\u1ee7.<\/p>\n<p><strong>C\u00f4ng d\u1ee5ng:<\/strong><br \/>\n&#8211; \u0110i\u1ec1u tr\u1ecb hi\u1ec7u qu\u1ea3 c\u00e1c b\u1ec7nh k\u00fd sinh tr\u00f9ng tr\u00ean c\u00e1 nh\u01b0 ngo\u1ea1i k\u00fd sinh tr\u00f9ng (s\u00e1n \u0111\u01a1n ch\u1ee7, r\u1eadn c\u00e1), n\u1ed9i k\u00fd sinh tr\u00f9ng (s\u00e1n l\u00e1 gan, s\u00e1n d\u00e2y).<br \/>\n&#8211; X\u1ed5 ngo\u1ea1i k\u00fd sinh tr\u00f9ng nh\u01b0 tr\u00f9ng m\u1ecf neo (Lernaea), r\u1eadn c\u00e1 (Argulus), tr\u00f9ng b\u00e1nh xe (Trichodina), n\u1ea5m th\u1ee7y mi (Saprolegnia) v\u00e0 Dactylogy k\u00fd sinh tr\u00ean da, v\u1ea3y, mang, h\u1ed1c m\u0169i, m\u1eaft, mi\u1ec7ng c\u1ee7a nhi\u1ec1u lo\u00e0i c\u00e1 n\u01b0\u1edbc ng\u1ecdt v\u00e0 c\u00e1 n\u01b0\u1edbc m\u1eb7n.<br \/>\n&#8211; \u0110i\u1ec1u tr\u1ecb t\u1ea5t c\u1ea3 c\u00e1c lo\u1ea1i n\u1ed9i k\u00fd sinh tr\u00f9ng trong c\u00e1 bao g\u1ed3m c\u1ea3 lo\u00e0i giun tr\u00f2n (Philometra), giun \u0111\u1ea7u gai (Acanthocephala) v\u00e0 s\u00e1n d\u00e2y (Bothriocephalus).<\/p>\n<p><strong>C\u00e1ch s\u1eed d\u1ee5ng:<\/strong><br \/>\n&#8211; \u0110\u1ed1i v\u1edbi c\u00e1 gi\u1ed1ng: D\u00f9ng 1 kg\/ 5 t\u1ea5n c\u00e1.<br \/>\n&#8211; \u0110\u1ed1i v\u1edbi c\u00e1 th\u1ecbt: D\u00f9ng 1 kg\/ 15 t\u1ea5n c\u00e1.<br \/>\n&#8211; Cho \u0103n li\u00ean t\u1ee5c 2 \u2013 3 ng\u00e0y.<\/p>\n<p><strong>Ch\u00fa \u00fd:<\/strong><br \/>\n&#8211; Ng\u01b0ng s\u1eed d\u1ee5ng 30 ng\u00e0y tr\u01b0\u1edbc khi thu ho\u1ea1ch.<br \/>\n&#8211; \u0110\u1ecdc k\u1ef9 h\u01b0\u1edbng d\u1eabn s\u1eed d\u1ee5ng tr\u01b0\u1edbc khi d\u00f9ng.<\/p>\n<p><strong>B\u1ea3o qu\u1ea3n:<\/strong><br \/>\n&#8211; N\u01a1i kh\u00f4 r\u00e1o, tho\u00e1ng m\u00e1t, tr\u00e1nh \u00e1nh s\u00e1ng tr\u1ef1c ti\u1ebfp.<br \/>\n&#8211; Tr\u00e1nh xa t\u1ea7m tay tr\u1ebb em.<\/p>\n<h3 style=\"text-align: center;\"><span style=\"color: #0000ff;\">CH\u1ec8 D\u00d9NG TRONG NU\u00d4I TR\u1ed2NG TH\u1ee6Y S\u1ea2N<\/span><\/h3>\r\n<blockquote>\r\n<p style=\"text-align: center;\"><em>\u201cS\u1ea3n ph\u1ea9m kh\u00f4ng ch\u1ee9a c\u00e1c ch\u1ea5t c\u1ea5m s\u1eed d\u1ee5ng trong s\u1ea3n xu\u1ea5t, kinh doanh th\u1ee7y s\u1ea3n theo c\u00e1c quy \u0111\u1ecbnh hi\u1ec7n h\u00e0nh c\u1ee7a <strong>B\u1ed9 N\u00f4ng nghi\u1ec7p v\u00e0 Ph\u00e1t tri\u1ec3n n\u00f4ng th\u00f4n<\/strong>\u201d<\/em><\/p>\r\n<\/blockquote>\r\n<!-- Shortcode [sts2] does not match the conditions -->\r\n\r\n<!-- Shortcode [act] does not exist -->\n","protected":false},"excerpt":{"rendered":"<h3><span style=\"color: #0000ff;\">X\u1ed4 N\u1ed8I NGO\u1ea0I K\u00dd SINH TR\u00d9NG<\/span><\/h3>\n<p><strong>C\u00f4ng d\u1ee5ng:<\/strong><br \/>\n&#8211; \u0110i\u1ec1u tr\u1ecb hi\u1ec7u qu\u1ea3 c\u00e1c b\u1ec7nh k\u00fd sinh tr\u00f9ng tr\u00ean c\u00e1 nh\u01b0 ngo\u1ea1i k\u00fd sinh tr\u00f9ng (s\u00e1n \u0111\u01a1n ch\u1ee7, r\u1eadn c\u00e1), n\u1ed9i k\u00fd sinh tr\u00f9ng (s\u00e1n l\u00e1 gan, s\u00e1n d\u00e2y).<br \/>\n&#8211; X\u1ed5 ngo\u1ea1i k\u00fd sinh tr\u00f9ng nh\u01b0 tr\u00f9ng m\u1ecf neo (Lernaea), r\u1eadn c\u00e1 (Argulus), tr\u00f9ng b\u00e1nh xe (Trichodina), n\u1ea5m th\u1ee7y mi (Saprolegnia) v\u00e0 Dactylogy k\u00fd sinh tr\u00ean da, v\u1ea3y, mang, h\u1ed1c m\u0169i, m\u1eaft, mi\u1ec7ng c\u1ee7a nhi\u1ec1u lo\u00e0i c\u00e1 n\u01b0\u1edbc ng\u1ecdt v\u00e0 c\u00e1 n\u01b0\u1edbc m\u1eb7n.<br \/>\n&#8211; \u0110i\u1ec1u tr\u1ecb t\u1ea5t c\u1ea3 c\u00e1c lo\u1ea1i n\u1ed9i k\u00fd sinh tr\u00f9ng trong c\u00e1 bao g\u1ed3m c\u1ea3 lo\u00e0i giun tr\u00f2n (Philometra), giun \u0111\u1ea7u gai (Acanthocephala) v\u00e0 s\u00e1n d\u00e2y (Bothriocephalus).<\/p>\n[sc name=\"scontactf\"]\n","protected":false},"featured_media":585,"comment_status":"open","ping_status":"closed","template":"","meta":{"sfsi_plus_gutenberg_text_before_share":"","sfsi_plus_gutenberg_show_text_before_share":"","sfsi_plus_gutenberg_icon_type":"","sfsi_plus_gutenberg_icon_alignemt":"","sfsi_plus_gutenburg_max_per_row":""},"product_brand":[],"product_cat":[411,406,416,19],"product_tag":[],"class_list":{"0":"post-584","1":"product","2":"type-product","3":"status-publish","4":"has-post-thumbnail","6":"product_cat-thuoc-thu-y-thuy-san-ca","7":"product_cat-fish","8":"product_cat-xo-noi-ky-sinh-ca","9":"product_cat-aquaculture","11":"first","12":"instock","13":"shipping-taxable","14":"product-type-simple"},"_links":{"self":[{"href":"https:\/\/apanano.com\/vi\/wp-json\/wp\/v2\/product\/584","targetHints":{"allow":["GET"]}}],"collection":[{"href":"https:\/\/apanano.com\/vi\/wp-json\/wp\/v2\/product"}],"about":[{"href":"https:\/\/apanano.com\/vi\/wp-json\/wp\/v2\/types\/product"}],"replies":[{"embeddable":true,"href":"https:\/\/apanano.com\/vi\/wp-json\/wp\/v2\/comments?post=584"}],"wp:featuredmedia":[{"embeddable":true,"href":"https:\/\/apanano.com\/vi\/wp-json\/wp\/v2\/media\/585"}],"wp:attachment":[{"href":"https:\/\/apanano.com\/vi\/wp-json\/wp\/v2\/media?parent=584"}],"wp:term":[{"taxonomy":"product_brand","embeddable":true,"href":"https:\/\/apanano.com\/vi\/wp-json\/wp\/v2\/product_brand?post=584"},{"taxonomy":"product_cat","embeddable":true,"href":"https:\/\/apanano.com\/vi\/wp-json\/wp\/v2\/product_cat?post=584"},{"taxonomy":"product_tag","embeddable":true,"href":"https:\/\/apanano.com\/vi\/wp-json\/wp\/v2\/product_tag?post=584"}],"curies":[{"name":"wp","href":"https:\/\/api.w.org\/{rel}","templated":true}]}}