{"id":581,"date":"2016-07-26T16:27:22","date_gmt":"2016-07-26T09:27:22","guid":{"rendered":"http:\/\/apanano.com\/w\/?post_type=product&#038;p=581"},"modified":"2023-03-29T14:26:25","modified_gmt":"2023-03-29T07:26:25","slug":"apa-n-900","status":"publish","type":"product","link":"https:\/\/apanano.com\/vi\/product\/apa-n-900\/","title":{"rendered":"APA N 900"},"content":{"rendered":"<p><strong>Th\u00e0nh ph\u1ea7n:<\/strong><br \/>\nBenzalkonium chloride.<\/p>\n<p><strong>C\u00f4ng d\u1ee5ng:<\/strong><br \/>\n&#8211; Di\u1ec7t c\u00e1c vi khu\u1ea9n, n\u1ea5m, nguy\u00ean sinh \u0111\u1ed9ng v\u1eadt trong ao nu\u00f4i.<br \/>\n&#8211; <strong>APA N 900<\/strong> c\u00f3 t\u00e1c d\u1ee5ng s\u00e1t tr\u00f9ng ph\u1ed5 r\u1ed9ng, ti\u00eau di\u1ec7t nhanh nhi\u1ec1u lo\u1ea1i vi khu\u1ea9n, virus, n\u1ea5m, l\u00e0 t\u00e1c nh\u00e2n g\u00e2y b\u1ec7nh cho \u0111\u1ed9ng v\u1eadt th\u1ee7y s\u1ea3n (xu\u1ea5t huy\u1ebft, ho\u1ea1i t\u1eed gan, tu\u1ed9t nh\u1edbt, <a href=\"https:\/\/tiepphat.com\/vi\/technique-consult\/aquaculture\/bo-doi-san-pham-tri-benh-thoi-duoi-o-ca-tra-giong\/\" rel=\"noopener noreferrer\" target=\"_blank\">th\u1ed1i \u0111u\u00f4i<\/a>,&#8230;), gi\u00fap ng\u0103n ng\u1eeba l\u00e2y lan m\u1ea7m b\u1ec7nh.<br \/>\n&#8211; T\u1ea1o m\u00f4i tr\u01b0\u1eddng trong s\u1ea1ch, h\u1ea1n ch\u1ebf d\u1ecbch b\u1ec7nh, t\u00f4m c\u00e1 ph\u00e1t tri\u1ec3n t\u1ed1t.<br \/>\n&#8211; S\u00e1t tr\u00f9ng d\u1ee5ng c\u1ee5 trong nu\u00f4i tr\u1ed3ng th\u1ee7y s\u1ea3n.<\/p>\n<p><strong>C\u00e1ch s\u1eed d\u1ee5ng:<\/strong><br \/>\n&#8211; X\u1eed l\u00fd \u0111\u1ecbnh k\u1ef3: S\u1eed d\u1ee5ng 1 l\u00edt\/ 2.500 \u2013 3.000 m<sup>3<\/sup>\u00a0n\u01b0\u1edbc. \u0110i\u0323nh k\u1ef3 s\u1eed d\u1ee5ng 5 \u2013 7 nga\u0300y\/ l\u1ea7n<br \/>\n&#8211; Di\u1ec7t khu\u1ea9n nhanh: S\u1eed d\u1ee5ng\u00a01 l\u00edt\/ 1.500 \u2013 2.000 m<sup>3<\/sup>\u00a0n\u01b0\u1edbc.<\/p>\n<p><strong>Ch\u00fa \u00fd:<\/strong><br \/>\n&#8211; L\u1eafc \u0111\u1ec1u tr\u01b0\u1edbc khi s\u1eed d\u1ee5ng.<br \/>\n&#8211; \u0110\u1ecdc k\u1ef9 h\u01b0\u1edbng d\u1eabn s\u1eed d\u1ee5ng tr\u01b0\u1edbc khi d\u00f9ng.<\/p>\n<p><strong>B\u1ea3o qu\u1ea3n:<\/strong><br \/>\n&#8211; N\u01a1i kh\u00f4 r\u00e1o, tho\u00e1ng m\u00e1t, tr\u00e1nh \u00e1nh s\u00e1ng tr\u1ef1c ti\u1ebfp.<br \/>\n&#8211; Tr\u00e1nh xa t\u1ea7m tay tr\u1ebb em.<\/p>\n<h3 style=\"text-align: center;\"><span style=\"color: #0000ff;\">CH\u1ec8 D\u00d9NG TRONG NU\u00d4I TR\u1ed2NG TH\u1ee6Y S\u1ea2N<\/span><\/h3>\r\n<blockquote>\r\n<p style=\"text-align: center;\"><em>\u201cS\u1ea3n ph\u1ea9m kh\u00f4ng ch\u1ee9a c\u00e1c ch\u1ea5t c\u1ea5m s\u1eed d\u1ee5ng trong s\u1ea3n xu\u1ea5t, kinh doanh th\u1ee7y s\u1ea3n theo c\u00e1c quy \u0111\u1ecbnh hi\u1ec7n h\u00e0nh c\u1ee7a <strong>B\u1ed9 N\u00f4ng nghi\u1ec7p v\u00e0 Ph\u00e1t tri\u1ec3n n\u00f4ng th\u00f4n<\/strong>\u201d<\/em><\/p>\r\n<\/blockquote>\r\n<!-- Shortcode [sts2] does not match the conditions -->\r\n\r\n<!-- Shortcode [act] does not exist -->\n","protected":false},"excerpt":{"rendered":"<h3><span style=\"color: #0000ff;\">DI\u1ec6T NHANH VI KHU\u1ea8N G\u00c2Y B\u1ec6NH XU\u1ea4T HUY\u1ebeT<\/span><br \/>\n<span style=\"color: #0000ff;\">TH\u1ed0I \u0110U\u00d4I, TU\u1ed8T NH\u1edaT<\/span><\/h3>\n<p><strong>C\u00f4ng d\u1ee5ng:<\/strong><br \/>\n&#8211; Di\u1ec7t c\u00e1c vi khu\u1ea9n, n\u1ea5m, nguy\u00ean sinh \u0111\u1ed9ng v\u1eadt trong ao nu\u00f4i.<br \/>\n&#8211; APA N 900 c\u00f3 t\u00e1c d\u1ee5ng s\u00e1t tr\u00f9ng ph\u1ed5 r\u1ed9ng, ti\u00eau di\u1ec7t nhanh nhi\u1ec1u lo\u1ea1i vi khu\u1ea9n, virus, n\u1ea5m, l\u00e0 t\u00e1c nh\u00e2n g\u00e2y b\u1ec7nh cho \u0111\u1ed9ng v\u1eadt th\u1ee7y s\u1ea3n (xu\u1ea5t huy\u1ebft, ho\u1ea1i t\u1eed gan, tu\u1ed9t nh\u1edbt, th\u1ed1i \u0111u\u00f4i,&#8230;), gi\u00fap ng\u0103n ng\u1eeba l\u00e2y lan m\u1ea7m b\u1ec7nh.<br \/>\n&#8211; T\u1ea1o m\u00f4i tr\u01b0\u1eddng trong s\u1ea1ch, h\u1ea1n ch\u1ebf d\u1ecbch b\u1ec7nh, t\u00f4m c\u00e1 ph\u00e1t tri\u1ec3n t\u1ed1t.<br \/>\n&#8211; S\u00e1t tr\u00f9ng d\u1ee5ng c\u1ee5 trong nu\u00f4i tr\u1ed3ng th\u1ee7y s\u1ea3n.<\/p>\n[sc name=\"scontactf\"]\n","protected":false},"featured_media":582,"comment_status":"open","ping_status":"closed","template":"","meta":{"sfsi_plus_gutenberg_text_before_share":"","sfsi_plus_gutenberg_show_text_before_share":"","sfsi_plus_gutenberg_icon_type":"","sfsi_plus_gutenberg_icon_alignemt":"","sfsi_plus_gutenburg_max_per_row":""},"product_brand":[],"product_cat":[412,421,406,19],"product_tag":[],"class_list":{"0":"post-581","1":"product","2":"type-product","3":"status-publish","4":"has-post-thumbnail","6":"product_cat-xu-ly-cai-tao-moi-truong-ca","7":"product_cat-diet-khuan-ca","8":"product_cat-fish","9":"product_cat-aquaculture","11":"first","12":"instock","13":"shipping-taxable","14":"purchasable","15":"product-type-simple"},"_links":{"self":[{"href":"https:\/\/apanano.com\/vi\/wp-json\/wp\/v2\/product\/581","targetHints":{"allow":["GET"]}}],"collection":[{"href":"https:\/\/apanano.com\/vi\/wp-json\/wp\/v2\/product"}],"about":[{"href":"https:\/\/apanano.com\/vi\/wp-json\/wp\/v2\/types\/product"}],"replies":[{"embeddable":true,"href":"https:\/\/apanano.com\/vi\/wp-json\/wp\/v2\/comments?post=581"}],"wp:featuredmedia":[{"embeddable":true,"href":"https:\/\/apanano.com\/vi\/wp-json\/wp\/v2\/media\/582"}],"wp:attachment":[{"href":"https:\/\/apanano.com\/vi\/wp-json\/wp\/v2\/media?parent=581"}],"wp:term":[{"taxonomy":"product_brand","embeddable":true,"href":"https:\/\/apanano.com\/vi\/wp-json\/wp\/v2\/product_brand?post=581"},{"taxonomy":"product_cat","embeddable":true,"href":"https:\/\/apanano.com\/vi\/wp-json\/wp\/v2\/product_cat?post=581"},{"taxonomy":"product_tag","embeddable":true,"href":"https:\/\/apanano.com\/vi\/wp-json\/wp\/v2\/product_tag?post=581"}],"curies":[{"name":"wp","href":"https:\/\/api.w.org\/{rel}","templated":true}]}}