{"id":5773,"date":"2022-10-31T10:55:47","date_gmt":"2022-10-31T03:55:47","guid":{"rendered":"https:\/\/apanano.com\/?post_type=product&#038;p=5773"},"modified":"2023-03-29T15:34:33","modified_gmt":"2023-03-29T08:34:33","slug":"apa-glutaral","status":"publish","type":"product","link":"https:\/\/apanano.com\/vi\/product\/apa-glutaral\/","title":{"rendered":"APA GLUTARAL"},"content":{"rendered":"<p><strong>Th\u00e0nh ph\u1ea7n:<\/strong><br \/>\nGlutaraldehyde, Alkyl Benzyl Dimethyl Ammonium Chloride, Dung m\u00f4i v\u1eeba \u0111\u1ee7.<\/p>\n<p><strong>C\u00f4ng d\u1ee5ng:<\/strong><br \/>\n&#8211; Di\u1ec7t c\u00e1c lo\u1ea1i vi khu\u1ea9n, n\u1ea5m, nguy\u00ean sinh \u0111\u1ed9ng v\u1eadt trong n\u01b0\u1edbc ao nu\u00f4i.<br \/>\n&#8211; S\u00e1t tr\u00f9ng d\u1ee5ng c\u1ee5 d\u00f9ng trong nu\u00f4i tr\u1ed3ng th\u1ee7y s\u1ea3n.<br \/>\n<strong><em>Khuy\u1ebfn c\u00e1o s\u1eed d\u1ee5ng:<\/em><\/strong><br \/>\n&#8211; X\u1eed l\u00fd, ti\u00eau di\u1ec7t c\u00e1c lo\u00e0i vi khu\u1ea9n, virus, n\u1ea5m, nguy\u00ean sinh \u0111\u1ed9ng v\u1eadt g\u00e2y b\u1ec7nh xu\u1ea5t huy\u1ebft, gan th\u1eadn m\u1ee7,\u2026 tr\u00ean c\u00e1, h\u1ed9i ch\u1ee9ng l\u1edf lo\u00e9t tr\u00ean c\u00e1.<br \/>\n&#8211; X\u1eed l\u00fd b\u1ec7nh ph\u00e1t s\u00e1ng, \u0111\u1ed1m \u0111en, \u0111en mang, m\u00f2n ph\u1ee5 b\u1ed9, \u0111\u00f3ng rong, \u0111\u00f3ng nh\u1edbt, ho\u1ea1i t\u1eed gan t\u1ee5y,\u2026 tr\u00ean t\u00f4m v\u00e0 c\u00e1c b\u1ec7nh do nhi\u1ec5m khu\u1ea9n kh\u00e1c.<\/p>\n<p><strong>C\u00e1ch s\u1eed d\u1ee5ng:<\/strong><br \/>\n<strong><em>* S\u00e1t khu\u1ea9n ao:<\/em><\/strong> H\u00f2a v\u1edbi n\u01b0\u1edbc s\u1ea1ch r\u1ed3i t\u1ea1t \u0111\u1ec1u xu\u1ed1ng ao.<br \/>\n&#8211; S\u00e1t khu\u1ea9n \u0111\u1ecbnh k\u1ef3: 1 l\u00edt\/ 5.000 \u2013 6.000 m<sup>3<\/sup> n\u01b0\u1edbc, 7 \u2013 10 ng\u00e0y\/ l\u1ea7n.<br \/>\n&#8211; Di\u1ec7t khu\u1ea9n khi \u0111i\u1ec1u tr\u1ecb b\u1ec7nh: 1 l\u00edt\/ 3.000 \u2013 4.000 m<sup>3<\/sup> n\u01b0\u1edbc, c\u00f3 th\u1ec3 l\u1eb7p l\u1ea1i sau 3 ng\u00e0y.<\/p>\n<p><strong><em>* S\u00e1t tr\u00f9ng d\u1ee5ng c\u1ee5, b\u1ec3 \u01b0\u01a1ng, xe v\u00e0o tr\u1ea1i, s\u00e0n, t\u01b0\u1eddng, h\u1ed1 s\u00e1t tr\u00f9ng:<\/em><\/strong><br \/>\n&#8211; S\u00e1t tr\u00f9ng d\u1ee5ng c\u1ee5, b\u1ec3 \u01b0\u01a1ng, xe v\u00e0o tr\u1ea1i, s\u00e0n, t\u01b0\u1eddng: 1 l\u00edt\/100 \u2013 150 l\u00edt n\u01b0\u1edbc, ng\u00e2m 20 ph\u00fat ho\u1eb7c phun b\u1ec1 m\u1eb7t.<br \/>\n&#8211; H\u1ed1 s\u00e1t tr\u00f9ng: 1 l\u00edt\/150 \u2013 200 l\u00edt n\u01b0\u1edbc, thay n\u01b0\u1edbc h\u00e0ng tu\u1ea7n.<\/p>\n<p><strong>Ch\u00fa \u00fd:<\/strong><br \/>\n&#8211; Ng\u01b0ng s\u1eed d\u1ee5ng thu\u1ed1c 0 ng\u00e0y tr\u01b0\u1edbc khi thu ho\u1ea1ch.<br \/>\n&#8211; Kh\u00f4ng d\u00f9ng cho lo\u00e0i m\u1eabn c\u1ea3m v\u1edbi b\u1ea5t c\u1ee9 th\u00e0nh ph\u1ea7n n\u00e0o c\u1ee7a thu\u1ed1c.<br \/>\n&#8211; L\u1eafc \u0111\u1ec1u tr\u01b0\u1edbc khi s\u1eed d\u1ee5ng.<br \/>\n&#8211; \u0110\u1ecdc k\u1ef9 h\u01b0\u1edbng d\u1eabn s\u1eed d\u1ee5ng tr\u01b0\u1edbc khi d\u00f9ng.<\/p>\n<p><strong>B\u1ea3o qu\u1ea3n:<\/strong><br \/>\n&#8211; B\u1ea3o qu\u1ea3n n\u01a1i kh\u00f4 r\u00e1o, tho\u00e1ng m\u00e1t, tr\u00e1nh \u00e1nh s\u00e1ng tr\u1ef1c ti\u1ebfp.<br \/>\n&#8211; Tr\u00e1nh xa t\u1ea7m tay tr\u1ebb em.<\/p>\n<h3 style=\"text-align: center;\"><span style=\"color: #0000ff;\">CH\u1ec8 D\u00d9NG TRONG NU\u00d4I TR\u1ed2NG TH\u1ee6Y S\u1ea2N<\/span><\/h3>\r\n<blockquote>\r\n<p style=\"text-align: center;\"><em>\u201cS\u1ea3n ph\u1ea9m kh\u00f4ng ch\u1ee9a c\u00e1c ch\u1ea5t c\u1ea5m s\u1eed d\u1ee5ng trong s\u1ea3n xu\u1ea5t, kinh doanh th\u1ee7y s\u1ea3n theo c\u00e1c quy \u0111\u1ecbnh hi\u1ec7n h\u00e0nh c\u1ee7a <strong>B\u1ed9 N\u00f4ng nghi\u1ec7p v\u00e0 Ph\u00e1t tri\u1ec3n n\u00f4ng th\u00f4n<\/strong>\u201d<\/em><\/p>\r\n<\/blockquote>\r\n<!-- Shortcode [sts2] does not match the conditions -->\r\n\r\n<!-- Shortcode [act] does not exist -->\n","protected":false},"excerpt":{"rendered":"<h3><span style=\"color: #0000ff;\">TI\u00caU DI\u1ec6T HI\u1ec6U QU\u1ea2 C\u00c1C LO\u1ea0I VI KHU\u1ea8N, N\u1ea4M, NGUY\u00caN SINH \u0110\u1ed8NG V\u1eacT TRONG AO NU\u00d4I<\/span><\/h3>\n<p><strong>C\u00f4ng d\u1ee5ng:<\/strong><br \/>\n&#8211; Di\u1ec7t c\u00e1c lo\u1ea1i vi khu\u1ea9n, n\u1ea5m, nguy\u00ean sinh \u0111\u1ed9ng v\u1eadt trong n\u01b0\u1edbc ao nu\u00f4i.<br \/>\n&#8211; S\u00e1t tr\u00f9ng d\u1ee5ng c\u1ee5 d\u00f9ng trong nu\u00f4i tr\u1ed3ng th\u1ee7y s\u1ea3n.<\/p>\n[sc name=\"scontacts\"]\n","protected":false},"featured_media":5774,"comment_status":"closed","ping_status":"closed","template":"","meta":{"sfsi_plus_gutenberg_text_before_share":"","sfsi_plus_gutenberg_show_text_before_share":"","sfsi_plus_gutenberg_icon_type":"","sfsi_plus_gutenberg_icon_alignemt":"","sfsi_plus_gutenburg_max_per_row":""},"product_brand":[],"product_cat":[406,405,19],"product_tag":[],"class_list":{"0":"post-5773","1":"product","2":"type-product","3":"status-publish","4":"has-post-thumbnail","6":"product_cat-fish","7":"product_cat-shrimp","8":"product_cat-aquaculture","10":"first","11":"instock","12":"shipping-taxable","13":"product-type-simple"},"_links":{"self":[{"href":"https:\/\/apanano.com\/vi\/wp-json\/wp\/v2\/product\/5773","targetHints":{"allow":["GET"]}}],"collection":[{"href":"https:\/\/apanano.com\/vi\/wp-json\/wp\/v2\/product"}],"about":[{"href":"https:\/\/apanano.com\/vi\/wp-json\/wp\/v2\/types\/product"}],"replies":[{"embeddable":true,"href":"https:\/\/apanano.com\/vi\/wp-json\/wp\/v2\/comments?post=5773"}],"wp:featuredmedia":[{"embeddable":true,"href":"https:\/\/apanano.com\/vi\/wp-json\/wp\/v2\/media\/5774"}],"wp:attachment":[{"href":"https:\/\/apanano.com\/vi\/wp-json\/wp\/v2\/media?parent=5773"}],"wp:term":[{"taxonomy":"product_brand","embeddable":true,"href":"https:\/\/apanano.com\/vi\/wp-json\/wp\/v2\/product_brand?post=5773"},{"taxonomy":"product_cat","embeddable":true,"href":"https:\/\/apanano.com\/vi\/wp-json\/wp\/v2\/product_cat?post=5773"},{"taxonomy":"product_tag","embeddable":true,"href":"https:\/\/apanano.com\/vi\/wp-json\/wp\/v2\/product_tag?post=5773"}],"curies":[{"name":"wp","href":"https:\/\/api.w.org\/{rel}","templated":true}]}}