{"id":577,"date":"2016-07-26T15:27:38","date_gmt":"2016-07-26T08:27:38","guid":{"rendered":"http:\/\/apanano.com\/w\/?post_type=product&#038;p=577"},"modified":"2023-02-24T18:26:05","modified_gmt":"2023-02-24T11:26:05","slug":"apa-mely","status":"publish","type":"product","link":"https:\/\/apanano.com\/vi\/product\/apa-mely\/","title":{"rendered":"APA MELY"},"content":{"rendered":"<p><strong>Th\u00e0nh ph\u1ea7n:<\/strong><br \/>\nSorbitol, Methionine, Lysine, Cyanocobalamin, T\u00e1 d\u01b0\u1ee3c v\u1eeba \u0111\u1ee7.<\/p>\n<p><strong>C\u00f4ng d\u1ee5ng:<\/strong><br \/>\n&#8211; Gi\u00fap ph\u00f2ng c\u00e1c b\u1ec7nh v\u1ec1 gan: S\u01b0ng gan, teo gan, tr\u1eafng gan.<br \/>\n&#8211; K\u00edch th\u00edch t\u0103ng tr\u1ecdng, lo\u1ea1i th\u1ea3i \u0111\u1ed9c t\u1ed1, gi\u1ea3i \u0111\u1ed9c gan, b\u1ed3i d\u01b0\u1ee1ng gan kh\u1ecfe m\u1ea1nh.<br \/>\n&#8211; T\u0103ng c\u01b0\u1eddng s\u1ee9c \u0111\u1ec1 kh\u00e1ng, gi\u00fap t\u00f4m c\u00e1 ph\u1ee5c h\u1ed3i nhanh sau khi b\u1ec7nh.<br \/>\n&#8211; Ng\u0103n ng\u1eeba hi\u1ec7u qu\u1ea3 b\u1ec7nh \u0111\u1ed1m tr\u1eafng, \u0111\u1ecf th\u00e2n, \u0111\u1ea7u v\u00e0ng.<\/p>\n<p><strong>C\u00e1ch s\u1eed d\u1ee5ng:<\/strong><br \/>\n&#8211; Cho \u0103n \u0111\u1ecbnh k\u1ef3 1 \u2013 2 g\/ 1 kg th\u1ee9c \u0103n, tr\u1ed9n 1 \u2013 2 l\u1ea7n\/ ng\u00e0y.<br \/>\n&#8211; Tr\u01b0\u1eddng h\u1ee3p ph\u00f2ng b\u1ec7nh gan, \u0111\u1ed1m tr\u1eafng, \u0111\u1ea7u v\u00e0ng:\u00a0 D\u00f9ng 3 \u2013 5 g\/ 1 kg th\u1ee9c \u0103n.<br \/>\n&#8211; Cho \u0103n trong su\u1ed1t qu\u00e1 tr\u00ecnh nu\u00f4i.<\/p>\n<p><strong>Ch\u00fa \u00fd:<\/strong><br \/>\n\u0110\u1ecdc k\u1ef9 h\u01b0\u1edbng d\u1eabn s\u1eed d\u1ee5ng tr\u01b0\u1edbc khi d\u00f9ng.<\/p>\n<p><strong>B\u1ea3o qu\u1ea3n:<\/strong><br \/>\n&#8211; N\u01a1i kh\u00f4 r\u00e1o, tho\u00e1ng m\u00e1t, tr\u00e1nh \u00e1nh s\u00e1ng tr\u1ef1c ti\u1ebfp.<br \/>\n&#8211; Tr\u00e1nh xa t\u1ea7m tay tr\u1ebb em.<\/p>\n<h3 style=\"text-align: center;\"><span style=\"color: #0000ff;\">CH\u1ec8 D\u00d9NG TRONG NU\u00d4I TR\u1ed2NG TH\u1ee6Y S\u1ea2N<\/span><\/h3>\r\n<blockquote>\r\n<p style=\"text-align: center;\"><em>\u201cS\u1ea3n ph\u1ea9m kh\u00f4ng ch\u1ee9a c\u00e1c ch\u1ea5t c\u1ea5m s\u1eed d\u1ee5ng trong s\u1ea3n xu\u1ea5t, kinh doanh th\u1ee7y s\u1ea3n theo c\u00e1c quy \u0111\u1ecbnh hi\u1ec7n h\u00e0nh c\u1ee7a <strong>B\u1ed9 N\u00f4ng nghi\u1ec7p v\u00e0 Ph\u00e1t tri\u1ec3n n\u00f4ng th\u00f4n<\/strong>\u201d<\/em><\/p>\r\n<\/blockquote>\r\n<!-- Shortcode [sts2] does not match the conditions -->\r\n\r\n<!-- Shortcode [act] does not exist -->\n","protected":false},"excerpt":{"rendered":"<h3><span style=\"color: #0000ff;\">PH\u00d2NG NG\u1eeaA HI\u1ec6U QU\u1ea2 C\u00c1C B\u1ec6NH V\u1ec0 GAN<br \/>\nT\u0102NG S\u1ee8C \u0110\u1ec0 KH\u00c1NG, K\u00cdCH TH\u00cdCH T\u0102NG TR\u1eccNG<\/span><\/h3>\n<p><strong>C\u00f4ng d\u1ee5ng:<\/strong><br \/>\n&#8211; Gi\u00fap ph\u00f2ng c\u00e1c b\u1ec7nh v\u1ec1 gan: S\u01b0ng gan, teo gan, tr\u1eafng gan.<br \/>\n&#8211; K\u00edch th\u00edch t\u0103ng tr\u1ecdng, lo\u1ea1i th\u1ea3i \u0111\u1ed9c t\u1ed1, gi\u1ea3i \u0111\u1ed9c gan, b\u1ed3i d\u01b0\u1ee1ng gan kh\u1ecfe m\u1ea1nh.<br \/>\n&#8211; T\u0103ng c\u01b0\u1eddng s\u1ee9c \u0111\u1ec1 kh\u00e1ng, gi\u00fap t\u00f4m c\u00e1 ph\u1ee5c h\u1ed3i nhanh sau khi b\u1ec7nh.<br \/>\n&#8211; Ng\u0103n ng\u1eeba hi\u1ec7u qu\u1ea3 b\u1ec7nh \u0111\u1ed1m tr\u1eafng, \u0111\u1ecf th\u00e2n, \u0111\u1ea7u v\u00e0ng.<\/p>\n[sc name=\"scontactf\"]\n","protected":false},"featured_media":578,"comment_status":"open","ping_status":"closed","template":"","meta":{"sfsi_plus_gutenberg_text_before_share":"","sfsi_plus_gutenberg_show_text_before_share":"","sfsi_plus_gutenberg_icon_type":"","sfsi_plus_gutenberg_icon_alignemt":"","sfsi_plus_gutenburg_max_per_row":""},"product_brand":[],"product_cat":[410,406,426,19],"product_tag":[],"class_list":{"0":"post-577","1":"product","2":"type-product","3":"status-publish","4":"has-post-thumbnail","6":"product_cat-dinh-duong-bo-sung-thuc-an-ca","7":"product_cat-fish","8":"product_cat-giai-doc-ho-tro-gan-ca","9":"product_cat-aquaculture","11":"first","12":"instock","13":"shipping-taxable","14":"product-type-simple"},"_links":{"self":[{"href":"https:\/\/apanano.com\/vi\/wp-json\/wp\/v2\/product\/577","targetHints":{"allow":["GET"]}}],"collection":[{"href":"https:\/\/apanano.com\/vi\/wp-json\/wp\/v2\/product"}],"about":[{"href":"https:\/\/apanano.com\/vi\/wp-json\/wp\/v2\/types\/product"}],"replies":[{"embeddable":true,"href":"https:\/\/apanano.com\/vi\/wp-json\/wp\/v2\/comments?post=577"}],"wp:featuredmedia":[{"embeddable":true,"href":"https:\/\/apanano.com\/vi\/wp-json\/wp\/v2\/media\/578"}],"wp:attachment":[{"href":"https:\/\/apanano.com\/vi\/wp-json\/wp\/v2\/media?parent=577"}],"wp:term":[{"taxonomy":"product_brand","embeddable":true,"href":"https:\/\/apanano.com\/vi\/wp-json\/wp\/v2\/product_brand?post=577"},{"taxonomy":"product_cat","embeddable":true,"href":"https:\/\/apanano.com\/vi\/wp-json\/wp\/v2\/product_cat?post=577"},{"taxonomy":"product_tag","embeddable":true,"href":"https:\/\/apanano.com\/vi\/wp-json\/wp\/v2\/product_tag?post=577"}],"curies":[{"name":"wp","href":"https:\/\/api.w.org\/{rel}","templated":true}]}}