{"id":573,"date":"2016-07-26T15:20:00","date_gmt":"2016-07-26T08:20:00","guid":{"rendered":"http:\/\/apanano.com\/w\/?post_type=product&#038;p=573"},"modified":"2023-02-24T18:26:06","modified_gmt":"2023-02-24T11:26:06","slug":"apa-ls-600h","status":"publish","type":"product","link":"https:\/\/apanano.com\/vi\/product\/apa-ls-600h\/","title":{"rendered":"APA LS 600H"},"content":{"rendered":"<p><strong>Th\u00e0nh ph\u1ea7n:<\/strong><br \/>\n<a href=\"https:\/\/thaivietjs.com\/san-pham\/iodine-99-5\/\" target=\"_blank\" rel=\"noopener noreferrer\">Iodine<\/a>, Dung m\u00f4i v\u1eeba \u0111\u1ee7.<\/p>\n<p><strong>C\u00f4ng d\u1ee5ng:<\/strong><br \/>\n&#8211; S\u00e1t tr\u00f9ng ngu\u1ed3n n\u01b0\u1edbc, d\u1ee5ng c\u1ee5, trang thi\u1ebft b\u1ecb, b\u1ec3 \u01b0\u01a1ng, tr\u1ee9ng t\u00f4m c\u00e1, t\u00f4m con.<br \/>\n&#8211; Ti\u00eau di\u1ec7t c\u00e1c lo\u1ea1i vi khu\u1ea9n, virus, n\u1ea5m g\u00e2y <a href=\"https:\/\/apanano.com\/technical-support\/benh-lo-loet-tren-ca-loc\/\" rel=\"noopener noreferrer\" target=\"_blank\">b\u1ec7nh l\u1edf lo\u00e9t<\/a>, xu\u1ea5t huy\u1ebft, \u0111\u1ed1m \u0111\u1ecf, th\u1ed1i \u0111u\u00f4i, gan th\u1eadn m\u1ee7,\u2026 h\u1ea1n ch\u1ebf m\u1ea7m b\u1ec7nh, d\u1ecbch b\u1ec7nh, t\u0103ng t\u1ec9 l\u1ec7 s\u1ed1ng.<br \/>\n&#8211; H\u1ed7 tr\u1ee3 \u0111i\u1ec1u tr\u1ecb: <a href=\"https:\/\/apanano.com\/technical-support\/benh-den-than-tren-ca-ro-dong-nguyen-nhan-bieu-hien-va-cach-phong-tri\/\" target=\"_blank\" rel=\"noopener noreferrer\">B\u1ec7nh \u0110en Th\u00e2n tr\u00ean C\u00e1 R\u00f4 \u0110\u1ed3ng<\/a><br \/>\n&#8211; Kh\u1ed1ng ch\u1ebf s\u1ef1 ph\u00e1t tri\u1ec3n c\u1ee7a phi\u00eau sinh v\u1eadt, t\u1ea1o m\u00f4i tr\u01b0\u1eddng ao nu\u00f4i thu\u1eadn l\u1ee3i.<\/p>\n<p><strong>C\u00e1ch s\u1eed d\u1ee5ng<\/strong><strong>: <\/strong><br \/>\n&#8211; Tr\u01b0\u01a1\u0300ng h\u01a1\u0323p di\u00ea\u0323t khu\u00e2\u0309n \u0111i\u0323nh ky\u0300 va\u0300 x\u01b0\u0309 ly\u0301 n\u01b0\u01a1\u0301c tr\u01b0\u01a1\u0301c khi tha\u0309 t\u00f4m, c\u00e1: D\u00f9ng 1 li\u0301t\/ 8.000 \u2013 10.000 m<sup>3<\/sup> n\u01b0\u01a1\u0301c, \u0111\u1ecbnh k\u1ef3 5 \u2013 7 ng\u00e0y\/ l\u1ea7n.<br \/>\n&#8211; Tr\u01b0\u01a1\u0300ng h\u1ee3p di\u1ec7t khu\u1ea9n nhanh, h\u1ed7 tr\u1ee3 \u0111i\u1ec1u tr\u1ecb b\u1ec7nh: D\u00f9ng 1 li\u0301t\/ 5.000 \u2013 6.000 m<sup>3<\/sup> n\u01b0\u01a1\u0301c.<br \/>\n&#8211; T\u00f9y v\u00e0o m\u00f4i tr\u01b0\u1eddng n\u01b0\u1edbc ao nu\u00f4i, t\u00ecnh tr\u1ea1ng t\u00f4m, c\u00e1 m\u00e0 t\u0103ng ho\u1eb7c gi\u1ea3m li\u1ec1u l\u01b0\u1ee3ng s\u1eed d\u1ee5ng cho ph\u00f9 h\u1ee3p.<\/p>\n<p><strong>Ch\u00fa \u00fd:<\/strong><br \/>\n&#8211; L\u1eafc \u0111\u1ec1u tr\u01b0\u1edbc khi s\u1eed d\u1ee5ng.<br \/>\n&#8211; \u0110\u1ecdc k\u1ef9 h\u01b0\u1edbng d\u1eabn s\u1eed d\u1ee5ng tr\u01b0\u1edbc khi d\u00f9ng.<\/p>\n<p><strong>B\u1ea3o qu\u1ea3n:<\/strong><br \/>\n&#8211; N\u01a1i kh\u00f4 r\u00e1o, tho\u00e1ng m\u00e1t, tr\u00e1nh \u00e1nh s\u00e1ng tr\u1ef1c ti\u1ebfp.<br \/>\n&#8211; Tr\u00e1nh xa t\u1ea7m tay tr\u1ebb em.<\/p>\n<h3 style=\"text-align: center;\"><span style=\"color: #0000ff;\">CH\u1ec8 D\u00d9NG TRONG NU\u00d4I TR\u1ed2NG TH\u1ee6Y S\u1ea2N<\/span><\/h3>\r\n<blockquote>\r\n<p style=\"text-align: center;\"><em>\u201cS\u1ea3n ph\u1ea9m kh\u00f4ng ch\u1ee9a c\u00e1c ch\u1ea5t c\u1ea5m s\u1eed d\u1ee5ng trong s\u1ea3n xu\u1ea5t, kinh doanh th\u1ee7y s\u1ea3n theo c\u00e1c quy \u0111\u1ecbnh hi\u1ec7n h\u00e0nh c\u1ee7a <strong>B\u1ed9 N\u00f4ng nghi\u1ec7p v\u00e0 Ph\u00e1t tri\u1ec3n n\u00f4ng th\u00f4n<\/strong>\u201d<\/em><\/p>\r\n<\/blockquote>\r\n<!-- Shortcode [sts2] does not match the conditions -->\r\n\r\n<!-- Shortcode [act] does not exist -->\n","protected":false},"excerpt":{"rendered":"<h3><span style=\"color: #0000ff;\">DI\u1ec6T KHU\u1ea8N AO NU\u00d4I, S\u00c1T TR\u00d9NG D\u1ee4NG C\u1ee4<\/span><\/h3>\n<p><strong>C\u00f4ng d\u1ee5ng:<\/strong><br \/>\n&#8211; S\u00e1t tr\u00f9ng ngu\u1ed3n n\u01b0\u1edbc, d\u1ee5ng c\u1ee5, trang thi\u1ebft b\u1ecb, b\u1ec3 \u01b0\u01a1ng, tr\u1ee9ng t\u00f4m c\u00e1, t\u00f4m con.<br \/>\n&#8211; Ti\u00eau di\u1ec7t c\u00e1c lo\u1ea1i vi khu\u1ea9n, virus, n\u1ea5m g\u00e2y b\u1ec7nh l\u1edf lo\u00e9t, xu\u1ea5t huy\u1ebft, \u0111\u1ed1m \u0111\u1ecf, th\u1ed1i \u0111u\u00f4i, gan th\u1eadn m\u1ee7,\u2026 h\u1ea1n ch\u1ebf m\u1ea7m b\u1ec7nh, d\u1ecbch b\u1ec7nh, t\u0103ng t\u1ec9 l\u1ec7 s\u1ed1ng.<br \/>\n&#8211; Kh\u1ed1ng ch\u1ebf s\u1ef1 ph\u00e1t tri\u1ec3n c\u1ee7a phi\u00eau sinh v\u1eadt, t\u1ea1o m\u00f4i tr\u01b0\u1eddng ao nu\u00f4i thu\u1eadn l\u1ee3i.<\/p>\n[sc name=\"scontactf\" ]\n","protected":false},"featured_media":574,"comment_status":"open","ping_status":"closed","template":"","meta":{"sfsi_plus_gutenberg_text_before_share":"","sfsi_plus_gutenberg_show_text_before_share":"","sfsi_plus_gutenberg_icon_type":"","sfsi_plus_gutenberg_icon_alignemt":"","sfsi_plus_gutenburg_max_per_row":""},"product_brand":[],"product_cat":[412,421,406,19],"product_tag":[510,491,528,511],"class_list":{"0":"post-573","1":"product","2":"type-product","3":"status-publish","4":"has-post-thumbnail","6":"product_cat-xu-ly-cai-tao-moi-truong-ca","7":"product_cat-diet-khuan-ca","8":"product_cat-fish","9":"product_cat-aquaculture","10":"product_tag-diet-khuan-ao-nuoi","11":"product_tag-dac-tri-gan-than-mu","12":"product_tag-dac-tri-lo-loet-dom-do","13":"product_tag-sat-trung-dung-cu","15":"first","16":"instock","17":"shipping-taxable","18":"product-type-simple"},"_links":{"self":[{"href":"https:\/\/apanano.com\/vi\/wp-json\/wp\/v2\/product\/573","targetHints":{"allow":["GET"]}}],"collection":[{"href":"https:\/\/apanano.com\/vi\/wp-json\/wp\/v2\/product"}],"about":[{"href":"https:\/\/apanano.com\/vi\/wp-json\/wp\/v2\/types\/product"}],"replies":[{"embeddable":true,"href":"https:\/\/apanano.com\/vi\/wp-json\/wp\/v2\/comments?post=573"}],"wp:featuredmedia":[{"embeddable":true,"href":"https:\/\/apanano.com\/vi\/wp-json\/wp\/v2\/media\/574"}],"wp:attachment":[{"href":"https:\/\/apanano.com\/vi\/wp-json\/wp\/v2\/media?parent=573"}],"wp:term":[{"taxonomy":"product_brand","embeddable":true,"href":"https:\/\/apanano.com\/vi\/wp-json\/wp\/v2\/product_brand?post=573"},{"taxonomy":"product_cat","embeddable":true,"href":"https:\/\/apanano.com\/vi\/wp-json\/wp\/v2\/product_cat?post=573"},{"taxonomy":"product_tag","embeddable":true,"href":"https:\/\/apanano.com\/vi\/wp-json\/wp\/v2\/product_tag?post=573"}],"curies":[{"name":"wp","href":"https:\/\/api.w.org\/{rel}","templated":true}]}}