{"id":571,"date":"2016-07-26T17:41:34","date_gmt":"2016-07-26T10:41:34","guid":{"rendered":"http:\/\/apanano.com\/w\/?post_type=product&#038;p=571"},"modified":"2023-02-24T18:25:56","modified_gmt":"2023-02-24T11:25:56","slug":"apa-liverbest","status":"publish","type":"product","link":"https:\/\/apanano.com\/vi\/product\/apa-liverbest\/","title":{"rendered":"APA LIVERBEST"},"content":{"rendered":"<p><strong>Th\u00e0nh ph\u1ea7n:<\/strong><br \/>\nMethionine, Vitamin C, Sorbitol, Lysine, T\u00e1 d\u01b0\u1ee3c v\u1eeba \u0111\u1ee7.<\/p>\n<p><strong>C\u00f4ng d\u1ee5ng:<\/strong><br \/>\n&#8211; B\u1ed5 sung c\u00e1c acid amin, ph\u00f2ng c\u00e1c b\u1ec7nh do thi\u1ebfu acid amin.<br \/>\n&#8211; Gi\u00fap cho h\u1ec7 th\u1ed1ng ti\u00eau h\u00f3a v\u00e0 qu\u00e1 tr\u00ecnh h\u1ea5p thu th\u1ee9c \u0103n t\u1ed1t.<br \/>\n&#8211; Gi\u1ea3i \u0111\u1ed9c gan, b\u1ea3o v\u1ec7 v\u00e0 t\u00e1i t\u1ea1o t\u1ebf b\u00e0o gan, t\u0103ng c\u01b0\u1eddng ho\u1ea1t \u0111\u1ed9ng c\u1ee7a gan, gi\u00fap ph\u00f2ng ng\u1eeba c\u00e1c b\u1ec7nh v\u1ec1 gan.<br \/>\n&#8211; T\u0103ng \u0111\u1ec1 kh\u00e1ng, gi\u1ea3m stress gi\u00fap h\u1ea1n ch\u1ebf b\u1ec7nh.<\/p>\n<p><strong>C\u00e1ch s\u1eed d\u1ee5ng:<\/strong><br \/>\n&#8211; Tr\u1ed9n 1 \u2013 2 g\/ 1 kg th\u1ee9c \u0103n.<br \/>\n&#8211; Tr\u01b0\u1eddng h\u1ee3p \u0111\u1ed1c th\u00fac t\u00f4m, c\u00e1 ph\u00e1t tri\u1ec3n nhanh ho\u1eb7c h\u1ed7 tr\u1ee3 \u0111i\u1ec1u tr\u1ecb khi t\u00f4m c\u00e1 b\u1ec7nh: S\u1eed d\u1ee5ng 3 \u2013 5 g\/ 1 kg th\u1ee9c \u0103n.<br \/>\n&#8211; Tr\u1ed9n 1 \u2013 2 l\u1ea7n\/ ng\u00e0y, cho \u0103n li\u00ean t\u1ee5c trong su\u1ed1t v\u1ee5 nu\u00f4i. <\/p>\n<p><strong>Ch\u00fa \u00fd:<\/strong><br \/>\n\u0110\u1ecdc k\u1ef9 h\u01b0\u1edbng d\u1eabn s\u1eed d\u1ee5ng tr\u01b0\u1edbc khi d\u00f9ng. <\/p>\n<p><strong>B\u1ea3o qu\u1ea3n:<\/strong><br \/>\n&#8211; N\u01a1i kh\u00f4 r\u00e1o, tho\u00e1ng m\u00e1t, tr\u00e1nh \u00e1nh s\u00e1ng tr\u1ef1c ti\u1ebfp.<br \/>\n&#8211; Tr\u00e1nh xa t\u1ea7m tay tr\u1ebb em.<\/p>\n<h3 style=\"text-align: center;\"><span style=\"color: #0000ff;\">CH\u1ec8 D\u00d9NG TRONG NU\u00d4I TR\u1ed2NG TH\u1ee6Y S\u1ea2N<\/span><\/h3>\r\n<blockquote>\r\n<p style=\"text-align: center;\"><em>\u201cS\u1ea3n ph\u1ea9m kh\u00f4ng ch\u1ee9a c\u00e1c ch\u1ea5t c\u1ea5m s\u1eed d\u1ee5ng trong s\u1ea3n xu\u1ea5t, kinh doanh th\u1ee7y s\u1ea3n theo c\u00e1c quy \u0111\u1ecbnh hi\u1ec7n h\u00e0nh c\u1ee7a <strong>B\u1ed9 N\u00f4ng nghi\u1ec7p v\u00e0 Ph\u00e1t tri\u1ec3n n\u00f4ng th\u00f4n<\/strong>\u201d<\/em><\/p>\r\n<\/blockquote>\r\n<!-- Shortcode [sts2] does not match the conditions -->\r\n\r\n<!-- Shortcode [act] does not exist -->\n","protected":false},"excerpt":{"rendered":"<h3><span style=\"color: #0000ff;\">GI\u1ea2I \u0110\u1ed8C GAN, NG\u0102N NG\u1eeaA C\u00c1C B\u1ec6NH V\u1ec0 GAN<\/span><\/h3>\n<p><strong>C\u00f4ng d\u1ee5ng:<\/strong><br \/>\n&#8211; B\u1ed5 sung c\u00e1c acid amin, ph\u00f2ng c\u00e1c b\u1ec7nh do thi\u1ebfu acid amin.<br \/>\n&#8211; Gi\u00fap cho h\u1ec7 th\u1ed1ng ti\u00eau h\u00f3a v\u00e0 qu\u00e1 tr\u00ecnh h\u1ea5p thu th\u1ee9c \u0103n t\u1ed1t.<br \/>\n&#8211; Gi\u1ea3i \u0111\u1ed9c gan, b\u1ea3o v\u1ec7 v\u00e0 t\u00e1i t\u1ea1o t\u1ebf b\u00e0o gan, t\u0103ng c\u01b0\u1eddng ho\u1ea1t \u0111\u1ed9ng c\u1ee7a gan, gi\u00fap ph\u00f2ng ng\u1eeba c\u00e1c b\u1ec7nh v\u1ec1 gan.<br \/>\n&#8211; T\u0103ng \u0111\u1ec1 kh\u00e1ng, gi\u1ea3m stress gi\u00fap h\u1ea1n ch\u1ebf b\u1ec7nh.<\/p>\n[sc name=\"scontactf\"]\n","protected":false},"featured_media":572,"comment_status":"open","ping_status":"closed","template":"","meta":{"sfsi_plus_gutenberg_text_before_share":"","sfsi_plus_gutenberg_show_text_before_share":"","sfsi_plus_gutenberg_icon_type":"","sfsi_plus_gutenberg_icon_alignemt":"","sfsi_plus_gutenburg_max_per_row":""},"product_brand":[],"product_cat":[410,406,426,19],"product_tag":[],"class_list":{"0":"post-571","1":"product","2":"type-product","3":"status-publish","4":"has-post-thumbnail","6":"product_cat-dinh-duong-bo-sung-thuc-an-ca","7":"product_cat-fish","8":"product_cat-giai-doc-ho-tro-gan-ca","9":"product_cat-aquaculture","11":"first","12":"instock","13":"shipping-taxable","14":"product-type-simple"},"_links":{"self":[{"href":"https:\/\/apanano.com\/vi\/wp-json\/wp\/v2\/product\/571","targetHints":{"allow":["GET"]}}],"collection":[{"href":"https:\/\/apanano.com\/vi\/wp-json\/wp\/v2\/product"}],"about":[{"href":"https:\/\/apanano.com\/vi\/wp-json\/wp\/v2\/types\/product"}],"replies":[{"embeddable":true,"href":"https:\/\/apanano.com\/vi\/wp-json\/wp\/v2\/comments?post=571"}],"wp:featuredmedia":[{"embeddable":true,"href":"https:\/\/apanano.com\/vi\/wp-json\/wp\/v2\/media\/572"}],"wp:attachment":[{"href":"https:\/\/apanano.com\/vi\/wp-json\/wp\/v2\/media?parent=571"}],"wp:term":[{"taxonomy":"product_brand","embeddable":true,"href":"https:\/\/apanano.com\/vi\/wp-json\/wp\/v2\/product_brand?post=571"},{"taxonomy":"product_cat","embeddable":true,"href":"https:\/\/apanano.com\/vi\/wp-json\/wp\/v2\/product_cat?post=571"},{"taxonomy":"product_tag","embeddable":true,"href":"https:\/\/apanano.com\/vi\/wp-json\/wp\/v2\/product_tag?post=571"}],"curies":[{"name":"wp","href":"https:\/\/api.w.org\/{rel}","templated":true}]}}