{"id":569,"date":"2016-07-26T16:49:58","date_gmt":"2016-07-26T09:49:58","guid":{"rendered":"http:\/\/apanano.com\/w\/?post_type=product&#038;p=569"},"modified":"2023-02-24T18:25:57","modified_gmt":"2023-02-24T11:25:57","slug":"apa-lacto-f","status":"publish","type":"product","link":"https:\/\/apanano.com\/vi\/product\/apa-lacto-f\/","title":{"rendered":"APA LACTO F"},"content":{"rendered":"<p><strong>Th\u00e0nh ph\u1ea7n:<\/strong><br \/>\nLactobacillus reuteri, Lactobacillus salivarius, Saccharomyces cerevisiae.<\/p>\n<p><strong>C\u00f4ng d\u1ee5ng:<\/strong><br \/>\n&#8211; B\u1ed5 sung dinh d\u01b0\u1ee1ng, gi\u00fap d\u1ec5 ti\u00eau h\u00f3a th\u1ee9c \u0103n v\u00e0 ph\u00e1t tri\u1ec3n nhanh.<br \/>\n&#8211; \u1ed4n \u0111\u1ecbnh men \u0111\u01b0\u1eddng ru\u1ed9t, t\u0103ng kh\u1ea3 n\u0103ng h\u1ea5p thu ch\u1ea5t dinh d\u01b0\u1ee1ng qua th\u00e0nh ru\u1ed9t.<br \/>\n&#8211; K\u00edch th\u00edch \u0103n nhi\u1ec1u, ph\u00e1t tri\u1ec3n nhanh, r\u00fat ng\u1eafn th\u1eddi gian nu\u00f4i.<br \/>\n&#8211; T\u0103ng kh\u1ea3 n\u0103ng ph\u00f2ng ch\u1ed1ng b\u1ec7nh v\u1ec1 \u0111\u01b0\u1eddng ru\u1ed9t, xu\u1ea5t huy\u1ebft n\u1ed9i.<\/p>\n<p><strong>C\u00e1ch s\u1eed d\u1ee5ng:<\/strong><br \/>\n&#8211; D\u00f9ng 1 \u2013 2 g\/ 1 kg th\u1ee9c \u0103n.<br \/>\n&#8211; K\u00edch th\u00edch t\u00f4m, c\u00e1 ph\u00e1t tri\u1ec3n nhanh: D\u00f9ng 3 \u2013 5 g\/ 1 kg th\u1ee9c \u0103n.<br \/>\n&#8211; Cho \u0103n 1 \u2013 2 l\u1ea7n\/ ng\u00e0y, s\u1eed d\u1ee5ng trong su\u1ed1t qu\u00e1 tr\u00ecnh nu\u00f4i.<\/p>\n<p><strong>Ch\u00fa \u00fd:<\/strong><br \/>\n\u0110\u1ecdc k\u1ef9 h\u01b0\u1edbng d\u1eabn s\u1eed d\u1ee5ng tr\u01b0\u1edbc khi d\u00f9ng.<\/p>\n<p><strong>B\u1ea3o qu\u1ea3n:<\/strong><br \/>\n&#8211; N\u01a1i kh\u00f4 r\u00e1o, tho\u00e1ng m\u00e1t, tr\u00e1nh \u00e1nh s\u00e1ng tr\u1ef1c ti\u1ebfp.<br \/>\n&#8211; Tr\u00e1nh xa t\u1ea7m tay tr\u1ebb em.<\/p>\n<h3 style=\"text-align: center;\"><span style=\"color: #0000ff;\">CH\u1ec8 D\u00d9NG TRONG NU\u00d4I TR\u1ed2NG TH\u1ee6Y S\u1ea2N<\/span><\/h3>\r\n<blockquote>\r\n<p style=\"text-align: center;\"><em>\u201cS\u1ea3n ph\u1ea9m kh\u00f4ng ch\u1ee9a c\u00e1c ch\u1ea5t c\u1ea5m s\u1eed d\u1ee5ng trong s\u1ea3n xu\u1ea5t, kinh doanh th\u1ee7y s\u1ea3n theo c\u00e1c quy \u0111\u1ecbnh hi\u1ec7n h\u00e0nh c\u1ee7a <strong>B\u1ed9 N\u00f4ng nghi\u1ec7p v\u00e0 Ph\u00e1t tri\u1ec3n n\u00f4ng th\u00f4n<\/strong>\u201d<\/em><\/p>\r\n<\/blockquote>\r\n<!-- Shortcode [sts2] does not match the conditions -->\r\n\r\n<!-- Shortcode [act] does not exist -->\n","protected":false},"excerpt":{"rendered":"<h3><span style=\"color: #0000ff;\">B\u1ed4 SUNG DINH D\u01af\u1ee0NG, GI\u00daP D\u1ec4 TI\u00caU H\u00d3A<\/span><br \/>\n<span style=\"color: #0000ff;\">V\u00c0 PH\u00c1T TRI\u1ec2N NHANH, H\u1ea4P THU TH\u1ee8C \u0102N NHANH<\/span><br \/>\n<span style=\"color: #0000ff;\">PH\u00d2NG NG\u1eeaA HI\u1ec6U QU\u1ea2 B\u1ec6NH \u0110\u01af\u1edcNG RU\u1ed8T<\/span><\/h3>\n<p><strong>C\u00f4ng d\u1ee5ng:<\/strong><br \/>\n&#8211; B\u1ed5 sung dinh d\u01b0\u1ee1ng, gi\u00fap d\u1ec5 ti\u00eau h\u00f3a th\u1ee9c \u0103n v\u00e0 ph\u00e1t tri\u1ec3n nhanh.<br \/>\n&#8211; \u1ed4n \u0111\u1ecbnh men \u0111\u01b0\u1eddng ru\u1ed9t, t\u0103ng kh\u1ea3 n\u0103ng h\u1ea5p thu ch\u1ea5t dinh d\u01b0\u1ee1ng qua th\u00e0nh ru\u1ed9t.<br \/>\n&#8211; K\u00edch th\u00edch \u0103n nhi\u1ec1u, ph\u00e1t tri\u1ec3n nhanh, r\u00fat ng\u1eafn th\u1eddi gian nu\u00f4i.<br \/>\n&#8211; T\u0103ng kh\u1ea3 n\u0103ng ph\u00f2ng ch\u1ed1ng b\u1ec7nh v\u1ec1 \u0111\u01b0\u1eddng ru\u1ed9t, xu\u1ea5t huy\u1ebft n\u1ed9i.<\/p>\n[sc name=\"scontactf\"]\n","protected":false},"featured_media":570,"comment_status":"open","ping_status":"closed","template":"","meta":{"sfsi_plus_gutenberg_text_before_share":"","sfsi_plus_gutenberg_show_text_before_share":"","sfsi_plus_gutenberg_icon_type":"","sfsi_plus_gutenberg_icon_alignemt":"","sfsi_plus_gutenburg_max_per_row":""},"product_brand":[],"product_cat":[410,406,425,19],"product_tag":[],"class_list":{"0":"post-569","1":"product","2":"type-product","3":"status-publish","4":"has-post-thumbnail","6":"product_cat-dinh-duong-bo-sung-thuc-an-ca","7":"product_cat-fish","8":"product_cat-men-ho-tro-tieu-hoa-ca","9":"product_cat-aquaculture","11":"first","12":"instock","13":"shipping-taxable","14":"product-type-simple"},"_links":{"self":[{"href":"https:\/\/apanano.com\/vi\/wp-json\/wp\/v2\/product\/569","targetHints":{"allow":["GET"]}}],"collection":[{"href":"https:\/\/apanano.com\/vi\/wp-json\/wp\/v2\/product"}],"about":[{"href":"https:\/\/apanano.com\/vi\/wp-json\/wp\/v2\/types\/product"}],"replies":[{"embeddable":true,"href":"https:\/\/apanano.com\/vi\/wp-json\/wp\/v2\/comments?post=569"}],"wp:featuredmedia":[{"embeddable":true,"href":"https:\/\/apanano.com\/vi\/wp-json\/wp\/v2\/media\/570"}],"wp:attachment":[{"href":"https:\/\/apanano.com\/vi\/wp-json\/wp\/v2\/media?parent=569"}],"wp:term":[{"taxonomy":"product_brand","embeddable":true,"href":"https:\/\/apanano.com\/vi\/wp-json\/wp\/v2\/product_brand?post=569"},{"taxonomy":"product_cat","embeddable":true,"href":"https:\/\/apanano.com\/vi\/wp-json\/wp\/v2\/product_cat?post=569"},{"taxonomy":"product_tag","embeddable":true,"href":"https:\/\/apanano.com\/vi\/wp-json\/wp\/v2\/product_tag?post=569"}],"curies":[{"name":"wp","href":"https:\/\/api.w.org\/{rel}","templated":true}]}}