{"id":565,"date":"2016-07-26T14:58:24","date_gmt":"2016-07-26T07:58:24","guid":{"rendered":"http:\/\/apanano.com\/w\/?post_type=product&#038;p=565"},"modified":"2023-02-24T18:26:10","modified_gmt":"2023-02-24T11:26:10","slug":"apa-kill-algae","status":"publish","type":"product","link":"https:\/\/apanano.com\/vi\/product\/apa-kill-algae\/","title":{"rendered":"APA KILL ALGAE"},"content":{"rendered":"<p><strong>Th\u00e0nh ph\u1ea7n:<\/strong><br \/>\nBronopol.<\/p>\n<p><strong>C\u00f4ng d\u1ee5ng:<\/strong><br \/>\n&#8211; Ph\u00f2ng v\u00e0 tr\u1ecb an to\u00e0n c\u00e1c b\u1ec7nh do nguy\u00ean sinh \u0111\u1ed9ng v\u1eadt k\u00fd sinh (Ichthyophthirius sp., Trichodina sp., Epistylis sp., Vorticella sp,&#8230;) g\u00e2y ra tr\u00ean c\u00e1.<br \/>\n&#8211; Di\u1ec7t nhi\u1ec1u lo\u00e0i vi n\u1ea5m g\u00e2y b\u1ec7nh tr\u00ean \u0111\u1ed9ng v\u1eadt th\u1ee7y s\u1ea3n nh\u01b0 n\u1ea5m th\u1ee7y mi (Achlya bisexualis) nhi\u1ec5m tr\u00ean c\u00e1 l\u00f3c gi\u1ed1ng, ho\u1eb7c vi n\u1ea5m Plectosporium oratosquillae tr\u00ean t\u00f4m.<br \/>\n&#8211; Bronopol <a href=\"https:\/\/apanano.com\/technical-support\/benh-lo-loet-tren-ca-loc\/\" target=\"_blank\" rel=\"noopener noreferrer\">\u0111\u1eb7c tr\u1ecb b\u1ec7nh gh\u1ebb tr\u00ean c\u00e1 l\u00f3c<\/a>, n\u1ea5m nh\u1edbt tr\u00ean c\u00e1 r\u00f4, hi\u1ec7n t\u01b0\u1ee3ng th\u1ed1i \u0111u\u00f4i tr\u00ean c\u00e1 tra do n\u1ea5m g\u00e2y ra; Bronopol l\u00e0 ch\u1ea5t h\u1eefu hi\u1ec7u thay th\u1ebf cho Malachite green.<br \/>\n&#8211; <a href=\"https:\/\/apanano.com\/technical-support\/benh-den-than-tren-ca-ro-dong-nguyen-nhan-bieu-hien-va-cach-phong-tri\/\" target=\"_blank\" rel=\"noopener noreferrer\">Tr\u1ecb b\u1ec7nh \u0111en m\u00ecnh tr\u00ean c\u00e1 r\u00f4 v\u00e0 c\u00e1 l\u00f3c<\/a>, <a href=\"https:\/\/apanano.com\/technical-support\/dac-tri-ghe-lo-tren-ca-keo\/\" target=\"_blank\" rel=\"noopener noreferrer\">b\u1ec7nh l\u1edf lo\u00e9t tr\u00ean c\u00e1 k\u00e8o<\/a>.<br \/>\n&#8211; Bronopol s\u1eed d\u1ee5ng hi\u1ec7u qu\u1ea3 cho c\u00e1c tr\u1ea1i s\u1ea3n xu\u1ea5t t\u00f4m, c\u00e1 gi\u1ed1ng, \u01b0\u01a1ng c\u0169ng nh\u01b0 <a href=\"https:\/\/apanano.com\/technical-support\/quy-trinh-nuoi-ca-tra-thuong-pham-su-dung-san-pham-apa-3\/\" target=\"_blank\" rel=\"noopener noreferrer\">nu\u00f4i th\u01b0\u01a1ng ph\u1ea9m<\/a>.<\/p>\n<p><strong>C\u00e1ch s\u1eed d\u1ee5ng:<\/strong><br \/>\n&#8211; C\u00e1 gi\u1ed1ng (tr\u00ean 1 th\u00e1ng): S\u1eed d\u1ee5ng 1 l\u00edt\/ 5.000 \u2013 6.000 m<sup>3<\/sup> n\u01b0\u1edbc ao nu\u00f4i.<br \/>\n&#8211; C\u00e1 th\u1ecbt (tr\u00ean 3 th\u00e1ng tu\u1ed5i): S\u1eed d\u1ee5ng 1 l\u00edt\/ 3.000 \u2013 4.000 m<sup>3<\/sup> n\u01b0\u1edbc ao nu\u00f4i.<\/p>\n<p><strong>Ch\u00fa \u00fd:<\/strong><br \/>\n&#8211; L\u1eafc \u0111\u1ec1u tr\u01b0\u1edbc khi d\u00f9ng.<br \/>\n&#8211; \u0110\u1ecdc k\u1ef9 h\u01b0\u1edbng d\u1eabn s\u1eed d\u1ee5ng tr\u01b0\u1edbc khi d\u00f9ng.<\/p>\n<p><strong>B\u1ea3o qu\u1ea3n:<\/strong><br \/>\n&#8211; N\u01a1i kh\u00f4 r\u00e1o, tho\u00e1ng m\u00e1t, tr\u00e1nh \u00e1nh s\u00e1ng tr\u1ef1c ti\u1ebfp.<br \/>\n&#8211; Tr\u00e1nh xa t\u1ea7m tay tr\u1ebb em.<\/p>\n<h3 style=\"text-align: center;\"><span style=\"color: #0000ff;\">CH\u1ec8 D\u00d9NG TRONG NU\u00d4I TR\u1ed2NG TH\u1ee6Y S\u1ea2N<\/span><\/h3>\r\n<blockquote>\r\n<p style=\"text-align: center;\"><em>\u201cS\u1ea3n ph\u1ea9m kh\u00f4ng ch\u1ee9a c\u00e1c ch\u1ea5t c\u1ea5m s\u1eed d\u1ee5ng trong s\u1ea3n xu\u1ea5t, kinh doanh th\u1ee7y s\u1ea3n theo c\u00e1c quy \u0111\u1ecbnh hi\u1ec7n h\u00e0nh c\u1ee7a <strong>B\u1ed9 N\u00f4ng nghi\u1ec7p v\u00e0 Ph\u00e1t tri\u1ec3n n\u00f4ng th\u00f4n<\/strong>\u201d<\/em><\/p>\r\n<\/blockquote>\r\n<!-- Shortcode [sts2] does not match the conditions -->\r\n\r\n<!-- Shortcode [act] does not exist -->\n","protected":false},"excerpt":{"rendered":"<h3><span style=\"color: #0000ff;\">TI\u00caU DI\u1ec6T NHANH N\u1ea4M G\u00c2Y B\u1ec6NH<\/span><br \/>\n<span style=\"color: #0000ff;\">\u0110\u1eb6C TR\u1eca B\u1ec6NH GH\u1eba, N\u1ea4M NH\u1edaT<\/span><\/h3>\n<p><strong>C\u00f4ng d\u1ee5ng:<\/strong><br \/>\n&#8211; Ph\u00f2ng v\u00e0 tr\u1ecb an to\u00e0n c\u00e1c b\u1ec7nh do nguy\u00ean sinh \u0111\u1ed9ng v\u1eadt k\u00fd sinh (Ichthyophthirius sp., Trichodina sp., Epistylis sp., Vorticella sp,&#8230;) g\u00e2y ra tr\u00ean c\u00e1.<br \/>\n&#8211; Di\u1ec7t nhi\u1ec1u lo\u00e0i vi n\u1ea5m g\u00e2y b\u1ec7nh tr\u00ean \u0111\u1ed9ng v\u1eadt th\u1ee7y s\u1ea3n nh\u01b0 n\u1ea5m th\u1ee7y mi (Achlya bisexualis) nhi\u1ec5m tr\u00ean c\u00e1 l\u00f3c gi\u1ed1ng, ho\u1eb7c vi n\u1ea5m Plectosporium oratosquillae tr\u00ean t\u00f4m.<br \/>\n&#8211; Bronopol \u0111\u1eb7c tr\u1ecb b\u1ec7nh gh\u1ebb tr\u00ean c\u00e1 l\u00f3c, n\u1ea5m nh\u1edbt tr\u00ean c\u00e1 r\u00f4, hi\u1ec7n t\u01b0\u1ee3ng th\u1ed1i \u0111u\u00f4i tr\u00ean c\u00e1 tra do n\u1ea5m g\u00e2y ra; Bronopol l\u00e0 ch\u1ea5t h\u1eefu hi\u1ec7u thay th\u1ebf cho Malachite green.<br \/>\n&#8211; Tr\u1ecb b\u1ec7nh \u0111en m\u00ecnh tr\u00ean c\u00e1 r\u00f4 v\u00e0 c\u00e1 l\u00f3c.<br \/>\n&#8211; Bronopol s\u1eed d\u1ee5ng hi\u1ec7u qu\u1ea3 cho c\u00e1c tr\u1ea1i s\u1ea3n xu\u1ea5t t\u00f4m, c\u00e1 gi\u1ed1ng, \u01b0\u01a1ng c\u0169ng nh\u01b0 nu\u00f4i th\u01b0\u01a1ng ph\u1ea9m.<\/p>\n[sc name=\"scontactf\"]\n","protected":false},"featured_media":566,"comment_status":"open","ping_status":"closed","template":"","meta":{"sfsi_plus_gutenberg_text_before_share":"","sfsi_plus_gutenberg_show_text_before_share":"","sfsi_plus_gutenberg_icon_type":"","sfsi_plus_gutenberg_icon_alignemt":"","sfsi_plus_gutenburg_max_per_row":""},"product_brand":[],"product_cat":[412,417,406,19],"product_tag":[540,475,484],"class_list":{"0":"post-565","1":"product","2":"type-product","3":"status-publish","4":"has-post-thumbnail","6":"product_cat-xu-ly-cai-tao-moi-truong-ca","7":"product_cat-diet-nam-ca","8":"product_cat-fish","9":"product_cat-aquaculture","10":"product_tag-benh-den-than","11":"product_tag-diet-vi-khuan-nam-nguyen-sinh-dong-vat","12":"product_tag-phong-tri-ky-sinh-trung","14":"first","15":"instock","16":"shipping-taxable","17":"product-type-simple"},"_links":{"self":[{"href":"https:\/\/apanano.com\/vi\/wp-json\/wp\/v2\/product\/565","targetHints":{"allow":["GET"]}}],"collection":[{"href":"https:\/\/apanano.com\/vi\/wp-json\/wp\/v2\/product"}],"about":[{"href":"https:\/\/apanano.com\/vi\/wp-json\/wp\/v2\/types\/product"}],"replies":[{"embeddable":true,"href":"https:\/\/apanano.com\/vi\/wp-json\/wp\/v2\/comments?post=565"}],"wp:featuredmedia":[{"embeddable":true,"href":"https:\/\/apanano.com\/vi\/wp-json\/wp\/v2\/media\/566"}],"wp:attachment":[{"href":"https:\/\/apanano.com\/vi\/wp-json\/wp\/v2\/media?parent=565"}],"wp:term":[{"taxonomy":"product_brand","embeddable":true,"href":"https:\/\/apanano.com\/vi\/wp-json\/wp\/v2\/product_brand?post=565"},{"taxonomy":"product_cat","embeddable":true,"href":"https:\/\/apanano.com\/vi\/wp-json\/wp\/v2\/product_cat?post=565"},{"taxonomy":"product_tag","embeddable":true,"href":"https:\/\/apanano.com\/vi\/wp-json\/wp\/v2\/product_tag?post=565"}],"curies":[{"name":"wp","href":"https:\/\/api.w.org\/{rel}","templated":true}]}}