{"id":563,"date":"2016-07-26T14:49:46","date_gmt":"2016-07-26T07:49:46","guid":{"rendered":"http:\/\/apanano.com\/w\/?post_type=product&#038;p=563"},"modified":"2023-02-24T18:26:11","modified_gmt":"2023-02-24T11:26:11","slug":"apa-iron-vip","status":"publish","type":"product","link":"https:\/\/apanano.com\/vi\/product\/apa-iron-vip\/","title":{"rendered":"APA IRON VIP"},"content":{"rendered":"<p><strong>Th\u00e0nh ph\u1ea7n:<\/strong><br \/>\nEthylenediamine tetraacetic acid.<\/p>\n<p><strong>C\u00f4ng d\u1ee5ng:<\/strong><br \/>\n&#8211; L\u00e0m l\u1eafng c\u00e1c ch\u1ea5t h\u1eefu c\u01a1 v\u00e0 kh\u1eed kim lo\u1ea1i n\u1eb7ng trong n\u01b0\u1edbc.<br \/>\n&#8211; Lo\u1ea1i b\u1ecf \u0111\u1ed9c t\u1ed1 do t\u1ea3o g\u00e2y ra, d\u01b0 l\u01b0\u1ee3ng h\u00f3a ch\u1ea5t (chlorine, thu\u1ed1c tr\u1eeb s\u00e2u, kh\u00e1ng sinh,\u2026) trong ngu\u1ed3n n\u01b0\u1edbc ao nu\u00f4i.<br \/>\n&#8211; Gi\u1ea3m \u0111\u1ed9 nh\u1edbt, \u0111\u1ed9 v\u00e1ng c\u1ee7a n\u01b0\u1edbc, h\u1ea1n ch\u1ebf s\u1ee9c c\u0103ng b\u1ec1 m\u1eb7t, c\u00e1c ch\u1ea5t l\u01a1 l\u1eedng, m\u00f9n b\u00e3 h\u1eefu c\u01a1, l\u00e0m cho ao tho\u00e1ng, t\u1ea1o m\u00f4i tr\u01b0\u1eddng thu\u1eadn l\u1ee3i cho t\u00f4m, c\u00e1 ph\u00e1t tri\u1ec3n.<br \/>\n&#8211; Gi\u00fap mang v\u00e0 th\u00e2n t\u00f4m, c\u00e1 s\u1ea1ch, tr\u00e1nh hi\u1ec7n t\u01b0\u1ee3ng vi\u00eam mang, ph\u1ed3ng n\u1eafp mang, mang b\u00e1m d\u01a1.<br \/>\n&#8211; <a href=\"https:\/\/apanano.com\/technical-support\/xu-ly-o-nhiem-nuoc-ao-nuoi-sau-khi-mua\/\" target=\"_blank\" rel=\"noopener noreferrer\">X\u1eed l\u00fd \u00f4 nhi\u1ec5m n\u01b0\u1edbc ao nu\u00f4i sau khi m\u01b0a l\u0169<\/a><\/p>\n<p><strong>C\u00e1ch s\u1eed d\u1ee5ng:<\/strong><br \/>\n&#8211; S\u1eed d\u1ee5ng 2 l\u00edt\/ 1.600 m<sup>3<\/sup> n\u01b0\u1edbc, pha lo\u00e3ng v\u1edbi n\u01b0\u1edbc s\u1ea1ch sau \u0111\u00f3 t\u1ea1t \u0111\u1ec1u xu\u1ed1ng ao v\u00e0o th\u1eddi \u0111i\u1ec3m n\u1eafng n\u00f3ng, \u0111\u1ed3ng th\u1eddi m\u1edf m\u1ea1nh m\u00e1y qu\u1ea1t n\u01b0\u1edbc.<br \/>\n&#8211; Trong tr\u01b0\u1eddng h\u1ee3p ao \u00f4 nhi\u1ec5m n\u1eb7ng: S\u1eed d\u1ee5ng 3 \u2013 4 l\u00edt\/ 1.600 m<sup>3<\/sup> n\u01b0\u1edbc.<\/p>\n<p><strong>Ch\u00fa \u00fd:<\/strong><br \/>\n&#8211; L\u1eafc \u0111\u1ec1u tr\u01b0\u1edbc khi d\u00f9ng.<br \/>\n&#8211; \u0110\u1ecdc k\u1ef9 h\u01b0\u1edbng d\u1eabn s\u1eed d\u1ee5ng tr\u01b0\u1edbc khi d\u00f9ng.<\/p>\n<p><strong>B\u1ea3o qu\u1ea3n:<\/strong><br \/>\n&#8211; N\u01a1i kh\u00f4 r\u00e1o, tho\u00e1ng m\u00e1t v\u00e0 tr\u00e1nh \u00e1nh n\u1eafng tr\u1ef1c ti\u1ebfp.<br \/>\n&#8211; Trnh xa t\u1ea7m tay tr\u1ebb em.<\/p>\n<h3 style=\"text-align: center;\"><span style=\"color: #0000ff;\">CH\u1ec8 D\u00d9NG TRONG NU\u00d4I TR\u1ed2NG TH\u1ee6Y S\u1ea2N<\/span><\/h3>\r\n<blockquote>\r\n<p style=\"text-align: center;\"><em>\u201cS\u1ea3n ph\u1ea9m kh\u00f4ng ch\u1ee9a c\u00e1c ch\u1ea5t c\u1ea5m s\u1eed d\u1ee5ng trong s\u1ea3n xu\u1ea5t, kinh doanh th\u1ee7y s\u1ea3n theo c\u00e1c quy \u0111\u1ecbnh hi\u1ec7n h\u00e0nh c\u1ee7a <strong>B\u1ed9 N\u00f4ng nghi\u1ec7p v\u00e0 Ph\u00e1t tri\u1ec3n n\u00f4ng th\u00f4n<\/strong>\u201d<\/em><\/p>\r\n<\/blockquote>\r\n<!-- Shortcode [sts2] does not match the conditions -->\r\n\r\n<!-- Shortcode [act] does not exist -->\n","protected":false},"excerpt":{"rendered":"<h3><span style=\"color: #0000ff;\">KH\u1eec \u0110\u1ed8C T\u1ed0, KH\u1eec KIM LO\u1ea0I N\u1eb6NG<\/span><br \/>\n<span style=\"color: #0000ff;\">GI\u1ea2M \u0110\u1ed8 NH\u1edaT N\u01af\u1edaC, L\u00c0M S\u1ea0CH M\u00d4I TR\u01af\u1edcNG AO NU\u00d4I<\/span><\/h3>\n<p><strong>C\u00f4ng d\u1ee5ng:<\/strong><br \/>\n&#8211; L\u00e0m l\u1eafng c\u00e1c ch\u1ea5t h\u1eefu c\u01a1 v\u00e0 kh\u1eed kim lo\u1ea1i n\u1eb7ng trong n\u01b0\u1edbc.<br \/>\n&#8211; Lo\u1ea1i b\u1ecf \u0111\u1ed9c t\u1ed1 do t\u1ea3o g\u00e2y ra, d\u01b0 l\u01b0\u1ee3ng h\u00f3a ch\u1ea5t (chlorine, thu\u1ed1c tr\u1eeb s\u00e2u, kh\u00e1ng sinh,\u2026) trong ngu\u1ed3n n\u01b0\u1edbc ao nu\u00f4i.<br \/>\n&#8211; Gi\u1ea3m \u0111\u1ed9 nh\u1edbt, \u0111\u1ed9 v\u00e1ng c\u1ee7a n\u01b0\u1edbc, h\u1ea1n ch\u1ebf s\u1ee9c c\u0103ng b\u1ec1 m\u1eb7t, c\u00e1c ch\u1ea5t l\u01a1 l\u1eedng, m\u00f9n b\u00e3 h\u1eefu c\u01a1, l\u00e0m cho ao tho\u00e1ng, t\u1ea1o m\u00f4i tr\u01b0\u1eddng thu\u1eadn l\u1ee3i cho t\u00f4m, c\u00e1 ph\u00e1t tri\u1ec3n.<br \/>\n&#8211; Gi\u00fap mang v\u00e0 th\u00e2n t\u00f4m, c\u00e1 s\u1ea1ch, tr\u00e1nh hi\u1ec7n t\u01b0\u1ee3ng vi\u00eam mang, ph\u1ed3ng n\u1eafp mang, mang b\u00e1m d\u01a1.<\/p>\n[sc name=\"scontactf\"]\n","protected":false},"featured_media":564,"comment_status":"open","ping_status":"closed","template":"","meta":{"sfsi_plus_gutenberg_text_before_share":"","sfsi_plus_gutenberg_show_text_before_share":"","sfsi_plus_gutenberg_icon_type":"","sfsi_plus_gutenberg_icon_alignemt":"","sfsi_plus_gutenburg_max_per_row":""},"product_brand":[],"product_cat":[412,406,422,19],"product_tag":[560,508,534,481],"class_list":{"0":"post-563","1":"product","2":"type-product","3":"status-publish","4":"has-post-thumbnail","6":"product_cat-xu-ly-cai-tao-moi-truong-ca","7":"product_cat-fish","8":"product_cat-xy-ly-phen-lam-sach-nuoc-ca","9":"product_cat-aquaculture","10":"product_tag-khu-doc-to","11":"product_tag-khu-kim-loai-nang","12":"product_tag-lam-lang-cac-chat-huu-co","13":"product_tag-phan-huy-mun-ba-huu-co","15":"first","16":"instock","17":"shipping-taxable","18":"product-type-simple"},"_links":{"self":[{"href":"https:\/\/apanano.com\/vi\/wp-json\/wp\/v2\/product\/563","targetHints":{"allow":["GET"]}}],"collection":[{"href":"https:\/\/apanano.com\/vi\/wp-json\/wp\/v2\/product"}],"about":[{"href":"https:\/\/apanano.com\/vi\/wp-json\/wp\/v2\/types\/product"}],"replies":[{"embeddable":true,"href":"https:\/\/apanano.com\/vi\/wp-json\/wp\/v2\/comments?post=563"}],"wp:featuredmedia":[{"embeddable":true,"href":"https:\/\/apanano.com\/vi\/wp-json\/wp\/v2\/media\/564"}],"wp:attachment":[{"href":"https:\/\/apanano.com\/vi\/wp-json\/wp\/v2\/media?parent=563"}],"wp:term":[{"taxonomy":"product_brand","embeddable":true,"href":"https:\/\/apanano.com\/vi\/wp-json\/wp\/v2\/product_brand?post=563"},{"taxonomy":"product_cat","embeddable":true,"href":"https:\/\/apanano.com\/vi\/wp-json\/wp\/v2\/product_cat?post=563"},{"taxonomy":"product_tag","embeddable":true,"href":"https:\/\/apanano.com\/vi\/wp-json\/wp\/v2\/product_tag?post=563"}],"curies":[{"name":"wp","href":"https:\/\/api.w.org\/{rel}","templated":true}]}}