{"id":561,"date":"2016-07-26T14:48:11","date_gmt":"2016-07-26T07:48:11","guid":{"rendered":"http:\/\/apanano.com\/w\/?post_type=product&#038;p=561"},"modified":"2023-02-24T18:26:12","modified_gmt":"2023-02-24T11:26:12","slug":"apa-hepaglucal","status":"publish","type":"product","link":"https:\/\/apanano.com\/vi\/product\/apa-hepaglucal\/","title":{"rendered":"APA HEPAGLUCAL"},"content":{"rendered":"<p><strong>Th\u00e0nh ph\u1ea7n:<\/strong><br \/>\nBeta Glucan, Vitamin C, Acid citric.<\/p>\n<p><strong>C\u00f4ng d\u1ee5ng:<\/strong><br \/>\n&#8211; K\u00edch th\u00edch t\u00f4m, c\u00e1 t\u0103ng tr\u01b0\u1edfng nhanh, t\u0103ng s\u1ee9c \u0111\u1ec1 kh\u00e1ng.<br \/>\n&#8211; K\u00edch th\u00edch h\u1ec7 mi\u1ec5n d\u1ecbch ph\u00e1t tri\u1ec3n, t\u0103ng c\u01b0\u1eddng c\u00e1c ch\u1ee9c n\u0103ng c\u1ee7a gan, gi\u00fap h\u1ea1n ch\u1ebf b\u1ec7nh, \u0111\u1eb7c bi\u1ec7t c\u00e1c b\u1ec7nh v\u1ec1 gan nh\u01b0 gan th\u1eadn c\u00f3 m\u1ee7, tr\u1eafng gan, tr\u1eafng mang,&#8230;<br \/>\n&#8211; T\u0103ng kh\u1ea3 n\u0103ng chuy\u1ec3n h\u00f3a v\u00e0 h\u1ea5p thu ch\u1ea5t dinh d\u01b0\u1ee1ng, gi\u00fap gi\u1ea3m h\u1ec7 s\u1ed1 chuy\u1ec3n \u0111\u1ed5i th\u1ee9c \u0103n, k\u00edch th\u00edch ti\u00eau h\u00f3a, t\u00f4m c\u00e1 \u0103n nhi\u1ec1u, t\u0103ng tr\u1ecdng nhanh.<br \/>\n&#8211; Gi\u1ea3m stress, ch\u1ed1ng s\u1ed1c khi m\u00f4i tr\u01b0\u1eddng thay \u0111\u1ed5i, \u0111\u1eb7c bi\u1ec7t v\u00e0o th\u1eddi \u0111i\u1ec3m giao m\u00f9a.<\/p>\n<p><strong>C\u00e1ch s\u1eed d\u1ee5ng:<\/strong><br \/>\n&#8211; Tr\u00f4\u0323n 1 \u2013 2 g\/ 1 kg th\u01b0\u0301c \u0103n.<br \/>\n&#8211; K\u00edch th\u00edch t\u0103ng tr\u01b0\u1edfng: S\u01b0\u0309 du\u0323ng 3 \u2013 5 g\/ 1 kg th\u01b0\u0301c \u0103n.<br \/>\n&#8211; Tr\u00f4\u0323n 1 \u2013 2 l\u00e2\u0300n\/ nga\u0300y, cho \u0103n li\u00ean tu\u0323c trong su\u00f4\u0301t vu\u0323 nu\u00f4i.<\/p>\n<p><strong>Ch\u00fa \u00fd:<\/strong><br \/>\n&#8211; \u0110\u1ecdc k\u1ef9 h\u01b0\u1edbng d\u1eabn s\u1eed d\u1ee5ng tr\u01b0\u1edbc khi d\u00f9ng.<\/p>\n<p><strong>B\u1ea3o qu\u1ea3n:<\/strong><br \/>\n&#8211; N\u01a1i kh\u00f4 r\u00e1o, tho\u00e1ng m\u00e1t, tr\u00e1nh \u00e1nh s\u00e1ng tr\u1ef1c ti\u1ebfp.<br \/>\n&#8211; Tr\u00e1nh xa t\u1ea7m tay tr\u1ebb em.<\/p>\n<h3 style=\"text-align: center;\"><span style=\"color: #0000ff;\">CH\u1ec8 D\u00d9NG TRONG NU\u00d4I TR\u1ed2NG TH\u1ee6Y S\u1ea2N<\/span><\/h3>\r\n<blockquote>\r\n<p style=\"text-align: center;\"><em>\u201cS\u1ea3n ph\u1ea9m kh\u00f4ng ch\u1ee9a c\u00e1c ch\u1ea5t c\u1ea5m s\u1eed d\u1ee5ng trong s\u1ea3n xu\u1ea5t, kinh doanh th\u1ee7y s\u1ea3n theo c\u00e1c quy \u0111\u1ecbnh hi\u1ec7n h\u00e0nh c\u1ee7a <strong>B\u1ed9 N\u00f4ng nghi\u1ec7p v\u00e0 Ph\u00e1t tri\u1ec3n n\u00f4ng th\u00f4n<\/strong>\u201d<\/em><\/p>\r\n<\/blockquote>\r\n<!-- Shortcode [sts2] does not match the conditions -->\r\n\r\n<!-- Shortcode [act] does not exist -->\n","protected":false},"excerpt":{"rendered":"<h3><span style=\"color: #0000ff;\">T\u0102NG \u0110\u1ec0 KH\u00c1NG<\/span><br \/>\n<span style=\"color: #0000ff;\">K\u00cdCH TH\u00cdCH T\u00d4M, C\u00c1 T\u0102NG TR\u01af\u1edeNG NHANH<\/span><\/h3>\n<p><strong>C\u00f4ng d\u1ee5ng:<\/strong><br \/>\n&#8211; K\u00edch th\u00edch t\u00f4m, c\u00e1 t\u0103ng tr\u01b0\u1edfng nhanh, t\u0103ng s\u1ee9c \u0111\u1ec1 kh\u00e1ng.<br \/>\n&#8211; K\u00edch th\u00edch h\u1ec7 mi\u1ec5n d\u1ecbch ph\u00e1t tri\u1ec3n, t\u0103ng c\u01b0\u1eddng c\u00e1c ch\u1ee9c n\u0103ng c\u1ee7a gan, gi\u00fap h\u1ea1n ch\u1ebf b\u1ec7nh, \u0111\u1eb7c bi\u1ec7t c\u00e1c b\u1ec7nh v\u1ec1 gan nh\u01b0 gan th\u1eadn c\u00f3 m\u1ee7, tr\u1eafng gan, tr\u1eafng mang,&#8230;<br \/>\n&#8211; T\u0103ng kh\u1ea3 n\u0103ng chuy\u1ec3n h\u00f3a v\u00e0 h\u1ea5p thu ch\u1ea5t dinh d\u01b0\u1ee1ng, gi\u00fap gi\u1ea3m h\u1ec7 s\u1ed1 chuy\u1ec3n \u0111\u1ed5i th\u1ee9c \u0103n, k\u00edch th\u00edch ti\u00eau h\u00f3a, t\u00f4m c\u00e1 \u0103n nhi\u1ec1u, t\u0103ng tr\u1ecdng nhanh.<br \/>\n&#8211; Gi\u1ea3m stress, ch\u1ed1ng s\u1ed1c khi m\u00f4i tr\u01b0\u1eddng thay \u0111\u1ed5i, \u0111\u1eb7c bi\u1ec7t v\u00e0o th\u1eddi \u0111i\u1ec3m giao m\u00f9a.<\/p>\n[sc name=\"scontactf\"]\n","protected":false},"featured_media":562,"comment_status":"open","ping_status":"closed","template":"","meta":{"sfsi_plus_gutenberg_text_before_share":"","sfsi_plus_gutenberg_show_text_before_share":"","sfsi_plus_gutenberg_icon_type":"","sfsi_plus_gutenberg_icon_alignemt":"","sfsi_plus_gutenburg_max_per_row":""},"product_brand":[],"product_cat":[410,406,427,19],"product_tag":[],"class_list":{"0":"post-561","1":"product","2":"type-product","3":"status-publish","4":"has-post-thumbnail","6":"product_cat-dinh-duong-bo-sung-thuc-an-ca","7":"product_cat-fish","8":"product_cat-tang-suc-de-khang-ca","9":"product_cat-aquaculture","11":"first","12":"instock","13":"shipping-taxable","14":"product-type-simple"},"_links":{"self":[{"href":"https:\/\/apanano.com\/vi\/wp-json\/wp\/v2\/product\/561","targetHints":{"allow":["GET"]}}],"collection":[{"href":"https:\/\/apanano.com\/vi\/wp-json\/wp\/v2\/product"}],"about":[{"href":"https:\/\/apanano.com\/vi\/wp-json\/wp\/v2\/types\/product"}],"replies":[{"embeddable":true,"href":"https:\/\/apanano.com\/vi\/wp-json\/wp\/v2\/comments?post=561"}],"wp:featuredmedia":[{"embeddable":true,"href":"https:\/\/apanano.com\/vi\/wp-json\/wp\/v2\/media\/562"}],"wp:attachment":[{"href":"https:\/\/apanano.com\/vi\/wp-json\/wp\/v2\/media?parent=561"}],"wp:term":[{"taxonomy":"product_brand","embeddable":true,"href":"https:\/\/apanano.com\/vi\/wp-json\/wp\/v2\/product_brand?post=561"},{"taxonomy":"product_cat","embeddable":true,"href":"https:\/\/apanano.com\/vi\/wp-json\/wp\/v2\/product_cat?post=561"},{"taxonomy":"product_tag","embeddable":true,"href":"https:\/\/apanano.com\/vi\/wp-json\/wp\/v2\/product_tag?post=561"}],"curies":[{"name":"wp","href":"https:\/\/api.w.org\/{rel}","templated":true}]}}