{"id":558,"date":"2016-07-26T14:40:51","date_gmt":"2016-07-26T07:40:51","guid":{"rendered":"http:\/\/apanano.com\/w\/?post_type=product&#038;p=558"},"modified":"2023-02-24T18:26:12","modified_gmt":"2023-02-24T11:26:12","slug":"apa-flofe-40","status":"publish","type":"product","link":"https:\/\/apanano.com\/vi\/product\/apa-flofe-40\/","title":{"rendered":"APA FLOFE 40"},"content":{"rendered":"<p><strong>Th\u00e0nh ph\u1ea7n:<\/strong><br \/>\nFlorfenicol,\u00a0Dung m\u00f4i v\u1eeba \u0111\u1ee7.<\/p>\n<p><strong>C\u00f4ng d\u1ee5ng:<\/strong><br \/>\n&#8211; D\u00f9ng \u0111\u1ec3 \u0111i\u1ec1u tr\u1ecb b\u1ec7nh nhi\u1ec5m khu\u1ea9n \u0111\u01b0\u1eddng ti\u00eau ho\u00e1 g\u00e2y ra b\u1edfi vi khu\u1ea9n Edwardsiella ictaluri tr\u00ean c\u00e1 da tr\u01a1n.<br \/>\n&#8211; <strong>APA FLOFE 40<\/strong> l\u00e0 kh\u00e1ng sinh ph\u1ed5 r\u1ed9ng, ph\u00f2ng tr\u1ecb hi\u1ec7u qu\u1ea3 b\u1ec7nh gan th\u1eadn m\u1ee7, vi\u00eam gan, gan c\u00f3 m\u00e0u n\u00e2u x\u1eadm, t\u00e1i nh\u1ee3t,&#8230;<br \/>\n&#8211; \u0110\u1eb7c tr\u1ecb c\u00e1c b\u1ec7nh ph\u1ed5 bi\u1ebfn tr\u00ean c\u00e1 nh\u01b0: Xu\u1ea5t huy\u1ebft, \u0111\u1ed1m \u0111\u1ecf, <a href=\"https:\/\/apanano.com\/technical-support\/benh-lo-loet-tren-ca-loc\/\" target=\"_blank\" rel=\"noopener noreferrer\">l\u1edf lo\u00e9t<\/a>, tr\u1eafng da, tu\u1ed9t nh\u1edbt, th\u1ed1i \u0111u\u00f4i, th\u1ed1i v\u00e2y,\u2026 g\u00e2y ra b\u1edfi c\u00e1c vi khu\u1ea9n: Edwardsiella ictaluri, Aeromonas, Pseudomonas, Vibrio, Flexibacter, Enterobacteria, Filamentous bacteria.<\/p>\n<p><strong>C\u00e1ch s\u1eed d\u1ee5ng:<\/strong><br \/>\n&#8211; <strong><em>Li\u1ec1u tr\u1ecb:<\/em><\/strong><br \/>\n+ C\u00e1 gi\u1ed1ng: 1 l\u00edt\/ 30 \u2013 35 t\u1ea5n c\u00e1.<br \/>\n+ C\u00e1 th\u1ecbt: 1 l\u00edt\/ 55 \u2013 60 t\u1ea5n c\u00e1.<br \/>\n+ Cho \u0103n li\u00ean t\u1ee5c 5 \u2013 7 ng\u00e0y.<br \/>\n&#8211; <strong><em>Ph\u00f2ng b\u1ec7nh:<\/em><\/strong> B\u1eb1ng \u00bd li\u1ec1u tr\u1ecb b\u1ec7nh.<\/p>\n<p><strong>Ch\u00fa \u00fd:<\/strong><br \/>\n&#8211; Ng\u1eebng s\u1eed d\u1ee5ng thu\u1ed1c 30 ng\u00e0y tr\u01b0\u1edbc thu ho\u1ea1ch.<br \/>\n&#8211; L\u1eafc \u0111\u1ec1u tr\u01b0\u1edbc khi s\u1eed d\u1ee5ng.<br \/>\n&#8211; \u0110\u1ecdc k\u1ef9 h\u01b0\u1edbng d\u1eabn s\u1eed d\u1ee5ng tr\u01b0\u1edbc khi d\u00f9ng.<\/p>\n<p><strong>B\u1ea3o qu\u1ea3n:<\/strong><br \/>\n&#8211; N\u01a1i kh\u00f4 r\u00e1o, tho\u00e1ng m\u00e1t, tr\u00e1nh \u00e1nh s\u00e1ng tr\u1ef1c ti\u1ebfp.<br \/>\n&#8211; Tr\u00e1nh xa t\u1ea7m tay tr\u1ebb em.<\/p>\n<h3 style=\"text-align: center;\"><span style=\"color: #0000ff;\">CH\u1ec8 D\u00d9NG TRONG NU\u00d4I TR\u1ed2NG TH\u1ee6Y S\u1ea2N<\/span><\/h3>\r\n<blockquote>\r\n<p style=\"text-align: center;\"><em>\u201cS\u1ea3n ph\u1ea9m kh\u00f4ng ch\u1ee9a c\u00e1c ch\u1ea5t c\u1ea5m s\u1eed d\u1ee5ng trong s\u1ea3n xu\u1ea5t, kinh doanh th\u1ee7y s\u1ea3n theo c\u00e1c quy \u0111\u1ecbnh hi\u1ec7n h\u00e0nh c\u1ee7a <strong>B\u1ed9 N\u00f4ng nghi\u1ec7p v\u00e0 Ph\u00e1t tri\u1ec3n n\u00f4ng th\u00f4n<\/strong>\u201d<\/em><\/p>\r\n<\/blockquote>\r\n<!-- Shortcode [sts2] does not match the conditions -->\r\n\r\n<!-- Shortcode [act] does not exist -->\n","protected":false},"excerpt":{"rendered":"<h3><span style=\"color: #0000ff;\">\u0110\u1eb6C TR\u1eca NHI\u1ec4M KHU\u1ea8N \u0110\u01af\u1edcNG RU\u1ed8T, GAN TH\u1eacN M\u1ee6<\/span><\/h3>\n<p><strong>C\u00f4ng d\u1ee5ng:<\/strong><br \/>\n&#8211; D\u00f9ng \u0111\u1ec3 \u0111i\u1ec1u tr\u1ecb b\u1ec7nh nhi\u1ec5m khu\u1ea9n \u0111\u01b0\u1eddng ti\u00eau ho\u00e1 g\u00e2y ra b\u1edfi vi khu\u1ea9n Edwardsiella ictaluri tr\u00ean c\u00e1 da tr\u01a1n.<br \/>\n&#8211; APA FLOFE 40 l\u00e0 kh\u00e1ng sinh ph\u1ed5 r\u1ed9ng, ph\u00f2ng tr\u1ecb hi\u1ec7u qu\u1ea3 b\u1ec7nh gan th\u1eadn m\u1ee7, vi\u00eam gan, gan c\u00f3 m\u00e0u n\u00e2u x\u1eadm, t\u00e1i nh\u1ee3t,&#8230;<br \/>\n&#8211; \u0110\u1eb7c tr\u1ecb c\u00e1c b\u1ec7nh ph\u1ed5 bi\u1ebfn tr\u00ean c\u00e1 nh\u01b0: Xu\u1ea5t huy\u1ebft, \u0111\u1ed1m \u0111\u1ecf, l\u1edf lo\u00e9t, tr\u1eafng da, tu\u1ed9t nh\u1edbt, th\u1ed1i \u0111u\u00f4i, th\u1ed1i v\u00e2y,\u2026 g\u00e2y ra b\u1edfi c\u00e1c vi khu\u1ea9n: Edwardsiella ictaluri, Aeromonas, Pseudomonas, Vibrio, Flexibacter, Enterobacteria, Filamentous bacteria.<\/p>\n[sc name=\"scontactf\"]\n","protected":false},"featured_media":559,"comment_status":"open","ping_status":"closed","template":"","meta":{"sfsi_plus_gutenberg_text_before_share":"","sfsi_plus_gutenberg_show_text_before_share":"","sfsi_plus_gutenberg_icon_type":"","sfsi_plus_gutenberg_icon_alignemt":"","sfsi_plus_gutenburg_max_per_row":""},"product_brand":[],"product_cat":[411,406,415,19],"product_tag":[],"class_list":{"0":"post-558","1":"product","2":"type-product","3":"status-publish","4":"has-post-thumbnail","6":"product_cat-thuoc-thu-y-thuy-san-ca","7":"product_cat-fish","8":"product_cat-dieu-tri-benh-ca","9":"product_cat-aquaculture","11":"first","12":"instock","13":"shipping-taxable","14":"product-type-simple"},"_links":{"self":[{"href":"https:\/\/apanano.com\/vi\/wp-json\/wp\/v2\/product\/558","targetHints":{"allow":["GET"]}}],"collection":[{"href":"https:\/\/apanano.com\/vi\/wp-json\/wp\/v2\/product"}],"about":[{"href":"https:\/\/apanano.com\/vi\/wp-json\/wp\/v2\/types\/product"}],"replies":[{"embeddable":true,"href":"https:\/\/apanano.com\/vi\/wp-json\/wp\/v2\/comments?post=558"}],"wp:featuredmedia":[{"embeddable":true,"href":"https:\/\/apanano.com\/vi\/wp-json\/wp\/v2\/media\/559"}],"wp:attachment":[{"href":"https:\/\/apanano.com\/vi\/wp-json\/wp\/v2\/media?parent=558"}],"wp:term":[{"taxonomy":"product_brand","embeddable":true,"href":"https:\/\/apanano.com\/vi\/wp-json\/wp\/v2\/product_brand?post=558"},{"taxonomy":"product_cat","embeddable":true,"href":"https:\/\/apanano.com\/vi\/wp-json\/wp\/v2\/product_cat?post=558"},{"taxonomy":"product_tag","embeddable":true,"href":"https:\/\/apanano.com\/vi\/wp-json\/wp\/v2\/product_tag?post=558"}],"curies":[{"name":"wp","href":"https:\/\/api.w.org\/{rel}","templated":true}]}}