{"id":556,"date":"2016-07-26T14:37:14","date_gmt":"2016-07-26T07:37:14","guid":{"rendered":"http:\/\/apanano.com\/w\/?post_type=product&#038;p=556"},"modified":"2023-02-24T18:26:13","modified_gmt":"2023-02-24T11:26:13","slug":"apa-fishspore","status":"publish","type":"product","link":"https:\/\/apanano.com\/vi\/product\/apa-fishspore\/","title":{"rendered":"APA FISHSPORE"},"content":{"rendered":"<p><strong>Th\u00e0nh ph\u1ea7n:<\/strong><br \/>\nFenbendazol, T\u00e1 d\u01b0\u1ee3c v\u1eeba \u0111\u1ee7.<\/p>\n<p><strong>C\u00f4ng d\u1ee5ng:<\/strong><br \/>\n&#8211; Di\u1ec7t c\u00e1c lo\u1ea1i n\u1ed9i k\u00fd sinh tr\u00f9ng \u1edf c\u00e1 nh\u01b0 giun tr\u00f2n \u0111\u01b0\u1eddng ru\u1ed9t, trong \u1ed1ng m\u1eadt, giun \u0111\u1ea7u gai, s\u00e1n l\u00e1, s\u00e1n d\u00e2y.<br \/>\n&#8211; Fenbendazole l\u00e0 m\u1ed9t lo\u1ea1i thu\u1ed1c di\u1ec7t giun s\u00e1n thu\u1ed9c nh\u00f3m Benzimidazole, c\u00f3 t\u00e1c d\u1ee5ng ti\u00eau di\u1ec7t c\u00e1c lo\u1ea1i giun k\u00fd sinh trong \u0111\u01b0\u1eddng ru\u1ed9t, d\u1ea1 d\u00e0y, \u1edf nh\u1eefng giai \u0111o\u1ea1n tr\u01b0\u1edfng th\u00e0nh ho\u1eb7c \u1ea5u tr\u00f9ng. Thu\u1ed1c c\u0169ng c\u00f3 hi\u1ec7u qu\u1ea3 t\u1ed1t \u1edf giai \u0111o\u1ea1n tr\u1ee9ng c\u1ee7a k\u00fd sinh tr\u00f9ng.<br \/>\n&#8211; Tri\u0323 b\u00ea\u0323nh ga\u0323o tr\u00ean ca\u0301 tra do vi ba\u0300o t\u01b0\u0309 tru\u0300ng g\u00e2y ra.<br \/>\n&#8211; H\u1ed7 tr\u1ee3 \u0111i\u1ec1u tr\u1ecb: <a href=\"https:\/\/apanano.com\/technical-support\/benh-den-than-tren-ca-ro-dong-nguyen-nhan-bieu-hien-va-cach-phong-tri\/\" target=\"_blank\" rel=\"noopener noreferrer\">B\u1ec7nh \u0110en Th\u00e2n tr\u00ean C\u00e1 R\u00f4 \u0110\u1ed3ng<\/a><\/p>\n<p><strong>C\u00e1ch s\u1eed d\u1ee5ng:<\/strong><br \/>\n<strong>&#8211; <em>Tr\u1ecb b\u1ec7nh:<\/em><\/strong><br \/>\n+ C\u00e1 gi\u1ed1ng (c\u00e1 tr\u00ean 1 ph\u00e2n): 1 l\u00edt\/ 10 t\u00e2\u0301n ca\u0301.<br \/>\n+ C\u00e1 th\u1ecbt: 1 l\u00edt\/ 25 t\u00e2\u0301n ca\u0301.<br \/>\n+ B\u00ea\u0323nh giun sa\u0301n: Du\u0300ng li\u00ean tu\u0323c 2 nga\u0300y.<br \/>\n+ B\u00ea\u0323nh ga\u0323o: Du\u0300ng li\u00ean tu\u0323c 2 nga\u0300y. Ca\u0301ch 1 tu\u00e2\u0300n sau, du\u0300ng la\u0323i 1 nga\u0300y.<br \/>\n<strong>&#8211; <\/strong><strong><em>Ph\u00f2ng b\u1ec7nh:<\/em><\/strong> B\u1eb1ng \u00bd li\u1ec1u tr\u1ecb.<\/p>\n<p><strong>Ch\u00fa \u00fd:<\/strong><br \/>\n<strong>&#8211; Ng\u01b0ng s\u1eed d\u1ee5ng 30 ng\u00e0y tr\u01b0\u1edbc khi thu ho\u1ea1ch.<\/strong><br \/>\n&#8211; \u0110\u1ecdc k\u1ef9 h\u01b0\u1edbng d\u1eabn s\u1eed d\u1ee5ng tr\u01b0\u1edbc khi d\u00f9ng.<\/p>\n<p><strong>B\u1ea3o qu\u1ea3n:<\/strong><br \/>\n&#8211; N\u01a1i kh\u00f4 r\u00e1o, tho\u00e1ng m\u00e1t, tr\u00e1nh \u00e1nh s\u00e1ng tr\u1ef1c ti\u1ebfp.<br \/>\n&#8211; Tr\u00e1nh xa t\u1ea7m tay tr\u1ebb em.<\/p>\n<h3 style=\"text-align: center;\"><span style=\"color: #0000ff;\">CH\u1ec8 D\u00d9NG TRONG NU\u00d4I TR\u1ed2NG TH\u1ee6Y S\u1ea2N<\/span><\/h3>\r\n<blockquote>\r\n<p style=\"text-align: center;\"><em>\u201cS\u1ea3n ph\u1ea9m kh\u00f4ng ch\u1ee9a c\u00e1c ch\u1ea5t c\u1ea5m s\u1eed d\u1ee5ng trong s\u1ea3n xu\u1ea5t, kinh doanh th\u1ee7y s\u1ea3n theo c\u00e1c quy \u0111\u1ecbnh hi\u1ec7n h\u00e0nh c\u1ee7a <strong>B\u1ed9 N\u00f4ng nghi\u1ec7p v\u00e0 Ph\u00e1t tri\u1ec3n n\u00f4ng th\u00f4n<\/strong>\u201d<\/em><\/p>\r\n<\/blockquote>\r\n<!-- Shortcode [sts2] does not match the conditions -->\r\n\r\n<!-- Shortcode [act] does not exist -->\n","protected":false},"excerpt":{"rendered":"<h3><span style=\"color: #0000ff;\">X\u1ed4 GIUN SA\u0301N, \u0110\u1eb6C TR\u1eca B\u1ec6NH GA\u0323O TR\u00caN CA\u0301<\/span><\/h3>\n<p><strong>C\u00f4ng d\u1ee5ng:<\/strong><br \/>\n&#8211; Di\u1ec7t c\u00e1c lo\u1ea1i n\u1ed9i k\u00fd sinh tr\u00f9ng \u1edf c\u00e1 nh\u01b0 giun tr\u00f2n \u0111\u01b0\u1eddng ru\u1ed9t, trong \u1ed1ng m\u1eadt, giun \u0111\u1ea7u gai, s\u00e1n l\u00e1, s\u00e1n d\u00e2y.<br \/>\n&#8211; Fenbendazole l\u00e0 m\u1ed9t lo\u1ea1i thu\u1ed1c di\u1ec7t giun s\u00e1n thu\u1ed9c nh\u00f3m Benzimidazole, c\u00f3 t\u00e1c d\u1ee5ng ti\u00eau di\u1ec7t c\u00e1c lo\u1ea1i giun k\u00fd sinh trong \u0111\u01b0\u1eddng ru\u1ed9t, d\u1ea1 d\u00e0y, \u1edf nh\u1eefng giai \u0111o\u1ea1n tr\u01b0\u1edfng th\u00e0nh ho\u1eb7c \u1ea5u tr\u00f9ng. Thu\u1ed1c c\u0169ng c\u00f3 hi\u1ec7u qu\u1ea3 t\u1ed1t \u1edf giai \u0111o\u1ea1n tr\u1ee9ng c\u1ee7a k\u00fd sinh tr\u00f9ng.<br \/>\n&#8211; Tri\u0323 b\u00ea\u0323nh ga\u0323o tr\u00ean ca\u0301 tra do vi ba\u0300o t\u01b0\u0309 tru\u0300ng g\u00e2y ra.<\/p>\n[sc name=\"scontactf\" ]\n","protected":false},"featured_media":557,"comment_status":"open","ping_status":"closed","template":"","meta":{"sfsi_plus_gutenberg_text_before_share":"","sfsi_plus_gutenberg_show_text_before_share":"","sfsi_plus_gutenberg_icon_type":"","sfsi_plus_gutenberg_icon_alignemt":"","sfsi_plus_gutenburg_max_per_row":""},"product_brand":[],"product_cat":[411,406,416,19],"product_tag":[546,490,489],"class_list":{"0":"post-556","1":"product","2":"type-product","3":"status-publish","4":"has-post-thumbnail","6":"product_cat-thuoc-thu-y-thuy-san-ca","7":"product_cat-fish","8":"product_cat-xo-noi-ky-sinh-ca","9":"product_cat-aquaculture","10":"product_tag-dac-tri-benh-gao","11":"product_tag-dac-tri-ky-sinh-trung","12":"product_tag-xo-giun-san-cho-ca","14":"first","15":"instock","16":"shipping-taxable","17":"product-type-simple"},"_links":{"self":[{"href":"https:\/\/apanano.com\/vi\/wp-json\/wp\/v2\/product\/556","targetHints":{"allow":["GET"]}}],"collection":[{"href":"https:\/\/apanano.com\/vi\/wp-json\/wp\/v2\/product"}],"about":[{"href":"https:\/\/apanano.com\/vi\/wp-json\/wp\/v2\/types\/product"}],"replies":[{"embeddable":true,"href":"https:\/\/apanano.com\/vi\/wp-json\/wp\/v2\/comments?post=556"}],"wp:featuredmedia":[{"embeddable":true,"href":"https:\/\/apanano.com\/vi\/wp-json\/wp\/v2\/media\/557"}],"wp:attachment":[{"href":"https:\/\/apanano.com\/vi\/wp-json\/wp\/v2\/media?parent=556"}],"wp:term":[{"taxonomy":"product_brand","embeddable":true,"href":"https:\/\/apanano.com\/vi\/wp-json\/wp\/v2\/product_brand?post=556"},{"taxonomy":"product_cat","embeddable":true,"href":"https:\/\/apanano.com\/vi\/wp-json\/wp\/v2\/product_cat?post=556"},{"taxonomy":"product_tag","embeddable":true,"href":"https:\/\/apanano.com\/vi\/wp-json\/wp\/v2\/product_tag?post=556"}],"curies":[{"name":"wp","href":"https:\/\/api.w.org\/{rel}","templated":true}]}}