{"id":550,"date":"2016-07-26T13:33:38","date_gmt":"2016-07-26T06:33:38","guid":{"rendered":"http:\/\/apanano.com\/w\/?post_type=product&#038;p=550"},"modified":"2023-02-24T18:26:16","modified_gmt":"2023-02-24T11:26:16","slug":"apa-doxyl-20","status":"publish","type":"product","link":"https:\/\/apanano.com\/vi\/product\/apa-doxyl-20\/","title":{"rendered":"APA DOXYL 20"},"content":{"rendered":"<p><strong>Th\u00e0nh ph\u1ea7n:<\/strong><br \/>\nDoxycycline.<\/p>\n<p><strong>C\u00f4ng d\u1ee5ng:<\/strong><br \/>\n&#8211; \u0110\u1eb7c tr\u1ecb c\u00e1c b\u1ec7nh nhi\u1ec5m tr\u00f9ng to\u00e0n th\u00e2n, nhi\u1ec5m tr\u00f9ng m\u00e1u, nhi\u1ec5m tr\u00f9ng \u0111\u01b0\u1eddng ru\u1ed9t nh\u01b0 l\u1edf lo\u00e9t to\u00e0n th\u00e2n, gan th\u1eadn c\u00f3 m\u1ee7, s\u01b0ng ch\u01b0\u1edbng b\u1ee5ng, xu\u1ea5t huy\u1ebft h\u1eadu m\u00f4n, tu\u1ed9t nh\u1edbt, tr\u1eafng \u0111u\u00f4i, s\u01b0ng v\u00e0 xu\u1ea5t huy\u1ebft mang.<br \/>\n&#8211; Ph\u00f2ng v\u00e0 tr\u1ecb c\u00e1c b\u1ec7nh nhi\u1ec5m tr\u00f9ng \u0111\u01b0\u1eddng ru\u1ed9t v\u00e0 nhi\u1ec5m tr\u00f9ng ngo\u00e0i da \u1edf c\u00e1 do vi khu\u1ea9n Aeromonas, Edwardsiella, Pseudomonas,&#8230; g\u00e2y ra.<\/p>\n<p><strong>C\u00e1ch s\u1eed d\u1ee5ng:<\/strong><br \/>\n<strong>&#8211; Tr\u1ecb b\u1ec7nh:<\/strong><br \/>\n+ C\u00e1 gi\u1ed1ng: S\u1eed d\u1ee5ng 1 kg\/ 10 \u2013 15 t\u1ea5n c\u00e1.<br \/>\n+ C\u00e1 th\u1ecbt: S\u1eed d\u1ee5ng 1 kg\/ 25 \u2013 30 t\u1ea5n c\u00e1.<br \/>\n+ Cho \u0103n li\u00ean t\u1ee5c 5 \u2013 7 ng\u00e0y.<br \/>\n<strong>&#8211; Ph\u00f2ng b\u1ec7nh:<\/strong> B\u1eb1ng \u00bd li\u1ec1u tr\u1ecb.<\/p>\n<p><strong>Ch\u00fa \u00fd:<\/strong><br \/>\n&#8211; Ng\u01b0ng s\u1eed d\u1ee5ng 30 ng\u00e0y tr\u01b0\u1edbc khi thu ho\u1ea1ch.<br \/>\n&#8211; \u0110\u1ecdc k\u1ef9 h\u01b0\u1edbng d\u1eabn s\u1eed d\u1ee5ng tr\u01b0\u1edbc khi d\u00f9ng.<br \/>\n&#8211; Ch\u1ec9 d\u00f9ng trong nu\u00f4i tr\u1ed3ng th\u1ee7y s\u1ea3n.<\/p>\n<p><strong>B\u1ea3o qu\u1ea3n:<\/strong><br \/>\n&#8211; N\u01a1i kh\u00f4 r\u00e1o, tho\u00e1ng m\u00e1t, tr\u00e1nh \u00e1nh n\u1eafng tr\u1ef1c ti\u1ebfp.<br \/>\n&#8211; Tr\u00e1nh xa t\u1ea7m tay tr\u1ebb em.<\/p>\n<h3 style=\"text-align: center;\"><span style=\"color: #0000ff;\">CH\u1ec8 D\u00d9NG TRONG NU\u00d4I TR\u1ed2NG TH\u1ee6Y S\u1ea2N<\/span><\/h3>\r\n<blockquote>\r\n<p style=\"text-align: center;\"><em>\u201cS\u1ea3n ph\u1ea9m kh\u00f4ng ch\u1ee9a c\u00e1c ch\u1ea5t c\u1ea5m s\u1eed d\u1ee5ng trong s\u1ea3n xu\u1ea5t, kinh doanh th\u1ee7y s\u1ea3n theo c\u00e1c quy \u0111\u1ecbnh hi\u1ec7n h\u00e0nh c\u1ee7a <strong>B\u1ed9 N\u00f4ng nghi\u1ec7p v\u00e0 Ph\u00e1t tri\u1ec3n n\u00f4ng th\u00f4n<\/strong>\u201d<\/em><\/p>\r\n<\/blockquote>\r\n<!-- Shortcode [sts2] does not match the conditions -->\r\n\r\n<!-- Shortcode [act] does not exist -->\n","protected":false},"excerpt":{"rendered":"<h3><span style=\"color: #0000ff;\">\u0110\u1eb6C TR\u1eca GAN TH\u1eacN M\u1ee6, NHI\u1ec4M TR\u00d9NG TO\u00c0N TH\u00c2N<\/span><\/h3>\n<p><strong>C\u00f4ng d\u1ee5ng:<\/strong><br \/>\n&#8211; \u0110\u1eb7c tr\u1ecb c\u00e1c b\u1ec7nh nhi\u1ec5m tr\u00f9ng to\u00e0n th\u00e2n, nhi\u1ec5m tr\u00f9ng m\u00e1u, nhi\u1ec5m tr\u00f9ng \u0111\u01b0\u1eddng ru\u1ed9t nh\u01b0 l\u1edf lo\u00e9t to\u00e0n th\u00e2n, gan th\u1eadn c\u00f3 m\u1ee7, s\u01b0ng ch\u01b0\u1edbng b\u1ee5ng, xu\u1ea5t huy\u1ebft h\u1eadu m\u00f4n, tu\u1ed9t nh\u1edbt, tr\u1eafng \u0111u\u00f4i, s\u01b0ng v\u00e0 xu\u1ea5t huy\u1ebft mang.<br \/>\n&#8211; Ph\u00f2ng v\u00e0 tr\u1ecb c\u00e1c b\u1ec7nh nhi\u1ec5m tr\u00f9ng \u0111\u01b0\u1eddng ru\u1ed9t v\u00e0 nhi\u1ec5m tr\u00f9ng ngo\u00e0i da \u1edf c\u00e1 do vi khu\u1ea9n Aeromonas, Edwardsiella, Pseudomonas,&#8230; g\u00e2y ra.<\/p>\n[sc name=\"scontactf\"]\n","protected":false},"featured_media":1132,"comment_status":"open","ping_status":"closed","template":"","meta":{"sfsi_plus_gutenberg_text_before_share":"","sfsi_plus_gutenberg_show_text_before_share":"","sfsi_plus_gutenberg_icon_type":"","sfsi_plus_gutenberg_icon_alignemt":"","sfsi_plus_gutenburg_max_per_row":""},"product_brand":[],"product_cat":[411,406,415,19],"product_tag":[],"class_list":{"0":"post-550","1":"product","2":"type-product","3":"status-publish","4":"has-post-thumbnail","6":"product_cat-thuoc-thu-y-thuy-san-ca","7":"product_cat-fish","8":"product_cat-dieu-tri-benh-ca","9":"product_cat-aquaculture","11":"first","12":"instock","13":"shipping-taxable","14":"product-type-simple"},"_links":{"self":[{"href":"https:\/\/apanano.com\/vi\/wp-json\/wp\/v2\/product\/550","targetHints":{"allow":["GET"]}}],"collection":[{"href":"https:\/\/apanano.com\/vi\/wp-json\/wp\/v2\/product"}],"about":[{"href":"https:\/\/apanano.com\/vi\/wp-json\/wp\/v2\/types\/product"}],"replies":[{"embeddable":true,"href":"https:\/\/apanano.com\/vi\/wp-json\/wp\/v2\/comments?post=550"}],"wp:featuredmedia":[{"embeddable":true,"href":"https:\/\/apanano.com\/vi\/wp-json\/wp\/v2\/media\/1132"}],"wp:attachment":[{"href":"https:\/\/apanano.com\/vi\/wp-json\/wp\/v2\/media?parent=550"}],"wp:term":[{"taxonomy":"product_brand","embeddable":true,"href":"https:\/\/apanano.com\/vi\/wp-json\/wp\/v2\/product_brand?post=550"},{"taxonomy":"product_cat","embeddable":true,"href":"https:\/\/apanano.com\/vi\/wp-json\/wp\/v2\/product_cat?post=550"},{"taxonomy":"product_tag","embeddable":true,"href":"https:\/\/apanano.com\/vi\/wp-json\/wp\/v2\/product_tag?post=550"}],"curies":[{"name":"wp","href":"https:\/\/api.w.org\/{rel}","templated":true}]}}