{"id":539,"date":"2016-07-26T11:52:23","date_gmt":"2016-07-26T04:52:23","guid":{"rendered":"http:\/\/apanano.com\/w\/?post_type=product&#038;p=539"},"modified":"2023-02-24T18:26:21","modified_gmt":"2023-02-24T11:26:21","slug":"apa-clear-900","status":"publish","type":"product","link":"https:\/\/apanano.com\/vi\/product\/apa-clear-900\/","title":{"rendered":"APA CLEAR 900"},"content":{"rendered":"<p><strong>Th\u00e0nh ph\u1ea7n:<\/strong><br \/>\nCuSO4.5H2O.<\/p>\n<p><strong>C\u00f4ng d\u1ee5ng:<\/strong><br \/>\n&#8211; Di\u1ec7t c\u00e1c lo\u1ea1i t\u1ea3o trong ao nu\u00f4i.<br \/>\n&#8211; Ng\u0103n ng\u1eeba v\u00e0 h\u1ea1n ch\u1ebf s\u1ef1 ph\u00e1t tri\u1ec3n c\u1ee7a rong, t\u1ea3o trong ao nu\u00f4i.<br \/>\n&#8211; Qu\u1ea3n l\u00fd m\u00e0u n\u01b0\u1edbc, \u1ed5n \u0111\u1ecbnh pH trong ao nu\u00f4i, t\u1ea1o m\u00f4i tr\u01b0\u1eddng thu\u1eadn l\u1ee3i cho v\u1eadt nu\u00f4i ph\u00e1t tri\u1ec3n.<br \/>\n&#8211; Ti\u00eau di\u1ec7t c\u00e1c lo\u1ea1i k\u00fd sinh tr\u00f9ng nh\u01b0 tr\u00f9ng b\u00e1nh xe, tr\u00f9ng qu\u1ea3 d\u01b0a, tr\u00f9ng m\u1ecf neo, b\u00e0o t\u1eed tr\u00f9ng v\u00e0 c\u00e1c lo\u1ea1i giun s\u00e1n l\u00e1 k\u00fd sinh tr\u00ean da, mang, v\u00e2y c\u00e1; Ph\u1ea3n \u1ee9ng c\u1ef1c nhanh v\u1edbi <a href=\"https:\/\/apanano.com\/technical-support\/benh-lo-loet-tren-ca-loc\/\">l\u1edf lo\u00e9t<\/a>, ph\u00f9 \u0111\u1ea7u, tr\u00f3c v\u1ea3y, \u0111\u1ecf k\u1ef3, \u0111\u1ecf m\u1ecf,&#8230;<br \/>\n&#8211; H\u1ed7 tr\u1ee3 \u0111i\u1ec1u tr\u1ecb: <a href=\"https:\/\/apanano.com\/technical-support\/benh-den-than-tren-ca-ro-dong-nguyen-nhan-bieu-hien-va-cach-phong-tri\/\" target=\"_blank\" rel=\"noopener noreferrer\">B\u1ec7nh \u0110en Th\u00e2n tr\u00ean C\u00e1 R\u00f4 \u0110\u1ed3ng<\/a><\/p>\n<p><strong>C\u00e1ch s\u1eed d\u1ee5ng:<\/strong><br \/>\n&#8211; Pho\u0300ng ng\u01b0\u0300a rong, ta\u0309o pha\u0301t tri\u00ea\u0309n: S\u01b0\u0309 du\u0323ng 1 l\u00edt\/ 6.000 \u2013 8.000 m<sup>3<\/sup> n\u01b0\u01a1\u0301c.<br \/>\n&#8211; Di\u00ea\u0323t rong, ta\u0309o: S\u01b0\u0309 du\u0323ng 1 l\u00edt\/ 3.000 \u2013 5.000 m<sup>3<\/sup> n\u01b0\u01a1\u0301c.<br \/>\n&#8211; T\u00f9y theo s\u1ed1 l\u01b0\u1ee3ng t\u1ea3o trong ao nu\u00f4i m\u00e0 s\u1eed d\u1ee5ng s\u1ea3n ph\u1ea9m cho ph\u00f9 h\u1ee3p.<br \/>\n&#8211; Di\u1ec7t khu\u1ea9n \u2013 k\u00fd sinh, x\u1eed l\u00fd m\u00f4i tr\u01b0\u1eddng khi c\u00e1 b\u1ec7nh: S\u1eed d\u1ee5ng 1 l\u00edt\/ 4.000 \u2013 6.000 m<sup>3<\/sup> n\u01b0\u1edbc \u0111\u1ed1i v\u1edbi c\u00e1 gi\u1ed1ng t\u1eeb 10 \u2013 25 ng\u00e0y tu\u1ed5i; 1 l\u00edt\/ 3.000 m<sup>3<\/sup> n\u01b0\u1edbc \u0111\u1ed1i v\u1edbi c\u00e1 tr\u00ean 25 ng\u00e0y tu\u1ed5i.<br \/>\n&#8211; S\u1eed d\u1ee5ng \u0111\u1ecbnh k\u1ef3 7 ng\u00e0y\/ l\u1ea7n.<\/p>\n<p><strong>Ch\u00fa \u00fd:<\/strong><br \/>\n&#8211; L\u1eafc \u0111\u1ec1u tr\u01b0\u1edbc khi s\u1eed d\u1ee5ng.<br \/>\n&#8211; \u0110\u1ecdc k\u1ef9 h\u01b0\u1edbng d\u1eabn s\u1eed d\u1ee5ng tr\u01b0\u1edbc khi d\u00f9ng.<\/p>\n<p><strong>B\u1ea3o qu\u1ea3n:<\/strong><br \/>\n&#8211; N\u01a1i kh\u00f4 r\u00e1o, tho\u00e1ng m\u00e1t, tr\u00e1nh \u00e1nh s\u00e1ng tr\u1ef1c ti\u1ebfp.<br \/>\n&#8211; Tr\u00e1nh xa t\u1ea7m tay tr\u1ebb em.<\/p>\n<h3 style=\"text-align: center;\"><span style=\"color: #0000ff;\">CH\u1ec8 D\u00d9NG TRONG NU\u00d4I TR\u1ed2NG TH\u1ee6Y S\u1ea2N<\/span><\/h3>\r\n<blockquote>\r\n<p style=\"text-align: center;\"><em>\u201cS\u1ea3n ph\u1ea9m kh\u00f4ng ch\u1ee9a c\u00e1c ch\u1ea5t c\u1ea5m s\u1eed d\u1ee5ng trong s\u1ea3n xu\u1ea5t, kinh doanh th\u1ee7y s\u1ea3n theo c\u00e1c quy \u0111\u1ecbnh hi\u1ec7n h\u00e0nh c\u1ee7a <strong>B\u1ed9 N\u00f4ng nghi\u1ec7p v\u00e0 Ph\u00e1t tri\u1ec3n n\u00f4ng th\u00f4n<\/strong>\u201d<\/em><\/p>\r\n<\/blockquote>\r\n<!-- Shortcode [sts2] does not match the conditions -->\r\n\r\n<!-- Shortcode [act] does not exist -->\n","protected":false},"excerpt":{"rendered":"<h3><span style=\"color: #0000ff;\">DI\u1ec6T T\u1ea2O AO NU\u00d4I, \u1ed4N \u0110\u1ecaNH M\u00c0U N\u01af\u1edaC<\/span><br \/>\n<span style=\"color: #0000ff;\"> TI\u00caU DI\u1ec6T C\u00c1C LO\u1ea0I K\u00dd SINH TR\u00d9NG<\/span><\/h3>\n<p><strong>C\u00f4ng d\u1ee5ng:<\/strong><br \/>\n&#8211; Di\u1ec7t c\u00e1c lo\u1ea1i t\u1ea3o trong ao nu\u00f4i.<br \/>\n&#8211; Ng\u0103n ng\u1eeba v\u00e0 h\u1ea1n ch\u1ebf s\u1ef1 ph\u00e1t tri\u1ec3n c\u1ee7a rong, t\u1ea3o trong ao nu\u00f4i.<br \/>\n&#8211; Qu\u1ea3n l\u00fd m\u00e0u n\u01b0\u1edbc, \u1ed5n \u0111\u1ecbnh pH trong ao nu\u00f4i, t\u1ea1o m\u00f4i tr\u01b0\u1eddng thu\u1eadn l\u1ee3i cho v\u1eadt nu\u00f4i ph\u00e1t tri\u1ec3n.<br \/>\n&#8211; Ti\u00eau di\u1ec7t c\u00e1c lo\u1ea1i k\u00fd sinh tr\u00f9ng nh\u01b0 tr\u00f9ng b\u00e1nh xe, tr\u00f9ng qu\u1ea3 d\u01b0a, tr\u00f9ng m\u1ecf neo, b\u00e0o t\u1eed tr\u00f9ng v\u00e0 c\u00e1c lo\u1ea1i giun s\u00e1n l\u00e1 k\u00fd sinh tr\u00ean da, mang, v\u00e2y c\u00e1; Ph\u1ea3n \u1ee9ng c\u1ef1c nhanh v\u1edbi l\u1edf lo\u00e9t, ph\u00f9 \u0111\u1ea7u, tr\u00f3c v\u1ea3y, \u0111\u1ecf k\u1ef3, \u0111\u1ecf m\u1ecf,&#8230;<\/p>\n[sc name=\"scontactf\"]\n","protected":false},"featured_media":540,"comment_status":"open","ping_status":"closed","template":"","meta":{"sfsi_plus_gutenberg_text_before_share":"","sfsi_plus_gutenberg_show_text_before_share":"","sfsi_plus_gutenberg_icon_type":"","sfsi_plus_gutenberg_icon_alignemt":"","sfsi_plus_gutenburg_max_per_row":""},"product_brand":[],"product_cat":[412,420,406,19],"product_tag":[505,483,490],"class_list":{"0":"post-539","1":"product","2":"type-product","3":"status-publish","4":"has-post-thumbnail","6":"product_cat-xu-ly-cai-tao-moi-truong-ca","7":"product_cat-diet-tao-ca","8":"product_cat-fish","9":"product_cat-aquaculture","10":"product_tag-diet-tao-ao-nuoi","11":"product_tag-duy-tri-mau-nuoc-on-dinh","12":"product_tag-dac-tri-ky-sinh-trung","14":"first","15":"instock","16":"shipping-taxable","17":"product-type-simple"},"_links":{"self":[{"href":"https:\/\/apanano.com\/vi\/wp-json\/wp\/v2\/product\/539","targetHints":{"allow":["GET"]}}],"collection":[{"href":"https:\/\/apanano.com\/vi\/wp-json\/wp\/v2\/product"}],"about":[{"href":"https:\/\/apanano.com\/vi\/wp-json\/wp\/v2\/types\/product"}],"replies":[{"embeddable":true,"href":"https:\/\/apanano.com\/vi\/wp-json\/wp\/v2\/comments?post=539"}],"wp:featuredmedia":[{"embeddable":true,"href":"https:\/\/apanano.com\/vi\/wp-json\/wp\/v2\/media\/540"}],"wp:attachment":[{"href":"https:\/\/apanano.com\/vi\/wp-json\/wp\/v2\/media?parent=539"}],"wp:term":[{"taxonomy":"product_brand","embeddable":true,"href":"https:\/\/apanano.com\/vi\/wp-json\/wp\/v2\/product_brand?post=539"},{"taxonomy":"product_cat","embeddable":true,"href":"https:\/\/apanano.com\/vi\/wp-json\/wp\/v2\/product_cat?post=539"},{"taxonomy":"product_tag","embeddable":true,"href":"https:\/\/apanano.com\/vi\/wp-json\/wp\/v2\/product_tag?post=539"}],"curies":[{"name":"wp","href":"https:\/\/api.w.org\/{rel}","templated":true}]}}