{"id":537,"date":"2016-07-26T11:48:28","date_gmt":"2016-07-26T04:48:28","guid":{"rendered":"http:\/\/apanano.com\/w\/?post_type=product&#038;p=537"},"modified":"2023-02-24T18:26:22","modified_gmt":"2023-02-24T11:26:22","slug":"apa-calphos","status":"publish","type":"product","link":"https:\/\/apanano.com\/vi\/product\/apa-calphos\/","title":{"rendered":"APA CALPHOS"},"content":{"rendered":"<p>(H\u1ed6N D\u1ecaCH)<\/p>\n<p><strong>Th\u00e0nh ph\u1ea7n:<\/strong><br \/>\nCalcium pantothenate, Tricalcium phosphorus, Vitamin D3.<\/p>\n<p><strong>C\u00f4ng d\u1ee5ng:<\/strong><br \/>\n&#8211; B\u1ed5 sung c\u00e1c vitamin v\u00e0 kho\u00e1ng ch\u1ea5t, ph\u00f2ng tr\u1ecb c\u00e1c b\u1ec7nh do thi\u1ebfu vitamin v\u00e0 kho\u00e1ng ch\u1ea5t \u1edf c\u00e1 nh\u01b0 gi\u1ea3m \u0103n, ch\u1eadm l\u1edbn.<br \/>\n&#8211; Ng\u0103n ng\u1eeba t\u00f4m b\u1ecb m\u1ecfng v\u1ecf, m\u1ec1m v\u1ecf, v\u1ecf c\u1ee9ng ch\u1eafc.<br \/>\n&#8211; Gi\u00fap t\u1ea1o khung x\u01b0\u01a1ng cho c\u00e1 nu\u00f4i, c\u00e1 ph\u00e1t tri\u1ec3n t\u1ed1t.<br \/>\n&#8211; Pho\u0300ng ch\u1ed1ng di\u0323 hi\u0300nh, di\u0323 t\u00e2\u0323t \u01a1\u0309 \u0111\u1ed9ng v\u1eadt th\u1ee7y s\u1ea3n.<\/p>\n<p><strong>C\u00e1ch s\u1eed d\u1ee5ng:<\/strong><br \/>\n&#8211; D\u00f9ng 1 \u2013 2 ml\/ 1 kg th\u1ee9c \u0103n.<br \/>\n&#8211; Trong tr\u01b0\u1eddng h\u1ee3p \u0111\u1ed1c th\u00fac t\u00f4m, c\u00e1 ph\u00e1t tri\u1ec3n nhanh: S\u1eed d\u1ee5ng 3 \u2013 5 ml\/ 1 kg th\u1ee9c \u0103n.<br \/>\n&#8211; Tr\u1ed9n 1 \u2013 2 l\u1ea7n\/ ng\u00e0y. Cho \u0103n li\u00ean t\u1ee5c trong su\u1ed1t v\u1ee5 nu\u00f4i.<\/p>\n<p><strong>Ch\u00fa \u00fd:<\/strong><br \/>\n&#8211; L\u1eafc \u0111\u1ec1u tr\u01b0\u1edbc khi s\u1eed d\u1ee5ng.<br \/>\n&#8211; \u0110\u1ecdc k\u1ef9 h\u01b0\u1edbng d\u1eabn s\u1eed d\u1ee5ng tr\u01b0\u1edbc khi d\u00f9ng.<\/p>\n<p><strong>B\u1ea3o qu\u1ea3n:<\/strong><br \/>\n&#8211; N\u01a1i kh\u00f4 r\u00e1o, tho\u00e1ng m\u00e1t, tr\u00e1nh \u00e1nh s\u00e1ng tr\u1ef1c ti\u1ebfp.<br \/>\n&#8211; Tr\u00e1nh xa t\u1ea7m tay tr\u1ebb em.<\/p>\n<h3 style=\"text-align: center;\"><span style=\"color: #0000ff;\">CH\u1ec8 D\u00d9NG TRONG NU\u00d4I TR\u1ed2NG TH\u1ee6Y S\u1ea2N<\/span><\/h3>\r\n<blockquote>\r\n<p style=\"text-align: center;\"><em>\u201cS\u1ea3n ph\u1ea9m kh\u00f4ng ch\u1ee9a c\u00e1c ch\u1ea5t c\u1ea5m s\u1eed d\u1ee5ng trong s\u1ea3n xu\u1ea5t, kinh doanh th\u1ee7y s\u1ea3n theo c\u00e1c quy \u0111\u1ecbnh hi\u1ec7n h\u00e0nh c\u1ee7a <strong>B\u1ed9 N\u00f4ng nghi\u1ec7p v\u00e0 Ph\u00e1t tri\u1ec3n n\u00f4ng th\u00f4n<\/strong>\u201d<\/em><\/p>\r\n<\/blockquote>\r\n<!-- Shortcode [sts2] does not match the conditions -->\r\n\r\n<!-- Shortcode [act] does not exist -->\n","protected":false},"excerpt":{"rendered":"<h3><span style=\"color: #0000ff;\">PH\u00d2NG C\u00c1C B\u1ec6NH DO THI\u1ebeU VITAMIN<\/span><br \/>\n<span style=\"color: #0000ff;\"> T\u1ea0O KHUNG X\u01af\u01a0NG CHO C\u00c1 V\u00c0 PH\u00d2NG CH\u1ed0NG D\u1eca H\u00ccNH<\/span><\/h3>\n<p><strong>C\u00f4ng d\u1ee5ng:<\/strong><br \/>\n&#8211; B\u1ed5 sung c\u00e1c vitamin v\u00e0 kho\u00e1ng ch\u1ea5t, ph\u00f2ng tr\u1ecb c\u00e1c b\u1ec7nh do thi\u1ebfu vitamin v\u00e0 kho\u00e1ng ch\u1ea5t \u1edf c\u00e1 nh\u01b0 gi\u1ea3m \u0103n, ch\u1eadm l\u1edbn.<br \/>\n&#8211; Ng\u0103n ng\u1eeba t\u00f4m b\u1ecb m\u1ecfng v\u1ecf, m\u1ec1m v\u1ecf, v\u1ecf c\u1ee9ng ch\u1eafc.<br \/>\n&#8211; Gi\u00fap t\u1ea1o khung x\u01b0\u01a1ng cho c\u00e1 nu\u00f4i, c\u00e1 ph\u00e1t tri\u1ec3n t\u1ed1t.<br \/>\n&#8211; Pho\u0300ng ch\u1ed1ng di\u0323 hi\u0300nh, di\u0323 t\u00e2\u0323t \u01a1\u0309 \u0111\u1ed9ng v\u1eadt th\u1ee7y s\u1ea3n.<\/p>\n[sc name=\"scontactf\"]\n","protected":false},"featured_media":538,"comment_status":"open","ping_status":"closed","template":"","meta":{"sfsi_plus_gutenberg_text_before_share":"","sfsi_plus_gutenberg_show_text_before_share":"","sfsi_plus_gutenberg_icon_type":"","sfsi_plus_gutenberg_icon_alignemt":"","sfsi_plus_gutenburg_max_per_row":""},"product_brand":[],"product_cat":[410,406,430,19],"product_tag":[],"class_list":{"0":"post-537","1":"product","2":"type-product","3":"status-publish","4":"has-post-thumbnail","6":"product_cat-dinh-duong-bo-sung-thuc-an-ca","7":"product_cat-fish","8":"product_cat-khoang-tron-thuc-an-ca","9":"product_cat-aquaculture","11":"first","12":"instock","13":"shipping-taxable","14":"product-type-simple"},"_links":{"self":[{"href":"https:\/\/apanano.com\/vi\/wp-json\/wp\/v2\/product\/537","targetHints":{"allow":["GET"]}}],"collection":[{"href":"https:\/\/apanano.com\/vi\/wp-json\/wp\/v2\/product"}],"about":[{"href":"https:\/\/apanano.com\/vi\/wp-json\/wp\/v2\/types\/product"}],"replies":[{"embeddable":true,"href":"https:\/\/apanano.com\/vi\/wp-json\/wp\/v2\/comments?post=537"}],"wp:featuredmedia":[{"embeddable":true,"href":"https:\/\/apanano.com\/vi\/wp-json\/wp\/v2\/media\/538"}],"wp:attachment":[{"href":"https:\/\/apanano.com\/vi\/wp-json\/wp\/v2\/media?parent=537"}],"wp:term":[{"taxonomy":"product_brand","embeddable":true,"href":"https:\/\/apanano.com\/vi\/wp-json\/wp\/v2\/product_brand?post=537"},{"taxonomy":"product_cat","embeddable":true,"href":"https:\/\/apanano.com\/vi\/wp-json\/wp\/v2\/product_cat?post=537"},{"taxonomy":"product_tag","embeddable":true,"href":"https:\/\/apanano.com\/vi\/wp-json\/wp\/v2\/product_tag?post=537"}],"curies":[{"name":"wp","href":"https:\/\/api.w.org\/{rel}","templated":true}]}}