{"id":535,"date":"2016-07-26T11:46:40","date_gmt":"2016-07-26T04:46:40","guid":{"rendered":"http:\/\/apanano.com\/w\/?post_type=product&#038;p=535"},"modified":"2023-02-24T18:26:22","modified_gmt":"2023-02-24T11:26:22","slug":"apa-c-max","status":"publish","type":"product","link":"https:\/\/apanano.com\/vi\/product\/apa-c-max\/","title":{"rendered":"APA C MAX"},"content":{"rendered":"<p><strong>Th\u00e0nh ph\u1ea7n:<\/strong><br \/>\nVitamin C, Acid citric.<\/p>\n<p><strong>C\u00f4ng d\u1ee5ng:<\/strong><br \/>\n&#8211; T\u0103ng c\u01b0\u1eddng s\u1ee9c \u0111\u1ec1 kh\u00e1ng, ch\u1ed1ng b\u1ecb s\u1ed1c khi th\u1eddi ti\u1ebft n\u1eafng n\u00f3ng ho\u1eb7c thay \u0111\u1ed5i \u0111\u1ed9t ng\u1ed9t, \u0111\u1ed9 m\u1eb7n qu\u00e1 cao hay qu\u00e1 th\u1ea5p, t\u1ea3o t\u00e0n m\u1ea5t m\u00e0u n\u01b0\u1edbc, pH kh\u00f4ng \u1ed5n \u0111\u1ecbnh.<br \/>\n&#8211; H\u1ed7 tr\u1ee3 \u0111i\u1ec1u tr\u1ecb: <a href=\"https:\/\/apanano.com\/technical-support\/benh-den-than-tren-ca-ro-dong-nguyen-nhan-bieu-hien-va-cach-phong-tri\/\" target=\"_blank\" rel=\"noopener noreferrer\">B\u1ec7nh \u0110en Th\u00e2n tr\u00ean C\u00e1 R\u00f4 \u0110\u1ed3ng<\/a><br \/>\n&#8211; Gi\u00fap t\u00f4m c\u00e1 nhanh ph\u1ee5c h\u1ed3i, mau l\u00e0nh v\u1ebft th\u01b0\u01a1ng trong qu\u00e1 tr\u00ecnh \u0111i\u1ec1u tr\u1ecb b\u1ec7nh.<\/p>\n<p><strong>C\u00e1ch s\u1eed d\u1ee5ng:<\/strong><br \/>\n&#8211; S\u1eed d\u1ee5ng 1 \u2013 2 g\/ 1 kg th\u1ee9c \u0103n, tr\u1ed9n 1 \u2013 2 l\u1ea7n\/ ng\u00e0y.<br \/>\n&#8211; Ch\u1ed1ng stress, t\u0103ng s\u1ee9c \u0111\u1ec1 kh\u00e1ng: D\u00f9ng 3 \u2013 5 g\/ 1 kg th\u1ee9c \u0103n.<br \/>\n&#8211; Cho \u0103n trong su\u1ed1t qu\u00e1 tr\u00ecnh nu\u00f4i.<\/p>\n<p><strong>B\u1ea3o qu\u1ea3n:<\/strong><br \/>\n&#8211; N\u01a1i kh\u00f4 r\u00e1o, tho\u00e1ng m\u00e1t, tr\u00e1nh \u00e1nh s\u00e1ng tr\u1ef1c ti\u1ebfp.<br \/>\n&#8211; Tr\u00e1nh xa t\u1ea7m tay tr\u1ebb em.<\/p>\n<h3 style=\"text-align: center;\"><span style=\"color: #0000ff;\">CH\u1ec8 D\u00d9NG TRONG NU\u00d4I TR\u1ed2NG TH\u1ee6Y S\u1ea2N<\/span><\/h3>\r\n<blockquote>\r\n<p style=\"text-align: center;\"><em>\u201cS\u1ea3n ph\u1ea9m kh\u00f4ng ch\u1ee9a c\u00e1c ch\u1ea5t c\u1ea5m s\u1eed d\u1ee5ng trong s\u1ea3n xu\u1ea5t, kinh doanh th\u1ee7y s\u1ea3n theo c\u00e1c quy \u0111\u1ecbnh hi\u1ec7n h\u00e0nh c\u1ee7a <strong>B\u1ed9 N\u00f4ng nghi\u1ec7p v\u00e0 Ph\u00e1t tri\u1ec3n n\u00f4ng th\u00f4n<\/strong>\u201d<\/em><\/p>\r\n<\/blockquote>\r\n<!-- Shortcode [sts2] does not match the conditions -->\r\n\r\n<!-- Shortcode [act] does not exist -->\n","protected":false},"excerpt":{"rendered":"<h3><span style=\"color: #0000ff;\">GI\u1ea2M S\u1ed0C, T\u0102NG S\u1ee8C \u0110\u1ec0 KH\u00c1NG<\/span><br \/>\n<span style=\"color: #0000ff;\"> PH\u1ee4C H\u1ed2I NHANH SAU KHI B\u1ec6NH<\/span><\/h3>\n<p><strong>C\u00f4ng d\u1ee5ng:<\/strong><br \/>\n&#8211; T\u0103ng c\u01b0\u1eddng s\u1ee9c \u0111\u1ec1 kh\u00e1ng, ch\u1ed1ng b\u1ecb s\u1ed1c khi th\u1eddi ti\u1ebft n\u1eafng n\u00f3ng ho\u1eb7c thay \u0111\u1ed5i \u0111\u1ed9t ng\u1ed9t, \u0111\u1ed9 m\u1eb7n qu\u00e1 cao hay qu\u00e1 th\u1ea5p, t\u1ea3o t\u00e0n m\u1ea5t m\u00e0u n\u01b0\u1edbc, pH kh\u00f4ng \u1ed5n \u0111\u1ecbnh.<br \/>\n&#8211; Gi\u00fap t\u00f4m c\u00e1 nhanh ph\u1ee5c h\u1ed3i, mau l\u00e0nh v\u1ebft th\u01b0\u01a1ng trong qu\u00e1 tr\u00ecnh \u0111i\u1ec1u tr\u1ecb b\u1ec7nh.<\/p>\n[sc name=\"scontactf\"]\n","protected":false},"featured_media":536,"comment_status":"open","ping_status":"closed","template":"","meta":{"sfsi_plus_gutenberg_text_before_share":"","sfsi_plus_gutenberg_show_text_before_share":"","sfsi_plus_gutenberg_icon_type":"","sfsi_plus_gutenberg_icon_alignemt":"","sfsi_plus_gutenburg_max_per_row":""},"product_brand":[],"product_cat":[410,428,406,19],"product_tag":[542,541],"class_list":{"0":"post-535","1":"product","2":"type-product","3":"status-publish","4":"has-post-thumbnail","6":"product_cat-dinh-duong-bo-sung-thuc-an-ca","7":"product_cat-dinh-duong-tong-hop-ca","8":"product_cat-fish","9":"product_cat-aquaculture","10":"product_tag-chong-soc-moi-truong","11":"product_tag-tang-suc-de-khang","13":"first","14":"instock","15":"shipping-taxable","16":"product-type-simple"},"_links":{"self":[{"href":"https:\/\/apanano.com\/vi\/wp-json\/wp\/v2\/product\/535","targetHints":{"allow":["GET"]}}],"collection":[{"href":"https:\/\/apanano.com\/vi\/wp-json\/wp\/v2\/product"}],"about":[{"href":"https:\/\/apanano.com\/vi\/wp-json\/wp\/v2\/types\/product"}],"replies":[{"embeddable":true,"href":"https:\/\/apanano.com\/vi\/wp-json\/wp\/v2\/comments?post=535"}],"wp:featuredmedia":[{"embeddable":true,"href":"https:\/\/apanano.com\/vi\/wp-json\/wp\/v2\/media\/536"}],"wp:attachment":[{"href":"https:\/\/apanano.com\/vi\/wp-json\/wp\/v2\/media?parent=535"}],"wp:term":[{"taxonomy":"product_brand","embeddable":true,"href":"https:\/\/apanano.com\/vi\/wp-json\/wp\/v2\/product_brand?post=535"},{"taxonomy":"product_cat","embeddable":true,"href":"https:\/\/apanano.com\/vi\/wp-json\/wp\/v2\/product_cat?post=535"},{"taxonomy":"product_tag","embeddable":true,"href":"https:\/\/apanano.com\/vi\/wp-json\/wp\/v2\/product_tag?post=535"}],"curies":[{"name":"wp","href":"https:\/\/api.w.org\/{rel}","templated":true}]}}