{"id":533,"date":"2016-07-26T11:38:37","date_gmt":"2016-07-26T04:38:37","guid":{"rendered":"http:\/\/apanano.com\/w\/?post_type=product&#038;p=533"},"modified":"2023-02-24T18:26:23","modified_gmt":"2023-02-24T11:26:23","slug":"apa-blue-no-1","status":"publish","type":"product","link":"https:\/\/apanano.com\/vi\/product\/apa-blue-no-1\/","title":{"rendered":"APA BLUE NO.1"},"content":{"rendered":"<p><strong>Th\u00e0nh ph\u1ea7n:<\/strong><br \/>\nGlutaraldehyde, Benzalkonium chloride.<\/p>\n<p><strong>C\u00f4ng d\u1ee5ng:<\/strong><br \/>\n&#8211; Di\u1ec7t c\u00e1c lo\u1ea1i vi khu\u1ea9n, n\u1ea5m, nguy\u00ean sinh \u0111\u1ed9ng v\u1eadt trong n\u01b0\u1edbc ao nu\u00f4i.<br \/>\n&#8211; S\u00e1t tr\u00f9ng d\u1ee5ng c\u1ee5 d\u00f9ng trong nu\u00f4i tr\u1ed3ng th\u1ee7y s\u1ea3n.<br \/>\n&#8211; Ng\u0103n ng\u1eeba v\u00e0 h\u1ed7 tr\u1ee3 \u0111i\u1ec1u tr\u1ecb hi\u1ec7u qu\u1ea3 ngo\u1ea1i k\u00fd sinh tr\u00f9ng c\u00e1c b\u1ec7nh v\u1ec1 gan, xu\u1ea5t huy\u1ebft, tu\u1ed9t nh\u1edbt, ph\u00f9 \u0111\u1ea7u, th\u1ed1i mang, \u0111\u1ed1m \u0111\u1ecf, <a href=\"https:\/\/apanano.com\/technical-support\/benh-den-than-tren-ca-ro-dong-nguyen-nhan-bieu-hien-va-cach-phong-tri\/\" target=\"_blank\" rel=\"noopener noreferrer\">\u0111en m\u00ecnh<\/a>, lang ben, c\u00e1c b\u1ec7nh v\u1ec1 \u0111\u01b0\u1eddng ru\u1ed9t.<\/p>\n<p><strong>C\u00e1ch s\u1eed d\u1ee5ng:<\/strong><br \/>\n&#8211; S\u1eed d\u1ee5ng \u0111\u1ecbnh k\u1ef3: 1 l\u00edt\/ 1.200 \u2013 1.500 m<sup>3<\/sup> n\u01b0\u1edbc, \u0111\u1ecbnh k\u1ef3 5 \u2013 7 ng\u00e0y\/ l\u1ea7n.<br \/>\n&#8211; Di\u1ec7t khu\u1ea9n nhanh, h\u1ed7 tr\u1ee3 \u0111i\u1ec1u tr\u1ecb ngo\u1ea1i k\u00fd sinh tr\u00f9ng, xu\u1ea5t huy\u1ebft, th\u1ed1i mang,\u2026: 1 l\u00edt\/ 800 \u2013 1.000 m<sup>3<\/sup> n\u01b0\u1edbc.<\/p>\n<p><strong>Ch\u00fa \u00fd:<\/strong><br \/>\n&#8211; Ch\u1ec9 s\u1eed d\u1ee5ng cho c\u00e1 tr\u00ean 1 ph\u00e2n.<br \/>\n&#8211; L\u1eafc \u0111\u1ec1u tr\u01b0\u1edbc khi d\u00f9ng.<br \/>\n&#8211; \u0110\u1ecdc k\u1ef9 h\u01b0\u1edbng d\u1eabn s\u1eed d\u1ee5ng tr\u01b0\u1edbc khi d\u00f9ng.<\/p>\n<p><strong>B\u1ea3o qu\u1ea3n:<\/strong><br \/>\n&#8211; N\u01a1i kh\u00f4 r\u00e1o, tho\u00e1ng m\u00e1t, tr\u00e1nh \u00e1nh n\u1eafng tr\u1ef1c ti\u1ebfp.<br \/>\n&#8211; Trnh xa t\u1ea7m tay tr\u1ebb em.<\/p>\n<h3 style=\"text-align: center;\"><span style=\"color: #0000ff;\">CH\u1ec8 D\u00d9NG TRONG NU\u00d4I TR\u1ed2NG TH\u1ee6Y S\u1ea2N<\/span><\/h3>\r\n<blockquote>\r\n<p style=\"text-align: center;\"><em>\u201cS\u1ea3n ph\u1ea9m kh\u00f4ng ch\u1ee9a c\u00e1c ch\u1ea5t c\u1ea5m s\u1eed d\u1ee5ng trong s\u1ea3n xu\u1ea5t, kinh doanh th\u1ee7y s\u1ea3n theo c\u00e1c quy \u0111\u1ecbnh hi\u1ec7n h\u00e0nh c\u1ee7a <strong>B\u1ed9 N\u00f4ng nghi\u1ec7p v\u00e0 Ph\u00e1t tri\u1ec3n n\u00f4ng th\u00f4n<\/strong>\u201d<\/em><\/p>\r\n<\/blockquote>\r\n<!-- Shortcode [sts2] does not match the conditions -->\r\n\r\n<!-- Shortcode [act] does not exist -->\n","protected":false},"excerpt":{"rendered":"<h3><span style=\"color: #0000ff;\">DI\u1ec6T KHU\u1ea8N, N\u1ea4M, NGUY\u00caN SINH \u0110\u1ed8NG V\u1eacT<\/span><br \/>\n<span style=\"color: #0000ff;\"> NHANH \u2013 M\u1ea0NH \u2013 HI\u1ec6U QU\u1ea2<\/span><\/h3>\n<p><strong>C\u00f4ng d\u1ee5ng:<\/strong><br \/>\n&#8211; Di\u1ec7t c\u00e1c lo\u1ea1i vi khu\u1ea9n, n\u1ea5m, nguy\u00ean sinh \u0111\u1ed9ng v\u1eadt trong n\u01b0\u1edbc ao nu\u00f4i.<br \/>\n&#8211; S\u00e1t tr\u00f9ng d\u1ee5ng c\u1ee5 d\u00f9ng trong nu\u00f4i tr\u1ed3ng th\u1ee7y s\u1ea3n.<br \/>\n&#8211; Ng\u0103n ng\u1eeba v\u00e0 h\u1ed7 tr\u1ee3 \u0111i\u1ec1u tr\u1ecb hi\u1ec7u qu\u1ea3 ngo\u1ea1i k\u00fd sinh tr\u00f9ng c\u00e1c b\u1ec7nh v\u1ec1 gan, xu\u1ea5t huy\u1ebft, tu\u1ed9t nh\u1edbt, ph\u00f9 \u0111\u1ea7u, th\u1ed1i mang, \u0111\u1ed1m \u0111\u1ecf, \u0111en m\u00ecnh, lang ben, c\u00e1c b\u1ec7nh v\u1ec1 \u0111\u01b0\u1eddng ru\u1ed9t.<\/p>\n[sc name=\"scontactf\"]\n","protected":false},"featured_media":534,"comment_status":"open","ping_status":"closed","template":"","meta":{"sfsi_plus_gutenberg_text_before_share":"","sfsi_plus_gutenberg_show_text_before_share":"","sfsi_plus_gutenberg_icon_type":"","sfsi_plus_gutenberg_icon_alignemt":"","sfsi_plus_gutenburg_max_per_row":""},"product_brand":[],"product_cat":[412,421,406,19],"product_tag":[475,491,490,500,527,511],"class_list":{"0":"post-533","1":"product","2":"type-product","3":"status-publish","4":"has-post-thumbnail","6":"product_cat-xu-ly-cai-tao-moi-truong-ca","7":"product_cat-diet-khuan-ca","8":"product_cat-fish","9":"product_cat-aquaculture","10":"product_tag-diet-vi-khuan-nam-nguyen-sinh-dong-vat","11":"product_tag-dac-tri-gan-than-mu","12":"product_tag-dac-tri-ky-sinh-trung","13":"product_tag-dac-tri-nhiem-trung-duong-ruot","14":"product_tag-dac-tri-xuat-huyet","15":"product_tag-sat-trung-dung-cu","17":"first","18":"instock","19":"shipping-taxable","20":"product-type-simple"},"_links":{"self":[{"href":"https:\/\/apanano.com\/vi\/wp-json\/wp\/v2\/product\/533","targetHints":{"allow":["GET"]}}],"collection":[{"href":"https:\/\/apanano.com\/vi\/wp-json\/wp\/v2\/product"}],"about":[{"href":"https:\/\/apanano.com\/vi\/wp-json\/wp\/v2\/types\/product"}],"replies":[{"embeddable":true,"href":"https:\/\/apanano.com\/vi\/wp-json\/wp\/v2\/comments?post=533"}],"wp:featuredmedia":[{"embeddable":true,"href":"https:\/\/apanano.com\/vi\/wp-json\/wp\/v2\/media\/534"}],"wp:attachment":[{"href":"https:\/\/apanano.com\/vi\/wp-json\/wp\/v2\/media?parent=533"}],"wp:term":[{"taxonomy":"product_brand","embeddable":true,"href":"https:\/\/apanano.com\/vi\/wp-json\/wp\/v2\/product_brand?post=533"},{"taxonomy":"product_cat","embeddable":true,"href":"https:\/\/apanano.com\/vi\/wp-json\/wp\/v2\/product_cat?post=533"},{"taxonomy":"product_tag","embeddable":true,"href":"https:\/\/apanano.com\/vi\/wp-json\/wp\/v2\/product_tag?post=533"}],"curies":[{"name":"wp","href":"https:\/\/api.w.org\/{rel}","templated":true}]}}