{"id":529,"date":"2016-07-26T11:26:30","date_gmt":"2016-07-26T04:26:30","guid":{"rendered":"http:\/\/apanano.com\/w\/?post_type=product&#038;p=529"},"modified":"2023-02-24T18:26:25","modified_gmt":"2023-02-24T11:26:25","slug":"apa-betacan","status":"publish","type":"product","link":"https:\/\/apanano.com\/vi\/product\/apa-betacan\/","title":{"rendered":"APA BETACAN"},"content":{"rendered":"<p><strong>Th\u00e0nh ph\u1ea7n:<\/strong><br \/>\nBeta-glucan (1,3 &#8211; 1,6).<\/p>\n<p><strong>C\u00f4ng d\u1ee5ng:<\/strong><br \/>\n&#8211; T\u0103ng s\u1ee9c \u0111\u1ec1 kh\u00e1ng c\u1ee7a t\u00f4m c\u00e1, \u0111\u1ea1t t\u1ef7 l\u1ec7 s\u1ed1ng cao trong qu\u00e1 tr\u00ecnh nu\u00f4i.<br \/>\n&#8211; Beta-glucan c\u00f3 c\u00f4ng d\u1ee5ng k\u00edch th\u00edch h\u1ec7 mi\u1ec5n d\u1ecbch t\u1ef1 nhi\u00ean, t\u0103ng c\u01b0\u1eddng s\u1ee9c kh\u1ecfe h\u00f4 h\u1ea5p. Beta-glucan gi\u00fap t\u0103ng c\u01b0\u1eddng ho\u1ea1t \u0111\u1ed9ng c\u1ee7a c\u00e1c \u0111\u1ea1i th\u1ef1c b\u00e0o v\u00e0 k\u00edch th\u00edch t\u0103ng ti\u1ebft nhi\u1ec1u cytokines (ch\u1ea5t ho\u1ea1t h\u00f3a t\u1ebf b\u00e0o) nh\u1eb1m ti\u00eau di\u1ec7t c\u00e1c m\u1ea7m b\u1ec7nh x\u00e2m nh\u1eadp t\u1eeb b\u00ean ngo\u00e0i, ph\u00f2ng c\u00e1c b\u1ec7nh \u0111\u01b0\u1eddng ru\u1ed9t, nhi\u1ec5m tr\u00f9ng do vi khu\u1ea9n, virus.<br \/>\n&#8211; Gi\u1ea3i \u0111\u1ed9c gan, gi\u00fap gan c\u00e1 kh\u1ecfe m\u1ea1nh, ng\u0103n ng\u1eeba c\u00e1c b\u1ec7nh v\u1ec1 gan nh\u01b0 gan th\u1eadn m\u1ee7, tr\u1eafng gan, tr\u1eafng mang,&#8230;<br \/>\n&#8211; Gi\u00fap gi\u1ea3m h\u1ec7 s\u1ed1 chuy\u1ec3n \u0111\u1ed5i th\u1ee9c \u0103n, k\u00edch th\u00edch ti\u00eau h\u00f3a, t\u00f4m c\u00e1 ph\u00e1t tri\u1ec3n nhanh.<\/p>\n<p><strong>C\u00e1ch s\u1eed d\u1ee5ng:<\/strong><br \/>\n&#8211; Tr\u1ed9n 1 \u2013 2 g\/ 1 kg th\u1ee9c \u0103n, cho \u0103n 1 \u2013 2 l\u1ea7n\/ ng\u00e0y.<br \/>\n&#8211; K\u00edch th\u00edch t\u00f4m, c\u00e1 ph\u00e1t tri\u1ec3n nhanh: D\u00f9ng 3 \u2013 5 g\/ 1 kg th\u1ee9c \u0103n, cho \u0103n 2 \u2013 3 l\u1ea7n\/ ng\u00e0y.<br \/>\n&#8211; Cho \u0103n li\u00ean t\u1ee5c trong su\u1ed1t v\u1ee5 nu\u00f4i.<\/p>\n<p><strong>Ch\u00fa \u00fd:<\/strong><br \/>\n\u0110\u1ecdc k\u1ef9 h\u01b0\u1edbng d\u1eabn s\u1eed d\u1ee5ng tr\u01b0\u1edbc khi d\u00f9ng.<\/p>\n<p><strong>B\u1ea3o qu\u1ea3n:<\/strong><br \/>\n&#8211; N\u01a1i kh\u00f4 r\u00e1o, tho\u00e1ng m\u00e1t, tr\u00e1nh \u00e1nh s\u00e1ng tr\u1ef1c ti\u1ebfp.<br \/>\n&#8211; Tr\u00e1nh xa t\u1ea7m tay tr\u1ebb em.<\/p>\n<h3 style=\"text-align: center;\"><span style=\"color: #0000ff;\">CH\u1ec8 D\u00d9NG TRONG NU\u00d4I TR\u1ed2NG TH\u1ee6Y S\u1ea2N<\/span><\/h3>\r\n<blockquote>\r\n<p style=\"text-align: center;\"><em>\u201cS\u1ea3n ph\u1ea9m kh\u00f4ng ch\u1ee9a c\u00e1c ch\u1ea5t c\u1ea5m s\u1eed d\u1ee5ng trong s\u1ea3n xu\u1ea5t, kinh doanh th\u1ee7y s\u1ea3n theo c\u00e1c quy \u0111\u1ecbnh hi\u1ec7n h\u00e0nh c\u1ee7a <strong>B\u1ed9 N\u00f4ng nghi\u1ec7p v\u00e0 Ph\u00e1t tri\u1ec3n n\u00f4ng th\u00f4n<\/strong>\u201d<\/em><\/p>\r\n<\/blockquote>\r\n<!-- Shortcode [sts2] does not match the conditions -->\r\n\r\n<!-- Shortcode [act] does not exist -->\n","protected":false},"excerpt":{"rendered":"<h3><span style=\"color: #0000ff;\">T\u0102NG S\u1ee8C \u0110\u1ec0 KH\u00c1NG, K\u00cdCH TH\u00cdCH MI\u1ec4N D\u1ecaCH, T\u1ef6 L\u1ec6 S\u1ed0NG CAO<\/span><br \/>\n<span style=\"color: #0000ff;\"> H\u1ed6 TR\u1ee2 GAN, B\u1ed4 GAN, T\u0102NG HO\u1ea0T \u0110\u1ed8NG C\u1ee6A GAN<\/span><\/h3>\n<p><strong>C\u00f4ng d\u1ee5ng:<\/strong><br \/>\n&#8211; T\u0103ng s\u1ee9c \u0111\u1ec1 kh\u00e1ng c\u1ee7a t\u00f4m c\u00e1, \u0111\u1ea1t t\u1ef7 l\u1ec7 s\u1ed1ng cao trong qu\u00e1 tr\u00ecnh nu\u00f4i.<br \/>\n&#8211; Beta-glucan c\u00f3 c\u00f4ng d\u1ee5ng k\u00edch th\u00edch h\u1ec7 mi\u1ec5n d\u1ecbch t\u1ef1 nhi\u00ean, t\u0103ng c\u01b0\u1eddng s\u1ee9c kh\u1ecfe h\u00f4 h\u1ea5p. Beta-glucan gi\u00fap t\u0103ng c\u01b0\u1eddng ho\u1ea1t \u0111\u1ed9ng c\u1ee7a c\u00e1c \u0111\u1ea1i th\u1ef1c b\u00e0o v\u00e0 k\u00edch th\u00edch t\u0103ng ti\u1ebft nhi\u1ec1u cytokines (ch\u1ea5t ho\u1ea1t h\u00f3a t\u1ebf b\u00e0o) nh\u1eb1m ti\u00eau di\u1ec7t c\u00e1c m\u1ea7m b\u1ec7nh x\u00e2m nh\u1eadp t\u1eeb b\u00ean ngo\u00e0i, ph\u00f2ng c\u00e1c b\u1ec7nh \u0111\u01b0\u1eddng ru\u1ed9t, nhi\u1ec5m tr\u00f9ng do vi khu\u1ea9n, virus.<br \/>\n&#8211; Gi\u1ea3i \u0111\u1ed9c gan, gi\u00fap gan c\u00e1 kh\u1ecfe m\u1ea1nh, ng\u0103n ng\u1eeba c\u00e1c b\u1ec7nh v\u1ec1 gan nh\u01b0 gan th\u1eadn m\u1ee7, tr\u1eafng gan, tr\u1eafng mang,&#8230;<br \/>\n&#8211; Gi\u00fap gi\u1ea3m h\u1ec7 s\u1ed1 chuy\u1ec3n \u0111\u1ed5i th\u1ee9c \u0103n, k\u00edch th\u00edch ti\u00eau h\u00f3a, t\u00f4m c\u00e1 ph\u00e1t tri\u1ec3n nhanh.<\/p>\n[sc name=\"scontactf\"]\n","protected":false},"featured_media":530,"comment_status":"open","ping_status":"closed","template":"","meta":{"sfsi_plus_gutenberg_text_before_share":"","sfsi_plus_gutenberg_show_text_before_share":"","sfsi_plus_gutenberg_icon_type":"","sfsi_plus_gutenberg_icon_alignemt":"","sfsi_plus_gutenburg_max_per_row":""},"product_brand":[],"product_cat":[410,406,427,19],"product_tag":[],"class_list":{"0":"post-529","1":"product","2":"type-product","3":"status-publish","4":"has-post-thumbnail","6":"product_cat-dinh-duong-bo-sung-thuc-an-ca","7":"product_cat-fish","8":"product_cat-tang-suc-de-khang-ca","9":"product_cat-aquaculture","11":"first","12":"instock","13":"shipping-taxable","14":"product-type-simple"},"_links":{"self":[{"href":"https:\/\/apanano.com\/vi\/wp-json\/wp\/v2\/product\/529","targetHints":{"allow":["GET"]}}],"collection":[{"href":"https:\/\/apanano.com\/vi\/wp-json\/wp\/v2\/product"}],"about":[{"href":"https:\/\/apanano.com\/vi\/wp-json\/wp\/v2\/types\/product"}],"replies":[{"embeddable":true,"href":"https:\/\/apanano.com\/vi\/wp-json\/wp\/v2\/comments?post=529"}],"wp:featuredmedia":[{"embeddable":true,"href":"https:\/\/apanano.com\/vi\/wp-json\/wp\/v2\/media\/530"}],"wp:attachment":[{"href":"https:\/\/apanano.com\/vi\/wp-json\/wp\/v2\/media?parent=529"}],"wp:term":[{"taxonomy":"product_brand","embeddable":true,"href":"https:\/\/apanano.com\/vi\/wp-json\/wp\/v2\/product_brand?post=529"},{"taxonomy":"product_cat","embeddable":true,"href":"https:\/\/apanano.com\/vi\/wp-json\/wp\/v2\/product_cat?post=529"},{"taxonomy":"product_tag","embeddable":true,"href":"https:\/\/apanano.com\/vi\/wp-json\/wp\/v2\/product_tag?post=529"}],"curies":[{"name":"wp","href":"https:\/\/api.w.org\/{rel}","templated":true}]}}