{"id":520,"date":"2016-07-26T08:47:04","date_gmt":"2016-07-26T01:47:04","guid":{"rendered":"http:\/\/apanano.com\/w\/?post_type=product&#038;p=520"},"modified":"2023-02-24T18:26:28","modified_gmt":"2023-02-24T11:26:28","slug":"apa-dexa-i","status":"publish","type":"product","link":"https:\/\/apanano.com\/vi\/product\/apa-dexa-i\/","title":{"rendered":"APA DEXA I"},"content":{"rendered":"<p>Dung d\u1ecbch ti\u00eam.<\/p>\n<p><strong>TH\u00c0NH PH\u1ea6N<\/strong><br \/>\nDexamethasone Na phosphate.<\/p>\n<p><strong>C\u00d4NG D\u1ee4NG<\/strong><br \/>\n&#8211; Kh\u00e1ng vi\u00eam, ch\u1ed1ng d\u1ecb \u1ee9ng.<br \/>\n&#8211; Khi k\u1ebft h\u1ee3p v\u1edbi c\u00e1c kh\u00e1ng sinh, vi\u1ec7c \u0111i\u1ec1u tr\u1ecb s\u1ebd hi\u1ec7u qu\u1ea3 h\u01a1n, \u0111\u1eb7c bi\u1ec7t l\u00e0 b\u1ec7nh nhi\u1ec5m tr\u00f9ng c\u00f3 m\u1ee7, b\u1ec7nh vi\u00eam kh\u1edbp \u1edf th\u00fa.<\/p>\n<p><strong>CH\u1ed0NG CH\u1ec8 \u0110\u1ecaNH<\/strong><br \/>\n&#8211; Kh\u00f4ng s\u1eed d\u1ee5ng cho th\u00fa mang thai.<br \/>\n&#8211; Kh\u00f4ng d\u00f9ng chung v\u1edbi thu\u1ed1c kh\u00e1ng vi\u00eam non-steroid.<br \/>\n&#8211; Kh\u00f4ng s\u1eed d\u1ee5ng trong nh\u1eefng b\u1ec7nh nhi\u1ec5m virus.<\/p>\n<p><strong>TH\u1edcI GIAN NG\u01afNG S\u1eec D\u1ee4NG THU\u1ed0C<\/strong><br \/>\n&#8211; Khai th\u00e1c th\u1ecbt: 03 ng\u00e0y.<br \/>\n&#8211; Khai th\u00e1c s\u1eefa: 01 ng\u00e0y.<\/p>\n<p><strong>C\u00c1CH D\u00d9NG &amp; LI\u1ec0U L\u01af\u1ee2NG<\/strong><br \/>\nTi\u00eam b\u1eafp th\u1ecbt:<br \/>\n&#8211; Heo (&gt; 40 kg), tr\u00e2u, b\u00f2: 1 ml\/ 15 \u2013 20 kg th\u1ec3 tr\u1ecdng\/ ng\u00e0y.<br \/>\n&#8211; Heo (\u2264 40 kg), d\u00ea, b\u00ea, c\u1eebu: 1 &#8211; 2,5 ml\/ng\u00e0y.<br \/>\n&#8211; Ch\u00f3, m\u00e8o: 1 ml\/5 kg th\u1ec3 tr\u1ecdng\/ ng\u00e0y.<\/p>\n<p><strong>B\u1ea2O QU\u1ea2N<\/strong><br \/>\nN\u01a1i kh\u00f4 r\u00e1o, tho\u00e1ng m\u00e1t, tr\u00e1nh \u00e1nh s\u00e1ng tr\u1ef1c ti\u1ebfp.<\/p>\n<h3 style=\"text-align: center;\"><span style=\"color: #ff0000;\">CH\u1ec8 D\u00d9NG TRONG TH\u00da Y<\/span><\/h3>\r\n<blockquote>\r\n<p style=\"text-align: center;\"><em>\u201cS\u1ea3n ph\u1ea9m kh\u00f4ng ch\u1ee9a c\u00e1c ch\u1ea5t c\u1ea5m s\u1eed d\u1ee5ng trong s\u1ea3n xu\u1ea5t, kinh doanh th\u00fa y theo c\u00e1c quy \u0111\u1ecbnh hi\u1ec7n h\u00e0nh c\u1ee7a <strong>B\u1ed9 N\u00f4ng nghi\u1ec7p v\u00e0 Ph\u00e1t tri\u1ec3n n\u00f4ng th\u00f4n<\/strong>\u201d<\/em><\/p>\r\n<\/blockquote>\r\n<p><!-- Shortcode [sty2] does not match the conditions --><\/p>\r\n<p style=\"text-align: center;\">S\u1ea3n ph\u1ea9m <a href=\"\">Thu\u1ed1c Th\u00fa Y <\/a> gi\u00e1 b\u00e1n, th\u00e0nh ph\u1ea7n ch\u00ednh, c\u00f4ng d\u1ee5ng \u0111i\u1ec1u tr\u1ecb, h\u01b0\u1edbng d\u1eabn s\u1eed d\u1ee5ng!<\/p>\n","protected":false},"excerpt":{"rendered":"<h3><span style=\"color: #ff0000;\">KH\u00c1NG VI\u00caM, CH\u1ed0NG D\u1eca \u1ee8NG<\/span><\/h3>\n<p><strong>C\u00d4NG D\u1ee4NG<\/strong><br \/>\n&#8211; Kh\u00e1ng vi\u00eam, ch\u1ed1ng d\u1ecb \u1ee9ng.<br \/>\n&#8211; Khi k\u1ebft h\u1ee3p v\u1edbi c\u00e1c kh\u00e1ng sinh, vi\u1ec7c \u0111i\u1ec1u tr\u1ecb s\u1ebd hi\u1ec7u qu\u1ea3 h\u01a1n, \u0111\u1eb7c bi\u1ec7t l\u00e0 b\u1ec7nh nhi\u1ec5m tr\u00f9ng c\u00f3 m\u1ee7, b\u1ec7nh vi\u00eam kh\u1edbp \u1edf th\u00fa.<\/p>\n[sc name=\"scontact\" ]\n","protected":false},"featured_media":521,"comment_status":"open","ping_status":"closed","template":"","meta":{"sfsi_plus_gutenberg_text_before_share":"","sfsi_plus_gutenberg_show_text_before_share":"","sfsi_plus_gutenberg_icon_type":"","sfsi_plus_gutenberg_icon_alignemt":"","sfsi_plus_gutenburg_max_per_row":""},"product_brand":[],"product_cat":[16,17],"product_tag":[688,689],"class_list":{"0":"post-520","1":"product","2":"type-product","3":"status-publish","4":"has-post-thumbnail","6":"product_cat-livestock","7":"product_cat-pet","8":"product_tag-thuoc-thu-y","9":"product_tag-thuoc-tiem","11":"first","12":"instock","13":"shipping-taxable","14":"product-type-simple"},"_links":{"self":[{"href":"https:\/\/apanano.com\/vi\/wp-json\/wp\/v2\/product\/520","targetHints":{"allow":["GET"]}}],"collection":[{"href":"https:\/\/apanano.com\/vi\/wp-json\/wp\/v2\/product"}],"about":[{"href":"https:\/\/apanano.com\/vi\/wp-json\/wp\/v2\/types\/product"}],"replies":[{"embeddable":true,"href":"https:\/\/apanano.com\/vi\/wp-json\/wp\/v2\/comments?post=520"}],"wp:featuredmedia":[{"embeddable":true,"href":"https:\/\/apanano.com\/vi\/wp-json\/wp\/v2\/media\/521"}],"wp:attachment":[{"href":"https:\/\/apanano.com\/vi\/wp-json\/wp\/v2\/media?parent=520"}],"wp:term":[{"taxonomy":"product_brand","embeddable":true,"href":"https:\/\/apanano.com\/vi\/wp-json\/wp\/v2\/product_brand?post=520"},{"taxonomy":"product_cat","embeddable":true,"href":"https:\/\/apanano.com\/vi\/wp-json\/wp\/v2\/product_cat?post=520"},{"taxonomy":"product_tag","embeddable":true,"href":"https:\/\/apanano.com\/vi\/wp-json\/wp\/v2\/product_tag?post=520"}],"curies":[{"name":"wp","href":"https:\/\/api.w.org\/{rel}","templated":true}]}}