{"id":518,"date":"2016-08-31T08:45:54","date_gmt":"2016-08-31T01:45:54","guid":{"rendered":"http:\/\/apanano.com\/w\/?post_type=product&#038;p=518"},"modified":"2023-02-24T18:25:26","modified_gmt":"2023-02-24T11:25:26","slug":"apa-calci-bs-s","status":"publish","type":"product","link":"https:\/\/apanano.com\/vi\/product\/apa-calci-bs-s\/","title":{"rendered":"APA CALCI BS S"},"content":{"rendered":"<p>H\u1ed7n d\u1ecbch u\u1ed1ng.<\/p>\n<p><strong>TH\u00c0NH PH\u1ea6N<\/strong><br \/>\nTricalcium phosphate, Vitamin A, Vitamin D3, Vitamin E.<\/p>\n<p><strong>C\u00d4NG D\u1ee4NG<\/strong><br \/>\n&#8211; Ph\u00f2ng v\u00e0 tr\u1ecb c\u00e1c tri\u1ec7u ch\u1ee9ng thi\u1ebfu <a href=\"https:\/\/apanano.com\/technical-support\/danh-muc-cac-loai-thuoc-thu-y-thuong-dung-trong-chan-nuoi\/\">canxi v\u00e0 vitamin<\/a> A, D , E.<br \/>\n&#8211; \u0110\u1ed1i v\u1edbi th\u00fa non (b\u00ea, heo con): Gi\u00fap t\u0103ng tr\u01b0\u1edfng nhanh, gi\u1ea3m ti\u00eau t\u1ed1n th\u1ee9c \u0103n, t\u0103ng s\u1ee9c \u0111\u1ec1 kh\u00e1ng.<br \/>\n&#8211; \u0110\u1ed1i v\u1edbi th\u00fa sinh s\u1ea3n (b\u00f2 s\u1eefa, heo n\u00e1i): T\u0103ng t\u1ef7 l\u1ec7 <a href=\"https:\/\/apanano.com\/technical-support\/quan-ly-heo-sinh-san-phan-2\/\">\u0111\u1eadu thai<\/a>, t\u0103ng l\u01b0\u1ee3ng s\u1eefa, t\u0103ng s\u1ee9c \u0111\u1ec1 kh\u00e1ng.<\/p>\n<p><strong>CH\u1ed0NG CH\u1ec8 \u0110\u1ecaNH<\/strong><br \/>\nKh\u00f4ng s\u1eed d\u1ee5ng s\u1ea3n ph\u1ea9m cho th\u00fa qu\u00e1 m\u1eabn c\u1ea3m v\u1edbi b\u1ea5t c\u1ee9 th\u00e0nh ph\u1ea7n n\u00e0o c\u1ee7a thu\u1ed1c.<\/p>\n<p><strong>TH\u1edcI GIAN NG\u01afNG S\u1eec D\u1ee4NG THU\u1ed0C<\/strong><br \/>\nKhai th\u00e1c th\u1ecbt: 0 ng\u00e0y.<\/p>\n<p><strong>B\u1ea2O QU\u1ea2N<\/strong><br \/>\nN\u01a1i kh\u00f4 r\u00e1o, tho\u00e1ng m\u00e1t, tr\u00e1nh \u00e1nh s\u00e1ng tr\u1ef1c ti\u1ebfp.<\/p>\n<p><strong>C\u00c1CH D\u00d9NG &amp; LI\u1ec0U L\u01af\u1ee2NG<\/strong><br \/>\nTr\u00e2u s\u1eefa, b\u00f2 s\u1eefa:<br \/>\n&#8211; Cho u\u1ed1ng tr\u1ef1c ti\u1ebfp:<br \/>\n+ Nh\u1ecf: 50 \u2013 70ml\/con\/l\u1ea7n.<br \/>\n+ L\u1edbn: 70 \u2013 100ml\/con \/l\u1ea7n.<br \/>\nHo\u1eb7c pha n\u01b0\u1edbc u\u1ed1ng v\u1edbi t\u1ef7 l\u1ec7 10 ml\/4 l\u00edt n\u01b0\u1edbc, u\u1ed1ng su\u1ed1t ng\u00e0y.<br \/>\nGia c\u1ea7m:<br \/>\n&#8211; Pha v\u00e0o n\u01b0\u1edbc u\u1ed1ng:<br \/>\n+ Gia c\u1ea7m \u0111\u1ebb: 20 ml\/50 con\/10 l\u00edt n\u01b0\u1edbc u\u1ed1ng\/ng\u00e0y.<br \/>\n+ Gia c\u1ea7m th\u1ecbt: 20 ml\/150 con\/20 l\u00edt n\u01b0\u1edbc u\u1ed1ng\/ ng\u00e0y.<br \/>\n&#8211; Heo n\u00e1i: 100 ml\/con\/l\u1ea7n u\u1ed1ng.<br \/>\n&#8211; Heo con theo m\u1eb9: 5 &#8211; 10 ml\/con\/ l\u1ea7n u\u1ed1ng.<\/p>\n<h3 style=\"text-align: center;\"><span style=\"color: #ff0000;\">CH\u1ec8 D\u00d9NG TRONG TH\u00da Y<\/span><\/h3>\r\n<blockquote>\r\n<p style=\"text-align: center;\"><em>\u201cS\u1ea3n ph\u1ea9m kh\u00f4ng ch\u1ee9a c\u00e1c ch\u1ea5t c\u1ea5m s\u1eed d\u1ee5ng trong s\u1ea3n xu\u1ea5t, kinh doanh th\u00fa y theo c\u00e1c quy \u0111\u1ecbnh hi\u1ec7n h\u00e0nh c\u1ee7a <strong>B\u1ed9 N\u00f4ng nghi\u1ec7p v\u00e0 Ph\u00e1t tri\u1ec3n n\u00f4ng th\u00f4n<\/strong>\u201d<\/em><\/p>\r\n<\/blockquote>\r\n<p><!-- Shortcode [sty2] does not match the conditions --><\/p>\r\n<p style=\"text-align: center;\">S\u1ea3n ph\u1ea9m <a href=\"\">Thu\u1ed1c Th\u00fa Y <\/a> gi\u00e1 b\u00e1n, th\u00e0nh ph\u1ea7n ch\u00ednh, c\u00f4ng d\u1ee5ng \u0111i\u1ec1u tr\u1ecb, h\u01b0\u1edbng d\u1eabn s\u1eed d\u1ee5ng!<\/p>\n","protected":false},"excerpt":{"rendered":"<h3><span style=\"color: #ff0000;\">CUNG C\u1ea4P CANXI CHO GIA S\u00daC<\/span><\/h3>\n<p><strong>C\u00d4NG D\u1ee4NG<\/strong><br \/>\n&#8211; Ph\u00f2ng v\u00e0 tr\u1ecb c\u00e1c tri\u1ec7u ch\u1ee9ng thi\u1ebfu canxi v\u00e0 vitamin A, D , E.<br \/>\n&#8211; \u0110\u1ed1i v\u1edbi th\u00fa non (b\u00ea, heo con): Gi\u00fap t\u0103ng tr\u01b0\u1edfng nhanh, gi\u1ea3m ti\u00eau t\u1ed1n th\u1ee9c \u0103n, t\u0103ng s\u1ee9c \u0111\u1ec1 kh\u00e1ng.<br \/>\n&#8211; \u0110\u1ed1i v\u1edbi th\u00fa sinh s\u1ea3n (b\u00f2 s\u1eefa, heo n\u00e1i): T\u0103ng t\u1ef7 l\u1ec7 \u0111\u1eadu thai, t\u0103ng l\u01b0\u1ee3ng s\u1eefa, t\u0103ng s\u1ee9c \u0111\u1ec1 kh\u00e1ng.<\/p>\n[sc name=\"scontact\" ]\n","protected":false},"featured_media":519,"comment_status":"open","ping_status":"closed","template":"","meta":{"sfsi_plus_gutenberg_text_before_share":"","sfsi_plus_gutenberg_show_text_before_share":"","sfsi_plus_gutenberg_icon_type":"","sfsi_plus_gutenberg_icon_alignemt":"","sfsi_plus_gutenburg_max_per_row":""},"product_brand":[],"product_cat":[16,18],"product_tag":[688],"class_list":{"0":"post-518","1":"product","2":"type-product","3":"status-publish","4":"has-post-thumbnail","6":"product_cat-livestock","7":"product_cat-poultry","8":"product_tag-thuoc-thu-y","10":"first","11":"instock","12":"featured","13":"shipping-taxable","14":"product-type-simple"},"_links":{"self":[{"href":"https:\/\/apanano.com\/vi\/wp-json\/wp\/v2\/product\/518","targetHints":{"allow":["GET"]}}],"collection":[{"href":"https:\/\/apanano.com\/vi\/wp-json\/wp\/v2\/product"}],"about":[{"href":"https:\/\/apanano.com\/vi\/wp-json\/wp\/v2\/types\/product"}],"replies":[{"embeddable":true,"href":"https:\/\/apanano.com\/vi\/wp-json\/wp\/v2\/comments?post=518"}],"wp:featuredmedia":[{"embeddable":true,"href":"https:\/\/apanano.com\/vi\/wp-json\/wp\/v2\/media\/519"}],"wp:attachment":[{"href":"https:\/\/apanano.com\/vi\/wp-json\/wp\/v2\/media?parent=518"}],"wp:term":[{"taxonomy":"product_brand","embeddable":true,"href":"https:\/\/apanano.com\/vi\/wp-json\/wp\/v2\/product_brand?post=518"},{"taxonomy":"product_cat","embeddable":true,"href":"https:\/\/apanano.com\/vi\/wp-json\/wp\/v2\/product_cat?post=518"},{"taxonomy":"product_tag","embeddable":true,"href":"https:\/\/apanano.com\/vi\/wp-json\/wp\/v2\/product_tag?post=518"}],"curies":[{"name":"wp","href":"https:\/\/api.w.org\/{rel}","templated":true}]}}