{"id":516,"date":"2016-07-25T12:58:53","date_gmt":"2016-07-25T05:58:53","guid":{"rendered":"http:\/\/apanano.com\/w\/?post_type=product&#038;p=516"},"modified":"2023-02-24T18:26:29","modified_gmt":"2023-02-24T11:26:29","slug":"apa-vitamix-p","status":"publish","type":"product","link":"https:\/\/apanano.com\/vi\/product\/apa-vitamix-p\/","title":{"rendered":"APA VITAMIX P"},"content":{"rendered":"<p>Thu\u1ed1c b\u1ed9t tr\u1ed9n th\u1ee9c \u0103n.<\/p>\n<p><strong>TH\u00c0NH PH\u1ea6N<\/strong><br \/>\nVitamin A, Vitamin D3, Vitamin E, Vitamin K3, Vitamin B1, Vitamin B2, Vitamin B6, Vitamin B12, Vitamin PP, Biotin, Folic acid, Fe h\u1eefu c\u01a1, Cu h\u1eefu c\u01a1, Zn h\u1eefu c\u01a1, KI, Co h\u1eefu c\u01a1, Mg h\u1eefu c\u01a1, Mn h\u1eefu c\u01a1, Se sodium.<\/p>\n<p><strong>C\u00d4NG D\u1ee4NG<\/strong><br \/>\n&#8211; Ph\u00f2ng v\u00e0 tr\u1ecb c\u00e1c b\u1ec7nh \u1edf gia s\u00fac, gia c\u1ea7m do thi\u1ebfu vitamin v\u00e0 kho\u00e1ng thi\u1ebft y\u1ebfu nh\u01b0 b\u1ec7nh c\u00f2i x\u01b0\u01a1ng, ch\u1eadm l\u1edbn.<br \/>\n&#8211; \u0110\u1ea3m b\u1ea3o t\u0103ng c\u00e2n t\u1ed1t \u1edf gia s\u00fac, \u0111\u1ea3m b\u1ea3o n\u0103ng su\u1ea5t cao, \u0111\u1ebb nhi\u1ec1u \u1edf gia c\u1ea7m.<br \/>\n&#8211; Gi\u1ea3m t\u1ec9 l\u1ec7 ti\u00eau t\u1ed1n th\u1ee9c \u0103n, t\u0103ng s\u1ee9c \u0111\u1ec1 kh\u00e1ng, ch\u1ed1ng gi\u1ea3m c\u00e2n trong th\u1eddi k\u1ef3 \u0111\u1ebb tr\u1ee9ng.<\/p>\n<p><strong>C\u00c1CH D\u00d9NG &amp; LI\u1ec0U L\u01af\u1ee2NG<\/strong><br \/>\nTr\u1ed9n v\u00e0o th\u1ee9c \u0103n:<br \/>\n&#8211; Gia s\u00fac: 1,25 kg\/1 t\u1ea5n th\u1ee9c \u0103n.<br \/>\n&#8211; Gia c\u1ea7m: 1,5 kg\/1 t\u1ea5n th\u1ee9c \u0103n.<\/p>\n<p><strong>CH\u1ed0NG CH\u1ec8 \u0110\u1ecaNH<\/strong><br \/>\nKh\u00f4ng d\u00f9ng qu\u00e1 li\u1ec1u quy \u0111\u1ecbnh.<\/p>\n<p><strong>TH\u1edcI GIAN NG\u01afNG S\u1eec D\u1ee4NG THU\u1ed0C<\/strong><br \/>\nKh\u00f4ng c\u00f3.<\/p>\n<p><strong>B\u1ea2O QU\u1ea2N<\/strong><br \/>\nN\u01a1i kh\u00f4 r\u00e1o, tho\u00e1ng m\u00e1t, tr\u00e1nh \u00e1nh s\u00e1ng tr\u1ef1c ti\u1ebfp.<\/p>\n<h3 style=\"text-align: center;\"><span style=\"color: #ff0000;\">CH\u1ec8 D\u00d9NG TRONG TH\u00da Y<\/span><\/h3>\r\n<blockquote>\r\n<p style=\"text-align: center;\"><em>\u201cS\u1ea3n ph\u1ea9m kh\u00f4ng ch\u1ee9a c\u00e1c ch\u1ea5t c\u1ea5m s\u1eed d\u1ee5ng trong s\u1ea3n xu\u1ea5t, kinh doanh th\u00fa y theo c\u00e1c quy \u0111\u1ecbnh hi\u1ec7n h\u00e0nh c\u1ee7a <strong>B\u1ed9 N\u00f4ng nghi\u1ec7p v\u00e0 Ph\u00e1t tri\u1ec3n n\u00f4ng th\u00f4n<\/strong>\u201d<\/em><\/p>\r\n<\/blockquote>\r\n<p><!-- Shortcode [sty2] does not match the conditions --><\/p>\r\n<p style=\"text-align: center;\">S\u1ea3n ph\u1ea9m <a href=\"\">Thu\u1ed1c Th\u00fa Y <\/a> gi\u00e1 b\u00e1n, th\u00e0nh ph\u1ea7n ch\u00ednh, c\u00f4ng d\u1ee5ng \u0111i\u1ec1u tr\u1ecb, h\u01b0\u1edbng d\u1eabn s\u1eed d\u1ee5ng!<\/p>\n","protected":false},"excerpt":{"rendered":"<h3><span style=\"color: #ff0000;\">PREMIX T\u0102NG TR\u1eccNG CHO GIA S\u00daC<\/span><\/h3>\n<p><strong>C\u00d4NG D\u1ee4NG<\/strong><br \/>\n&#8211; Ph\u00f2ng v\u00e0 tr\u1ecb c\u00e1c b\u1ec7nh \u1edf gia s\u00fac, gia c\u1ea7m do thi\u1ebfu vitamin v\u00e0 kho\u00e1ng thi\u1ebft y\u1ebfu nh\u01b0 b\u1ec7nh c\u00f2i x\u01b0\u01a1ng, ch\u1eadm l\u1edbn.<br \/>\n&#8211; \u0110\u1ea3m b\u1ea3o t\u0103ng c\u00e2n t\u1ed1t \u1edf gia s\u00fac, \u0111\u1ea3m b\u1ea3o n\u0103ng su\u1ea5t cao, \u0111\u1ebb nhi\u1ec1u \u1edf gia c\u1ea7m.<br \/>\n&#8211; Gi\u1ea3m t\u1ec9 l\u1ec7 ti\u00eau t\u1ed1n th\u1ee9c \u0103n, t\u0103ng s\u1ee9c \u0111\u1ec1 kh\u00e1ng, ch\u1ed1ng gi\u1ea3m c\u00e2n trong th\u1eddi k\u1ef3 \u0111\u1ebb tr\u1ee9ng.<\/p>\n[sc name=\"scontact\" ]\n","protected":false},"featured_media":517,"comment_status":"open","ping_status":"closed","template":"","meta":{"sfsi_plus_gutenberg_text_before_share":"","sfsi_plus_gutenberg_show_text_before_share":"","sfsi_plus_gutenberg_icon_type":"","sfsi_plus_gutenberg_icon_alignemt":"","sfsi_plus_gutenburg_max_per_row":""},"product_brand":[],"product_cat":[16,18],"product_tag":[688],"class_list":{"0":"post-516","1":"product","2":"type-product","3":"status-publish","4":"has-post-thumbnail","6":"product_cat-livestock","7":"product_cat-poultry","8":"product_tag-thuoc-thu-y","10":"first","11":"instock","12":"shipping-taxable","13":"product-type-simple"},"_links":{"self":[{"href":"https:\/\/apanano.com\/vi\/wp-json\/wp\/v2\/product\/516","targetHints":{"allow":["GET"]}}],"collection":[{"href":"https:\/\/apanano.com\/vi\/wp-json\/wp\/v2\/product"}],"about":[{"href":"https:\/\/apanano.com\/vi\/wp-json\/wp\/v2\/types\/product"}],"replies":[{"embeddable":true,"href":"https:\/\/apanano.com\/vi\/wp-json\/wp\/v2\/comments?post=516"}],"wp:featuredmedia":[{"embeddable":true,"href":"https:\/\/apanano.com\/vi\/wp-json\/wp\/v2\/media\/517"}],"wp:attachment":[{"href":"https:\/\/apanano.com\/vi\/wp-json\/wp\/v2\/media?parent=516"}],"wp:term":[{"taxonomy":"product_brand","embeddable":true,"href":"https:\/\/apanano.com\/vi\/wp-json\/wp\/v2\/product_brand?post=516"},{"taxonomy":"product_cat","embeddable":true,"href":"https:\/\/apanano.com\/vi\/wp-json\/wp\/v2\/product_cat?post=516"},{"taxonomy":"product_tag","embeddable":true,"href":"https:\/\/apanano.com\/vi\/wp-json\/wp\/v2\/product_tag?post=516"}],"curies":[{"name":"wp","href":"https:\/\/api.w.org\/{rel}","templated":true}]}}