{"id":512,"date":"2016-08-31T08:43:09","date_gmt":"2016-08-31T01:43:09","guid":{"rendered":"http:\/\/apanano.com\/w\/?post_type=product&#038;p=512"},"modified":"2023-02-24T18:25:27","modified_gmt":"2023-02-24T11:25:27","slug":"apa-vitacomplex-i","status":"publish","type":"product","link":"https:\/\/apanano.com\/vi\/product\/apa-vitacomplex-i\/","title":{"rendered":"APA VITACOMPLEX I"},"content":{"rendered":"<p>Dung d\u1ecbch ti\u00eam.<\/p>\n<p><strong>TH\u00c0NH PH\u1ea6N<\/strong><br \/>\nVitamin A, Vitamin D3, Vitamin E, Vitamin B1, Vitamin B2, Vitamin B6, Vitamin PP.<\/p>\n<p><strong>C\u00d4NG D\u1ee4NG<\/strong><br \/>\n&#8211; Ph\u00f2ng v\u00e0 tr\u1ecb c\u00e1c b\u1ec7nh thi\u1ebfu <a href=\"https:\/\/apanano.com\/technical-support\/danh-muc-cac-loai-thuoc-thu-y-thuong-dung-trong-chan-nuoi\/\">Vitamin<\/a>.<br \/>\n&#8211; K\u00edch th\u00edch t\u0103ng tr\u1ecdng nhanh.<br \/>\n&#8211; T\u1ea1o s\u1ef1 th\u00e8m \u0103n cho th\u00fa.<br \/>\n&#8211; Gi\u00fap th\u00fa h\u1ed3i ph\u1ee5c s\u1ee9c kh\u1ecfe nhanh sau khi b\u1ec7nh.<br \/>\n&#8211; T\u0103ng s\u1ee9c \u0111\u1ec1 kh\u00e1ng, gi\u1ea3m stress cho th\u00fa trong nh\u1eefng \u0111i\u1ec1u ki\u1ec7n b\u1ea5t l\u1ee3i.<\/p>\n<p><strong>CH\u1ed0NG CH\u1ec8 \u0110\u1ecaNH<\/strong><br \/>\nKh\u00f4ng c\u00f3.<\/p>\n<p><strong>TH\u1edcI GIAN NG\u01afNG S\u1eec D\u1ee4NG THU\u1ed0C<\/strong><br \/>\nKh\u00f4ng c\u00f3.<\/p>\n<p><strong>C\u00c1CH D\u00d9NG &amp; LI\u1ec0U L\u01af\u1ee2NG<\/strong><br \/>\nTi\u00eam s\u00e2u b\u1eafp th\u1ecbt ho\u1eb7c ti\u00eam d\u01b0\u1edbi da:<br \/>\n&#8211; Tr\u00e2u, b\u00f2: 20 &#8211; 30 ml.<br \/>\n&#8211; Heo, b\u00ea, d\u00ea, c\u1eebu: 5 &#8211; 10 ml.<br \/>\n&#8211; Heo nh\u1ecf d\u01b0\u1edbi 5 kg: 0,5 &#8211; 2 ml.<br \/>\n&#8211; Gia c\u1ea7m, ch\u00f3, m\u00e8o: 0,5 &#8211; 2 ml.<\/p>\n<p><strong>B\u1ea2O QU\u1ea2N<\/strong><br \/>\nN\u01a1i kh\u00f4 r\u00e1o, tho\u00e1ng m\u00e1t, tr\u00e1nh \u00e1nh s\u00e1ng tr\u1ef1c ti\u1ebfp.<\/p>\n<h3 style=\"text-align: center;\"><span style=\"color: #ff0000;\">CH\u1ec8 D\u00d9NG TRONG TH\u00da Y<\/span><\/h3>\r\n<blockquote>\r\n<p style=\"text-align: center;\"><em>\u201cS\u1ea3n ph\u1ea9m kh\u00f4ng ch\u1ee9a c\u00e1c ch\u1ea5t c\u1ea5m s\u1eed d\u1ee5ng trong s\u1ea3n xu\u1ea5t, kinh doanh th\u00fa y theo c\u00e1c quy \u0111\u1ecbnh hi\u1ec7n h\u00e0nh c\u1ee7a <strong>B\u1ed9 N\u00f4ng nghi\u1ec7p v\u00e0 Ph\u00e1t tri\u1ec3n n\u00f4ng th\u00f4n<\/strong>\u201d<\/em><\/p>\r\n<\/blockquote>\r\n<p><!-- Shortcode [sty2] does not match the conditions --><\/p>\r\n<p style=\"text-align: center;\">S\u1ea3n ph\u1ea9m <a href=\"\">Thu\u1ed1c Th\u00fa Y <\/a> gi\u00e1 b\u00e1n, th\u00e0nh ph\u1ea7n ch\u00ednh, c\u00f4ng d\u1ee5ng \u0111i\u1ec1u tr\u1ecb, h\u01b0\u1edbng d\u1eabn s\u1eed d\u1ee5ng!<\/p>\n","protected":false},"excerpt":{"rendered":"<h3><span style=\"color: #ff0000;\">B\u1ed4 SUNG VITAMIN C\u1ea6N THI\u1ebeT CHO GIA S\u00daC, GIA C\u1ea6M<\/span><\/h3>\n<p><strong>C\u00d4NG D\u1ee4NG<\/strong><br \/>\n&#8211; Ph\u00f2ng v\u00e0 tr\u1ecb c\u00e1c b\u1ec7nh thi\u1ebfu Vitamin.<br \/>\n&#8211; K\u00edch th\u00edch t\u0103ng tr\u1ecdng nhanh.<br \/>\n&#8211; T\u1ea1o s\u1ef1 th\u00e8m \u0103n cho th\u00fa.<br \/>\n&#8211; Gi\u00fap th\u00fa h\u1ed3i ph\u1ee5c s\u1ee9c kh\u1ecfe nhanh sau khi b\u1ec7nh.<br \/>\n&#8211; T\u0103ng s\u1ee9c \u0111\u1ec1 kh\u00e1ng, gi\u1ea3m stress cho th\u00fa trong nh\u1eefng \u0111i\u1ec1u ki\u1ec7n b\u1ea5t l\u1ee3i.<\/p>\n[sc name=\"scontact\" ]\n","protected":false},"featured_media":513,"comment_status":"open","ping_status":"closed","template":"","meta":{"sfsi_plus_gutenberg_text_before_share":"","sfsi_plus_gutenberg_show_text_before_share":"","sfsi_plus_gutenberg_icon_type":"","sfsi_plus_gutenberg_icon_alignemt":"","sfsi_plus_gutenburg_max_per_row":""},"product_brand":[],"product_cat":[16,18,17],"product_tag":[688,689],"class_list":{"0":"post-512","1":"product","2":"type-product","3":"status-publish","4":"has-post-thumbnail","6":"product_cat-livestock","7":"product_cat-poultry","8":"product_cat-pet","9":"product_tag-thuoc-thu-y","10":"product_tag-thuoc-tiem","12":"first","13":"instock","14":"featured","15":"shipping-taxable","16":"product-type-simple"},"_links":{"self":[{"href":"https:\/\/apanano.com\/vi\/wp-json\/wp\/v2\/product\/512","targetHints":{"allow":["GET"]}}],"collection":[{"href":"https:\/\/apanano.com\/vi\/wp-json\/wp\/v2\/product"}],"about":[{"href":"https:\/\/apanano.com\/vi\/wp-json\/wp\/v2\/types\/product"}],"replies":[{"embeddable":true,"href":"https:\/\/apanano.com\/vi\/wp-json\/wp\/v2\/comments?post=512"}],"wp:featuredmedia":[{"embeddable":true,"href":"https:\/\/apanano.com\/vi\/wp-json\/wp\/v2\/media\/513"}],"wp:attachment":[{"href":"https:\/\/apanano.com\/vi\/wp-json\/wp\/v2\/media?parent=512"}],"wp:term":[{"taxonomy":"product_brand","embeddable":true,"href":"https:\/\/apanano.com\/vi\/wp-json\/wp\/v2\/product_brand?post=512"},{"taxonomy":"product_cat","embeddable":true,"href":"https:\/\/apanano.com\/vi\/wp-json\/wp\/v2\/product_cat?post=512"},{"taxonomy":"product_tag","embeddable":true,"href":"https:\/\/apanano.com\/vi\/wp-json\/wp\/v2\/product_tag?post=512"}],"curies":[{"name":"wp","href":"https:\/\/api.w.org\/{rel}","templated":true}]}}