{"id":508,"date":"2016-07-25T12:41:02","date_gmt":"2016-07-25T05:41:02","guid":{"rendered":"http:\/\/apanano.com\/w\/?post_type=product&#038;p=508"},"modified":"2023-02-24T18:26:31","modified_gmt":"2023-02-24T11:26:31","slug":"apa-tylosin-20-p","status":"publish","type":"product","link":"https:\/\/apanano.com\/vi\/product\/apa-tylosin-20-p\/","title":{"rendered":"APA TYLOSIN 20 P"},"content":{"rendered":"<p>Thu\u1ed1c b\u1ed9t u\u1ed1ng ho\u1eb7c tr\u1ed9n th\u1ee9c \u0103n.<\/p>\n<p><strong>TH\u00c0NH PH\u1ea6N<\/strong><br \/>\nTylosin tartrate.<\/p>\n<p><strong>C\u00d4NG D\u1ee4NG<\/strong><br \/>\n&#8211; G\u00e0, v\u1ecbt: \u0110i\u1ec1u tr\u1ecb <a href=\"https:\/\/apanano.com\/technical-support\/benh-ho-hap-man-tinh-crd-tren-gia-cam\/\" target=\"_blank\" rel=\"noopener noreferrer\">b\u1ec7nh h\u00f4 h\u1ea5p m\u00e3n t\u00ednh<\/a> (CRD) v\u00e0 b\u1ec7nh h\u00f4 h\u1ea5p ph\u1ee9c h\u1ee3p (CCRD).<br \/>\n&#8211; Heo: \u0111i\u1ec1u tr\u1ecb v\u00e0 ki\u1ec3m so\u00e1t b\u1ec7nh l\u1ef5.<\/p>\n<p><strong>CH\u1ed0NG CH\u1ec8 \u0110\u1ecaNH<\/strong><br \/>\nKh\u00f4ng d\u00f9ng qu\u00e1 li\u1ec1u quy \u0111\u1ecbnh.<\/p>\n<p><strong>TH\u1edcI GIAN NG\u01afNG S\u1eec D\u1ee4NG THU\u1ed0C<\/strong><br \/>\nKhai th\u00e1c th\u1ecbt:<br \/>\n&#8211; G\u00e0, v\u1ecbt: 01 ng\u00e0y.<br \/>\n&#8211; Heo: 02 ng\u00e0y.<\/p>\n<p><strong>C\u00c1CH D\u00d9NG &amp; LI\u1ec0U L\u01af\u1ee2NG<\/strong><br \/>\n&#8211; G\u00e0, v\u1ecbt: 1 g\/10 kg th\u1ec3 tr\u1ecdng ho\u1eb7c 1 g\/1 l\u00edt n\u01b0\u1edbc u\u1ed1ng.<br \/>\n&#8211; Tr\u00e2u, b\u00f2, heo: 1 g\/20 kg th\u1ec3 tr\u1ecdng ho\u1eb7c 1 g\/2 l\u00edt n\u01b0\u1edbc u\u1ed1ng.<br \/>\nS\u1eed d\u1ee5ng li\u00ean t\u1ee5c trong 4 &#8211; 5 ng\u00e0y.<br \/>\nPh\u00f2ng ng\u1eeba: d\u00f9ng n\u1eeda li\u1ec1u \u0111i\u1ec1u tr\u1ecb.<\/p>\n<p><strong>B\u1ea2O QU\u1ea2N<\/strong><br \/>\n&#8211; N\u01a1i kh\u00f4 r\u00e1o, tho\u00e1ng m\u00e1t, tr\u00e1nh \u00e1nh s\u00e1ng tr\u1ef1c ti\u1ebfp.<br \/>\n&#8211; B\u1ea3o qu\u1ea3n \u1edf nhi\u1ec7t \u0111\u1ed9 ph\u00f2ng, d\u01b0\u1edbi 30oC.<\/p>\n<h3 style=\"text-align: center;\"><span style=\"color: #ff0000;\">CH\u1ec8 D\u00d9NG TRONG TH\u00da Y<\/span><\/h3>\r\n<blockquote>\r\n<p style=\"text-align: center;\"><em>\u201cS\u1ea3n ph\u1ea9m kh\u00f4ng ch\u1ee9a c\u00e1c ch\u1ea5t c\u1ea5m s\u1eed d\u1ee5ng trong s\u1ea3n xu\u1ea5t, kinh doanh th\u00fa y theo c\u00e1c quy \u0111\u1ecbnh hi\u1ec7n h\u00e0nh c\u1ee7a <strong>B\u1ed9 N\u00f4ng nghi\u1ec7p v\u00e0 Ph\u00e1t tri\u1ec3n n\u00f4ng th\u00f4n<\/strong>\u201d<\/em><\/p>\r\n<\/blockquote>\r\n<p><!-- Shortcode [sty2] does not match the conditions --><\/p>\r\n<p style=\"text-align: center;\">S\u1ea3n ph\u1ea9m <a href=\"\">Thu\u1ed1c Th\u00fa Y <\/a> gi\u00e1 b\u00e1n, th\u00e0nh ph\u1ea7n ch\u00ednh, c\u00f4ng d\u1ee5ng \u0111i\u1ec1u tr\u1ecb, h\u01b0\u1edbng d\u1eabn s\u1eed d\u1ee5ng!<\/p>\n","protected":false},"excerpt":{"rendered":"<h3><span style=\"color: #ff0000;\">\u0110\u1eb6C TR\u1eca CCRD TR\u00caN GIA C\u1ea6M<\/span><\/h3>\n<p><strong>C\u00d4NG D\u1ee4NG<\/strong><br \/>\n&#8211; G\u00e0, v\u1ecbt: \u0110i\u1ec1u tr\u1ecb b\u1ec7nh h\u00f4 h\u1ea5p m\u00e3n t\u00ednh (CRD) v\u00e0 b\u1ec7nh h\u00f4 h\u1ea5p ph\u1ee9c h\u1ee3p (CCRD).<br \/>\n&#8211; Heo: \u0111i\u1ec1u tr\u1ecb v\u00e0 ki\u1ec3m so\u00e1t b\u1ec7nh l\u1ef5.<\/p>\n[sc name=\"scontact\" ]\n","protected":false},"featured_media":509,"comment_status":"open","ping_status":"closed","template":"","meta":{"sfsi_plus_gutenberg_text_before_share":"","sfsi_plus_gutenberg_show_text_before_share":"","sfsi_plus_gutenberg_icon_type":"","sfsi_plus_gutenberg_icon_alignemt":"","sfsi_plus_gutenburg_max_per_row":""},"product_brand":[],"product_cat":[16,18],"product_tag":[516,688],"class_list":{"0":"post-508","1":"product","2":"type-product","3":"status-publish","4":"has-post-thumbnail","6":"product_cat-livestock","7":"product_cat-poultry","8":"product_tag-benh-crd","9":"product_tag-thuoc-thu-y","11":"first","12":"instock","13":"shipping-taxable","14":"product-type-simple"},"_links":{"self":[{"href":"https:\/\/apanano.com\/vi\/wp-json\/wp\/v2\/product\/508","targetHints":{"allow":["GET"]}}],"collection":[{"href":"https:\/\/apanano.com\/vi\/wp-json\/wp\/v2\/product"}],"about":[{"href":"https:\/\/apanano.com\/vi\/wp-json\/wp\/v2\/types\/product"}],"replies":[{"embeddable":true,"href":"https:\/\/apanano.com\/vi\/wp-json\/wp\/v2\/comments?post=508"}],"wp:featuredmedia":[{"embeddable":true,"href":"https:\/\/apanano.com\/vi\/wp-json\/wp\/v2\/media\/509"}],"wp:attachment":[{"href":"https:\/\/apanano.com\/vi\/wp-json\/wp\/v2\/media?parent=508"}],"wp:term":[{"taxonomy":"product_brand","embeddable":true,"href":"https:\/\/apanano.com\/vi\/wp-json\/wp\/v2\/product_brand?post=508"},{"taxonomy":"product_cat","embeddable":true,"href":"https:\/\/apanano.com\/vi\/wp-json\/wp\/v2\/product_cat?post=508"},{"taxonomy":"product_tag","embeddable":true,"href":"https:\/\/apanano.com\/vi\/wp-json\/wp\/v2\/product_tag?post=508"}],"curies":[{"name":"wp","href":"https:\/\/api.w.org\/{rel}","templated":true}]}}