{"id":506,"date":"2016-07-25T10:40:27","date_gmt":"2016-07-25T03:40:27","guid":{"rendered":"http:\/\/apanano.com\/w\/?post_type=product&#038;p=506"},"modified":"2023-02-24T18:26:32","modified_gmt":"2023-02-24T11:26:32","slug":"apa-tylosin-20-i","status":"publish","type":"product","link":"https:\/\/apanano.com\/vi\/product\/apa-tylosin-20-i\/","title":{"rendered":"APA TYLOSIN 20 I"},"content":{"rendered":"<p>Dung d\u1ecbch ti\u00eam.<\/p>\n<p><strong>TH\u00c0NH PH\u1ea6N<\/strong><br \/>\nTylosin tartrate.<\/p>\n<p><strong>C\u00d4NG D\u1ee4NG<\/strong><br \/>\n&#8211; Heo: \u0110i\u1ec1u tr\u1ecb suy\u1ec5n, vi\u00eam kh\u1edbp do Mycoplasma, <a href=\"https:\/\/apanano.com\/technical-support\/benh-viem-phoi-dinh-suon-app-tren-heo\/\" target=\"_blank\" rel=\"noopener noreferrer\">vi\u00eam ph\u1ed5i do Pasteurella spp<\/a>, b\u1ec7nh \u0111\u00f3ng d\u1ea5u son v\u00e0 b\u1ec7nh l\u1ef5 c\u1ea5p t\u00ednh.<br \/>\n&#8211; B\u00f2 th\u1ecbt v\u00e0 b\u00f2 s\u1eefa \u0111ang trong giai \u0111o\u1ea1n kh\u00f4ng cho s\u1eefa: \u0110i\u1ec1u tr\u1ecb c\u00e1c b\u1ec7nh h\u00f4 h\u1ea5p ph\u1ee9c t\u1ea1p, t\u1ee5 huy\u1ebft tr\u00f9ng, vi\u00eam m\u00f3ng, b\u1ea1ch h\u1ea7u b\u00ea v\u00e0 vi\u00eam t\u1eed cung.<\/p>\n<p><strong>CH\u1ed0NG CH\u1ec8 \u0110\u1ecaNH<\/strong><br \/>\n&#8211; Tr\u01b0\u1eddng h\u1ee3p qu\u00e1 m\u1eabn v\u1edbi Tylosin.<br \/>\n&#8211; R\u1ed1i lo\u1ea1n ch\u1ee9c n\u0103ng th\u1eadn nghi\u00eam tr\u1ecdng.<br \/>\n&#8211; S\u1eed d\u1ee5ng cho th\u00fa kh\u00e1c (kh\u00f4ng theo h\u01b0\u1edbng d\u1eabn).<\/p>\n<p><strong>TH\u1edcI GIAN NG\u01afNG S\u1eec D\u1ee4NG THU\u1ed0C<\/strong><br \/>\nKhai th\u00e1c th\u1ecbt: 03 ng\u00e0y.<\/p>\n<p><strong>C\u00c1CH D\u00d9NG &amp; LI\u1ec0U L\u01af\u1ee2NG<\/strong><br \/>\nCh\u1ec9 ti\u00eam b\u1eafp:<br \/>\n&#8211; Heo: Ti\u00eam 1 ml\/20 kg th\u1ec3 tr\u1ecdng, m\u1ed7i ng\u00e0y hai l\u1ea7n. \u0110i\u1ec1u tr\u1ecb li\u00ean t\u1ee5c 24 gi\u1edd sau khi h\u1ebft c\u00e1c tri\u1ec7u ch\u1ee9ng c\u1ee7a b\u1ec7nh, kh\u00f4ng qu\u00e1 3 ng\u00e0y. Kh\u00f4ng ti\u00eam h\u01a1n 5 ml cho m\u1ed7i v\u1ecb tr\u00ed ti\u00eam.<br \/>\n&#8211; B\u00f2 th\u1ecbt v\u00e0 b\u00f2 s\u1eefa \u0111ang trong giai \u0111o\u1ea1n kh\u00f4ng cho s\u1eefa: Ti\u00eam 1 ml\/10 kg tr\u1ecdng l\u01b0\u1ee3ng c\u01a1 th\u1ec3. \u0110i\u1ec1u tr\u1ecb li\u00ean t\u1ee5c 24 gi\u1edd sau khi h\u1ebft c\u00e1c tri\u1ec7u ch\u1ee9ng c\u1ee7a b\u1ec7nh, kh\u00f4ng qu\u00e1 3 ng\u00e0y. Kh\u00f4ng ti\u00eam h\u01a1n 5 ml cho m\u1ed7i v\u1ecb tr\u00ed ti\u00eam.<\/p>\n<p><strong>B\u1ea2O QU\u1ea2N<\/strong><br \/>\n&#8211; N\u01a1i kh\u00f4 r\u00e1o, tho\u00e1ng m\u00e1t, tr\u00e1nh \u00e1nh s\u00e1ng tr\u1ef1c ti\u1ebfp.<br \/>\n&#8211; B\u1ea3o qu\u1ea3n \u1edf nhi\u1ec7t \u0111\u1ed9 ph\u00f2ng, d\u01b0\u1edbi 30oC.<\/p>\n<h3 style=\"text-align: center;\"><span style=\"color: #ff0000;\">CH\u1ec8 D\u00d9NG TRONG TH\u00da Y<\/span><\/h3>\r\n<blockquote>\r\n<p style=\"text-align: center;\"><em>\u201cS\u1ea3n ph\u1ea9m kh\u00f4ng ch\u1ee9a c\u00e1c ch\u1ea5t c\u1ea5m s\u1eed d\u1ee5ng trong s\u1ea3n xu\u1ea5t, kinh doanh th\u00fa y theo c\u00e1c quy \u0111\u1ecbnh hi\u1ec7n h\u00e0nh c\u1ee7a <strong>B\u1ed9 N\u00f4ng nghi\u1ec7p v\u00e0 Ph\u00e1t tri\u1ec3n n\u00f4ng th\u00f4n<\/strong>\u201d<\/em><\/p>\r\n<\/blockquote>\r\n<p><!-- Shortcode [sty2] does not match the conditions --><\/p>\r\n<p style=\"text-align: center;\">S\u1ea3n ph\u1ea9m <a href=\"\">Thu\u1ed1c Th\u00fa Y <\/a> gi\u00e1 b\u00e1n, th\u00e0nh ph\u1ea7n ch\u00ednh, c\u00f4ng d\u1ee5ng \u0111i\u1ec1u tr\u1ecb, h\u01b0\u1edbng d\u1eabn s\u1eed d\u1ee5ng!<\/p>\n","protected":false},"excerpt":{"rendered":"<h3><span style=\"color: #ff0000;\">\u0110\u1eb6C TR\u1eca B\u1ec6NH SUY\u1ec4N TR\u00caN HEO<\/span><\/h3>\n<p><strong>C\u00d4NG D\u1ee4NG<\/strong><br \/>\n&#8211; Heo: \u0110i\u1ec1u tr\u1ecb suy\u1ec5n, vi\u00eam kh\u1edbp do Mycoplasma, vi\u00eam ph\u1ed5i do Pasteurella spp, b\u1ec7nh \u0111\u00f3ng d\u1ea5u son v\u00e0 b\u1ec7nh l\u1ef5 c\u1ea5p t\u00ednh.<br \/>\n&#8211; B\u00f2 th\u1ecbt v\u00e0 b\u00f2 s\u1eefa \u0111ang trong giai \u0111o\u1ea1n kh\u00f4ng cho s\u1eefa: \u0110i\u1ec1u tr\u1ecb c\u00e1c b\u1ec7nh h\u00f4 h\u1ea5p ph\u1ee9c t\u1ea1p, t\u1ee5 huy\u1ebft tr\u00f9ng, vi\u00eam m\u00f3ng, b\u1ea1ch h\u1ea7u b\u00ea v\u00e0 vi\u00eam t\u1eed cung.<\/p>\n[sc name=\"scontact\" ]\n","protected":false},"featured_media":507,"comment_status":"open","ping_status":"closed","template":"","meta":{"sfsi_plus_gutenberg_text_before_share":"","sfsi_plus_gutenberg_show_text_before_share":"","sfsi_plus_gutenberg_icon_type":"","sfsi_plus_gutenberg_icon_alignemt":"","sfsi_plus_gutenburg_max_per_row":""},"product_brand":[],"product_cat":[16],"product_tag":[688,689],"class_list":{"0":"post-506","1":"product","2":"type-product","3":"status-publish","4":"has-post-thumbnail","6":"product_cat-livestock","7":"product_tag-thuoc-thu-y","8":"product_tag-thuoc-tiem","10":"first","11":"instock","12":"shipping-taxable","13":"product-type-simple"},"_links":{"self":[{"href":"https:\/\/apanano.com\/vi\/wp-json\/wp\/v2\/product\/506","targetHints":{"allow":["GET"]}}],"collection":[{"href":"https:\/\/apanano.com\/vi\/wp-json\/wp\/v2\/product"}],"about":[{"href":"https:\/\/apanano.com\/vi\/wp-json\/wp\/v2\/types\/product"}],"replies":[{"embeddable":true,"href":"https:\/\/apanano.com\/vi\/wp-json\/wp\/v2\/comments?post=506"}],"wp:featuredmedia":[{"embeddable":true,"href":"https:\/\/apanano.com\/vi\/wp-json\/wp\/v2\/media\/507"}],"wp:attachment":[{"href":"https:\/\/apanano.com\/vi\/wp-json\/wp\/v2\/media?parent=506"}],"wp:term":[{"taxonomy":"product_brand","embeddable":true,"href":"https:\/\/apanano.com\/vi\/wp-json\/wp\/v2\/product_brand?post=506"},{"taxonomy":"product_cat","embeddable":true,"href":"https:\/\/apanano.com\/vi\/wp-json\/wp\/v2\/product_cat?post=506"},{"taxonomy":"product_tag","embeddable":true,"href":"https:\/\/apanano.com\/vi\/wp-json\/wp\/v2\/product_tag?post=506"}],"curies":[{"name":"wp","href":"https:\/\/api.w.org\/{rel}","templated":true}]}}