{"id":502,"date":"2016-07-25T10:24:23","date_gmt":"2016-07-25T03:24:23","guid":{"rendered":"http:\/\/apanano.com\/w\/?post_type=product&#038;p=502"},"modified":"2023-02-24T18:26:33","modified_gmt":"2023-02-24T11:26:33","slug":"apa-toltra-5-s","status":"publish","type":"product","link":"https:\/\/apanano.com\/vi\/product\/apa-toltra-5-s\/","title":{"rendered":"APA TOLTRA 5 S"},"content":{"rendered":"<p>H\u1ed7n d\u1ecbch u\u1ed1ng.<\/p>\n<p><strong>TH\u00c0NH PH\u1ea6N<\/strong><br \/>\nToltrazuril.<\/p>\n<p><strong>C\u00d4NG D\u1ee4NG<\/strong><br \/>\nPh\u00f2ng v\u00e0 tr\u1ecb <a href=\"https:\/\/apanano.com\/technical-support\/benh-cau-trung-o-heo-con\/\" target=\"_blank\" rel=\"noopener noreferrer\">b\u1ec7nh c\u1ea7u tr\u00f9ng<\/a> g\u00e2y ti\u00eau ch\u1ea3y tr\u00ean heo con theo m\u1eb9, b\u00ea, ngh\u00e9.<\/p>\n<p><strong>CH\u1ed0NG CH\u1ec8 \u0110\u1ecaNH<\/strong><br \/>\n&#8211; Kh\u00f4ng k\u00edch th\u00edch h\u00ecnh th\u00e0nh mi\u1ec5n d\u1ecbch \u0111\u1ed1i v\u1edbi c\u1ea7u tr\u00f9ng.<br \/>\n&#8211; D\u00f9ng l\u00e2u d\u00e0i c\u00f3 th\u1ec3 g\u00e2y ra hi\u1ec7n t\u01b0\u1ee3ng kh\u00e1ng thu\u1ed1c.<\/p>\n<p><strong>TH\u1edcI GIAN NG\u01afNG S\u1eec D\u1ee4NG THU\u1ed0C<\/strong><br \/>\nKhai th\u00e1c th\u1ecbt:<br \/>\n&#8211; 70 ng\u00e0y (heo con).<br \/>\n&#8211; 63 ng\u00e0y (b\u00ea, ngh\u00e9).<\/p>\n<p><strong>C\u00c1CH D\u00d9NG &amp; LI\u1ec0U L\u01af\u1ee2NG<\/strong><br \/>\n&#8211; Heo con: Cho u\u1ed1ng m\u1ed9t l\u1ea7n duy nh\u1ea5t v\u1edbi li\u1ec1u 0,4 ml\/kg th\u1ec3 tr\u1ecdng hay 1ml\/ con v\u00e0o l\u00fac 3 &#8211; 5 ng\u00e0y tu\u1ed5i.<br \/>\n&#8211; B\u00ea, ngh\u00e9: Cho u\u1ed1ng 1 l\u1ea7n v\u1edbi li\u1ec1u 3ml\/10 kg th\u1ec3 tr\u1ecdng v\u00e0o l\u00fac 5 tu\u1ea7n tu\u1ed5i hay tr\u01b0\u1edbc khi b\u1eaft \u0111\u1ea7u \u0103n c\u1ecf.<\/p>\n<p><strong>B\u1ea2O QU\u1ea2N<\/strong><br \/>\nN\u01a1i kh\u00f4 r\u00e1o, tho\u00e1ng m\u00e1t, tr\u00e1nh \u00e1nh s\u00e1ng tr\u1ef1c ti\u1ebfp.<\/p>\n<h3 style=\"text-align: center;\"><span style=\"color: #ff0000;\">CH\u1ec8 D\u00d9NG TRONG TH\u00da Y<\/span><\/h3>\r\n<blockquote>\r\n<p style=\"text-align: center;\"><em>\u201cS\u1ea3n ph\u1ea9m kh\u00f4ng ch\u1ee9a c\u00e1c ch\u1ea5t c\u1ea5m s\u1eed d\u1ee5ng trong s\u1ea3n xu\u1ea5t, kinh doanh th\u00fa y theo c\u00e1c quy \u0111\u1ecbnh hi\u1ec7n h\u00e0nh c\u1ee7a <strong>B\u1ed9 N\u00f4ng nghi\u1ec7p v\u00e0 Ph\u00e1t tri\u1ec3n n\u00f4ng th\u00f4n<\/strong>\u201d<\/em><\/p>\r\n<\/blockquote>\r\n<p><!-- Shortcode [sty2] does not match the conditions --><\/p>\r\n<p style=\"text-align: center;\">S\u1ea3n ph\u1ea9m <a href=\"\">Thu\u1ed1c Th\u00fa Y <\/a> gi\u00e1 b\u00e1n, th\u00e0nh ph\u1ea7n ch\u00ednh, c\u00f4ng d\u1ee5ng \u0111i\u1ec1u tr\u1ecb, h\u01b0\u1edbng d\u1eabn s\u1eed d\u1ee5ng!<\/p>\n","protected":false},"excerpt":{"rendered":"<h3><span style=\"color: #ff0000;\">\u0110\u1eb6C TR\u1eca C\u1ea6U TR\u00d9NG TR\u00caN HEO CON<\/span><\/h3>\n<p><strong>C\u00d4NG D\u1ee4NG<\/strong><br \/>\nPh\u00f2ng v\u00e0 tr\u1ecb b\u1ec7nh c\u1ea7u tr\u00f9ng g\u00e2y ti\u00eau ch\u1ea3y tr\u00ean heo con theo m\u1eb9, b\u00ea, ngh\u00e9.<\/p>\n[sc name=\"scontact\" ]\n","protected":false},"featured_media":503,"comment_status":"open","ping_status":"closed","template":"","meta":{"sfsi_plus_gutenberg_text_before_share":"","sfsi_plus_gutenberg_show_text_before_share":"","sfsi_plus_gutenberg_icon_type":"","sfsi_plus_gutenberg_icon_alignemt":"","sfsi_plus_gutenburg_max_per_row":""},"product_brand":[],"product_cat":[16],"product_tag":[688],"class_list":{"0":"post-502","1":"product","2":"type-product","3":"status-publish","4":"has-post-thumbnail","6":"product_cat-livestock","7":"product_tag-thuoc-thu-y","9":"first","10":"instock","11":"featured","12":"shipping-taxable","13":"product-type-simple"},"_links":{"self":[{"href":"https:\/\/apanano.com\/vi\/wp-json\/wp\/v2\/product\/502","targetHints":{"allow":["GET"]}}],"collection":[{"href":"https:\/\/apanano.com\/vi\/wp-json\/wp\/v2\/product"}],"about":[{"href":"https:\/\/apanano.com\/vi\/wp-json\/wp\/v2\/types\/product"}],"replies":[{"embeddable":true,"href":"https:\/\/apanano.com\/vi\/wp-json\/wp\/v2\/comments?post=502"}],"wp:featuredmedia":[{"embeddable":true,"href":"https:\/\/apanano.com\/vi\/wp-json\/wp\/v2\/media\/503"}],"wp:attachment":[{"href":"https:\/\/apanano.com\/vi\/wp-json\/wp\/v2\/media?parent=502"}],"wp:term":[{"taxonomy":"product_brand","embeddable":true,"href":"https:\/\/apanano.com\/vi\/wp-json\/wp\/v2\/product_brand?post=502"},{"taxonomy":"product_cat","embeddable":true,"href":"https:\/\/apanano.com\/vi\/wp-json\/wp\/v2\/product_cat?post=502"},{"taxonomy":"product_tag","embeddable":true,"href":"https:\/\/apanano.com\/vi\/wp-json\/wp\/v2\/product_tag?post=502"}],"curies":[{"name":"wp","href":"https:\/\/api.w.org\/{rel}","templated":true}]}}