{"id":496,"date":"2016-07-25T09:08:02","date_gmt":"2016-07-25T02:08:02","guid":{"rendered":"http:\/\/apanano.com\/w\/?post_type=product&#038;p=496"},"modified":"2023-02-24T18:26:37","modified_gmt":"2023-02-24T11:26:37","slug":"apa-sulfa-pyri-p","status":"publish","type":"product","link":"https:\/\/apanano.com\/vi\/product\/apa-sulfa-pyri-p\/","title":{"rendered":"APA SULFA PYRI P"},"content":{"rendered":"<p>Thu\u1ed1c b\u1ed9t u\u1ed1ng ho\u1eb7c tr\u1ed9n th\u1ee9c \u0103n.<\/p>\n<p><strong>TH\u00c0NH PH\u1ea6N<\/strong><br \/>\nSulfadoxine, Pyrimethamine.<\/p>\n<p><strong>C\u00d4NG D\u1ee4NG<\/strong><br \/>\nTr\u1ecb c\u00e1c b\u1ec7nh k\u00fd sinh tr\u00f9ng \u0111\u01b0\u1eddng m\u00e1u \u1edf g\u00e0, \u0111\u1eb7c bi\u1ec7t tr\u00ean b\u1ec7nh s\u1ed1t r\u00e9t g\u00e0 do Plasmodium gallinaceum, b\u1ec7nh do Leucocytozoon, <a href=\"https:\/\/apanano.com\/technical-support\/histomonosis\/\" target=\"_blank\" rel=\"noopener noreferrer\">b\u1ec7nh \u0111\u1ea7u \u0111en<\/a> do Histomonas meleagridis g\u00e2y ra.<\/p>\n<p><strong>CH\u1ed0NG CH\u1ec8 \u0110\u1ecaNH<\/strong><br \/>\n&#8211; Kh\u00f4ng d\u00f9ng qu\u00e1 li\u1ec1u quy \u0111\u1ecbnh.<br \/>\n&#8211; \u0110\u1ed9ng v\u1eadt qu\u00e1 m\u1eabn v\u1edbi c\u00e1c th\u00e0nh ph\u1ea7n c\u1ee7a thu\u1ed1c.<br \/>\n&#8211; \u0110\u1ed9ng v\u1eadt b\u1ecb thi\u1ebfu m\u00e1u nguy\u00ean ph\u00e1t.<br \/>\n&#8211; \u0110\u1ed9ng v\u1eadt b\u1ecb t\u1ed5n th\u01b0\u01a1ng gan, suy th\u1eadn ho\u1eb7c r\u1ed1i lo\u1ea1n t\u1ea1o m\u00e1u.<\/p>\n<p><strong>TH\u1edcI GIAN NG\u01afNG S\u1eec D\u1ee4NG THU\u1ed0C<\/strong><br \/>\nKhai th\u00e1c th\u1ecbt: 10 ng\u00e0y.<\/p>\n<p><strong>C\u00c1CH D\u00d9NG &amp; LI\u1ec0U L\u01af\u1ee2NG<\/strong><br \/>\nPha n\u01b0\u1edbc u\u1ed1ng ho\u1eb7c tr\u1ed9n th\u1ee9c \u0103n.<br \/>\n&#8211; Ph\u00f2ng b\u1ec7nh: 1 g\/2 l\u00edt n\u01b0\u1edbc u\u1ed1ng, u\u1ed1ng 2 l\u1ea7n\/1 tu\u1ea7n.<br \/>\n&#8211; Tr\u1ecb b\u1ec7nh: 1 g\/1 l\u00edt n\u01b0\u1edbc u\u1ed1ng, 3 &#8211; 5 ng\u00e0y ho\u1eb7c 7 ng\u00e0y cho \u0111\u1ebfn khi h\u1ed3i ph\u1ee5c.<\/p>\n<p><strong>B\u1ea2O QU\u1ea2N<\/strong><br \/>\nN\u01a1i kh\u00f4 r\u00e1o, tho\u00e1ng m\u00e1t, tr\u00e1nh \u00e1nh s\u00e1ng tr\u1ef1c ti\u1ebfp.<\/p>\n<h3 style=\"text-align: center;\"><span style=\"color: #ff0000;\">CH\u1ec8 D\u00d9NG TRONG TH\u00da Y<\/span><\/h3>\r\n<blockquote>\r\n<p style=\"text-align: center;\"><em>\u201cS\u1ea3n ph\u1ea9m kh\u00f4ng ch\u1ee9a c\u00e1c ch\u1ea5t c\u1ea5m s\u1eed d\u1ee5ng trong s\u1ea3n xu\u1ea5t, kinh doanh th\u00fa y theo c\u00e1c quy \u0111\u1ecbnh hi\u1ec7n h\u00e0nh c\u1ee7a <strong>B\u1ed9 N\u00f4ng nghi\u1ec7p v\u00e0 Ph\u00e1t tri\u1ec3n n\u00f4ng th\u00f4n<\/strong>\u201d<\/em><\/p>\r\n<\/blockquote>\r\n<p><!-- Shortcode [sty2] does not match the conditions --><\/p>\r\n<p style=\"text-align: center;\">S\u1ea3n ph\u1ea9m <a href=\"\">Thu\u1ed1c Th\u00fa Y <\/a> gi\u00e1 b\u00e1n, th\u00e0nh ph\u1ea7n ch\u00ednh, c\u00f4ng d\u1ee5ng \u0111i\u1ec1u tr\u1ecb, h\u01b0\u1edbng d\u1eabn s\u1eed d\u1ee5ng!<\/p>\n","protected":false},"excerpt":{"rendered":"<h3><span style=\"color: #ff0000;\">\u0110\u1eb6C TR\u1eca K\u00dd SINH TR\u00d9NG \u0110\u01af\u1edcNG M\u00c1U<\/span><\/h3>\n<p><strong>C\u00d4NG D\u1ee4NG<\/strong><br \/>\nTr\u1ecb c\u00e1c b\u1ec7nh k\u00fd sinh tr\u00f9ng \u0111\u01b0\u1eddng m\u00e1u \u1edf g\u00e0, \u0111\u1eb7c bi\u1ec7t tr\u00ean b\u1ec7nh s\u1ed1t r\u00e9t g\u00e0 do Plasmodium gallinaceum, b\u1ec7nh do Leucocytozoon, b\u1ec7nh \u0111\u1ea7u \u0111en do Histomonas meleagridis g\u00e2y ra.<\/p>\n[sc name=\"scontact\" ]\n","protected":false},"featured_media":497,"comment_status":"open","ping_status":"closed","template":"","meta":{"sfsi_plus_gutenberg_text_before_share":"","sfsi_plus_gutenberg_show_text_before_share":"","sfsi_plus_gutenberg_icon_type":"","sfsi_plus_gutenberg_icon_alignemt":"","sfsi_plus_gutenburg_max_per_row":""},"product_brand":[],"product_cat":[18],"product_tag":[688],"class_list":{"0":"post-496","1":"product","2":"type-product","3":"status-publish","4":"has-post-thumbnail","6":"product_cat-poultry","7":"product_tag-thuoc-thu-y","9":"first","10":"instock","11":"shipping-taxable","12":"product-type-simple"},"_links":{"self":[{"href":"https:\/\/apanano.com\/vi\/wp-json\/wp\/v2\/product\/496","targetHints":{"allow":["GET"]}}],"collection":[{"href":"https:\/\/apanano.com\/vi\/wp-json\/wp\/v2\/product"}],"about":[{"href":"https:\/\/apanano.com\/vi\/wp-json\/wp\/v2\/types\/product"}],"replies":[{"embeddable":true,"href":"https:\/\/apanano.com\/vi\/wp-json\/wp\/v2\/comments?post=496"}],"wp:featuredmedia":[{"embeddable":true,"href":"https:\/\/apanano.com\/vi\/wp-json\/wp\/v2\/media\/497"}],"wp:attachment":[{"href":"https:\/\/apanano.com\/vi\/wp-json\/wp\/v2\/media?parent=496"}],"wp:term":[{"taxonomy":"product_brand","embeddable":true,"href":"https:\/\/apanano.com\/vi\/wp-json\/wp\/v2\/product_brand?post=496"},{"taxonomy":"product_cat","embeddable":true,"href":"https:\/\/apanano.com\/vi\/wp-json\/wp\/v2\/product_cat?post=496"},{"taxonomy":"product_tag","embeddable":true,"href":"https:\/\/apanano.com\/vi\/wp-json\/wp\/v2\/product_tag?post=496"}],"curies":[{"name":"wp","href":"https:\/\/api.w.org\/{rel}","templated":true}]}}