{"id":492,"date":"2016-08-31T08:47:42","date_gmt":"2016-08-31T01:47:42","guid":{"rendered":"http:\/\/apanano.com\/w\/?post_type=product&#038;p=492"},"modified":"2023-02-24T18:25:25","modified_gmt":"2023-02-24T11:25:25","slug":"apa-prome-i","status":"publish","type":"product","link":"https:\/\/apanano.com\/vi\/product\/apa-prome-i\/","title":{"rendered":"APA PROME I"},"content":{"rendered":"<p>Dung d\u1ecbch ti\u00eam.<\/p>\n<p><strong>TH\u00c0NH PH\u1ea6N<\/strong><br \/>\nPromethazine HCl.<\/p>\n<p><strong>C\u00d4NG D\u1ee4NG<\/strong><br \/>\n&#8211; Ch\u1ed1ng d\u1ecb \u1ee9ng nh\u01b0 ph\u00f9 to\u00e0n th\u00e2n, n\u1ed5i m\u1ec1 \u0111ay, da n\u1ed5i m\u1ea9n, ban \u0111\u1ecf.<br \/>\n&#8211; X\u1eed l\u00fd s\u1ed1c ph\u1ea3n v\u1ec7 khi ti\u00eam vaccin.<br \/>\n&#8211; X\u1eed l\u00fd c\u00e1c ph\u1ea3n \u1ee9ng qu\u00e1 m\u1eabn \u0111\u1ed1i v\u1edbi c\u00e1c t\u00e1c nh\u00e2n k\u00edch th\u00edch \u1edf m\u00f4i tr\u01b0\u1eddng b\u00ean ngo\u00e0i.<br \/>\n&#8211; Gi\u1ea3m ho trong h\u1ed9i ch\u1ee9ng vi\u00eam h\u00f4 h\u1ea5p c\u1ea5p tr\u00ean heo.<br \/>\n&#8211; \u0110i\u1ec1u tr\u1ecb c\u00e1c th\u01b0\u01a1ng t\u1ed5n do d\u1ecb \u1ee9ng ngo\u00e0i da.<\/p>\n<p><strong>CH\u1ed0NG CH\u1ec8 \u0110\u1ecaNH<\/strong><br \/>\nTr\u1ea1ng th\u00e1i h\u00f4n m\u00ea, ho\u1eb7c \u0111ang d\u00f9ng c\u00e1c thu\u1ed1c \u1ee9c ch\u1ebf h\u1ec7 th\u1ea7n kinh trung \u01b0\u01a1ng v\u1edbi li\u1ec1u l\u1edbn (nh\u01b0 thu\u1ed1c an th\u1ea7n g\u00e2y ng\u1ee7 nh\u01b0 barbiturat, thu\u1ed1c m\u00ea, thu\u1ed1c gi\u1ea3m \u0111au g\u00e2y ng\u1ee7, thu\u1ed1c tr\u1ea5n kinh , v.v&#8230;) v\u00e0 th\u00fa \u0111\u00e3 \u0111\u01b0\u1ee3c x\u00e1c \u0111\u1ecbnh l\u00e0 \u0111\u1eb7c \u1ee9ng ho\u1eb7c m\u1eabn c\u1ea3m v\u1edbi promethazine.<\/p>\n<p><strong>TH\u1edcI GIAN NG\u01afNG S\u1eec D\u1ee4NG THU\u1ed0C<\/strong><br \/>\nKhai th\u00e1c th\u1ecbt: 03 ng\u00e0y.<\/p>\n<p><strong>C\u00c1CH D\u00d9NG &amp; LI\u1ec0U L\u01af\u1ee2NG<\/strong><br \/>\nTi\u00eam b\u1eafp th\u1ecbt, d\u01b0\u1edbi da hay ti\u00eam t\u1eeb t\u1eeb v\u00e0o t\u0129nh m\u1ea1ch.<br \/>\n&#8211; Tr\u00e2u, b\u00f2, ng\u1ef1a: 6 -8 ml\/100kg th\u1ec3 tr\u1ecdng.<br \/>\n&#8211; Heo, d\u00ea, c\u1eebu: 5 \u2013 20ml\/con.<br \/>\n&#8211; Ch\u00f3, m\u00e8o: 0,5 \u2013 2ml\/con.<br \/>\nC\u00f3 th\u1ec3 ti\u00eam nh\u1eafc l\u1ea1i sau 8 \u2013 12 gi\u1edd n\u1ebfu c\u1ea7n thi\u1ebft.<br \/>\nKh\u00f4ng ti\u00eam qu\u00e1 5ml t\u1ea1i c\u00f9ng m\u1ed9t v\u1ecb tr\u00ed ti\u00eam (n\u1ebfu ti\u00eam b\u1eafp th\u1ecbt).<br \/>\nKh\u00f4ng ti\u00eam t\u0129nh m\u1ea1ch \u1edf ch\u00f3, m\u00e8o.<br \/>\nKh\u00f4ng tr\u1ed9n l\u1eabn v\u1edbi c\u00e1c thu\u1ed1c kh\u00e1c khi ti\u00eam.<\/p>\n<p><strong>B\u1ea2O QU\u1ea2N<\/strong><br \/>\nN\u01a1i kh\u00f4 r\u00e1o, tho\u00e1ng m\u00e1t, tr\u00e1nh \u00e1nh s\u00e1ng tr\u1ef1c ti\u1ebfp.<\/p>\n<h3 style=\"text-align: center;\"><span style=\"color: #ff0000;\">CH\u1ec8 D\u00d9NG TRONG TH\u00da Y<\/span><\/h3>\r\n<blockquote>\r\n<p style=\"text-align: center;\"><em>\u201cS\u1ea3n ph\u1ea9m kh\u00f4ng ch\u1ee9a c\u00e1c ch\u1ea5t c\u1ea5m s\u1eed d\u1ee5ng trong s\u1ea3n xu\u1ea5t, kinh doanh th\u00fa y theo c\u00e1c quy \u0111\u1ecbnh hi\u1ec7n h\u00e0nh c\u1ee7a <strong>B\u1ed9 N\u00f4ng nghi\u1ec7p v\u00e0 Ph\u00e1t tri\u1ec3n n\u00f4ng th\u00f4n<\/strong>\u201d<\/em><\/p>\r\n<\/blockquote>\r\n<p><!-- Shortcode [sty2] does not match the conditions --><\/p>\r\n<p style=\"text-align: center;\">S\u1ea3n ph\u1ea9m <a href=\"\">Thu\u1ed1c Th\u00fa Y <\/a> gi\u00e1 b\u00e1n, th\u00e0nh ph\u1ea7n ch\u00ednh, c\u00f4ng d\u1ee5ng \u0111i\u1ec1u tr\u1ecb, h\u01b0\u1edbng d\u1eabn s\u1eed d\u1ee5ng!<\/p>\n","protected":false},"excerpt":{"rendered":"<h3><span style=\"color: #ff0000;\">CH\u1ed0NG D\u1eca \u1ee8NG<\/span><\/h3>\n<p><strong>C\u00d4NG D\u1ee4NG<\/strong><br \/>\n&#8211; Ch\u1ed1ng d\u1ecb \u1ee9ng nh\u01b0 ph\u00f9 to\u00e0n th\u00e2n, n\u1ed5i m\u1ec1 \u0111ay, da n\u1ed5i m\u1ea9n, ban \u0111\u1ecf.<br \/>\n&#8211; X\u1eed l\u00fd s\u1ed1c ph\u1ea3n v\u1ec7 khi ti\u00eam vaccin.<br \/>\n&#8211; X\u1eed l\u00fd c\u00e1c ph\u1ea3n \u1ee9ng qu\u00e1 m\u1eabn \u0111\u1ed1i v\u1edbi c\u00e1c t\u00e1c nh\u00e2n k\u00edch th\u00edch \u1edf m\u00f4i tr\u01b0\u1eddng b\u00ean ngo\u00e0i.<br \/>\n&#8211; Gi\u1ea3m ho trong h\u1ed9i ch\u1ee9ng vi\u00eam h\u00f4 h\u1ea5p c\u1ea5p tr\u00ean heo.<br \/>\n&#8211; \u0110i\u1ec1u tr\u1ecb c\u00e1c th\u01b0\u01a1ng t\u1ed5n do d\u1ecb \u1ee9ng ngo\u00e0i da.<\/p>\n[sc name=\"scontact\" ]\n","protected":false},"featured_media":493,"comment_status":"open","ping_status":"closed","template":"","meta":{"sfsi_plus_gutenberg_text_before_share":"","sfsi_plus_gutenberg_show_text_before_share":"","sfsi_plus_gutenberg_icon_type":"","sfsi_plus_gutenberg_icon_alignemt":"","sfsi_plus_gutenburg_max_per_row":""},"product_brand":[],"product_cat":[16,17],"product_tag":[688,689],"class_list":{"0":"post-492","1":"product","2":"type-product","3":"status-publish","4":"has-post-thumbnail","6":"product_cat-livestock","7":"product_cat-pet","8":"product_tag-thuoc-thu-y","9":"product_tag-thuoc-tiem","11":"first","12":"instock","13":"featured","14":"shipping-taxable","15":"product-type-simple"},"_links":{"self":[{"href":"https:\/\/apanano.com\/vi\/wp-json\/wp\/v2\/product\/492","targetHints":{"allow":["GET"]}}],"collection":[{"href":"https:\/\/apanano.com\/vi\/wp-json\/wp\/v2\/product"}],"about":[{"href":"https:\/\/apanano.com\/vi\/wp-json\/wp\/v2\/types\/product"}],"replies":[{"embeddable":true,"href":"https:\/\/apanano.com\/vi\/wp-json\/wp\/v2\/comments?post=492"}],"wp:featuredmedia":[{"embeddable":true,"href":"https:\/\/apanano.com\/vi\/wp-json\/wp\/v2\/media\/493"}],"wp:attachment":[{"href":"https:\/\/apanano.com\/vi\/wp-json\/wp\/v2\/media?parent=492"}],"wp:term":[{"taxonomy":"product_brand","embeddable":true,"href":"https:\/\/apanano.com\/vi\/wp-json\/wp\/v2\/product_brand?post=492"},{"taxonomy":"product_cat","embeddable":true,"href":"https:\/\/apanano.com\/vi\/wp-json\/wp\/v2\/product_cat?post=492"},{"taxonomy":"product_tag","embeddable":true,"href":"https:\/\/apanano.com\/vi\/wp-json\/wp\/v2\/product_tag?post=492"}],"curies":[{"name":"wp","href":"https:\/\/api.w.org\/{rel}","templated":true}]}}