{"id":480,"date":"2016-07-24T21:37:34","date_gmt":"2016-07-24T14:37:34","guid":{"rendered":"http:\/\/apanano.com\/w\/?post_type=product&#038;p=480"},"modified":"2023-02-24T18:26:41","modified_gmt":"2023-02-24T11:26:41","slug":"apa-norflox-10-p","status":"publish","type":"product","link":"https:\/\/apanano.com\/vi\/product\/apa-norflox-10-p\/","title":{"rendered":"APA NORFLOX 10 P"},"content":{"rendered":"<p>Thu\u1ed1c b\u1ed9t u\u1ed1ng ho\u1eb7c tr\u1ed9n th\u1ee9c \u0103n.<\/p>\n<p><strong>TH\u00c0NH PH\u1ea6N<\/strong><br \/>\n<a href=\"https:\/\/thaivietjs.com\/san-pham\/norfloxacin-hcl\/\" target=\"_blank\" rel=\"noopener noreferrer\">Norfloxacin HCl<\/a>, Vitamin C.<\/p>\n<p><strong>C\u00d4NG D\u1ee4NG<\/strong><br \/>\n&#8211; Tr\u1ecb c\u00e1c b\u1ec7nh \u0111\u01b0\u1eddng h\u00f4 h\u1ea5p, <a href=\"https:\/\/apanano.com\/technical-support\/benh-viem-phoi-dinh-suon-app-tren-heo\/\" target=\"_blank\" rel=\"noopener noreferrer\">vi\u00eam ph\u1ed5i<\/a>, vi\u00eam kh\u00ed qu\u1ea3n, <a href=\"https:\/\/apanano.com\/technical-support\/benh-tu-huyet-trung-tren-heo\/\" target=\"_blank\" rel=\"noopener noreferrer\">t\u1ee5 huy\u1ebft tr\u00f9ng<\/a> tr\u00ean gia s\u00fac, gia c\u1ea7m.<br \/>\n&#8211; Tr\u1ecb c\u00e1c b\u1ec7nh \u0111\u01b0\u1eddng ru\u1ed9t: Ph\u00f3 th\u01b0\u01a1ng h\u00e0n, ti\u00eau ch\u1ea3y do E. coli, ti\u00eau ch\u1ea3y do <a href=\"https:\/\/apanano.com\/technical-support\/benh-viem-da-day-ruot-o-heo-tge\/\" target=\"_blank\" rel=\"noopener noreferrer\">vi\u00eam ru\u1ed9t<\/a> c\u1ea5p t\u00ednh \u1edf gia s\u00fac, gia c\u1ea7m.<br \/>\n&#8211; Tr\u1ecb c\u00e1c ch\u1ee9ng nhi\u1ec5m tr\u00f9ng \u0111\u01b0\u1eddng sinh d\u1ee5c \u1edf gia s\u00fac, gia c\u1ea7m.<br \/>\n&#8211; Tr\u1ecb r\u1ed1i lo\u1ea1n sinh s\u1ea3n, <a href=\"https:\/\/apanano.com\/technical-support\/abortion-and-embryo-fetal-loss\/\" target=\"_blank\" rel=\"noopener noreferrer\">s\u1ea3y thai<\/a>.<br \/>\n&#8211; N\u00e2ng cao s\u1ee9c \u0111\u1ec1 kh\u00e1ng, gi\u1ea3m stress.<\/p>\n<p><strong>CH\u1ed0NG CH\u1ec8 \u0110\u1ecaNH<\/strong><br \/>\nKh\u00f4ng s\u1eed d\u1ee5ng cho gia c\u1ea7m \u0111ang \u0111\u1ebb tr\u1ee9ng.<\/p>\n<p><strong>TH\u1edcI GIAN NG\u01afNG S\u1eec D\u1ee4NG THU\u1ed0C<\/strong><br \/>\nKhai th\u00e1c th\u1ecbt:<br \/>\n&#8211; Tr\u00e2u, b\u00f2, d\u00ea con: 14 ng\u00e0y.<br \/>\n&#8211; Gia c\u1ea7m: 14 ng\u00e0y.<\/p>\n<p><strong>C\u00c1CH D\u00d9NG &amp; LI\u1ec0U L\u01af\u1ee2NG<\/strong><br \/>\n&#8211; Heo n\u00e1i, tr\u00e2u, b\u00f2: 1 &#8211; 1,5 g\/l\u00edt n\u01b0\u1edbc u\u1ed1ng ho\u1eb7c 1 kg th\u1ee9c \u0103n. D\u00f9ng li\u00ean t\u1ee5c trong 3 &#8211; 5 ng\u00e0y.<br \/>\n&#8211; Ch\u00f3, m\u00e8o, heo con, d\u00ea, c\u1eebu: 2 g\/1 l\u00edt n\u01b0\u1edbc u\u1ed1ng ho\u1eb7c 1 kg th\u1ee9c \u0103n. D\u00f9ng li\u00ean t\u1ee5c trong 3 &#8211; 5 ng\u00e0y.<br \/>\n&#8211; Gia c\u1ea7m: 2 g\/1 l\u00edt n\u01b0\u1edbc u\u1ed1ng ho\u1eb7c 1 kg th\u1ee9c \u0103n. D\u00f9ng li\u00ean t\u1ee5c trong 3 -5 ng\u00e0y.<\/p>\n<p><strong>B\u1ea2O QU\u1ea2N<\/strong><br \/>\nN\u01a1i kh\u00f4 r\u00e1o, tho\u00e1ng m\u00e1t, tr\u00e1nh \u00e1nh s\u00e1ng tr\u1ef1c ti\u1ebfp.<\/p>\n<h3 style=\"text-align: center;\"><span style=\"color: #ff0000;\">CH\u1ec8 D\u00d9NG TRONG TH\u00da Y<\/span><\/h3>\r\n<blockquote>\r\n<p style=\"text-align: center;\"><em>\u201cS\u1ea3n ph\u1ea9m kh\u00f4ng ch\u1ee9a c\u00e1c ch\u1ea5t c\u1ea5m s\u1eed d\u1ee5ng trong s\u1ea3n xu\u1ea5t, kinh doanh th\u00fa y theo c\u00e1c quy \u0111\u1ecbnh hi\u1ec7n h\u00e0nh c\u1ee7a <strong>B\u1ed9 N\u00f4ng nghi\u1ec7p v\u00e0 Ph\u00e1t tri\u1ec3n n\u00f4ng th\u00f4n<\/strong>\u201d<\/em><\/p>\r\n<\/blockquote>\r\n<p><!-- Shortcode [sty2] does not match the conditions --><\/p>\r\n<p style=\"text-align: center;\">S\u1ea3n ph\u1ea9m <a href=\"\">Thu\u1ed1c Th\u00fa Y <\/a> gi\u00e1 b\u00e1n, th\u00e0nh ph\u1ea7n ch\u00ednh, c\u00f4ng d\u1ee5ng \u0111i\u1ec1u tr\u1ecb, h\u01b0\u1edbng d\u1eabn s\u1eed d\u1ee5ng!<\/p>\n","protected":false},"excerpt":{"rendered":"<h3><span style=\"color: #ff0000;\">\u0110\u1eb6C TR\u1eca NHI\u1ec4M TR\u00d9NG CHO GIA S\u00daC<\/span><\/h3>\n<p><strong>C\u00d4NG D\u1ee4NG<\/strong><br \/>\n&#8211; Tr\u1ecb c\u00e1c b\u1ec7nh \u0111\u01b0\u1eddng h\u00f4 h\u1ea5p, vi\u00eam ph\u1ed5i, vi\u00eam kh\u00ed qu\u1ea3n, t\u1ee5 huy\u1ebft tr\u00f9ng tr\u00ean gia s\u00fac, gia c\u1ea7m.<br \/>\n&#8211; Tr\u1ecb c\u00e1c b\u1ec7nh \u0111\u01b0\u1eddng ru\u1ed9t: Ph\u00f3 th\u01b0\u01a1ng h\u00e0n, ti\u00eau ch\u1ea3y do E. coli, ti\u00eau ch\u1ea3y do vi\u00eam ru\u1ed9t c\u1ea5p t\u00ednh \u1edf gia s\u00fac, gia c\u1ea7m.<br \/>\n&#8211; Tr\u1ecb c\u00e1c ch\u1ee9ng nhi\u1ec5m tr\u00f9ng \u0111\u01b0\u1eddng sinh d\u1ee5c \u1edf gia s\u00fac, gia c\u1ea7m.<br \/>\n&#8211; Tr\u1ecb r\u1ed1i lo\u1ea1n sinh s\u1ea3n, s\u1ea3y thai.<br \/>\n&#8211; N\u00e2ng cao s\u1ee9c \u0111\u1ec1 kh\u00e1ng, gi\u1ea3m stress.<\/p>\n[sc name=\"scontact\" ]\n","protected":false},"featured_media":481,"comment_status":"open","ping_status":"closed","template":"","meta":{"sfsi_plus_gutenberg_text_before_share":"","sfsi_plus_gutenberg_show_text_before_share":"","sfsi_plus_gutenberg_icon_type":"","sfsi_plus_gutenberg_icon_alignemt":"","sfsi_plus_gutenburg_max_per_row":""},"product_brand":[],"product_cat":[16,18,17],"product_tag":[688],"class_list":{"0":"post-480","1":"product","2":"type-product","3":"status-publish","4":"has-post-thumbnail","6":"product_cat-livestock","7":"product_cat-poultry","8":"product_cat-pet","9":"product_tag-thuoc-thu-y","11":"first","12":"instock","13":"shipping-taxable","14":"product-type-simple"},"_links":{"self":[{"href":"https:\/\/apanano.com\/vi\/wp-json\/wp\/v2\/product\/480","targetHints":{"allow":["GET"]}}],"collection":[{"href":"https:\/\/apanano.com\/vi\/wp-json\/wp\/v2\/product"}],"about":[{"href":"https:\/\/apanano.com\/vi\/wp-json\/wp\/v2\/types\/product"}],"replies":[{"embeddable":true,"href":"https:\/\/apanano.com\/vi\/wp-json\/wp\/v2\/comments?post=480"}],"wp:featuredmedia":[{"embeddable":true,"href":"https:\/\/apanano.com\/vi\/wp-json\/wp\/v2\/media\/481"}],"wp:attachment":[{"href":"https:\/\/apanano.com\/vi\/wp-json\/wp\/v2\/media?parent=480"}],"wp:term":[{"taxonomy":"product_brand","embeddable":true,"href":"https:\/\/apanano.com\/vi\/wp-json\/wp\/v2\/product_brand?post=480"},{"taxonomy":"product_cat","embeddable":true,"href":"https:\/\/apanano.com\/vi\/wp-json\/wp\/v2\/product_cat?post=480"},{"taxonomy":"product_tag","embeddable":true,"href":"https:\/\/apanano.com\/vi\/wp-json\/wp\/v2\/product_tag?post=480"}],"curies":[{"name":"wp","href":"https:\/\/api.w.org\/{rel}","templated":true}]}}