{"id":478,"date":"2016-07-24T21:30:28","date_gmt":"2016-07-24T14:30:28","guid":{"rendered":"http:\/\/apanano.com\/w\/?post_type=product&#038;p=478"},"modified":"2023-02-24T18:26:42","modified_gmt":"2023-02-24T11:26:42","slug":"apa-marbo-10-i","status":"publish","type":"product","link":"https:\/\/apanano.com\/vi\/product\/apa-marbo-10-i\/","title":{"rendered":"APA MARBO 10 I"},"content":{"rendered":"<div class=\"row\"> <div class=\"col-md-8  \">\nDung d\u1ecbch ti\u00eam.<\/p>\n<p><strong>TH\u00c0NH PH\u1ea6N<\/strong><br \/>\nMarbofloxacin.<\/p>\n<p><strong>C\u00d4NG D\u1ee4NG<\/strong><br \/>\n&#8211; Tr\u00e2u, b\u00f2:<br \/>\n+ \u0110i\u1ec1u tr\u1ecb nhi\u1ec5m khu\u1ea9n \u0111\u01b0\u1eddng h\u00f4 h\u1ea5p g\u00e2y ra b\u1edfi c\u00e1c ch\u1ee7ng nh\u1ea1y c\u1ea3m c\u1ee7a Pasteurella multocida (t\u1ee5 huy\u1ebft tr\u00f9ng tr\u00e2u b\u00f2), Mannheimia (Pasteurella) haemolytica v\u00e0 Mycoplasma bovis.<br \/>\n+ <a href=\"https:\/\/apanano.com\/technical-support\/cach-phong-va-tri-benh-viem-vu-tren-bo-sua\/\">\u0110i\u1ec1u tr\u1ecb vi\u00eam v\u00fa<\/a> c\u1ea5p t\u00ednh g\u00e2y ra b\u1edfi c\u00e1c ch\u1ee7ng E. coli nh\u1ea1y c\u1ea3m v\u1edbi Marbofloxacin trong th\u1eddi k\u1ef3 cho con b\u00fa.<br \/>\n&#8211; Heo n\u00e1i: \u0110i\u1ec1u tr\u1ecb vi\u00eam v\u00fa, vi\u00eam t\u1eed cung v\u00e0 s\u1ed1t s\u1eefa g\u00e2y ra b\u1edfi c\u00e1c ch\u1ee7ng vi khu\u1ea9n nh\u1ea1y c\u1ea3m v\u1edbi Marbofloxacin.<\/p>\n<p><strong>CH\u1ed0NG CH\u1ec8 \u0110\u1ecaNH<\/strong><br \/>\nKh\u00f4ng d\u00f9ng \u0111\u1ec3 \u0111i\u1ec1u tr\u1ecb c\u00e1c b\u1ec7nh nhi\u1ec5m tr\u00f9ng do vi khu\u1ea9n \u0111\u00e3 \u0111\u1ec1 kh\u00e1ng v\u1edbi nh\u00f3m Fluoroquinolone.<\/p>\n<p><strong>TH\u1edcI GIAN NG\u01afNG S\u1eec D\u1ee4NG THU\u1ed0C<\/strong><br \/>\n&#8211; Khai th\u00e1c th\u1ecbt v\u00e0 ph\u1ee7 t\u1ea1ng:<br \/>\n+ B\u00ea, ngh\u00e9: 06 ng\u00e0y.<br \/>\n+ Heo: 04 ng\u00e0y.<br \/>\n&#8211; Khai th\u00e1c s\u1eefa: 36 gi\u1edd.<\/p>\n<p><strong>C\u00c1CH D\u00d9NG &amp; LI\u1ec0U L\u01af\u1ee2NG<\/strong><br \/>\n&#8211; Tr\u00e2u, b\u00f2: 1ml\/50kg th\u1ec3 tr\u1ecdng (2 mg\/kg) trong m\u1ed9t li\u1ec1u ti\u00eam duy nh\u1ea5t m\u1ed7i ng\u00e0y. Ti\u00eam d\u01b0\u1edbi da ho\u1eb7c ti\u00eam b\u1eafp, trong 3 &#8211; 5 ng\u00e0y.<br \/>\n&#8211; Heo n\u00e1i: 1 ml\/50 kg th\u1ec3 tr\u1ecdng (2 mg\/kg) trong m\u1ed9t li\u1ec1u ti\u00eam duy nh\u1ea5t m\u1ed7i ng\u00e0y. Ti\u00eam b\u1eafp, trong 3 ng\u00e0y.<\/p>\n<p><strong>B\u1ea2O QU\u1ea2N<\/strong><br \/>\nN\u01a1i kh\u00f4 r\u00e1o, tho\u00e1ng m\u00e1t, tr\u00e1nh \u00e1nh s\u00e1ng tr\u1ef1c ti\u1ebfp.<br \/>\n<\/div><div class=\"col-md-4  \">\n<img loading=\"lazy\" decoding=\"async\" class=\"aligncenter wp-image-953\" src=\"http:\/\/apanano.com\/wp-content\/uploads\/APA-Marbo-10-I_Standee.jpg\" alt=\"APA-Marbo-10-I_Standee\" width=\"320\" height=\"800\" srcset=\"\/wp-content\/uploads\/APA-Marbo-10-I_Standee.jpg 800w, \/wp-content\/uploads\/APA-Marbo-10-I_Standee-300x750.jpg 300w, \/wp-content\/uploads\/APA-Marbo-10-I_Standee-120x300.jpg 120w, \/wp-content\/uploads\/APA-Marbo-10-I_Standee-768x1920.jpg 768w, \/wp-content\/uploads\/APA-Marbo-10-I_Standee-410x1024.jpg 410w, \/wp-content\/uploads\/APA-Marbo-10-I_Standee-12x30.jpg 12w\" sizes=\"auto, (max-width: 320px) 100vw, 320px\" \/><br \/>\n<\/div><\/div>\n<h3 style=\"text-align: center;\"><span style=\"color: #ff0000;\">CH\u1ec8 D\u00d9NG TRONG TH\u00da Y<\/span><\/h3>\r\n<blockquote>\r\n<p style=\"text-align: center;\"><em>\u201cS\u1ea3n ph\u1ea9m kh\u00f4ng ch\u1ee9a c\u00e1c ch\u1ea5t c\u1ea5m s\u1eed d\u1ee5ng trong s\u1ea3n xu\u1ea5t, kinh doanh th\u00fa y theo c\u00e1c quy \u0111\u1ecbnh hi\u1ec7n h\u00e0nh c\u1ee7a <strong>B\u1ed9 N\u00f4ng nghi\u1ec7p v\u00e0 Ph\u00e1t tri\u1ec3n n\u00f4ng th\u00f4n<\/strong>\u201d<\/em><\/p>\r\n<\/blockquote>\r\n<p><!-- Shortcode [sty2] does not match the conditions --><\/p>\r\n<p style=\"text-align: center;\">S\u1ea3n ph\u1ea9m <a href=\"\">Thu\u1ed1c Th\u00fa Y <\/a> gi\u00e1 b\u00e1n, th\u00e0nh ph\u1ea7n ch\u00ednh, c\u00f4ng d\u1ee5ng \u0111i\u1ec1u tr\u1ecb, h\u01b0\u1edbng d\u1eabn s\u1eed d\u1ee5ng!<\/p>\n","protected":false},"excerpt":{"rendered":"<h3><span style=\"color: #ff0000;\">\u0110\u1eb6C TR\u1eca VI\u00caM V\u00da, VI\u00caM T\u1eec CUNG, V\u00c0 S\u1ed0T S\u1eeeA (MMA)<\/span><\/h3>\n<p><strong>C\u00d4NG D\u1ee4NG<\/strong><br \/>\n&#8211; Tr\u00e2u, b\u00f2:<br \/>\n+ \u0110i\u1ec1u tr\u1ecb nhi\u1ec5m khu\u1ea9n \u0111\u01b0\u1eddng h\u00f4 h\u1ea5p g\u00e2y ra b\u1edfi c\u00e1c ch\u1ee7ng nh\u1ea1y c\u1ea3m c\u1ee7a Pasteurella multocida (t\u1ee5 huy\u1ebft tr\u00f9ng tr\u00e2u b\u00f2), Mannheimia (Pasteurella) haemolytica v\u00e0 Mycoplasma bovis.<br \/>\n+ \u0110i\u1ec1u tr\u1ecb vi\u00eam v\u00fa c\u1ea5p t\u00ednh g\u00e2y ra b\u1edfi c\u00e1c ch\u1ee7ng E. coli nh\u1ea1y c\u1ea3m v\u1edbi Marbofloxacin trong th\u1eddi k\u1ef3 cho con b\u00fa.<br \/>\n&#8211; Heo n\u00e1i: \u0110i\u1ec1u tr\u1ecb vi\u00eam v\u00fa, vi\u00eam t\u1eed cung v\u00e0 s\u1ed1t s\u1eefa g\u00e2y ra b\u1edfi c\u00e1c ch\u1ee7ng vi khu\u1ea9n nh\u1ea1y c\u1ea3m v\u1edbi Marbofloxacin.<\/p>\n[sc name=\"scontact\" ]\n","protected":false},"featured_media":479,"comment_status":"open","ping_status":"closed","template":"","meta":{"sfsi_plus_gutenberg_text_before_share":"","sfsi_plus_gutenberg_show_text_before_share":"","sfsi_plus_gutenberg_icon_type":"","sfsi_plus_gutenberg_icon_alignemt":"","sfsi_plus_gutenburg_max_per_row":""},"product_brand":[],"product_cat":[16],"product_tag":[294,312,287,288,313,272,261,315,314,688,689,311,268,280],"class_list":{"0":"post-478","1":"product","2":"type-product","3":"status-publish","4":"has-post-thumbnail","6":"product_cat-livestock","7":"product_tag-e-coli","8":"product_tag-mannheimia","9":"product_tag-mastitis","10":"product_tag-metritis","11":"product_tag-mycoplasma-bovis","12":"product_tag-nhiem-khuan-duong-ho-hap","13":"product_tag-pasteurella-multocida","14":"product_tag-respiratory-infections","15":"product_tag-sot-sua","16":"product_tag-thuoc-thu-y","17":"product_tag-thuoc-tiem","18":"product_tag-tu-huyet-trung-trau-bo","19":"product_tag-viem-tu-cung","20":"product_tag-viem-vu","22":"first","23":"instock","24":"shipping-taxable","25":"product-type-simple"},"_links":{"self":[{"href":"https:\/\/apanano.com\/vi\/wp-json\/wp\/v2\/product\/478","targetHints":{"allow":["GET"]}}],"collection":[{"href":"https:\/\/apanano.com\/vi\/wp-json\/wp\/v2\/product"}],"about":[{"href":"https:\/\/apanano.com\/vi\/wp-json\/wp\/v2\/types\/product"}],"replies":[{"embeddable":true,"href":"https:\/\/apanano.com\/vi\/wp-json\/wp\/v2\/comments?post=478"}],"wp:featuredmedia":[{"embeddable":true,"href":"https:\/\/apanano.com\/vi\/wp-json\/wp\/v2\/media\/479"}],"wp:attachment":[{"href":"https:\/\/apanano.com\/vi\/wp-json\/wp\/v2\/media?parent=478"}],"wp:term":[{"taxonomy":"product_brand","embeddable":true,"href":"https:\/\/apanano.com\/vi\/wp-json\/wp\/v2\/product_brand?post=478"},{"taxonomy":"product_cat","embeddable":true,"href":"https:\/\/apanano.com\/vi\/wp-json\/wp\/v2\/product_cat?post=478"},{"taxonomy":"product_tag","embeddable":true,"href":"https:\/\/apanano.com\/vi\/wp-json\/wp\/v2\/product_tag?post=478"}],"curies":[{"name":"wp","href":"https:\/\/api.w.org\/{rel}","templated":true}]}}