{"id":476,"date":"2016-07-24T21:15:56","date_gmt":"2016-07-24T14:15:56","guid":{"rendered":"http:\/\/apanano.com\/w\/?post_type=product&#038;p=476"},"modified":"2023-02-24T18:26:42","modified_gmt":"2023-02-24T11:26:42","slug":"apa-linco-spec-p","status":"publish","type":"product","link":"https:\/\/apanano.com\/vi\/product\/apa-linco-spec-p\/","title":{"rendered":"APA LINCO SPEC P"},"content":{"rendered":"<p>Thu\u1ed1c b\u1ed9t u\u1ed1ng ho\u1eb7c tr\u1ed9n th\u1ee9c \u0103n.<\/p>\n<p><strong>TH\u00c0NH PH\u1ea6N<\/strong><br \/>\nLincomycin HCl, Spectinomycin HCl.<\/p>\n<p><strong>C\u00d4NG D\u1ee4NG<\/strong><br \/>\n&#8211; Tr\u00ean gia c\u1ea7m: K\u00edch th\u00edch t\u0103ng tr\u1ecdng, ph\u00f2ng v\u00e0 <a href=\"https:\/\/apanano.com\/technical-support\/chronic-respiratory-disease-crd-in-poultry\/\" target=\"_blank\" rel=\"noopener noreferrer\">\u0111i\u1ec1u tr\u1ecb b\u1ec7nh h\u00f4 h\u1ea5p m\u00e3n t\u00ednh<\/a> (CRD) do Mycoplasma spp. v\u00e0 CCRD do nhi\u1ec5m Mycoplasma v\u00e0 Coliform m\u1eabn c\u1ea3m v\u1edbi s\u1ef1 k\u1ebft h\u1ee3p <a href=\"https:\/\/apanano.com\/technical-support\/danh-muc-cac-loai-thuoc-thu-y-thuong-dung-trong-chan-nuoi\/\" target=\"_blank\" rel=\"noopener noreferrer\">kh\u00e1ng sinh<\/a> gi\u1eefa Lincomycin v\u00e0 Spectinomycin.<br \/>\n&#8211; Tr\u00ean heo: \u0110i\u1ec1u tr\u1ecb b\u1ec7nh l\u1ef5 heo do s\u1ef1 k\u1ebft h\u1ee3p gi\u1eefa Campylobacter v\u00e0 S.hyodysenteriae, nhi\u1ec5m khu\u1ea9n \u0111\u01b0\u1eddng ru\u1ed9t do E. coli ho\u1eb7c Salmonella v\u00e0 tr\u1ecb b\u1ec7nh vi\u00eam kh\u1edbp do c\u00e1c m\u1ea7m b\u1ec7nh c\u00f3 s\u1ef1 m\u1eabn c\u1ea3m v\u1edbi Lincomycin v\u00e0 Spectinomycin.<\/p>\n<p><strong>L\u01afU \u00dd<\/strong><br \/>\nKh\u00f4ng s\u1eed d\u1ee5ng tr\u1ee9ng c\u1ee7a gia c\u1ea7m \u0111\u1ebb \u0111ang \u0111\u01b0\u1ee3c \u0111i\u1ec1u tr\u1ecb b\u1eb1ng thu\u1ed1c n\u00e0y.<\/p>\n<p><strong>TH\u1edcI GIAN NG\u01afNG S\u1eec D\u1ee4NG THU\u1ed0C<\/strong><br \/>\n&#8211; Khai th\u00e1c th\u1ecbt:<br \/>\n+ G\u00e0, v\u1ecbt: 02 ng\u00e0y.<br \/>\n+ Heo: 0 ng\u00e0y.<\/p>\n<p><strong>B\u1ea2O QU\u1ea2N<\/strong><br \/>\n&#8211; N\u01a1i kh\u00f4 r\u00e1o, tho\u00e1ng m\u00e1t, tr\u00e1nh \u00e1nh s\u00e1ng tr\u1ef1c ti\u1ebfp.<br \/>\n&#8211; B\u1ea3o qu\u1ea3n \u1edf nhi\u1ec7t \u0111\u1ed9 ph\u00f2ng, d\u01b0\u1edbi 30oC.<\/p>\n<p><strong>C\u00c1CH D\u00d9NG &amp; LI\u1ec0U L\u01af\u1ee2NG<\/strong><br \/>\n<strong>APA Linco Spec P<\/strong> d\u1ea1ng b\u1ed9t h\u00f2a tan d\u00f9ng pha n\u01b0\u1edbc u\u1ed1ng. Thu\u1ed1c \u0111\u00e3 pha d\u00f9ng trong ng\u00e0y.<br \/>\n<strong>Gia c\u1ea7m:<\/strong><br \/>\n1. Ph\u00f2ng b\u1ec7nh: D\u00f9ng li\u1ec1u 1 g\/kg th\u1ec3 tr\u1ecdng\/ng\u00e0y trong 3 &#8211; 5 ng\u00e0y tu\u1ed5i \u0111\u1ea7u ti\u00ean.<br \/>\nD\u00f9ng li\u1ec1u 0,3 g\/kg th\u1ec3 tr\u1ecdng\/ng\u00e0y cho 1 &#8211; 2 ng\u00e0y trong tu\u1ea7n l\u1ec5 th\u1ee9 4 ho\u1eb7c sau khi ch\u1ee7ng ng\u1eeba.<br \/>\n2. Tr\u1ecb b\u1ec7nh:<br \/>\n\u0110i\u1ec1u tr\u1ecb ngay khi c\u00f3 d\u1ea5u hi\u1ec7u b\u1ec7nh v\u1edbi li\u1ec1u 0,3 g\/kg th\u1ec3 tr\u1ecdng\/ng\u00e0y, trong 3 &#8211; 7 ng\u00e0y.<br \/>\nG\u00f3i 100g thu\u1ed1c s\u1eed d\u1ee5ng cho 6.000-9.000 g\u00e0\/ng\u00e0y \u1edf tu\u1ea7n th\u1ee9 nh\u1ea5t v\u00e0 2.500 &#8211; 4.000 g\u00e0\/ng\u00e0y \u1edf tu\u1ea7n th\u1ee9 t\u01b0.<br \/>\n<strong>C\u00e1ch pha:<\/strong> Pha 3 g thu\u1ed1c cho 1 l\u00edt n\u01b0\u1edbc u\u1ed1ng. \u0110\u01b0\u1ee3c d\u00f9ng nh\u01b0 ngu\u1ed3n n\u01b0\u1edbc u\u1ed1ng duy nh\u1ea5t cho \u0111\u1ebfn khi u\u1ed1ng h\u1ebft. Cho gia c\u1ea7m u\u1ed1ng n\u01b0\u1edbc s\u1ea1ch kh\u00f4ng pha thu\u1ed1c v\u00e0o th\u1eddi gian c\u00f2n l\u1ea1i trong ng\u00e0y.<br \/>\n<strong>Heo:<\/strong><br \/>\n\u0110i\u1ec1u tr\u1ecb s\u1edbm khi c\u00f3 d\u1ea5u hi\u1ec7u b\u1ec7nh. Li\u1ec1u l\u01b0\u1ee3ng 0,03 g\/kg th\u1ec3 tr\u1ecdng\/ ng\u00e0y \u0111i\u1ec1u tr\u1ecb trong 4 &#8211; 7 ng\u00e0y.<\/p>\n<h3 style=\"text-align: center;\"><span style=\"color: #ff0000;\">CH\u1ec8 D\u00d9NG TRONG TH\u00da Y<\/span><\/h3>\r\n<blockquote>\r\n<p style=\"text-align: center;\"><em>\u201cS\u1ea3n ph\u1ea9m kh\u00f4ng ch\u1ee9a c\u00e1c ch\u1ea5t c\u1ea5m s\u1eed d\u1ee5ng trong s\u1ea3n xu\u1ea5t, kinh doanh th\u00fa y theo c\u00e1c quy \u0111\u1ecbnh hi\u1ec7n h\u00e0nh c\u1ee7a <strong>B\u1ed9 N\u00f4ng nghi\u1ec7p v\u00e0 Ph\u00e1t tri\u1ec3n n\u00f4ng th\u00f4n<\/strong>\u201d<\/em><\/p>\r\n<\/blockquote>\r\n<p><!-- Shortcode [sty2] does not match the conditions --><\/p>\r\n<p style=\"text-align: center;\">S\u1ea3n ph\u1ea9m <a href=\"\">Thu\u1ed1c Th\u00fa Y <\/a> gi\u00e1 b\u00e1n, th\u00e0nh ph\u1ea7n ch\u00ednh, c\u00f4ng d\u1ee5ng \u0111i\u1ec1u tr\u1ecb, h\u01b0\u1edbng d\u1eabn s\u1eed d\u1ee5ng!<\/p>\n","protected":false},"excerpt":{"rendered":"<h3><span style=\"color: #ff0000;\">PH\u00d2NG &amp; TR\u1eca B\u1ec6NH H\u00d4 H\u1ea4P M\u00c3N T\u00cdNH TR\u00caN G\u00c0<\/span><\/h3>\n<p><strong>C\u00d4NG D\u1ee4NG<\/strong><br \/>\n&#8211; Tr\u00ean gia c\u1ea7m: K\u00edch th\u00edch t\u0103ng tr\u1ecdng, ph\u00f2ng v\u00e0 \u0111i\u1ec1u tr\u1ecb b\u1ec7nh h\u00f4 h\u1ea5p m\u00e3n t\u00ednh (CRD) do Mycoplasma spp. v\u00e0 CCRD do nhi\u1ec5m Mycoplasma v\u00e0 Coliform m\u1eabn c\u1ea3m v\u1edbi s\u1ef1 k\u1ebft h\u1ee3p kh\u00e1ng sinh gi\u1eefa Lincomycin v\u00e0 Spectinomycin.<br \/>\n&#8211; Tr\u00ean heo: \u0110i\u1ec1u tr\u1ecb b\u1ec7nh l\u1ef5 heo do s\u1ef1 k\u1ebft h\u1ee3p gi\u1eefa Campylobacter v\u00e0 S.hyodysenteriae, nhi\u1ec5m khu\u1ea9n \u0111\u01b0\u1eddng ru\u1ed9t do E. coli ho\u1eb7c Salmonella v\u00e0 tr\u1ecb b\u1ec7nh vi\u00eam kh\u1edbp do c\u00e1c m\u1ea7m b\u1ec7nh c\u00f3 s\u1ef1 m\u1eabn c\u1ea3m v\u1edbi Lincomycin v\u00e0 Spectinomycin.<\/p>\n[sc name=\"scontact\" ]\n","protected":false},"featured_media":477,"comment_status":"open","ping_status":"closed","template":"","meta":{"sfsi_plus_gutenberg_text_before_share":"","sfsi_plus_gutenberg_show_text_before_share":"","sfsi_plus_gutenberg_icon_type":"","sfsi_plus_gutenberg_icon_alignemt":"","sfsi_plus_gutenburg_max_per_row":""},"product_brand":[],"product_cat":[16,18],"product_tag":[516,688],"class_list":{"0":"post-476","1":"product","2":"type-product","3":"status-publish","4":"has-post-thumbnail","6":"product_cat-livestock","7":"product_cat-poultry","8":"product_tag-benh-crd","9":"product_tag-thuoc-thu-y","11":"first","12":"instock","13":"shipping-taxable","14":"product-type-simple"},"_links":{"self":[{"href":"https:\/\/apanano.com\/vi\/wp-json\/wp\/v2\/product\/476","targetHints":{"allow":["GET"]}}],"collection":[{"href":"https:\/\/apanano.com\/vi\/wp-json\/wp\/v2\/product"}],"about":[{"href":"https:\/\/apanano.com\/vi\/wp-json\/wp\/v2\/types\/product"}],"replies":[{"embeddable":true,"href":"https:\/\/apanano.com\/vi\/wp-json\/wp\/v2\/comments?post=476"}],"wp:featuredmedia":[{"embeddable":true,"href":"https:\/\/apanano.com\/vi\/wp-json\/wp\/v2\/media\/477"}],"wp:attachment":[{"href":"https:\/\/apanano.com\/vi\/wp-json\/wp\/v2\/media?parent=476"}],"wp:term":[{"taxonomy":"product_brand","embeddable":true,"href":"https:\/\/apanano.com\/vi\/wp-json\/wp\/v2\/product_brand?post=476"},{"taxonomy":"product_cat","embeddable":true,"href":"https:\/\/apanano.com\/vi\/wp-json\/wp\/v2\/product_cat?post=476"},{"taxonomy":"product_tag","embeddable":true,"href":"https:\/\/apanano.com\/vi\/wp-json\/wp\/v2\/product_tag?post=476"}],"curies":[{"name":"wp","href":"https:\/\/api.w.org\/{rel}","templated":true}]}}