{"id":469,"date":"2016-07-22T21:51:43","date_gmt":"2016-07-22T14:51:43","guid":{"rendered":"http:\/\/apanano.com\/w\/?post_type=product&#038;p=469"},"modified":"2023-02-24T18:26:45","modified_gmt":"2023-02-24T11:26:45","slug":"apa-linco-10-i","status":"publish","type":"product","link":"https:\/\/apanano.com\/vi\/product\/apa-linco-10-i\/","title":{"rendered":"APA LINCO 10 I"},"content":{"rendered":"<p>Dung d\u1ecbch ti\u00eam.<\/p>\n<p><strong>TH\u00c0NH PH\u1ea6N<\/strong><br \/>\nLincomycin HCl.<\/p>\n<p><strong>C\u00d4NG D\u1ee4NG<\/strong><br \/>\n&#8211; \u0110i\u1ec1u tr\u1ecb suy\u1ec5n do Mycoplasma.<br \/>\n&#8211; \u0110i\u1ec1u tr\u1ecb vi\u00eam kh\u1edbp truy\u1ec1n nhi\u1ec5m tr\u00ean heo g\u00e2y ra do vi tr\u00f9ng nh\u1ea1y c\u1ea3m nh\u01b0 Staphylococcus spp., Streptococcus spp., Erysipelothrix spp., v\u00e0 Mycoplasma spp.<br \/>\n&#8211; \u0110i\u1ec1u tr\u1ecb b\u1ec7nh l\u1ef5 tr\u00ean heo.<\/p>\n<p><strong>CH\u1ed0NG CH\u1ec8 \u0110\u1ecaNH<\/strong><br \/>\n&#8211; Tr\u01b0\u1eddng h\u1ee3p qu\u00e1 m\u1eabn c\u1ea3m v\u1edbi Lincomycin.<br \/>\n&#8211; R\u1ed1i lo\u1ea1n ch\u1ee9c n\u0103ng th\u1eadn nghi\u00eam tr\u1ecdng.<br \/>\n&#8211; S\u1eed d\u1ee5ng cho th\u00fa kh\u00e1c (kh\u00f4ng theo h\u01b0\u1edbng d\u1eabn).<\/p>\n<p><strong>C\u00c1CH D\u00d9NG &amp; LI\u1ec0U L\u01af\u1ee2NG<\/strong><br \/>\nTi\u00eam b\u1eafp ho\u1eb7c d\u01b0\u1edbi da:<br \/>\n&#8211; Heo: 1 ml\/10 kg th\u1ec3 tr\u1ecdng\/ng\u00e0y, trong 3 &#8211; 7 ng\u00e0y.<br \/>\n&#8211; Tr\u00e2u, b\u00f2: 1 ml\/10 kg th\u1ec3 tr\u1ecdng\/ ng\u00e0y, trong 3 &#8211; 7 ng\u00e0y.<br \/>\n&#8211; G\u00e0, v\u1ecbt: 0,5 ml\/2,5 kg th\u1ec3 tr\u1ecdng, trong 3 &#8211; 5 ng\u00e0y.<\/p>\n<p><strong>TH\u1edcI GIAN NG\u01afNG S\u1eec D\u1ee4NG THU\u1ed0C<\/strong><br \/>\nKhai th\u00e1c th\u1ecbt: 07 ng\u00e0y.<\/p>\n<p><strong>B\u1ea2O QU\u1ea2N<\/strong><br \/>\n&#8211; N\u01a1i kh\u00f4 r\u00e1o, tho\u00e1ng m\u00e1t, tr\u00e1nh \u00e1nh s\u00e1ng tr\u1ef1c ti\u1ebfp.<br \/>\n&#8211; B\u1ea3o qu\u1ea3n \u1edf nhi\u1ec7t \u0111\u1ed9 ph\u00f2ng, d\u01b0\u1edbi 30oC.<\/p>\n<h3 style=\"text-align: center;\"><span style=\"color: #ff0000;\">CH\u1ec8 D\u00d9NG TRONG TH\u00da Y<\/span><\/h3>\r\n<blockquote>\r\n<p style=\"text-align: center;\"><em>\u201cS\u1ea3n ph\u1ea9m kh\u00f4ng ch\u1ee9a c\u00e1c ch\u1ea5t c\u1ea5m s\u1eed d\u1ee5ng trong s\u1ea3n xu\u1ea5t, kinh doanh th\u00fa y theo c\u00e1c quy \u0111\u1ecbnh hi\u1ec7n h\u00e0nh c\u1ee7a <strong>B\u1ed9 N\u00f4ng nghi\u1ec7p v\u00e0 Ph\u00e1t tri\u1ec3n n\u00f4ng th\u00f4n<\/strong>\u201d<\/em><\/p>\r\n<\/blockquote>\r\n<p><!-- Shortcode [sty2] does not match the conditions --><\/p>\r\n<p style=\"text-align: center;\">S\u1ea3n ph\u1ea9m <a href=\"\">Thu\u1ed1c Th\u00fa Y <\/a> gi\u00e1 b\u00e1n, th\u00e0nh ph\u1ea7n ch\u00ednh, c\u00f4ng d\u1ee5ng \u0111i\u1ec1u tr\u1ecb, h\u01b0\u1edbng d\u1eabn s\u1eed d\u1ee5ng!<\/p>\n","protected":false},"excerpt":{"rendered":"<h3><span style=\"color: #ff0000;\">\u0110\u1eb6C TR\u1eca NHI\u1ec4M TR\u00d9NG H\u00d4 H\u1ea4P V\u00c0 B\u1ec6NH L\u1ef4 TR\u00caN HEO<\/span><\/h3>\n<p><strong>C\u00d4NG D\u1ee4NG<\/strong><br \/>\n&#8211; \u0110i\u1ec1u tr\u1ecb suy\u1ec5n do Mycoplasma.<br \/>\n&#8211; \u0110i\u1ec1u tr\u1ecb vi\u00eam kh\u1edbp truy\u1ec1n nhi\u1ec5m tr\u00ean heo g\u00e2y ra do vi tr\u00f9ng nh\u1ea1y c\u1ea3m nh\u01b0 Staphylococcus spp., Streptococcus spp., Erysipelothrix spp., v\u00e0 Mycoplasma spp.<br \/>\n&#8211; \u0110i\u1ec1u tr\u1ecb b\u1ec7nh l\u1ef5 tr\u00ean heo.<\/p>\n[sc name=\"scontact\" ]\n","protected":false},"featured_media":470,"comment_status":"open","ping_status":"closed","template":"","meta":{"sfsi_plus_gutenberg_text_before_share":"","sfsi_plus_gutenberg_show_text_before_share":"","sfsi_plus_gutenberg_icon_type":"","sfsi_plus_gutenberg_icon_alignemt":"","sfsi_plus_gutenburg_max_per_row":""},"product_brand":[],"product_cat":[16,18],"product_tag":[688,689],"class_list":{"0":"post-469","1":"product","2":"type-product","3":"status-publish","4":"has-post-thumbnail","6":"product_cat-livestock","7":"product_cat-poultry","8":"product_tag-thuoc-thu-y","9":"product_tag-thuoc-tiem","11":"first","12":"instock","13":"shipping-taxable","14":"product-type-simple"},"_links":{"self":[{"href":"https:\/\/apanano.com\/vi\/wp-json\/wp\/v2\/product\/469","targetHints":{"allow":["GET"]}}],"collection":[{"href":"https:\/\/apanano.com\/vi\/wp-json\/wp\/v2\/product"}],"about":[{"href":"https:\/\/apanano.com\/vi\/wp-json\/wp\/v2\/types\/product"}],"replies":[{"embeddable":true,"href":"https:\/\/apanano.com\/vi\/wp-json\/wp\/v2\/comments?post=469"}],"wp:featuredmedia":[{"embeddable":true,"href":"https:\/\/apanano.com\/vi\/wp-json\/wp\/v2\/media\/470"}],"wp:attachment":[{"href":"https:\/\/apanano.com\/vi\/wp-json\/wp\/v2\/media?parent=469"}],"wp:term":[{"taxonomy":"product_brand","embeddable":true,"href":"https:\/\/apanano.com\/vi\/wp-json\/wp\/v2\/product_brand?post=469"},{"taxonomy":"product_cat","embeddable":true,"href":"https:\/\/apanano.com\/vi\/wp-json\/wp\/v2\/product_cat?post=469"},{"taxonomy":"product_tag","embeddable":true,"href":"https:\/\/apanano.com\/vi\/wp-json\/wp\/v2\/product_tag?post=469"}],"curies":[{"name":"wp","href":"https:\/\/api.w.org\/{rel}","templated":true}]}}