{"id":467,"date":"2016-07-22T21:20:08","date_gmt":"2016-07-22T14:20:08","guid":{"rendered":"http:\/\/apanano.com\/w\/?post_type=product&#038;p=467"},"modified":"2023-02-24T18:26:45","modified_gmt":"2023-02-24T11:26:45","slug":"apa-leva-10-i","status":"publish","type":"product","link":"https:\/\/apanano.com\/vi\/product\/apa-leva-10-i\/","title":{"rendered":"APA LEVA 10 I"},"content":{"rendered":"<p>Dung d\u1ecbch ti\u00eam.<\/p>\n<p><strong>TH\u00c0NH PH\u1ea6N<\/strong><br \/>\nLevamisole HCl.<\/p>\n<p><strong>C\u00d4NG D\u1ee4NG<\/strong><br \/>\n&#8211; Tr\u00e2u, b\u00f2, d\u00ea, c\u1eebu: \u0110i\u1ec1u tr\u1ecb giun tr\u00f2n \u1edf ru\u1ed9t non v\u00e0 ru\u1ed9t gi\u00e0, giun ph\u1ed5i.<br \/>\n&#8211; Heo: \u0110i\u1ec1u tr\u1ecb giun tr\u00f2n, giun k\u1ebft h\u1ea1t, giun l\u01b0\u01a1n, giun th\u1eadn, giun ph\u1ed5i.<\/p>\n<p><strong>CH\u1ed0NG CH\u1ec8 \u0110\u1ecaNH<\/strong><br \/>\n&#8211; Kh\u00f4ng d\u00f9ng cho th\u00fa m\u1eabn c\u1ea3m v\u1edbi Levamisol.<br \/>\n&#8211; Kh\u00f4ng d\u00f9ng cho th\u00fa \u0111ang m\u1eafc b\u1ec7nh, \u0111ang trong th\u1eddi k\u1ef3 d\u01b0\u1ee1ng b\u1ec7nh, hay \u0111ang ti\u00eam ph\u00f2ng, l\u00fac m\u1edbi thi\u1ebfn.<\/p>\n<p><strong>TH\u1edcI GIAN NG\u01afNG S\u1eec D\u1ee4NG THU\u1ed0C<\/strong><br \/>\nKhai th\u00e1c th\u1ecbt: 07 ng\u00e0y.<\/p>\n<p><strong>C\u00c1CH D\u00d9NG &amp; LI\u1ec0U L\u01af\u1ee2NG<\/strong><br \/>\n&#8211; Ti\u00eam b\u1eafp th\u1ecbt ho\u1eb7c ti\u00eam d\u01b0\u1edbi da:<br \/>\n+ Tr\u00e2u, b\u00f2: 1 ml\/22 kg th\u1ec3 tr\u1ecdng. Tr\u00e2u b\u00f2 tr\u00ean 300 kg kh\u00f4ng ti\u00eam qu\u00e1 30ml\/ con.<br \/>\n+ Heo, d\u00ea, c\u1eebu: 1 ml\/12 kg th\u1ec3 tr\u1ecdng. Kh\u00f4ng qu\u00e1 10 ml\/con.<br \/>\n&#8211; \u0110\u1ec3 tr\u00e1nh t\u00e1i nhi\u1ec5m, c\u00f3 th\u1ec3 ti\u00eam l\u1eb7p l\u1ea1i l\u1ea7n 2, c\u00e1ch l\u1ea7n tr\u01b0\u1edbc:<br \/>\n+ \u0110\u1ed1i v\u1edbi heo: 4 &#8211; 5 tu\u1ea7n.<br \/>\n+ \u0110\u1ed1i v\u1edbi b\u00f2: 2 &#8211; 4 tu\u1ea7n.<\/p>\n<p><strong>B\u1ea2O QU\u1ea2N<\/strong><br \/>\nN\u01a1i kh\u00f4 r\u00e1o, tho\u00e1ng m\u00e1t, tr\u00e1nh \u00e1nh s\u00e1ng tr\u1ef1c ti\u1ebfp.<\/p>\n<h3 style=\"text-align: center;\"><span style=\"color: #ff0000;\">CH\u1ec8 D\u00d9NG TRONG TH\u00da Y<\/span><\/h3>\r\n<blockquote>\r\n<p style=\"text-align: center;\"><em>\u201cS\u1ea3n ph\u1ea9m kh\u00f4ng ch\u1ee9a c\u00e1c ch\u1ea5t c\u1ea5m s\u1eed d\u1ee5ng trong s\u1ea3n xu\u1ea5t, kinh doanh th\u00fa y theo c\u00e1c quy \u0111\u1ecbnh hi\u1ec7n h\u00e0nh c\u1ee7a <strong>B\u1ed9 N\u00f4ng nghi\u1ec7p v\u00e0 Ph\u00e1t tri\u1ec3n n\u00f4ng th\u00f4n<\/strong>\u201d<\/em><\/p>\r\n<\/blockquote>\r\n<p><!-- Shortcode [sty2] does not match the conditions --><\/p>\r\n<p style=\"text-align: center;\">S\u1ea3n ph\u1ea9m <a href=\"\">Thu\u1ed1c Th\u00fa Y <\/a> gi\u00e1 b\u00e1n, th\u00e0nh ph\u1ea7n ch\u00ednh, c\u00f4ng d\u1ee5ng \u0111i\u1ec1u tr\u1ecb, h\u01b0\u1edbng d\u1eabn s\u1eed d\u1ee5ng!<\/p>\n","protected":false},"excerpt":{"rendered":"<h3><span style=\"color: #ff0000;\">THU\u1ed0C TI\u00caM TR\u1eca GIUN S\u00c1N<\/span><\/h3>\n<p><strong>C\u00d4NG D\u1ee4NG<\/strong><br \/>\n&#8211; Tr\u00e2u, b\u00f2, d\u00ea, c\u1eebu: \u0110i\u1ec1u tr\u1ecb giun tr\u00f2n \u1edf ru\u1ed9t non v\u00e0 ru\u1ed9t gi\u00e0, giun ph\u1ed5i.<br \/>\n&#8211; Heo: \u0110i\u1ec1u tr\u1ecb giun tr\u00f2n , giun k\u1ebft h\u1ea1t, giun l\u01b0\u01a1n, giun th\u1eadn, giun ph\u1ed5i.<\/p>\n[sc name=\"scontact\" ]\n","protected":false},"featured_media":468,"comment_status":"open","ping_status":"closed","template":"","meta":{"sfsi_plus_gutenberg_text_before_share":"","sfsi_plus_gutenberg_show_text_before_share":"","sfsi_plus_gutenberg_icon_type":"","sfsi_plus_gutenberg_icon_alignemt":"","sfsi_plus_gutenburg_max_per_row":""},"product_brand":[],"product_cat":[16],"product_tag":[688,689],"class_list":{"0":"post-467","1":"product","2":"type-product","3":"status-publish","4":"has-post-thumbnail","6":"product_cat-livestock","7":"product_tag-thuoc-thu-y","8":"product_tag-thuoc-tiem","10":"first","11":"instock","12":"shipping-taxable","13":"product-type-simple"},"_links":{"self":[{"href":"https:\/\/apanano.com\/vi\/wp-json\/wp\/v2\/product\/467","targetHints":{"allow":["GET"]}}],"collection":[{"href":"https:\/\/apanano.com\/vi\/wp-json\/wp\/v2\/product"}],"about":[{"href":"https:\/\/apanano.com\/vi\/wp-json\/wp\/v2\/types\/product"}],"replies":[{"embeddable":true,"href":"https:\/\/apanano.com\/vi\/wp-json\/wp\/v2\/comments?post=467"}],"wp:featuredmedia":[{"embeddable":true,"href":"https:\/\/apanano.com\/vi\/wp-json\/wp\/v2\/media\/468"}],"wp:attachment":[{"href":"https:\/\/apanano.com\/vi\/wp-json\/wp\/v2\/media?parent=467"}],"wp:term":[{"taxonomy":"product_brand","embeddable":true,"href":"https:\/\/apanano.com\/vi\/wp-json\/wp\/v2\/product_brand?post=467"},{"taxonomy":"product_cat","embeddable":true,"href":"https:\/\/apanano.com\/vi\/wp-json\/wp\/v2\/product_cat?post=467"},{"taxonomy":"product_tag","embeddable":true,"href":"https:\/\/apanano.com\/vi\/wp-json\/wp\/v2\/product_tag?post=467"}],"curies":[{"name":"wp","href":"https:\/\/api.w.org\/{rel}","templated":true}]}}