{"id":460,"date":"2016-07-22T16:49:15","date_gmt":"2016-07-22T09:49:15","guid":{"rendered":"http:\/\/apanano.com\/w\/?post_type=product&#038;p=460"},"modified":"2023-02-24T18:26:46","modified_gmt":"2023-02-24T11:26:46","slug":"apa-ive-nitro-i","status":"publish","type":"product","link":"https:\/\/apanano.com\/vi\/product\/apa-ive-nitro-i\/","title":{"rendered":"APA IVE NITRO I"},"content":{"rendered":"<p>Dung d\u1ecbch ti\u00eam.<\/p>\n<p><strong>TH\u00c0NH PH\u1ea6N<\/strong><br \/>\nIvermectin, Nitroxynil.<\/p>\n<p><strong>C\u00d4NG D\u1ee4NG<\/strong><br \/>\nPh\u00f2ng v\u00e0 tr\u1ecb c\u00e1c b\u1ec7nh \u1edf:<br \/>\n&#8211; Tr\u00e2u, b\u00f2: S\u00e1n l\u00e1 gan, c\u00e1c lo\u1ea1i giun tr\u00f2n d\u1ea1 d\u00e0y &#8211; ru\u1ed9t, giun ph\u1ed5i, giun \u1edf m\u1eaft, c\u00e1c b\u1ec7nh ngo\u1ea1i k\u00fd sinh nh\u01b0: Gi\u00f2i, r\u1eadn, ve, m\u1ea1t.<br \/>\n&#8211; C\u1eebu, ch\u00f3: S\u00e1n l\u00e1 gan, c\u00e1c lo\u1ea1i giun tr\u00f2n d\u1ea1 d\u00e0y &#8211; ru\u1ed9t, giun ph\u1ed5i, gi\u00f2i \u1edf m\u0169i, c\u00e1i gh\u1ebb.<\/p>\n<p><strong>CH\u1ed0NG CH\u1ec8 \u0110\u1ecaNH<\/strong><br \/>\n&#8211; Kh\u00f4ng s\u1eed d\u1ee5ng cho th\u00fa m\u1eabn c\u1ea3m v\u1edbi Ivermectin ho\u1eb7c Nitroxynil.<br \/>\n&#8211; Kh\u00f4ng s\u1eed d\u1ee5ng cho th\u00fa mang thai tr\u01b0\u1edbc khi sinh 28 ng\u00e0y.<br \/>\n&#8211; Kh\u00f4ng s\u1eed d\u1ee5ng cho th\u00fa \u0111ang cho s\u1eefa.<\/p>\n<p><strong>C\u00c1CH D\u00d9NG &amp; LI\u1ec0U L\u01af\u1ee2NG<\/strong><br \/>\nCh\u1ec9 ti\u00eam d\u01b0\u1edbi da:<br \/>\n&#8211; Li\u1ec1u trung b\u00ecnh: 1 ml\/25 kg th\u1ec3 tr\u1ecdng.<br \/>\n&#8211; Khi s\u1eed d\u1ee5ng li\u1ec1u l\u1edbn h\u01a1n 10 ml, chia l\u00e0m \u0111\u00f4i v\u00e0 ti\u00eam \u1edf 2 v\u1ecb tr\u00ed kh\u00e1c nhau.<\/p>\n<p><strong>TH\u1edcI GIAN NG\u01afNG S\u1eec D\u1ee4NG THU\u1ed0C<\/strong><br \/>\nKhai th\u00e1c th\u1ecbt: 30 ng\u00e0y.<\/p>\n<p><strong>B\u1ea2O QU\u1ea2N<\/strong><br \/>\nN\u01a1i kh\u00f4 r\u00e1o, tho\u00e1ng m\u00e1t, tr\u00e1nh \u00e1nh s\u00e1ng tr\u1ef1c ti\u1ebfp.<\/p>\n<h3 style=\"text-align: center;\"><span style=\"color: #ff0000;\">CH\u1ec8 D\u00d9NG TRONG TH\u00da Y<\/span><\/h3>\r\n<blockquote>\r\n<p style=\"text-align: center;\"><em>\u201cS\u1ea3n ph\u1ea9m kh\u00f4ng ch\u1ee9a c\u00e1c ch\u1ea5t c\u1ea5m s\u1eed d\u1ee5ng trong s\u1ea3n xu\u1ea5t, kinh doanh th\u00fa y theo c\u00e1c quy \u0111\u1ecbnh hi\u1ec7n h\u00e0nh c\u1ee7a <strong>B\u1ed9 N\u00f4ng nghi\u1ec7p v\u00e0 Ph\u00e1t tri\u1ec3n n\u00f4ng th\u00f4n<\/strong>\u201d<\/em><\/p>\r\n<\/blockquote>\r\n<p><!-- Shortcode [sty2] does not match the conditions --><\/p>\r\n<p style=\"text-align: center;\">S\u1ea3n ph\u1ea9m <a href=\"\">Thu\u1ed1c Th\u00fa Y <\/a> gi\u00e1 b\u00e1n, th\u00e0nh ph\u1ea7n ch\u00ednh, c\u00f4ng d\u1ee5ng \u0111i\u1ec1u tr\u1ecb, h\u01b0\u1edbng d\u1eabn s\u1eed d\u1ee5ng!<\/p>\n","protected":false},"excerpt":{"rendered":"<h3><span style=\"color: #ff0000;\">\u0110\u1eb6C TR\u1eca S\u00c1N L\u00c1 V\u00c0 GIUN TR\u00d2N<\/span><\/h3>\n<p><strong>C\u00d4NG D\u1ee4NG<\/strong><br \/>\nPh\u00f2ng v\u00e0 tr\u1ecb c\u00e1c b\u1ec7nh \u1edf:<br \/>\n&#8211; Tr\u00e2u, b\u00f2: S\u00e1n l\u00e1 gan, c\u00e1c lo\u1ea1i giun tr\u00f2n d\u1ea1 d\u00e0y &#8211; ru\u1ed9t, giun ph\u1ed5i, giun \u1edf m\u1eaft, c\u00e1c b\u1ec7nh ngo\u1ea1i k\u00fd sinh nh\u01b0: Gi\u00f2i, r\u1eadn, ve, m\u1ea1t.<br \/>\n&#8211; C\u1eebu, ch\u00f3: S\u00e1n l\u00e1 gan, c\u00e1c l giun tr\u00f2n d\u1ea1 d\u00e0y &#8211; ru\u1ed9t, giun ph\u1ed5i, gi\u00f2i \u1edf m\u0169i, c\u00e1i gh\u1ebb.<\/p>\n[sc name=\"scontact\" ]\n","protected":false},"featured_media":461,"comment_status":"open","ping_status":"closed","template":"","meta":{"sfsi_plus_gutenberg_text_before_share":"","sfsi_plus_gutenberg_show_text_before_share":"","sfsi_plus_gutenberg_icon_type":"","sfsi_plus_gutenberg_icon_alignemt":"","sfsi_plus_gutenburg_max_per_row":""},"product_brand":[],"product_cat":[16,17],"product_tag":[688,689],"class_list":{"0":"post-460","1":"product","2":"type-product","3":"status-publish","4":"has-post-thumbnail","6":"product_cat-livestock","7":"product_cat-pet","8":"product_tag-thuoc-thu-y","9":"product_tag-thuoc-tiem","11":"first","12":"instock","13":"shipping-taxable","14":"product-type-simple"},"_links":{"self":[{"href":"https:\/\/apanano.com\/vi\/wp-json\/wp\/v2\/product\/460","targetHints":{"allow":["GET"]}}],"collection":[{"href":"https:\/\/apanano.com\/vi\/wp-json\/wp\/v2\/product"}],"about":[{"href":"https:\/\/apanano.com\/vi\/wp-json\/wp\/v2\/types\/product"}],"replies":[{"embeddable":true,"href":"https:\/\/apanano.com\/vi\/wp-json\/wp\/v2\/comments?post=460"}],"wp:featuredmedia":[{"embeddable":true,"href":"https:\/\/apanano.com\/vi\/wp-json\/wp\/v2\/media\/461"}],"wp:attachment":[{"href":"https:\/\/apanano.com\/vi\/wp-json\/wp\/v2\/media?parent=460"}],"wp:term":[{"taxonomy":"product_brand","embeddable":true,"href":"https:\/\/apanano.com\/vi\/wp-json\/wp\/v2\/product_brand?post=460"},{"taxonomy":"product_cat","embeddable":true,"href":"https:\/\/apanano.com\/vi\/wp-json\/wp\/v2\/product_cat?post=460"},{"taxonomy":"product_tag","embeddable":true,"href":"https:\/\/apanano.com\/vi\/wp-json\/wp\/v2\/product_tag?post=460"}],"curies":[{"name":"wp","href":"https:\/\/api.w.org\/{rel}","templated":true}]}}