{"id":452,"date":"2016-07-22T15:20:36","date_gmt":"2016-07-22T08:20:36","guid":{"rendered":"http:\/\/apanano.com\/w\/?post_type=product&#038;p=452"},"modified":"2023-02-24T18:26:49","modified_gmt":"2023-02-24T11:26:49","slug":"apa-fer-b12-i","status":"publish","type":"product","link":"https:\/\/apanano.com\/vi\/product\/apa-fer-b12-i\/","title":{"rendered":"APA FER B12 I"},"content":{"rendered":"<p>Dung d\u1ecbch ti\u00eam.<\/p>\n<p><strong>TH\u00c0NH PH\u1ea6N<\/strong><br \/>\nFe Dextran, <a href=\"https:\/\/thaivietjs.com\/san-pham\/vitamin-b12\/\" target=\"_blank\" rel=\"noopener noreferrer\">Vitamin B12<\/a>.<\/p>\n<p><strong>C\u00d4NG D\u1ee4NG<\/strong><br \/>\nPho\u0300ng va\u0300 tri\u0323 b\u00ea\u0323nh thi\u00ea\u0301u ma\u0301u \u01a1\u0309 <a href=\"https:\/\/apanano.com\/vi\/product-category\/livestock\/\" target=\"_blank\" rel=\"noopener noreferrer\">gia su\u0301c<\/a> non (heo, b\u00ea, nghe\u0301) do thi\u00ea\u0301u s\u0103\u0301t.<\/p>\n<p><strong>CH\u1ed0NG CH\u1ec8 \u0110\u1ecaNH<\/strong><br \/>\n&#8211; Kh\u00f4ng d\u00f9ng qu\u00e1 li\u1ec1u ch\u1ec9 \u0111\u1ecbnh.<br \/>\n&#8211; Kh\u00f4ng d\u00f9ng cho v\u1eadt nu\u00f4i m\u1eabn c\u1ea3m v\u1edbi c\u00e1c th\u00e0nh ph\u1ea7n c\u1ee7a thu\u1ed1c.<br \/>\n&#8211; Kh\u00f4ng d\u00f9ng cho th\u00fa thi\u1ebfu vitamin E, th\u00fa b\u1ecb ti\u00eau ch\u1ea3y.<br \/>\n&#8211; Kh\u00f4ng k\u1ebft h\u1ee3p v\u1edbi Tetracycline v\u00ec t\u01b0\u01a1ng t\u00e1c.<\/p>\n<p><strong>C\u00c1CH D\u00d9NG &amp; LI\u1ec0U L\u01af\u1ee2NG<\/strong><br \/>\n&#8211; Heo con: Ti\u00eam b\u0103\u0301p thi\u0323t 2 ml\/con lu\u0301c 3 nga\u0300y tu\u00f4\u0309i.<br \/>\n&#8211; B\u00ea, nghe\u0301: Ti\u00eam d\u01b0\u01a1\u0301i da , 4 \u2013 8 ml trong tu\u00e2\u0300n l\u00ea\u0303 sau khi sinh.<\/p>\n<p><strong>TH\u1edcI GIAN NG\u01afNG S\u1eec D\u1ee4NG THU\u1ed0C<\/strong><br \/>\nKh\u00f4ng c\u00f3.<\/p>\n<p><strong>B\u1ea2O QU\u1ea2N<\/strong><br \/>\nN\u01a1i kh\u00f4 r\u00e1o, tho\u00e1ng m\u00e1t, tr\u00e1nh \u00e1nh s\u00e1ng tr\u1ef1c ti\u1ebfp.<\/p>\n<h3 style=\"text-align: center;\"><span style=\"color: #ff0000;\">CH\u1ec8 D\u00d9NG TRONG TH\u00da Y<\/span><\/h3>\r\n<blockquote>\r\n<p style=\"text-align: center;\"><em>\u201cS\u1ea3n ph\u1ea9m kh\u00f4ng ch\u1ee9a c\u00e1c ch\u1ea5t c\u1ea5m s\u1eed d\u1ee5ng trong s\u1ea3n xu\u1ea5t, kinh doanh th\u00fa y theo c\u00e1c quy \u0111\u1ecbnh hi\u1ec7n h\u00e0nh c\u1ee7a <strong>B\u1ed9 N\u00f4ng nghi\u1ec7p v\u00e0 Ph\u00e1t tri\u1ec3n n\u00f4ng th\u00f4n<\/strong>\u201d<\/em><\/p>\r\n<\/blockquote>\r\n<p><!-- Shortcode [sty2] does not match the conditions --><\/p>\r\n<p style=\"text-align: center;\">S\u1ea3n ph\u1ea9m <a href=\"\">Thu\u1ed1c Th\u00fa Y <\/a> gi\u00e1 b\u00e1n, th\u00e0nh ph\u1ea7n ch\u00ednh, c\u00f4ng d\u1ee5ng \u0111i\u1ec1u tr\u1ecb, h\u01b0\u1edbng d\u1eabn s\u1eed d\u1ee5ng!<\/p>\n","protected":false},"excerpt":{"rendered":"<h3><span style=\"color: #ff0000;\">\u0110\u1eb6C TR\u1eca THI\u1ebeU M\u00c1U \u1ede GIA S\u00daC NON<\/span><\/h3>\n<p><strong>C\u00d4NG D\u1ee4NG<\/strong><br \/>\nPh\u00f2ng v\u00e0 tr\u1ecb b\u1ec7nh thi\u1ebfu m\u00e1u \u1edf gia s\u00fac non (heo, b\u00ea, ngh\u00e9) do thi\u1ebfu s\u1eaft.<\/p>\n[sc name=\"scontact\" ]\n","protected":false},"featured_media":453,"comment_status":"open","ping_status":"closed","template":"","meta":{"sfsi_plus_gutenberg_text_before_share":"","sfsi_plus_gutenberg_show_text_before_share":"","sfsi_plus_gutenberg_icon_type":"","sfsi_plus_gutenberg_icon_alignemt":"","sfsi_plus_gutenburg_max_per_row":""},"product_brand":[],"product_cat":[16],"product_tag":[688,689],"class_list":{"0":"post-452","1":"product","2":"type-product","3":"status-publish","4":"has-post-thumbnail","6":"product_cat-livestock","7":"product_tag-thuoc-thu-y","8":"product_tag-thuoc-tiem","10":"first","11":"instock","12":"shipping-taxable","13":"product-type-simple"},"_links":{"self":[{"href":"https:\/\/apanano.com\/vi\/wp-json\/wp\/v2\/product\/452","targetHints":{"allow":["GET"]}}],"collection":[{"href":"https:\/\/apanano.com\/vi\/wp-json\/wp\/v2\/product"}],"about":[{"href":"https:\/\/apanano.com\/vi\/wp-json\/wp\/v2\/types\/product"}],"replies":[{"embeddable":true,"href":"https:\/\/apanano.com\/vi\/wp-json\/wp\/v2\/comments?post=452"}],"wp:featuredmedia":[{"embeddable":true,"href":"https:\/\/apanano.com\/vi\/wp-json\/wp\/v2\/media\/453"}],"wp:attachment":[{"href":"https:\/\/apanano.com\/vi\/wp-json\/wp\/v2\/media?parent=452"}],"wp:term":[{"taxonomy":"product_brand","embeddable":true,"href":"https:\/\/apanano.com\/vi\/wp-json\/wp\/v2\/product_brand?post=452"},{"taxonomy":"product_cat","embeddable":true,"href":"https:\/\/apanano.com\/vi\/wp-json\/wp\/v2\/product_cat?post=452"},{"taxonomy":"product_tag","embeddable":true,"href":"https:\/\/apanano.com\/vi\/wp-json\/wp\/v2\/product_tag?post=452"}],"curies":[{"name":"wp","href":"https:\/\/api.w.org\/{rel}","templated":true}]}}