{"id":444,"date":"2016-07-22T14:29:07","date_gmt":"2016-07-22T07:29:07","guid":{"rendered":"http:\/\/apanano.com\/w\/?post_type=product&#038;p=444"},"modified":"2023-02-24T18:26:54","modified_gmt":"2023-02-24T11:26:54","slug":"apa-electrolytes-p","status":"publish","type":"product","link":"https:\/\/apanano.com\/vi\/product\/apa-electrolytes-p\/","title":{"rendered":"APA ELECTROLYTES P"},"content":{"rendered":"<p>Thu\u1ed1c b\u1ed9t u\u1ed1ng.<\/p>\n<p><strong>TH\u00c0NH PH\u1ea6N<\/strong><br \/>\n<a href=\"https:\/\/thaivietjs.com\/san-pham\/vitamin-c\/\" target=\"_blank\" rel=\"noopener noreferrer\">Vitamin C<\/a>, Calci lactate, Acid citric, Natri citrate, KCl, NaCl.<\/p>\n<p><strong>C\u00d4NG D\u1ee4NG<\/strong><br \/>\n&#8211; D\u00f9ng cho gia s\u00fac v\u00e0 gia c\u1ea7m.<br \/>\n&#8211; T\u0103ng c\u01b0\u1eddng s\u1ee9c \u0111\u1ec1 kh\u00e1ng. Cung c\u1ea5p ch\u1ea5t \u0111i\u1ec7n gi\u1ea3i cho c\u01a1 th\u1ec3 trong tr\u01b0\u1eddng h\u1ee3p m\u1ea5t n\u01b0\u1edbc do ti\u00eau ch\u1ea3y, ch\u1ed1ng n\u00f3ng, gi\u1ea3m stress cho gia s\u00fac v\u00e0 gia c\u1ea7m. C\u1ea7n cho hi\u1ec7n t\u01b0\u1ee3ng co c\u01a1 v\u00e0 ch\u1ee9c n\u0103ng \u1edf m\u00e0ng t\u1ebf b\u00e0o, ph\u00f2ng v\u00e0 tr\u1ecb gi\u1ea3m kali huy\u1ebft.<\/p>\n<p><strong>TH\u1edcI GIAN NG\u01afNG S\u1eec D\u1ee4NG THU\u1ed0C<\/strong><br \/>\nKh\u00f4ng c\u00f3.<\/p>\n<p><strong>C\u00c1CH D\u00d9NG &amp; LI\u1ec0U L\u01af\u1ee2NG<\/strong><br \/>\n&#8211; Ho\u00e0 tan 5 g\/1 &#8211; 2 l\u00edt n\u01b0\u1edbc cho gia s\u00fac v\u00e0 gia c\u1ea7m u\u1ed1ng.<br \/>\n&#8211; Th\u1eddi gian d\u00f9ng thu\u1ed1c ph\u1ee5 thu\u1ed9c v\u00e0o tr\u1ea1ng th\u00e1i b\u1ec7nh, c\u00f3 th\u1ec3 1 &#8211; 2 ng\u00e0y ho\u1eb7c k\u00e9o d\u00e0i 7 &#8211; 10 ng\u00e0y.<\/p>\n<p><strong>B\u1ea2O QU\u1ea2N<\/strong><br \/>\nN\u01a1i kh\u00f4 r\u00e1o, tho\u00e1ng m\u00e1t, tr\u00e1nh \u00e1nh s\u00e1ng tr\u1ef1c ti\u1ebfp.<\/p>\n<h3 style=\"text-align: center;\"><span style=\"color: #ff0000;\">CH\u1ec8 D\u00d9NG TRONG TH\u00da Y<\/span><\/h3>\r\n<blockquote>\r\n<p style=\"text-align: center;\"><em>\u201cS\u1ea3n ph\u1ea9m kh\u00f4ng ch\u1ee9a c\u00e1c ch\u1ea5t c\u1ea5m s\u1eed d\u1ee5ng trong s\u1ea3n xu\u1ea5t, kinh doanh th\u00fa y theo c\u00e1c quy \u0111\u1ecbnh hi\u1ec7n h\u00e0nh c\u1ee7a <strong>B\u1ed9 N\u00f4ng nghi\u1ec7p v\u00e0 Ph\u00e1t tri\u1ec3n n\u00f4ng th\u00f4n<\/strong>\u201d<\/em><\/p>\r\n<\/blockquote>\r\n<p><!-- Shortcode [sty2] does not match the conditions --><\/p>\r\n<p style=\"text-align: center;\">S\u1ea3n ph\u1ea9m <a href=\"\">Thu\u1ed1c Th\u00fa Y <\/a> gi\u00e1 b\u00e1n, th\u00e0nh ph\u1ea7n ch\u00ednh, c\u00f4ng d\u1ee5ng \u0111i\u1ec1u tr\u1ecb, h\u01b0\u1edbng d\u1eabn s\u1eed d\u1ee5ng!<\/p>\n","protected":false},"excerpt":{"rendered":"<h3><span style=\"color: #ff0000;\">CUNG C\u1ea4P CH\u1ea4T \u0110I\u1ec6N GI\u1ea2I<\/span><\/h3>\n<p><strong>C\u00d4NG D\u1ee4NG<\/strong><br \/>\n&#8211; D\u00f9ng cho gia s\u00fac v\u00e0 gia c\u1ea7m.<br \/>\n&#8211; T\u0103ng c\u01b0\u1eddng s\u1ee9c \u0111\u1ec1 kh\u00e1ng. Cung c\u1ea5p ch\u1ea5t \u0111i\u1ec7n gi\u1ea3i cho c\u01a1 th\u1ec3 trong tr\u01b0\u1eddng h\u1ee3p m\u1ea5t n\u01b0\u1edbc do ti\u00eau ch\u1ea3y, ch\u1ed1ng n\u00f3ng, gi\u1ea3m stress cho gia s\u00fac v\u00e0 gia c\u1ea7m. C\u1ea7n cho hi\u1ec7n t\u01b0\u1ee3ng co c\u01a1 v\u00e0 ch\u1ee9c n\u0103ng \u1edf m\u00e0ng t\u1ebf b\u00e0o, ph\u00f2ng v\u00e0 tr\u1ecb gi\u1ea3m kali huy\u1ebft.<\/p>\n[sc name=\"scontact\" ]\n","protected":false},"featured_media":445,"comment_status":"open","ping_status":"closed","template":"","meta":{"sfsi_plus_gutenberg_text_before_share":"","sfsi_plus_gutenberg_show_text_before_share":"","sfsi_plus_gutenberg_icon_type":"","sfsi_plus_gutenberg_icon_alignemt":"","sfsi_plus_gutenburg_max_per_row":""},"product_brand":[],"product_cat":[16,18],"product_tag":[688],"class_list":{"0":"post-444","1":"product","2":"type-product","3":"status-publish","4":"has-post-thumbnail","6":"product_cat-livestock","7":"product_cat-poultry","8":"product_tag-thuoc-thu-y","10":"first","11":"instock","12":"featured","13":"shipping-taxable","14":"product-type-simple"},"_links":{"self":[{"href":"https:\/\/apanano.com\/vi\/wp-json\/wp\/v2\/product\/444","targetHints":{"allow":["GET"]}}],"collection":[{"href":"https:\/\/apanano.com\/vi\/wp-json\/wp\/v2\/product"}],"about":[{"href":"https:\/\/apanano.com\/vi\/wp-json\/wp\/v2\/types\/product"}],"replies":[{"embeddable":true,"href":"https:\/\/apanano.com\/vi\/wp-json\/wp\/v2\/comments?post=444"}],"wp:featuredmedia":[{"embeddable":true,"href":"https:\/\/apanano.com\/vi\/wp-json\/wp\/v2\/media\/445"}],"wp:attachment":[{"href":"https:\/\/apanano.com\/vi\/wp-json\/wp\/v2\/media?parent=444"}],"wp:term":[{"taxonomy":"product_brand","embeddable":true,"href":"https:\/\/apanano.com\/vi\/wp-json\/wp\/v2\/product_brand?post=444"},{"taxonomy":"product_cat","embeddable":true,"href":"https:\/\/apanano.com\/vi\/wp-json\/wp\/v2\/product_cat?post=444"},{"taxonomy":"product_tag","embeddable":true,"href":"https:\/\/apanano.com\/vi\/wp-json\/wp\/v2\/product_tag?post=444"}],"curies":[{"name":"wp","href":"https:\/\/api.w.org\/{rel}","templated":true}]}}