{"id":442,"date":"2016-07-22T14:11:59","date_gmt":"2016-07-22T07:11:59","guid":{"rendered":"http:\/\/apanano.com\/w\/?post_type=product&#038;p=442"},"modified":"2023-02-24T18:26:55","modified_gmt":"2023-02-24T11:26:55","slug":"apa-dichlo-i","status":"publish","type":"product","link":"https:\/\/apanano.com\/vi\/product\/apa-dichlo-i\/","title":{"rendered":"APA DICHLO I"},"content":{"rendered":"<p>Dung d\u1ecbch ti\u00eam.<\/p>\n<p><strong>TH\u00c0NH PH\u1ea6N<\/strong><br \/>\nParacetamol, Diclofenac.<\/p>\n<p><strong>C\u00d4NG D\u1ee4NG<\/strong><br \/>\n&#8211; \u0110au v\u00e0 vi\u00eam c\u1ea5p t\u00ednh: \u0110au c\u01a1, \u0111au h\u1eadu ph\u1eabu, ch\u1ea5n th\u01b0\u01a1ng, \u0111au do nhi\u1ec5m tr\u00f9ng b\u1ed9 m\u00e1y h\u00f4 h\u1ea5p.<br \/>\n&#8211; H\u1ea1 nhi\u1ec7t, gi\u1ea3m \u0111au trong c\u00e1c tr\u01b0\u1eddng h\u1ee3p s\u1ed1t n\u00f3ng, nh\u1ee9c \u0111\u1ea7u, \u0111au nh\u1ee9c c\u01a1 x\u01b0\u01a1ng, \u0111au d\u00e2y th\u1ea7n kinh.<br \/>\n&#8211; \u0110i\u1ec1u tr\u1ecb c\u00e1c ch\u1ee9ng vi\u00eam kh\u1edbp \u1edf heo, tr\u00e2u, b\u00f2.<\/p>\n<p><strong>CH\u1ed0NG CH\u1ec8 \u0110\u1ecaNH<\/strong><br \/>\n&#8211; M\u1eabn c\u1ea3m v\u1edbi c\u00e1c th\u00e0nh ph\u1ea7n c\u1ee7a thu\u1ed1c.<br \/>\n&#8211; Kh\u00f4ng d\u00f9ng cho lo\u00e0i m\u00e8o.<br \/>\n&#8211; Kh\u00f4ng d\u00f9ng cho th\u00fa c\u00f3 ti\u1ec1n s\u1eed thi\u1ebfu m\u00e1u, c\u00f3 c\u00e1c b\u1ec7nh v\u1ec1 gan, th\u1eadn, c\u00e1c b\u1ec7nh vi\u00eam lo\u00e9t d\u1ea1 d\u00e0y.<\/p>\n<p><strong>C\u00c1CH D\u00d9NG &amp; LI\u1ec0U L\u01af\u1ee2NG<\/strong><br \/>\nTi\u00eam b\u1eafp th\u1ecbt:<br \/>\n&#8211; Tr\u00e2u, b\u00f2, heo l\u1edbn (&gt; 40 kg): 1ml\/ 15 kg th\u1ec3 tr\u1ecdng.<br \/>\n&#8211; C\u1eebu, d\u00ea, b\u00ea, heo nh\u1ecf (\u2264 40 kg): 1ml\/ 12 kg th\u1ec3 tr\u1ecdng.<br \/>\n&#8211; Ch\u00f3: 1ml\/ 10 kg th\u1ec3 tr\u1ecdng.<br \/>\nD\u00f9ng li\u00ean t\u1ee5c 3 \u2013 5 ng\u00e0y cho \u0111\u1ebfn khi h\u1ebft c\u00e1c tri\u1ec7u ch\u1ee9ng.<\/p>\n<p><strong>TH\u1edcI GIAN NG\u01afNG S\u1eec D\u1ee4NG THU\u1ed0C<\/strong><br \/>\n&#8211; Khai th\u00e1c th\u1ecbt: 04 ng\u00e0y.<br \/>\n&#8211; Khai th\u00e1c s\u1eefa: 04 l\u1ea7n v\u1eaft.<\/p>\n<p><strong>B\u1ea2O QU\u1ea2N<\/strong><br \/>\nN\u01a1i kh\u00f4 r\u00e1o, tho\u00e1ng m\u00e1t, tr\u00e1nh \u00e1nh s\u00e1ng tr\u1ef1c ti\u1ebfp.<\/p>\n<h3 style=\"text-align: center;\"><span style=\"color: #ff0000;\">CH\u1ec8 D\u00d9NG TRONG TH\u00da Y<\/span><\/h3>\r\n<blockquote>\r\n<p style=\"text-align: center;\"><em>\u201cS\u1ea3n ph\u1ea9m kh\u00f4ng ch\u1ee9a c\u00e1c ch\u1ea5t c\u1ea5m s\u1eed d\u1ee5ng trong s\u1ea3n xu\u1ea5t, kinh doanh th\u00fa y theo c\u00e1c quy \u0111\u1ecbnh hi\u1ec7n h\u00e0nh c\u1ee7a <strong>B\u1ed9 N\u00f4ng nghi\u1ec7p v\u00e0 Ph\u00e1t tri\u1ec3n n\u00f4ng th\u00f4n<\/strong>\u201d<\/em><\/p>\r\n<\/blockquote>\r\n<p><!-- Shortcode [sty2] does not match the conditions --><\/p>\r\n<p style=\"text-align: center;\">S\u1ea3n ph\u1ea9m <a href=\"\">Thu\u1ed1c Th\u00fa Y <\/a> gi\u00e1 b\u00e1n, th\u00e0nh ph\u1ea7n ch\u00ednh, c\u00f4ng d\u1ee5ng \u0111i\u1ec1u tr\u1ecb, h\u01b0\u1edbng d\u1eabn s\u1eed d\u1ee5ng!<\/p>\n","protected":false},"excerpt":{"rendered":"<h3><span style=\"color: #ff0000;\">GI\u1ea2M \u0110AU, CH\u1ed0NG VI\u00caM KH\u1edaP<\/span><\/h3>\n<p><strong>C\u00d4NG D\u1ee4NG<\/strong><br \/>\n&#8211; \u0110au v\u00e0 vi\u00eam c\u1ea5p t\u00ednh: \u0110au c\u01a1, \u0111au h\u1eadu ph\u1eabu, ch\u1ea5n th\u01b0\u01a1ng, \u0111au do nhi\u1ec5m tr\u00f9ng b\u1ed9 m\u00e1y h\u00f4 h\u1ea5p.<br \/>\n&#8211; H\u1ea1 nhi\u1ec7t, gi\u1ea3m \u0111au trong c\u00e1c tr\u01b0\u1eddng h\u1ee3p s\u1ed1t n\u00f3ng, nh\u1ee9c \u0111\u1ea7u, \u0111au nh\u1ee9c c\u01a1 x\u01b0\u01a1ng, \u0111au d\u00e2y th\u1ea7n kinh.<br \/>\n&#8211; \u0110i\u1ec1u tr\u1ecb c\u00e1c ch\u1ee9ng vi\u00eam kh\u1edbp \u1edf heo, tr\u00e2u, b\u00f2.<\/p>\n[sc name=\"scontact\" ]\n","protected":false},"featured_media":443,"comment_status":"open","ping_status":"closed","template":"","meta":{"sfsi_plus_gutenberg_text_before_share":"","sfsi_plus_gutenberg_show_text_before_share":"","sfsi_plus_gutenberg_icon_type":"","sfsi_plus_gutenberg_icon_alignemt":"","sfsi_plus_gutenburg_max_per_row":""},"product_brand":[],"product_cat":[16,17],"product_tag":[688,689],"class_list":{"0":"post-442","1":"product","2":"type-product","3":"status-publish","4":"has-post-thumbnail","6":"product_cat-livestock","7":"product_cat-pet","8":"product_tag-thuoc-thu-y","9":"product_tag-thuoc-tiem","11":"first","12":"instock","13":"featured","14":"shipping-taxable","15":"product-type-simple"},"_links":{"self":[{"href":"https:\/\/apanano.com\/vi\/wp-json\/wp\/v2\/product\/442","targetHints":{"allow":["GET"]}}],"collection":[{"href":"https:\/\/apanano.com\/vi\/wp-json\/wp\/v2\/product"}],"about":[{"href":"https:\/\/apanano.com\/vi\/wp-json\/wp\/v2\/types\/product"}],"replies":[{"embeddable":true,"href":"https:\/\/apanano.com\/vi\/wp-json\/wp\/v2\/comments?post=442"}],"wp:featuredmedia":[{"embeddable":true,"href":"https:\/\/apanano.com\/vi\/wp-json\/wp\/v2\/media\/443"}],"wp:attachment":[{"href":"https:\/\/apanano.com\/vi\/wp-json\/wp\/v2\/media?parent=442"}],"wp:term":[{"taxonomy":"product_brand","embeddable":true,"href":"https:\/\/apanano.com\/vi\/wp-json\/wp\/v2\/product_brand?post=442"},{"taxonomy":"product_cat","embeddable":true,"href":"https:\/\/apanano.com\/vi\/wp-json\/wp\/v2\/product_cat?post=442"},{"taxonomy":"product_tag","embeddable":true,"href":"https:\/\/apanano.com\/vi\/wp-json\/wp\/v2\/product_tag?post=442"}],"curies":[{"name":"wp","href":"https:\/\/api.w.org\/{rel}","templated":true}]}}