{"id":430,"date":"2016-07-22T14:03:35","date_gmt":"2016-07-22T07:03:35","guid":{"rendered":"http:\/\/apanano.com\/w\/?post_type=product&#038;p=430"},"modified":"2023-02-24T18:26:56","modified_gmt":"2023-02-24T11:26:56","slug":"apa-cotrim-24-i","status":"publish","type":"product","link":"https:\/\/apanano.com\/vi\/product\/apa-cotrim-24-i\/","title":{"rendered":"APA COTRIM 24 I"},"content":{"rendered":"<div class=\"row\"> <div class=\"col-md-8  \">\nDung d\u1ecbch ti\u00eam.<\/p>\n<p><strong>TH\u00c0NH PH\u1ea6N<\/strong><br \/>\nSulfamethoxazol, Trimethoprim.<\/p>\n<p><strong>C\u00d4NG D\u1ee4NG<\/strong><br \/>\n&#8211; Tr\u1ecb c\u00e1c ch\u1ee9ng <a href=\"https:\/\/apanano.com\/technical-support\/benh-viem-da-day-ruot-o-heo-tge\/\" target=\"_blank\" rel=\"noopener noreferrer\">vi\u00eam ru\u1ed9t, vi\u00eam d\u1ea1 d\u00e0y<\/a>, b\u1ec7nh do E. coli, b\u1ec7nh th\u01b0\u01a1ng h\u00e0n, <a href=\"https:\/\/apanano.com\/technical-support\/benh-tu-huyet-trung-tren-heo\/\" target=\"_blank\" rel=\"noopener noreferrer\">t\u1ee5 huy\u1ebft tr\u00f9ng<\/a>, xu\u1ea5t huy\u1ebft ru\u1ed9t.<br \/>\n&#8211; Tr\u1ecb vi\u00eam th\u1eadn, vi\u00eam t\u1eed cung, <a href=\"https:\/\/apanano.com\/technical-support\/cach-phong-va-tri-benh-viem-vu-tren-bo-sua\/\" target=\"_blank\" rel=\"noopener noreferrer\">vi\u00eam v\u00fa<\/a>, vi\u00eam h\u1eadu s\u1ea3n.<br \/>\n&#8211; Tr\u1ecb c\u00e1c ch\u1ee9ng vi\u00eam \u0111\u01b0\u1eddng h\u00f4 h\u1ea5p, <a href=\"https:\/\/apanano.com\/technical-support\/benh-viem-phoi-dinh-suon-app-tren-heo\/\" target=\"_blank\" rel=\"noopener noreferrer\">vi\u00eam ph\u1ed5i<\/a>, vi\u00eam do v\u1ebft th\u01b0\u01a1ng nhi\u1ec5m tr\u00f9ng.<\/p>\n<p><strong>CH\u1ed0NG CH\u1ec8 \u0110\u1ecaNH<\/strong><br \/>\n&#8211; Kh\u00f4ng d\u00f9ng qu\u00e1 li\u1ec1u ch\u1ec9 \u0111\u1ecbnh.<br \/>\n&#8211; Kh\u00f4ng d\u00f9ng cho th\u00fa suy gi\u1ea3m ch\u1ee9c n\u0103ng gan th\u1eadn tr\u1ea7m tr\u1ecdng.<br \/>\n&#8211; Kh\u00f4ng d\u00f9ng cho v\u1eadt nu\u00f4i m\u1eabn c\u1ea3m v\u1edbi c\u00e1c th\u00e0nh ph\u1ea7n c\u1ee7a thu\u1ed1c.<\/p>\n<p><strong>TH\u1edcI GIAN NG\u01afNG S\u1eec D\u1ee4NG THU\u1ed0C<\/strong><br \/>\n&#8211; Khai th\u00e1c th\u1ecbt:<br \/>\n+ Tr\u00e2u, b\u00f2: 18 ng\u00e0y.<br \/>\n+ Heo: 20 ng\u00e0y.<br \/>\n&#8211; Khai th\u00e1c s\u1eefa: 02 ng\u00e0y.<\/p>\n<p><strong>C\u00c1CH D\u00d9NG &amp; LI\u1ec0U L\u01af\u1ee2NG<\/strong><br \/>\nTi\u00eam s\u00e2u b\u1eafp th\u1ecbt:<br \/>\n&#8211; Heo (&gt; 40 kg), tr\u00e2u, b\u00f2: 1 ml\/15 kg th\u1ec3 tr\u1ecdng\/ng\u00e0y.<br \/>\n&#8211; Heo (\u2264 40 kg), d\u00ea, b\u00ea, c\u1eebu: 1 ml\/10 kg th\u1ec3 tr\u1ecdng\/ng\u00e0y.<br \/>\n&#8211; Ch\u00f3, m\u00e8o: 1 ml\/5 &#8211; 8 kg th\u1ec3 tr\u1ecdng\/ng\u00e0y.<br \/>\nD\u00f9ng li\u00ean t\u1ee5c 3 &#8211; 5 ng\u00e0y cho \u0111\u1ebfn khi h\u1ebft b\u1ec7nh.<\/p>\n<p><strong>B\u1ea2O QU\u1ea2N<\/strong><br \/>\nN\u01a1i kh\u00f4 r\u00e1o, tho\u00e1ng m\u00e1t, tr\u00e1nh \u00e1nh s\u00e1ng tr\u1ef1c ti\u1ebfp.<br \/>\n<\/div><div class=\"col-md-4  \">\n<img loading=\"lazy\" decoding=\"async\" class=\"aligncenter wp-image-952\" src=\"http:\/\/apanano.com\/wp-content\/uploads\/APA-Cotrim-24-I_Standee.jpg\" alt=\"APA-Cotrim-24-I_Standee\" width=\"320\" height=\"800\" srcset=\"\/wp-content\/uploads\/APA-Cotrim-24-I_Standee.jpg 800w, \/wp-content\/uploads\/APA-Cotrim-24-I_Standee-300x750.jpg 300w, \/wp-content\/uploads\/APA-Cotrim-24-I_Standee-120x300.jpg 120w, \/wp-content\/uploads\/APA-Cotrim-24-I_Standee-768x1920.jpg 768w, \/wp-content\/uploads\/APA-Cotrim-24-I_Standee-410x1024.jpg 410w, \/wp-content\/uploads\/APA-Cotrim-24-I_Standee-12x30.jpg 12w\" sizes=\"auto, (max-width: 320px) 100vw, 320px\" \/><br \/>\n<\/div><\/div>\n<h3 style=\"text-align: center;\"><span style=\"color: #ff0000;\">CH\u1ec8 D\u00d9NG TRONG TH\u00da Y<\/span><\/h3>\r\n<blockquote>\r\n<p style=\"text-align: center;\"><em>\u201cS\u1ea3n ph\u1ea9m kh\u00f4ng ch\u1ee9a c\u00e1c ch\u1ea5t c\u1ea5m s\u1eed d\u1ee5ng trong s\u1ea3n xu\u1ea5t, kinh doanh th\u00fa y theo c\u00e1c quy \u0111\u1ecbnh hi\u1ec7n h\u00e0nh c\u1ee7a <strong>B\u1ed9 N\u00f4ng nghi\u1ec7p v\u00e0 Ph\u00e1t tri\u1ec3n n\u00f4ng th\u00f4n<\/strong>\u201d<\/em><\/p>\r\n<\/blockquote>\r\n<p><!-- Shortcode [sty2] does not match the conditions --><\/p>\r\n<p style=\"text-align: center;\">S\u1ea3n ph\u1ea9m <a href=\"\">Thu\u1ed1c Th\u00fa Y <\/a> gi\u00e1 b\u00e1n, th\u00e0nh ph\u1ea7n ch\u00ednh, c\u00f4ng d\u1ee5ng \u0111i\u1ec1u tr\u1ecb, h\u01b0\u1edbng d\u1eabn s\u1eed d\u1ee5ng!<\/p>\n","protected":false},"excerpt":{"rendered":"<h3><span style=\"color: #ff0000;\">\u0110\u1eb6C TR\u1eca C\u00c1C CH\u1ee8NG NHI\u1ec4M KHU\u1ea8N TR\u00caN GIA S\u00daC<\/span><\/h3>\n<p><strong>C\u00d4NG D\u1ee4NG<\/strong><br \/>\n&#8211; Tr\u1ecb c\u00e1c ch\u1ee9ng vi\u00eam ru\u1ed9t, vi\u00eam d\u1ea1 d\u00e0y, b\u1ec7nh do E. coli, b\u1ec7nh th\u01b0\u01a1ng h\u00e0n, t\u1ee5 huy\u1ebft tr\u00f9ng, xu\u1ea5t huy\u1ebft ru\u1ed9t.<br \/>\n&#8211; Tr\u1ecb vi\u00eam th\u1eadn, vi\u00eam t\u1eed cung, vi\u00eam v\u00fa, vi\u00eam h\u1eadu s\u1ea3n.<br \/>\n&#8211; Tr\u1ecb c\u00e1c ch\u1ee9ng vi\u00eam \u0111\u01b0\u1eddng h\u00f4 h\u1ea5p, vi\u00eam ph\u1ed5i, vi\u00eam do v\u1ebft th\u01b0\u01a1ng nhi\u1ec5m tr\u00f9ng.<\/p>\n[sc name=\"scontact\" ]\n","protected":false},"featured_media":431,"comment_status":"open","ping_status":"closed","template":"","meta":{"sfsi_plus_gutenberg_text_before_share":"","sfsi_plus_gutenberg_show_text_before_share":"","sfsi_plus_gutenberg_icon_type":"","sfsi_plus_gutenberg_icon_alignemt":"","sfsi_plus_gutenburg_max_per_row":""},"product_brand":[],"product_cat":[16,17],"product_tag":[520,295,519,294,307,300,303,287,288,304,302,285,305,306,688,689,255,301,293,299,298,266,265,297,268,280,296],"class_list":{"0":"post-430","1":"product","2":"type-product","3":"status-publish","4":"has-post-thumbnail","6":"product_cat-livestock","7":"product_cat-pet","8":"product_tag-benh-tge","9":"product_tag-benh-thuong-han","10":"product_tag-benh-viem-da-day-ruot","11":"product_tag-e-coli","12":"product_tag-external-infection","13":"product_tag-gastrointestinal-inflammation","14":"product_tag-hemorrhagic-enteritis","15":"product_tag-mastitis","16":"product_tag-metritis","17":"product_tag-nephritis","18":"product_tag-pasteurellosis","19":"product_tag-pneumonia","20":"product_tag-postpartum-inflammation","21":"product_tag-respiratory-inflammation","22":"product_tag-thuoc-thu-y","23":"product_tag-thuoc-tiem","24":"product_tag-tu-huyet-trung","25":"product_tag-typhoid","26":"product_tag-viem-da-day","27":"product_tag-viem-duong-ho-hap","28":"product_tag-viem-hau-san","29":"product_tag-viem-phoi","30":"product_tag-viem-ruot","31":"product_tag-viem-than","32":"product_tag-viem-tu-cung","33":"product_tag-viem-vu","34":"product_tag-xuat-huyet-ruot","36":"first","37":"instock","38":"shipping-taxable","39":"product-type-simple"},"_links":{"self":[{"href":"https:\/\/apanano.com\/vi\/wp-json\/wp\/v2\/product\/430","targetHints":{"allow":["GET"]}}],"collection":[{"href":"https:\/\/apanano.com\/vi\/wp-json\/wp\/v2\/product"}],"about":[{"href":"https:\/\/apanano.com\/vi\/wp-json\/wp\/v2\/types\/product"}],"replies":[{"embeddable":true,"href":"https:\/\/apanano.com\/vi\/wp-json\/wp\/v2\/comments?post=430"}],"wp:featuredmedia":[{"embeddable":true,"href":"https:\/\/apanano.com\/vi\/wp-json\/wp\/v2\/media\/431"}],"wp:attachment":[{"href":"https:\/\/apanano.com\/vi\/wp-json\/wp\/v2\/media?parent=430"}],"wp:term":[{"taxonomy":"product_brand","embeddable":true,"href":"https:\/\/apanano.com\/vi\/wp-json\/wp\/v2\/product_brand?post=430"},{"taxonomy":"product_cat","embeddable":true,"href":"https:\/\/apanano.com\/vi\/wp-json\/wp\/v2\/product_cat?post=430"},{"taxonomy":"product_tag","embeddable":true,"href":"https:\/\/apanano.com\/vi\/wp-json\/wp\/v2\/product_tag?post=430"}],"curies":[{"name":"wp","href":"https:\/\/api.w.org\/{rel}","templated":true}]}}