{"id":426,"date":"2016-08-31T10:20:38","date_gmt":"2016-08-31T03:20:38","guid":{"rendered":"http:\/\/apanano.com\/w\/?post_type=product&#038;p=426"},"modified":"2023-02-25T09:57:44","modified_gmt":"2023-02-25T02:57:44","slug":"apa-ceftiofur-s","status":"publish","type":"product","link":"https:\/\/apanano.com\/vi\/product\/apa-ceftiofur-s\/","title":{"rendered":"APA CEFTIOFUR S"},"content":{"rendered":"<div class=\"row\"> <div class=\"col-md-8  \">\nH\u1ed7n d\u1ecbch ti\u00eam.<\/p>\n<p><strong>TH\u00c0NH PH\u1ea6N<\/strong><br \/>\nCeftiofur HCl.<\/p>\n<p><strong>C\u00d4NG D\u1ee4NG<\/strong><br \/>\nPh\u00f2ng v\u00e0 tr\u1ecb c\u00e1c b\u1ec7nh \u0111\u01b0\u1eddng h\u00f4 h\u1ea5p tr\u00ean heo nh\u01b0:<br \/>\n&#8211; Vi\u00eam m\u00e0ng n\u00e3o (Streptococcus suis type 2).<br \/>\n&#8211; <a href=\"https:\/\/apanano.com\/technical-support\/benh-viem-phoi-dinh-suon-app-tren-heo\/\" target=\"_blank\" rel=\"noopener noreferrer\">Vi\u00eam ph\u1ed5i &#8211; m\u00e0ng ph\u1ed5i<\/a> (Actinobacillus pleuropneumonia).<br \/>\n&#8211; <a href=\"https:\/\/apanano.com\/technical-support\/benh-tu-huyet-trung-tren-heo\/\" target=\"_blank\" rel=\"noopener noreferrer\">T\u1ee5 huy\u1ebft tr\u00f9ng<\/a> (Pasteurella multocida).<br \/>\n&#8211; Vi\u00eam xoang ng\u1ef1c &#8211; xoang b\u1ee5ng (Haemophilus parasuis).<br \/>\n&#8211; Ph\u00f3 th\u01b0\u01a1ng h\u00e0n (Salmonella choleraesuis).<\/p>\n<p><strong>TH\u1edcI GIAN NG\u01afNG S\u1eec D\u1ee4NG THU\u1ed0C<\/strong><br \/>\n<strong>Khai th\u00e1c th\u1ecbt:<\/strong><br \/>\n&#8211; Heo, tr\u00e2u, b\u00f2: 04 ng\u00e0y.<br \/>\n&#8211; G\u00e0, v\u1ecbt: 02 ng\u00e0y.<br \/>\n<strong>Khai th\u00e1c s\u1eefa:<\/strong> 0 ng\u00e0y.<\/p>\n<p><strong>C\u00c1CH D\u00d9NG &amp; LI\u1ec0U L\u01af\u1ee2NG<\/strong><br \/>\n<strong>Ti\u00eam:<\/strong><br \/>\n&#8211; Heo: 1 ml\/10 &#8211; 16 kg th\u1ec3 tr\u1ecdng (3 &#8211; 5 mg Ceftiofur\/kg th\u1ec3 tr\u1ecdng). Ch\u1ec9 ti\u00eam b\u1eafp \u0111\u1ed1i v\u1edbi heo.<br \/>\n&#8211; Tr\u00e2u, b\u00f2: 1 ml\/50 kg th\u1ec3 tr\u1ecdng. Ti\u00eam b\u1eafp ho\u1eb7c ti\u00eam d\u01b0\u1edbi da.<br \/>\n<strong>Pha n\u01b0\u1edbc u\u1ed1ng:<\/strong><br \/>\n&#8211; G\u00e0, v\u1ecbt: 1 ml\/1 l\u00edt n\u01b0\u1edbc, u\u1ed1ng li\u00ean t\u1ee5c trong ng\u00e0y.<br \/>\n\u0110i\u1ec1u tr\u1ecb c\u1ea7n l\u1eb7p l\u1ea1i sau 24 gi\u1edd trong 3 ng\u00e0y li\u00ean t\u1ee5c.<\/p>\n<p><strong>TH\u1eacN TR\u1eccNG<\/strong><br \/>\n&#8211; C\u1ea7n \u0111i\u1ec1u tr\u1ecb s\u1edbm l\u00fac m\u1edbi b\u1ec7nh v\u00e0 \u0111\u00e1nh gi\u00e1 hi\u1ec7u qu\u1ea3 \u0111i\u1ec1u tr\u1ecb sau 48 gi\u1edd.<br \/>\n&#8211; \u0110\u00e1nh gi\u00e1 ch\u00ednh x\u00e1c tr\u1ecdng l\u01b0\u1ee3ng c\u1ee7a gia s\u00fac \u0111\u1ec3 ti\u00eam \u0111\u1ee7 li\u1ec1u.<br \/>\n&#8211; Kh\u00f4ng d\u00f9ng trong tr\u01b0\u1eddng h\u1ee3p v\u1eadt nu\u00f4i qu\u00e1 m\u1eabn c\u1ea3m v\u1edbi th\u00e0nh ph\u1ea7n c\u1ee7a thu\u1ed1c.<br \/>\n&#8211; Kh\u00f4ng d\u00f9ng qu\u00e1 li\u1ec1u qui \u0111\u1ecbnh.<\/p>\n<p><strong>B\u1ea2O QU\u1ea2N<\/strong><br \/>\n&#8211; N\u01a1i kh\u00f4 r\u00e1o, tho\u00e1ng m\u00e1t, tr\u00e1nh \u00e1nh s\u00e1ng tr\u1ef1c ti\u1ebfp.<br \/>\n&#8211; B\u1ea3o qu\u1ea3n \u1edf nhi\u1ec7t \u0111\u1ed9 ph\u00f2ng, d\u01b0\u1edbi 30oC.<br \/>\n<\/div><div class=\"col-md-4  \">\n<img loading=\"lazy\" decoding=\"async\" class=\"aligncenter wp-image-942\" src=\"http:\/\/apanano.com\/wp-content\/uploads\/APA-Ceftiofur-S_Standee-410x1024.jpg\" alt=\"APA-Ceftiofur-S_Standee\" width=\"320\" height=\"800\" srcset=\"\/wp-content\/uploads\/APA-Ceftiofur-S_Standee-410x1024.jpg 410w, \/wp-content\/uploads\/APA-Ceftiofur-S_Standee-300x750.jpg 300w, \/wp-content\/uploads\/APA-Ceftiofur-S_Standee-120x300.jpg 120w, \/wp-content\/uploads\/APA-Ceftiofur-S_Standee-768x1920.jpg 768w, \/wp-content\/uploads\/APA-Ceftiofur-S_Standee-12x30.jpg 12w, \/wp-content\/uploads\/APA-Ceftiofur-S_Standee.jpg 800w\" sizes=\"auto, (max-width: 320px) 100vw, 320px\" \/><br \/>\n<\/div><\/div>\n<h3 style=\"text-align: center;\"><span style=\"color: #ff0000;\">CH\u1ec8 D\u00d9NG TRONG TH\u00da Y<\/span><\/h3>\r\n<blockquote>\r\n<p style=\"text-align: center;\"><em>\u201cS\u1ea3n ph\u1ea9m kh\u00f4ng ch\u1ee9a c\u00e1c ch\u1ea5t c\u1ea5m s\u1eed d\u1ee5ng trong s\u1ea3n xu\u1ea5t, kinh doanh th\u00fa y theo c\u00e1c quy \u0111\u1ecbnh hi\u1ec7n h\u00e0nh c\u1ee7a <strong>B\u1ed9 N\u00f4ng nghi\u1ec7p v\u00e0 Ph\u00e1t tri\u1ec3n n\u00f4ng th\u00f4n<\/strong>\u201d<\/em><\/p>\r\n<\/blockquote>\r\n<p><!-- Shortcode [sty2] does not match the conditions --><\/p>\r\n<p style=\"text-align: center;\">S\u1ea3n ph\u1ea9m <a href=\"\">Thu\u1ed1c Th\u00fa Y <\/a> gi\u00e1 b\u00e1n, th\u00e0nh ph\u1ea7n ch\u00ednh, c\u00f4ng d\u1ee5ng \u0111i\u1ec1u tr\u1ecb, h\u01b0\u1edbng d\u1eabn s\u1eed d\u1ee5ng!<\/p>\n","protected":false},"excerpt":{"rendered":"<h3><span style=\"color: #ff0000;\">\u0110\u1eb6C TR\u1eca NHI\u1ec4M TR\u00d9NG H\u00d4 H\u1ea4P TR\u00caN HEO<\/span><\/h3>\n<p><strong>C\u00d4NG D\u1ee4NG<\/strong><br \/>\nPh\u00f2ng v\u00e0 tr\u1ecb c\u00e1c b\u1ec7nh \u0111\u01b0\u1eddng h\u00f4 h\u1ea5p tr\u00ean heo nh\u01b0:<br \/>\n&#8211; Vi\u00eam m\u00e0ng n\u00e3o (Streptococcus suis type 2).<br \/>\n&#8211; Vi\u00eam ph\u1ed5i &#8211; m\u00e0ng ph\u1ed5i (Actinobacillus pleuropneumonia).<br \/>\n&#8211; T\u1ee5 huy\u1ebft tr\u00f9ng (Pasteurella multocida).<br \/>\n&#8211; Vi\u00eam xoang ng\u1ef1c &#8211; xoang b\u1ee5ng (Haemophilus parasuis).<br \/>\n&#8211; Ph\u00f3 th\u01b0\u01a1ng h\u00e0n (Salmonella choleraesuis).<\/p>\n[sc name=\"scontact\" ]<br \/>\n[sc name=\"scontact\"][\/sc]\n","protected":false},"featured_media":427,"comment_status":"open","ping_status":"closed","template":"","meta":{"sfsi_plus_gutenberg_text_before_share":"","sfsi_plus_gutenberg_show_text_before_share":"","sfsi_plus_gutenberg_icon_type":"","sfsi_plus_gutenberg_icon_alignemt":"","sfsi_plus_gutenburg_max_per_row":""},"product_brand":[],"product_cat":[16,18],"product_tag":[260,525,258,517,526,110,90,262,261,257,263,259,264,688,689,255,253,254,256],"class_list":{"0":"post-426","1":"product","2":"type-product","3":"status-publish","4":"has-post-thumbnail","6":"product_cat-livestock","7":"product_cat-poultry","8":"product_tag-actinobacillus-pleuropneumoniae","9":"product_tag-benh-app","10":"product_tag-benh-duong-ho-hap-tren-heo","11":"product_tag-benh-tu-huyet-trung","12":"product_tag-benh-viem-phoi-dinh-suon","13":"product_tag-ceftiofur","14":"product_tag-ceftiofur-s","15":"product_tag-haemophilus-parasuis","16":"product_tag-pasteurella-multocida","17":"product_tag-pho-thuong-han","18":"product_tag-salmonella-choleraesuis","19":"product_tag-streptococcus-suis-type-2","20":"product_tag-swine-respiratory-diseases","21":"product_tag-thuoc-thu-y","22":"product_tag-thuoc-tiem","23":"product_tag-tu-huyet-trung","24":"product_tag-viem-mang-nao","25":"product_tag-viem-phoi-mang-phoi","26":"product_tag-viem-xoang-nguc-xoang-bung","28":"first","29":"instock","30":"featured","31":"downloadable","32":"shipping-taxable","33":"product-type-simple"},"_links":{"self":[{"href":"https:\/\/apanano.com\/vi\/wp-json\/wp\/v2\/product\/426","targetHints":{"allow":["GET"]}}],"collection":[{"href":"https:\/\/apanano.com\/vi\/wp-json\/wp\/v2\/product"}],"about":[{"href":"https:\/\/apanano.com\/vi\/wp-json\/wp\/v2\/types\/product"}],"replies":[{"embeddable":true,"href":"https:\/\/apanano.com\/vi\/wp-json\/wp\/v2\/comments?post=426"}],"wp:featuredmedia":[{"embeddable":true,"href":"https:\/\/apanano.com\/vi\/wp-json\/wp\/v2\/media\/427"}],"wp:attachment":[{"href":"https:\/\/apanano.com\/vi\/wp-json\/wp\/v2\/media?parent=426"}],"wp:term":[{"taxonomy":"product_brand","embeddable":true,"href":"https:\/\/apanano.com\/vi\/wp-json\/wp\/v2\/product_brand?post=426"},{"taxonomy":"product_cat","embeddable":true,"href":"https:\/\/apanano.com\/vi\/wp-json\/wp\/v2\/product_cat?post=426"},{"taxonomy":"product_tag","embeddable":true,"href":"https:\/\/apanano.com\/vi\/wp-json\/wp\/v2\/product_tag?post=426"}],"curies":[{"name":"wp","href":"https:\/\/api.w.org\/{rel}","templated":true}]}}