{"id":424,"date":"2016-08-31T09:03:53","date_gmt":"2016-08-31T02:03:53","guid":{"rendered":"http:\/\/apanano.com\/w\/?post_type=product&#038;p=424"},"modified":"2023-02-24T18:25:21","modified_gmt":"2023-02-24T11:25:21","slug":"apa-ceftiofur-p","status":"publish","type":"product","link":"https:\/\/apanano.com\/vi\/product\/apa-ceftiofur-p\/","title":{"rendered":"APA CEFTIOFUR P"},"content":{"rendered":"<p>Thu\u1ed1c b\u1ed9t pha ti\u00eam ho\u1eb7c n\u01b0\u1edbc u\u1ed1ng.<\/p>\n<p><strong>TH\u00c0NH PH\u1ea6N<\/strong><br \/>\nCeftiofur Na.<\/p>\n<p><strong>C\u00d4NG D\u1ee4NG<\/strong><br \/>\n&#8211; <strong>G\u00e0, v\u1ecbt:<\/strong> Ki\u1ec3m so\u00e1t t\u1ef7 l\u1ec7 ch\u1ebft s\u1edbm g\u00e2y ra b\u1edfi c\u00e1c t\u1ed5 ch\u1ee9c <a href=\"https:\/\/apanano.com\/technical-support\/phong-va-tri-benh-do-vi-khuan-e-coli-tren-gia-cam\/\" target=\"_blank\" rel=\"noopener noreferrer\">E. coli<\/a> nh\u1ea1y c\u1ea3m v\u1edbi Ceftiofur \u1edf g\u00e0 v\u1ecbt m\u1ed9t ng\u00e0y tu\u1ed5i.<br \/>\n&#8211; <strong>Heo:<\/strong> D\u00f9ng tr\u1ecb c\u00e1c b\u1ec7nh nhi\u1ec5m khu\u1ea9n \u0111\u01b0\u1eddng h\u00f4 h\u1ea5p (<a href=\"https:\/\/apanano.com\/technical-support\/benh-viem-phoi-dinh-suon-app-tren-heo\/\" target=\"_blank\" rel=\"noopener noreferrer\">b\u1ec7nh vi\u00eam ph\u1ed5i<\/a>) c\u00f3 li\u00ean quan \u0111\u1ebfn Actinobacillus pleuropneumoniae, Pasteurella multocida (<a href=\"https:\/\/apanano.com\/technical-support\/benh-tu-huyet-trung-tren-heo\/\" target=\"_blank\" rel=\"noopener noreferrer\">t\u1ee5 huy\u1ebft tr\u00f9ng<\/a>), Haemophilus parasuis, Streptococcus suis.<\/p>\n<p><strong>CH\u1ed0NG CH\u1ec8 \u0110\u1ecaNH<\/strong><br \/>\nKh\u00f4ng d\u00f9ng cho v\u1eadt nu\u00f4i c\u00f3 ti\u1ec1n s\u1eed nh\u1ea1y c\u1ea3m v\u1edbi th\u00e0nh ph\u1ea7n c\u1ee7a thu\u1ed1c.<\/p>\n<p><strong>B\u1ea2O QU\u1ea2N<\/strong><br \/>\n&#8211; N\u01a1i kh\u00f4 r\u00e1o, tho\u00e1ng m\u00e1t, tr\u00e1nh \u00e1nh s\u00e1ng tr\u1ef1c ti\u1ebfp.<br \/>\n&#8211; B\u1ea3o qu\u1ea3n \u1edf nhi\u1ec7t \u0111\u1ed9 ph\u00f2ng, d\u01b0\u1edbi 30oC.<\/p>\n<p><strong>C\u00c1CH D\u00d9NG &amp; LI\u1ec0U L\u01af\u1ee2NG<\/strong><br \/>\n&#8211; <strong>G\u00e0, v\u1ecbt:<\/strong> \u0110\u1ec3 g\u00e0, v\u1ecbt nh\u1ecbn kh\u00e1t 2 gi\u1edd tr\u01b0\u1edbc khi cho d\u00f9ng thu\u1ed1c. Pha 1 g thu\u1ed1c b\u1ed9t trong 10 l\u00edt n\u01b0\u1edbc u\u1ed1ng, d\u00f9ng cho 120 con. D\u00f9ng 2 l\u1ea7n\/ ng\u00e0y, trong 3-5 ng\u00e0y.<br \/>\n&#8211; <strong>Heo:<\/strong> Pha 20 ml dung m\u00f4i v\u00f4 tr\u00f9ng v\u00e0o \u1ed1ng ti\u00eam ch\u1ee9a 1g thu\u1ed1c. Ti\u00eam 1 ml c\u00f3 ch\u1ee9a 50 mg thu\u1ed1c cho 10 &#8211; 16 kg th\u1ec3 tr\u1ecdng. Ti\u00eam b\u1eafp ho\u1eb7c ti\u00eam d\u01b0\u1edbi da.<\/p>\n<p><strong>TH\u1edcI GIAN NG\u01afNG S\u1eec D\u1ee4NG THU\u1ed0C<\/strong><br \/>\nKhai th\u00e1c th\u1ecbt: 02 ng\u00e0y.<\/p>\n<h3 style=\"text-align: center;\"><span style=\"color: #ff0000;\">CH\u1ec8 D\u00d9NG TRONG TH\u00da Y<\/span><\/h3>\r\n<blockquote>\r\n<p style=\"text-align: center;\"><em>\u201cS\u1ea3n ph\u1ea9m kh\u00f4ng ch\u1ee9a c\u00e1c ch\u1ea5t c\u1ea5m s\u1eed d\u1ee5ng trong s\u1ea3n xu\u1ea5t, kinh doanh th\u00fa y theo c\u00e1c quy \u0111\u1ecbnh hi\u1ec7n h\u00e0nh c\u1ee7a <strong>B\u1ed9 N\u00f4ng nghi\u1ec7p v\u00e0 Ph\u00e1t tri\u1ec3n n\u00f4ng th\u00f4n<\/strong>\u201d<\/em><\/p>\r\n<\/blockquote>\r\n<p><!-- Shortcode [sty2] does not match the conditions --><\/p>\r\n<p style=\"text-align: center;\">S\u1ea3n ph\u1ea9m <a href=\"\">Thu\u1ed1c Th\u00fa Y <\/a> gi\u00e1 b\u00e1n, th\u00e0nh ph\u1ea7n ch\u00ednh, c\u00f4ng d\u1ee5ng \u0111i\u1ec1u tr\u1ecb, h\u01b0\u1edbng d\u1eabn s\u1eed d\u1ee5ng!<\/p>\n","protected":false},"excerpt":{"rendered":"<h3><span style=\"color: #ff0000;\">\u0110\u1eb6C TR\u1eca H\u00d4 H\u1ea4P TR\u00caN GIA C\u1ea6M<\/span><\/h3>\n<p><strong>C\u00d4NG D\u1ee4NG<\/strong><br \/>\n&#8211; G\u00e0, v\u1ecbt: Ki\u1ec3m so\u00e1t t\u1ef7 l\u1ec7 ch\u1ebft s\u1edbm g\u00e2y ra b\u1edfi c\u00e1c t\u1ed5 ch\u1ee9c E. coli nh\u1ea1y c\u1ea3m v\u1edbi Ceftiofur \u1edf g\u00e0 v\u1ecbt m\u1ed9t ng\u00e0y tu\u1ed5i.<br \/>\n&#8211; Heo: D\u00f9ng tr\u1ecb c\u00e1c b\u1ec7nh nhi\u1ec5m khu\u1ea9n \u0111\u01b0\u1eddng h\u00f4 h\u1ea5p (b\u1ec7nh vi\u00eam ph\u1ed5i) c\u00f3 li\u00ean quan \u0111\u1ebfn Actinobacillus pleuropneumoniae, Pasteurella multocida (t\u1ee5 huy\u1ebft tr\u00f9ng), Haemophilus parasuis, Streptococcus suis.<\/p>\n[sc name=\"scontact\" ]\n","protected":false},"featured_media":425,"comment_status":"open","ping_status":"closed","template":"","meta":{"sfsi_plus_gutenberg_text_before_share":"","sfsi_plus_gutenberg_show_text_before_share":"","sfsi_plus_gutenberg_icon_type":"","sfsi_plus_gutenberg_icon_alignemt":"","sfsi_plus_gutenburg_max_per_row":""},"product_brand":[],"product_cat":[16,18],"product_tag":[525,517,526,110,111,688,689],"class_list":{"0":"post-424","1":"product","2":"type-product","3":"status-publish","4":"has-post-thumbnail","6":"product_cat-livestock","7":"product_cat-poultry","8":"product_tag-benh-app","9":"product_tag-benh-tu-huyet-trung","10":"product_tag-benh-viem-phoi-dinh-suon","11":"product_tag-ceftiofur","12":"product_tag-ceftiofur-p","13":"product_tag-thuoc-thu-y","14":"product_tag-thuoc-tiem","16":"first","17":"instock","18":"featured","19":"shipping-taxable","20":"product-type-simple"},"_links":{"self":[{"href":"https:\/\/apanano.com\/vi\/wp-json\/wp\/v2\/product\/424","targetHints":{"allow":["GET"]}}],"collection":[{"href":"https:\/\/apanano.com\/vi\/wp-json\/wp\/v2\/product"}],"about":[{"href":"https:\/\/apanano.com\/vi\/wp-json\/wp\/v2\/types\/product"}],"replies":[{"embeddable":true,"href":"https:\/\/apanano.com\/vi\/wp-json\/wp\/v2\/comments?post=424"}],"wp:featuredmedia":[{"embeddable":true,"href":"https:\/\/apanano.com\/vi\/wp-json\/wp\/v2\/media\/425"}],"wp:attachment":[{"href":"https:\/\/apanano.com\/vi\/wp-json\/wp\/v2\/media?parent=424"}],"wp:term":[{"taxonomy":"product_brand","embeddable":true,"href":"https:\/\/apanano.com\/vi\/wp-json\/wp\/v2\/product_brand?post=424"},{"taxonomy":"product_cat","embeddable":true,"href":"https:\/\/apanano.com\/vi\/wp-json\/wp\/v2\/product_cat?post=424"},{"taxonomy":"product_tag","embeddable":true,"href":"https:\/\/apanano.com\/vi\/wp-json\/wp\/v2\/product_tag?post=424"}],"curies":[{"name":"wp","href":"https:\/\/api.w.org\/{rel}","templated":true}]}}