{"id":4228,"date":"2021-06-05T06:05:49","date_gmt":"2021-06-04T23:05:49","guid":{"rendered":"https:\/\/apanano.com\/?post_type=product&#038;p=4228"},"modified":"2023-03-29T15:56:12","modified_gmt":"2023-03-29T08:56:12","slug":"gan-number-1","status":"publish","type":"product","link":"https:\/\/apanano.com\/vi\/product\/gan-number-1\/","title":{"rendered":"APA GAN NUMBER 1"},"content":{"rendered":"<p><strong>Th\u00e0nh ph\u1ea7n:<\/strong><br \/>\nMethionine, Sorbitol, Lysine, Yeast extract, Tr\u00edch tinh t\u1ecfi, Tr\u00edch tinh th\u1ea3o d\u01b0\u1ee3c v\u1eeba \u0111\u1ee7.<\/p>\n<p><strong>C\u00f4ng d\u1ee5ng:<\/strong><br \/>\n&#8211; Cung c\u1ea5p c\u00e1c ho\u1ea1t ch\u1ea5t gi\u00fap c\u1ea3i thi\u1ec7n ch\u1ee9c n\u0103ng gan v\u00e0 b\u1ea3o v\u1ec7 t\u1ebf b\u00e0o gan, h\u1ed7 tr\u1ee3 ti\u1ebft m\u1eadt v\u00e0 enzyme, gi\u00fap chuy\u1ec3n h\u00f3a v\u00e0 h\u1ea5p thu dinh d\u01b0\u1ee1ng t\u1ed1t \u0111\u1ec3 t\u00f4m, c\u00e1 l\u1edbn nhanh.<br \/>\n&#8211; Ph\u00f2ng ng\u1eeba c\u00e1c b\u1ec7nh v\u1ec1 s\u01b0ng gan, v\u1ee1 gan; gi\u00fap \u0111\u00e0o th\u1ea3i nhanh c\u00e1c ch\u1ea5t \u0111\u1ed9c trong gan t\u1ee5y.<br \/>\n&#8211; Tr\u00edch tinh t\u1ecfi t\u01b0\u01a1i gi\u00fap ph\u00f2ng ch\u1ed1ng c\u00e1c b\u1ec7nh cho t\u00f4m c\u00e1.<br \/>\n&#8211; Ph\u1ee5c h\u1ed3i ch\u1ee9c n\u0103ng gan sau khi nhi\u1ec5m c\u00e1c b\u1ec7nh nh\u01b0: ho\u1ea1i t\u1eed gan \u1edf t\u00f4m, gan th\u1eadn m\u1ee7 \u1edf c\u00e1.<br \/>\n&#8211; S\u1ea3n ph\u1ea9m c\u00f3 ch\u1ee9a chitosan gi\u00fap t\u0103ng c\u01b0\u1eddng ph\u00f2ng ch\u1ed1ng c\u00e1c b\u1ec7nh cho t\u00f4m.<\/p>\n<p><strong>C\u00e1ch s\u1eed d\u1ee5ng:<\/strong><br \/>\n&#8211; B\u1ed5 sung th\u1ee9c \u0103n h\u00e0ng ng\u00e0y: 2 &#8211; 3 ml\/ kg th\u1ee9c \u0103n, 1 &#8211; 2 l\u1ea7n\/ ng\u00e0y c\u1eef tr\u01b0a, t\u1ed1i.<br \/>\n&#8211; Ph\u00f2ng ng\u1eeba b\u1ec7nh v\u1ec1 gan, gi\u00fap \u0111\u00e0o th\u1ea3i \u0111\u1ed9c t\u1ed1: 3 &#8211; 5 ml\/ kg th\u1ee9c \u0103n.<\/p>\n<p><a href=\"https:\/\/apanano.com\/product\/gan-number-1\/\"><img loading=\"lazy\" decoding=\"async\" class=\"aligncenter wp-image-4230 size-full\" src=\"\/wp-content\/uploads\/APA-GAN-NUMBER-1-POSTER.jpg\" alt=\"\" width=\"706\" height=\"1000\" srcset=\"\/wp-content\/uploads\/APA-GAN-NUMBER-1-POSTER.jpg 706w, \/wp-content\/uploads\/APA-GAN-NUMBER-1-POSTER-212x300.jpg 212w, \/wp-content\/uploads\/APA-GAN-NUMBER-1-POSTER-300x425.jpg 300w\" sizes=\"auto, (max-width: 706px) 100vw, 706px\" \/><\/a><\/p>\n<p><strong>Ch\u00fa \u00fd:<\/strong><br \/>\n&#8211; L\u1eafc \u0111\u1ec1u tr\u01b0\u1edbc khi s\u1eed d\u1ee5ng.<br \/>\n&#8211; \u0110\u1ecdc k\u1ef9 h\u01b0\u1edbng d\u1eabn s\u1eed d\u1ee5ng tr\u01b0\u1edbc khi d\u00f9ng.<\/p>\n<h3 style=\"text-align: center;\"><span style=\"color: #0000ff;\">CH\u1ec8 D\u00d9NG TRONG NU\u00d4I TR\u1ed2NG TH\u1ee6Y S\u1ea2N<\/span><\/h3>\r\n<blockquote>\r\n<p style=\"text-align: center;\"><em>\u201cS\u1ea3n ph\u1ea9m kh\u00f4ng ch\u1ee9a c\u00e1c ch\u1ea5t c\u1ea5m s\u1eed d\u1ee5ng trong s\u1ea3n xu\u1ea5t, kinh doanh th\u1ee7y s\u1ea3n theo c\u00e1c quy \u0111\u1ecbnh hi\u1ec7n h\u00e0nh c\u1ee7a <strong>B\u1ed9 N\u00f4ng nghi\u1ec7p v\u00e0 Ph\u00e1t tri\u1ec3n n\u00f4ng th\u00f4n<\/strong>\u201d<\/em><\/p>\r\n<\/blockquote>\r\n<!-- Shortcode [sts2] does not match the conditions -->\r\n\r\n<!-- Shortcode [act] does not exist -->\n","protected":false},"excerpt":{"rendered":"<h3><span style=\"color: #0000ff;\">GI\u1ea2I \u0110\u1ed8C GAN HI\u1ec6U QU\u1ea2<br \/>\nGI\u00daP T\u00d4M, C\u00c1 C\u00d3 GAN T\u1ee4Y KH\u1eceE M\u1ea0NH<\/span><\/h3>\n<p><strong>C\u00f4ng d\u1ee5ng:<\/strong><br \/>\n&#8211; Cung c\u1ea5p c\u00e1c ho\u1ea1t ch\u1ea5t gi\u00fap c\u1ea3i thi\u1ec7n ch\u1ee9c n\u0103ng gan v\u00e0 b\u1ea3o v\u1ec7 t\u1ebf b\u00e0o gan, h\u1ed7 tr\u1ee3 ti\u1ebft m\u1eadt v\u00e0 enzyme, gi\u00fap chuy\u1ec3n h\u00f3a v\u00e0 h\u1ea5p thu dinh d\u01b0\u1ee1ng t\u1ed1t \u0111\u1ec3 t\u00f4m, c\u00e1 l\u1edbn nhanh.<br \/>\n&#8211; Ph\u00f2ng ng\u1eeba c\u00e1c b\u1ec7nh v\u1ec1 s\u01b0ng gan, v\u1ee1 gan; gi\u00fap \u0111\u00e0o th\u1ea3i nhanh c\u00e1c ch\u1ea5t \u0111\u1ed9c trong gan t\u1ee5y.<br \/>\n&#8211; Tr\u00edch tinh t\u1ecfi t\u01b0\u01a1i gi\u00fap ph\u00f2ng ch\u1ed1ng c\u00e1c b\u1ec7nh cho t\u00f4m c\u00e1.<br \/>\n&#8211; Ph\u1ee5c h\u1ed3i ch\u1ee9c n\u0103ng gan sau khi nhi\u1ec5m c\u00e1c b\u1ec7nh nh\u01b0: ho\u1ea1i t\u1eed gan \u1edf t\u00f4m, gan th\u1eadn m\u1ee7 \u1edf c\u00e1.<br \/>\n&#8211; S\u1ea3n ph\u1ea9m c\u00f3 ch\u1ee9a chitosan gi\u00fap t\u0103ng c\u01b0\u1eddng ph\u00f2ng ch\u1ed1ng c\u00e1c b\u1ec7nh cho t\u00f4m.<\/p>\n[sc name=\"scontacts\"]\n","protected":false},"featured_media":4229,"comment_status":"open","ping_status":"closed","template":"","meta":{"sfsi_plus_gutenberg_text_before_share":"","sfsi_plus_gutenberg_show_text_before_share":"","sfsi_plus_gutenberg_icon_type":"","sfsi_plus_gutenberg_icon_alignemt":"","sfsi_plus_gutenburg_max_per_row":""},"product_brand":[],"product_cat":[408,410,406,405,438,19],"product_tag":[],"class_list":{"0":"post-4228","1":"product","2":"type-product","3":"status-publish","4":"has-post-thumbnail","6":"product_cat-dinh-duong-bo-sung-thuc-an-tom","7":"product_cat-dinh-duong-bo-sung-thuc-an-ca","8":"product_cat-fish","9":"product_cat-shrimp","10":"product_cat-ho-tro-gan-dinh-duong-tong-hop-tom","11":"product_cat-aquaculture","13":"first","14":"instock","15":"shipping-taxable","16":"product-type-simple"},"_links":{"self":[{"href":"https:\/\/apanano.com\/vi\/wp-json\/wp\/v2\/product\/4228","targetHints":{"allow":["GET"]}}],"collection":[{"href":"https:\/\/apanano.com\/vi\/wp-json\/wp\/v2\/product"}],"about":[{"href":"https:\/\/apanano.com\/vi\/wp-json\/wp\/v2\/types\/product"}],"replies":[{"embeddable":true,"href":"https:\/\/apanano.com\/vi\/wp-json\/wp\/v2\/comments?post=4228"}],"wp:featuredmedia":[{"embeddable":true,"href":"https:\/\/apanano.com\/vi\/wp-json\/wp\/v2\/media\/4229"}],"wp:attachment":[{"href":"https:\/\/apanano.com\/vi\/wp-json\/wp\/v2\/media?parent=4228"}],"wp:term":[{"taxonomy":"product_brand","embeddable":true,"href":"https:\/\/apanano.com\/vi\/wp-json\/wp\/v2\/product_brand?post=4228"},{"taxonomy":"product_cat","embeddable":true,"href":"https:\/\/apanano.com\/vi\/wp-json\/wp\/v2\/product_cat?post=4228"},{"taxonomy":"product_tag","embeddable":true,"href":"https:\/\/apanano.com\/vi\/wp-json\/wp\/v2\/product_tag?post=4228"}],"curies":[{"name":"wp","href":"https:\/\/api.w.org\/{rel}","templated":true}]}}