{"id":422,"date":"2016-08-31T08:48:13","date_gmt":"2016-08-31T01:48:13","guid":{"rendered":"http:\/\/apanano.com\/w\/?post_type=product&#038;p=422"},"modified":"2023-02-24T18:25:24","modified_gmt":"2023-02-24T11:25:24","slug":"apa-calci-b12-i","status":"publish","type":"product","link":"https:\/\/apanano.com\/vi\/product\/apa-calci-b12-i\/","title":{"rendered":"APA CALCI B12 I"},"content":{"rendered":"<p>Dung d\u1ecbch ti\u00eam.<\/p>\n<p><strong>TH\u00c0NH PH\u1ea6N<\/strong><br \/>\nCalcium gluconate, Acid boric, Magnesium carbonate, Vitamin B12.<\/p>\n<p><strong>C\u00d4NG D\u1ee4NG<\/strong><br \/>\nDu\u0300ng pho\u0300ng va\u0300 tri\u0323 m\u00f4\u0323t s\u00f4\u0301 b\u00ea\u0323nh thi\u00ea\u0301u <a href=\"https:\/\/apanano.com\/technical-support\/danh-muc-cac-loai-thuoc-thu-y-thuong-dung-trong-chan-nuoi\/\">Canxi va\u0300 Magie<\/a> nh\u01b0:<br \/>\n&#8211; Ba\u0323i li\u00ea\u0323t nhe\u0323 (paresis) do ha\u0323 canxi huy\u00ea\u0301t khi sinh \u0111e\u0309 hay trong th\u01a1\u0300i gian cho s\u01b0\u0303a.<br \/>\n&#8211; Co\u0300i x\u01b0\u01a1ng, m\u00ea\u0300m x\u01b0\u01a1ng, r\u00f4\u0301i loa\u0323n th\u00e2\u0300n kinh ch\u01b0\u0301c n\u0103ng.<br \/>\n&#8211; Ch\u01b0\u0301ng co gi\u00e2\u0323t, li\u00ea\u0323t t\u01b0\u0309 cung \u01a1\u0309 heo na\u0301i trong th\u01a1\u0300i gian sinh \u0111e\u0309.<br \/>\n&#8211; Ba\u0323i li\u00ea\u0323t \u01a1\u0309 tr\u00e2u, bo\u0300, heo trong th\u01a1\u0300i ky\u0300 mang thai do r\u00f4\u0301i loa\u0323n n\u00f4\u0323i ti\u00ea\u0301t.<br \/>\n&#8211; H\u00f4\u0303 tr\u01a1\u0323 ta\u0323o x\u01b0\u01a1ng, du\u0300ng trong ca\u0301c tr\u01b0\u01a1\u0300ng h\u01a1\u0323p xu\u00e2\u0301t huy\u00ea\u0301t (Xu\u00e2\u0301t huy\u00ea\u0301t ph\u00f4\u0309i, ru\u00f4\u0323t, xu\u00e2\u0301t huy\u00ea\u0301t sa\u0309n khoa, ph\u00e2\u0303u thu\u00e2\u0323t ngoa\u0323i khoa).<\/p>\n<p><strong>CH\u1ed0NG CH\u1ec8 \u0110\u1ecaNH<\/strong><br \/>\nKh\u00f4ng d\u00f9ng qu\u00e1 li\u1ec1u quy \u0111\u1ecbnh.<\/p>\n<p><strong>C\u00c1CH D\u00d9NG &amp; LI\u1ec0U L\u01af\u1ee2NG<\/strong><br \/>\nTi\u00eam ti\u0303nh ma\u0323ch, d\u01b0\u01a1\u0301i da. \u0110\u00f4\u0301i v\u01a1\u0301i gia su\u0301c nho\u0309, co\u0301 th\u00ea\u0309 ti\u00eam b\u0103\u0301p thi\u0323t:<br \/>\n&#8211; Li\u00ea\u0300u c\u01a1 ba\u0309n: T\u00e2\u0301t ca\u0309 ca\u0301c loa\u0300i gia su\u0301c: 5 &#8211; 10 ml\/20 kg th\u1ec3 tr\u1ecdng.<br \/>\n&#8211; N\u00ea\u0301u c\u00e2\u0300n, l\u1eb7p la\u0323i sau 24 gi\u01a1\u0300.<br \/>\n+ Tr\u00e2u, bo\u0300: 50 ml\/200 kg th\u1ec3 tr\u1ecdng.<br \/>\n+ Heo, c\u01b0\u0300u, d\u00ea: 5 &#8211; 20 ml tu\u0300y theo tro\u0323ng l\u01b0\u01a1\u0323ng.<br \/>\n+ Cho\u0301, me\u0300o: 2 &#8211; 5ml\/1 l\u00e2\u0300n\/nga\u0300y.<\/p>\n<p><strong>TH\u1edcI GIAN NG\u01afNG S\u1eec D\u1ee4NG THU\u1ed0C<\/strong><br \/>\nKh\u00f4ng c\u00f3.<\/p>\n<p><strong>B\u1ea2O QU\u1ea2N<\/strong><br \/>\n&#8211; N\u01a1i kh\u00f4 r\u00e1o, tho\u00e1ng m\u00e1t, tr\u00e1nh \u00e1nh s\u00e1ng tr\u1ef1c ti\u1ebfp.<br \/>\n&#8211; B\u1ea3o qu\u1ea3n \u1edf nhi\u1ec7t \u0111\u1ed9 ph\u00f2ng, d\u01b0\u1edbi 30oC.<\/p>\n<h3 style=\"text-align: center;\"><span style=\"color: #ff0000;\">CH\u1ec8 D\u00d9NG TRONG TH\u00da Y<\/span><\/h3>\r\n<blockquote>\r\n<p style=\"text-align: center;\"><em>\u201cS\u1ea3n ph\u1ea9m kh\u00f4ng ch\u1ee9a c\u00e1c ch\u1ea5t c\u1ea5m s\u1eed d\u1ee5ng trong s\u1ea3n xu\u1ea5t, kinh doanh th\u00fa y theo c\u00e1c quy \u0111\u1ecbnh hi\u1ec7n h\u00e0nh c\u1ee7a <strong>B\u1ed9 N\u00f4ng nghi\u1ec7p v\u00e0 Ph\u00e1t tri\u1ec3n n\u00f4ng th\u00f4n<\/strong>\u201d<\/em><\/p>\r\n<\/blockquote>\r\n<p><!-- Shortcode [sty2] does not match the conditions --><\/p>\r\n<p style=\"text-align: center;\">S\u1ea3n ph\u1ea9m <a href=\"\">Thu\u1ed1c Th\u00fa Y <\/a> gi\u00e1 b\u00e1n, th\u00e0nh ph\u1ea7n ch\u00ednh, c\u00f4ng d\u1ee5ng \u0111i\u1ec1u tr\u1ecb, h\u01b0\u1edbng d\u1eabn s\u1eed d\u1ee5ng!<\/p>\n","protected":false},"excerpt":{"rendered":"<h3><span style=\"color: #ff0000;\">CUNG C\u1ea4P CANXI CHO B\u00d2 S\u1eeeA, HEO N\u00c1I<\/span><\/h3>\n<p><strong>C\u00d4NG D\u1ee4NG<\/strong><br \/>\nDu\u0300ng pho\u0300ng va\u0300 tri\u0323 m\u00f4\u0323t s\u00f4\u0301 b\u00ea\u0323nh thi\u00ea\u0301u Canxi va\u0300 Magie nh\u01b0:<br \/>\n&#8211; Ba\u0323i li\u00ea\u0323t nhe\u0323 (paresis) do ha\u0323 canxi huy\u00ea\u0301t khi sinh \u0111e\u0309 hay trong th\u01a1\u0300i gian cho s\u01b0\u0303a.<br \/>\n&#8211; Co\u0300i x\u01b0\u01a1ng, m\u00ea\u0300m x\u01b0\u01a1ng, r\u00f4\u0301i loa\u0323n th\u00e2\u0300n kinh ch\u01b0\u0301c n\u0103ng.<br \/>\n&#8211; Ch\u01b0\u0301ng co gi\u00e2\u0323t, li\u00ea\u0323t t\u01b0\u0309 cung \u01a1\u0309 heo na\u0301i trong th\u01a1\u0300i gian sinh \u0111e\u0309.<br \/>\n&#8211; Ba\u0323i li\u00ea\u0323t \u01a1\u0309 tr\u00e2u, bo\u0300, heo trong th\u01a1\u0300i ky\u0300 mang thai do r\u00f4\u0301i loa\u0323n n\u00f4\u0323i ti\u00ea\u0301t.<br \/>\n&#8211; H\u00f4\u0303 tr\u01a1\u0323 ta\u0323o x\u01b0\u01a1ng, du\u0300ng trong ca\u0301c tr\u01b0\u01a1\u0300ng h\u01a1\u0323p xu\u00e2\u0301t huy\u00ea\u0301t (Xu\u00e2\u0301t huy\u00ea\u0301t ph\u00f4\u0309i, ru\u00f4\u0323t, xu\u00e2\u0301t huy\u00ea\u0301t sa\u0309n khoa, ph\u00e2\u0303u thu\u00e2\u0323t ngoa\u0323i khoa).<\/p>\n[sc name=\"scontact\" ]\n","protected":false},"featured_media":423,"comment_status":"open","ping_status":"closed","template":"","meta":{"sfsi_plus_gutenberg_text_before_share":"","sfsi_plus_gutenberg_show_text_before_share":"","sfsi_plus_gutenberg_icon_type":"","sfsi_plus_gutenberg_icon_alignemt":"","sfsi_plus_gutenburg_max_per_row":""},"product_brand":[],"product_cat":[16,17],"product_tag":[688,689],"class_list":{"0":"post-422","1":"product","2":"type-product","3":"status-publish","4":"has-post-thumbnail","6":"product_cat-livestock","7":"product_cat-pet","8":"product_tag-thuoc-thu-y","9":"product_tag-thuoc-tiem","11":"first","12":"instock","13":"featured","14":"shipping-taxable","15":"product-type-simple"},"_links":{"self":[{"href":"https:\/\/apanano.com\/vi\/wp-json\/wp\/v2\/product\/422","targetHints":{"allow":["GET"]}}],"collection":[{"href":"https:\/\/apanano.com\/vi\/wp-json\/wp\/v2\/product"}],"about":[{"href":"https:\/\/apanano.com\/vi\/wp-json\/wp\/v2\/types\/product"}],"replies":[{"embeddable":true,"href":"https:\/\/apanano.com\/vi\/wp-json\/wp\/v2\/comments?post=422"}],"wp:featuredmedia":[{"embeddable":true,"href":"https:\/\/apanano.com\/vi\/wp-json\/wp\/v2\/media\/423"}],"wp:attachment":[{"href":"https:\/\/apanano.com\/vi\/wp-json\/wp\/v2\/media?parent=422"}],"wp:term":[{"taxonomy":"product_brand","embeddable":true,"href":"https:\/\/apanano.com\/vi\/wp-json\/wp\/v2\/product_brand?post=422"},{"taxonomy":"product_cat","embeddable":true,"href":"https:\/\/apanano.com\/vi\/wp-json\/wp\/v2\/product_cat?post=422"},{"taxonomy":"product_tag","embeddable":true,"href":"https:\/\/apanano.com\/vi\/wp-json\/wp\/v2\/product_tag?post=422"}],"curies":[{"name":"wp","href":"https:\/\/api.w.org\/{rel}","templated":true}]}}