{"id":420,"date":"2016-07-21T09:44:01","date_gmt":"2016-07-21T02:44:01","guid":{"rendered":"http:\/\/apanano.com\/w\/?post_type=product&#038;p=420"},"modified":"2023-02-24T18:26:58","modified_gmt":"2023-02-24T11:26:58","slug":"apa-calci-ade-p","status":"publish","type":"product","link":"https:\/\/apanano.com\/vi\/product\/apa-calci-ade-p\/","title":{"rendered":"APA CALCI ADE P"},"content":{"rendered":"<p>Thu\u1ed1c b\u1ed9t tr\u1ed9n th\u1ee9c \u0103n.<\/p>\n<p><strong>TH\u00c0NH PH\u1ea6N<\/strong><br \/>\nMonocalcium phosphate, Vitamin A, Vitamin D3, Vitamin E.<\/p>\n<p><strong>C\u00d4NG D\u1ee4NG<\/strong><br \/>\n&#8211; D\u00f9ng tr\u1ecb c\u00e1c tri\u1ec7u ch\u1ee9ng thi\u1ebfu canxi \u1edf heo con, c\u00f2i c\u1ecdc, ch\u1eadm l\u1edbn.<br \/>\n&#8211; B\u1ed5 sung canxi cho heo n\u00e1i, b\u00f2 s\u1eefa trong th\u1eddi k\u1ef3 sinh s\u1ea3n h\u1eb7c cho s\u1eefa.<br \/>\n&#8211; Ph\u1ee5c h\u1ed3i s\u1ee9c \u0111\u1ec1 kh\u00e1ng sau khi th\u00fa b\u1ec7nh.<br \/>\n&#8211; Gi\u00fap t\u0103ng tr\u01b0\u1edfng t\u1ed1t \u1edf heo n\u00e1i h\u1eadu b\u1ecb, heo th\u1ecbt, tr\u01b0\u1edbc khi xu\u1ea5t chu\u1ed3ng.<br \/>\n&#8211; Cung c\u1ea5p canxi cho heo n\u00e1i trong tr\u01b0\u1eddng h\u1ee3p b\u1ecb li\u1ec7t do thi\u1ebfu canxi, c\u00e1c tr\u01b0\u1eddng h\u1ee3p vi\u00eam kh\u1edbp \u1edf b\u00f2 s\u1eefa, \u1edf heo n\u00e1i sau khi sinh.<\/p>\n<p><strong>CH\u1ed0NG CH\u1ec8 \u0110\u1ecaNH<\/strong><br \/>\nKh\u00f4ng d\u00f9ng qu\u00e1 li\u1ec1u quy \u0111\u1ecbnh.<\/p>\n<p><strong>TH\u1edcI GIAN NG\u01afNG S\u1eec D\u1ee4NG THU\u1ed0C<\/strong><br \/>\nKh\u00f4ng c\u00f3.<\/p>\n<p><strong>C\u00c1CH D\u00d9NG &amp; LI\u1ec0U L\u01af\u1ee2NG<\/strong><br \/>\nTr\u1ed9n th\u1ee9c \u0103n:<br \/>\n&#8211; Heo con: 2,5 kg\/1 t\u1ea5n th\u1ee9c \u0103n.<br \/>\n&#8211; B\u00f2 s\u1eefa, heo n\u00e1i: 2 kg\/1 t\u1ea5n th\u1ee9c \u0103n.<br \/>\n&#8211; Heo th\u1ecbt, n\u00e1i h\u1eadu b\u1ecb: 1 &#8211; 1,5 kg\/1 t\u1ea5n th\u1ee9c \u0103n<\/p>\n<p><strong>B\u1ea2O QU\u1ea2N<\/strong><br \/>\nN\u01a1i kh\u00f4 r\u00e1o, tho\u00e1ng m\u00e1t, tr\u00e1nh \u00e1nh s\u00e1ng tr\u1ef1c ti\u1ebfp.<\/p>\n<h3 style=\"text-align: center;\"><span style=\"color: #ff0000;\">CH\u1ec8 D\u00d9NG TRONG TH\u00da Y<\/span><\/h3>\r\n<blockquote>\r\n<p style=\"text-align: center;\"><em>\u201cS\u1ea3n ph\u1ea9m kh\u00f4ng ch\u1ee9a c\u00e1c ch\u1ea5t c\u1ea5m s\u1eed d\u1ee5ng trong s\u1ea3n xu\u1ea5t, kinh doanh th\u00fa y theo c\u00e1c quy \u0111\u1ecbnh hi\u1ec7n h\u00e0nh c\u1ee7a <strong>B\u1ed9 N\u00f4ng nghi\u1ec7p v\u00e0 Ph\u00e1t tri\u1ec3n n\u00f4ng th\u00f4n<\/strong>\u201d<\/em><\/p>\r\n<\/blockquote>\r\n<p><!-- Shortcode [sty2] does not match the conditions --><\/p>\r\n<p style=\"text-align: center;\">S\u1ea3n ph\u1ea9m <a href=\"\">Thu\u1ed1c Th\u00fa Y <\/a> gi\u00e1 b\u00e1n, th\u00e0nh ph\u1ea7n ch\u00ednh, c\u00f4ng d\u1ee5ng \u0111i\u1ec1u tr\u1ecb, h\u01b0\u1edbng d\u1eabn s\u1eed d\u1ee5ng!<\/p>\n","protected":false},"excerpt":{"rendered":"<h3><span style=\"color: #ff0000;\">B\u1ed4 SUNG CANXI CHO HEO CON, B\u00d2 S\u1eeeA<\/span><\/h3>\n<p><strong>C\u00d4NG D\u1ee4NG<\/strong><br \/>\n&#8211; D\u00f9ng tr\u1ecb c\u00e1c tri\u1ec7u ch\u1ee9ng thi\u1ebfu canxi \u1edf heo con, c\u00f2i c\u1ecdc, ch\u1eadm l\u1edbn.<br \/>\n&#8211; B\u1ed5 sung canxi cho heo n\u00e1i, b\u00f2 s\u1eefa trong th\u1eddi k\u1ef3 sinh s\u1ea3n h\u1eb7c cho s\u1eefa.<br \/>\n&#8211; Ph\u1ee5c h\u1ed3i s\u1ee9c \u0111\u1ec1 kh\u00e1ng sau khi th\u00fa b\u1ec7nh.<br \/>\n&#8211; Gi\u00fap t\u0103ng tr\u01b0\u1edfng t\u1ed1t \u1edf heo n\u00e1i h\u1eadu b\u1ecb, heo th\u1ecbt, tr\u01b0\u1edbc khi xu\u1ea5t chu\u1ed3ng.<br \/>\n&#8211; Cung c\u1ea5p canxi cho heo n\u00e1i trong tr\u01b0\u1eddng h\u1ee3p b\u1ecb li\u1ec7t do thi\u1ebfu canxi, c\u00e1c tr\u01b0\u1eddng h\u1ee3p vi\u00eam kh\u1edbp \u1edf b\u00f2 s\u1eefa, \u1edf heo n\u00e1i sau khi sinh.<\/p>\n[sc name=\"scontact\" ]\n","protected":false},"featured_media":421,"comment_status":"open","ping_status":"closed","template":"","meta":{"sfsi_plus_gutenberg_text_before_share":"","sfsi_plus_gutenberg_show_text_before_share":"","sfsi_plus_gutenberg_icon_type":"","sfsi_plus_gutenberg_icon_alignemt":"","sfsi_plus_gutenburg_max_per_row":""},"product_brand":[],"product_cat":[16],"product_tag":[688],"class_list":{"0":"post-420","1":"product","2":"type-product","3":"status-publish","4":"has-post-thumbnail","6":"product_cat-livestock","7":"product_tag-thuoc-thu-y","9":"first","10":"instock","11":"shipping-taxable","12":"product-type-simple"},"_links":{"self":[{"href":"https:\/\/apanano.com\/vi\/wp-json\/wp\/v2\/product\/420","targetHints":{"allow":["GET"]}}],"collection":[{"href":"https:\/\/apanano.com\/vi\/wp-json\/wp\/v2\/product"}],"about":[{"href":"https:\/\/apanano.com\/vi\/wp-json\/wp\/v2\/types\/product"}],"replies":[{"embeddable":true,"href":"https:\/\/apanano.com\/vi\/wp-json\/wp\/v2\/comments?post=420"}],"wp:featuredmedia":[{"embeddable":true,"href":"https:\/\/apanano.com\/vi\/wp-json\/wp\/v2\/media\/421"}],"wp:attachment":[{"href":"https:\/\/apanano.com\/vi\/wp-json\/wp\/v2\/media?parent=420"}],"wp:term":[{"taxonomy":"product_brand","embeddable":true,"href":"https:\/\/apanano.com\/vi\/wp-json\/wp\/v2\/product_brand?post=420"},{"taxonomy":"product_cat","embeddable":true,"href":"https:\/\/apanano.com\/vi\/wp-json\/wp\/v2\/product_cat?post=420"},{"taxonomy":"product_tag","embeddable":true,"href":"https:\/\/apanano.com\/vi\/wp-json\/wp\/v2\/product_tag?post=420"}],"curies":[{"name":"wp","href":"https:\/\/api.w.org\/{rel}","templated":true}]}}