{"id":416,"date":"2016-08-31T08:49:04","date_gmt":"2016-08-31T01:49:04","guid":{"rendered":"http:\/\/apanano.com\/w\/?post_type=product&#038;p=416"},"modified":"2023-02-24T18:25:24","modified_gmt":"2023-02-24T11:25:24","slug":"apa-caffein-i","status":"publish","type":"product","link":"https:\/\/apanano.com\/vi\/product\/apa-caffein-i\/","title":{"rendered":"APA CAFFEIN I"},"content":{"rendered":"<p>Dung d\u1ecbch ti\u00eam.<\/p>\n<p><strong>TH\u00c0NH PH\u1ea6N<\/strong><br \/>\nCaffeine.<\/p>\n<p><strong>C\u00d4NG D\u1ee4NG<\/strong><br \/>\n&#8211; C\u1ea3i thi\u1ec7n tu\u1ea7n ho\u00e0n m\u00e1u, h\u01b0ng ph\u1ea5n h\u00f4 h\u1ea5p, d\u00f9ng trong c\u00e1c b\u1ec7nh truy\u1ec1n nhi\u1ec5m n\u1eb7ng g\u00e2y n\u00ean hi\u1ec7n t\u01b0\u1ee3ng \u1ee9c ch\u1ebf trung khu h\u00f4 h\u1ea5p v\u00e0 trung khu v\u1eadn \u0111\u1ed9ng huy\u1ebft qu\u1ea3n.<br \/>\n&#8211; \u0110i\u1ec1u tr\u1ecb ch\u1ee9ng suy nh\u01b0\u1ee3c tim, lo\u1ea1n nh\u1ecbp tim, vi\u00eam c\u01a1 tim c\u1ea5p t\u00ednh.<br \/>\n&#8211; H\u1ed7 tr\u1ee3 ph\u1ee5c h\u1ed3i cho v\u1eadt nu\u00f4i suy ki\u1ec7t do b\u1ec7nh.<br \/>\n&#8211; Gi\u1ea3i \u0111\u1ed9c thu\u1ed1c m\u00ea, thu\u1ed1c ng\u1ee7, c\u1ea5p c\u1ee9u khi gia s\u00fac b\u1ecb say n\u1eafng.<br \/>\n&#8211; T\u0103ng nh\u1ecbp tu\u1ea7n ho\u00e0n trong tr\u01b0\u1eddng h\u1ee3p gia s\u00fac m\u1edbi sinh b\u1ecb ng\u1ed9p th\u1edf.<\/p>\n<p><strong>TH\u1edcI GIAN NG\u01afNG S\u1eec D\u1ee4NG THU\u1ed0C<\/strong><br \/>\nKhai th\u00e1c th\u1ecbt: 0 ng\u00e0y.<\/p>\n<p><strong>C\u00c1CH D\u00d9NG &amp; LI\u1ec0U L\u01af\u1ee2NG<\/strong><br \/>\nTi\u00eam b\u1eafp th\u1ecbt hay d\u01b0\u1edbi da:<br \/>\n&#8211; Tr\u00e2u, b\u00f2, ng\u1ef1a : 20 &#8211; 50 ml\/con.<br \/>\n&#8211; Heo, d\u00ea, c\u1eebu : 5 &#8211; 20 ml\/con.<br \/>\n&#8211; Ch\u00f3, m\u00e8o : 1 &#8211; 3 ml\/con.<\/p>\n<p><strong>CH\u1ed0NG CH\u1ec8 \u0110\u1ecaNH<\/strong><br \/>\n&#8211; M\u1eabn c\u1ea3m v\u1edbi thu\u1ed1c.<br \/>\n&#8211; Suy m\u1ea1ch v\u00e0nh, nh\u1ed3i m\u00e1u c\u01a1 tim.<br \/>\n&#8211; Nh\u1ecbp tim nhanh, ngo\u1ea1i t\u00e2m thu.<\/p>\n<p><strong>B\u1ea2O QU\u1ea2N<\/strong><br \/>\nN\u01a1i kh\u00f4 r\u00e1o, tho\u00e1ng m\u00e1t, tr\u00e1nh \u00e1nh s\u00e1ng tr\u1ef1c ti\u1ebfp.<\/p>\n<h3 style=\"text-align: center;\"><span style=\"color: #ff0000;\">CH\u1ec8 D\u00d9NG TRONG TH\u00da Y<\/span><\/h3>\r\n<blockquote>\r\n<p style=\"text-align: center;\"><em>\u201cS\u1ea3n ph\u1ea9m kh\u00f4ng ch\u1ee9a c\u00e1c ch\u1ea5t c\u1ea5m s\u1eed d\u1ee5ng trong s\u1ea3n xu\u1ea5t, kinh doanh th\u00fa y theo c\u00e1c quy \u0111\u1ecbnh hi\u1ec7n h\u00e0nh c\u1ee7a <strong>B\u1ed9 N\u00f4ng nghi\u1ec7p v\u00e0 Ph\u00e1t tri\u1ec3n n\u00f4ng th\u00f4n<\/strong>\u201d<\/em><\/p>\r\n<\/blockquote>\r\n<p><!-- Shortcode [sty2] does not match the conditions --><\/p>\r\n<p style=\"text-align: center;\">S\u1ea3n ph\u1ea9m <a href=\"\">Thu\u1ed1c Th\u00fa Y <\/a> gi\u00e1 b\u00e1n, th\u00e0nh ph\u1ea7n ch\u00ednh, c\u00f4ng d\u1ee5ng \u0111i\u1ec1u tr\u1ecb, h\u01b0\u1edbng d\u1eabn s\u1eed d\u1ee5ng!<\/p>\n","protected":false},"excerpt":{"rendered":"<h3><span style=\"color: #ff0000;\">C\u1ea2I THI\u1ec6N TU\u1ea6N HO\u00c0N<\/span><\/h3>\n<p><strong>C\u00d4NG D\u1ee4NG<\/strong><br \/>\n&#8211; C\u1ea3i thi\u1ec7n tu\u1ea7n ho\u00e0n m\u00e1u, h\u01b0ng ph\u1ea5n h\u00f4 h\u1ea5p, d\u00f9ng trong c\u00e1c b\u1ec7nh truy\u1ec1n nhi\u1ec5m n\u1eb7ng g\u00e2y n\u00ean hi\u1ec7n t\u01b0\u1ee3ng \u1ee9c ch\u1ebf trung khu h\u00f4 h\u1ea5p v\u00e0 trung khu v\u1eadn \u0111\u1ed9ng huy\u1ebft qu\u1ea3n.<br \/>\n&#8211; \u0110i\u1ec1u tr\u1ecb ch\u1ee9ng suy nh\u01b0\u1ee3c tim, lo\u1ea1n nh\u1ecbp tim, vi\u00eam c\u01a1 tim c\u1ea5p t\u00ednh.<br \/>\n&#8211; H\u1ed7 tr\u1ee3 ph\u1ee5c h\u1ed3i cho v\u1eadt nu\u00f4i suy ki\u1ec7t do b\u1ec7nh.<br \/>\n&#8211; Gi\u1ea3i \u0111\u1ed9c thu\u1ed1c m\u00ea, thu\u1ed1c ng\u1ee7, c\u1ea5p c\u1ee9u khi gia s\u00fac b\u1ecb say n\u1eafng.<br \/>\n&#8211; T\u0103ng nh\u1ecbp tu\u1ea7n ho\u00e0n trong tr\u01b0\u1eddng h\u1ee3p gia s\u00fac m\u1edbi sinh b\u1ecb ng\u1ed9p th\u1edf.<\/p>\n[sc name=\"scontact\" ]\n","protected":false},"featured_media":417,"comment_status":"open","ping_status":"closed","template":"","meta":{"sfsi_plus_gutenberg_text_before_share":"","sfsi_plus_gutenberg_show_text_before_share":"","sfsi_plus_gutenberg_icon_type":"","sfsi_plus_gutenberg_icon_alignemt":"","sfsi_plus_gutenburg_max_per_row":""},"product_brand":[],"product_cat":[16,17],"product_tag":[688,689],"class_list":{"0":"post-416","1":"product","2":"type-product","3":"status-publish","4":"has-post-thumbnail","6":"product_cat-livestock","7":"product_cat-pet","8":"product_tag-thuoc-thu-y","9":"product_tag-thuoc-tiem","11":"first","12":"instock","13":"featured","14":"shipping-taxable","15":"product-type-simple"},"_links":{"self":[{"href":"https:\/\/apanano.com\/vi\/wp-json\/wp\/v2\/product\/416","targetHints":{"allow":["GET"]}}],"collection":[{"href":"https:\/\/apanano.com\/vi\/wp-json\/wp\/v2\/product"}],"about":[{"href":"https:\/\/apanano.com\/vi\/wp-json\/wp\/v2\/types\/product"}],"replies":[{"embeddable":true,"href":"https:\/\/apanano.com\/vi\/wp-json\/wp\/v2\/comments?post=416"}],"wp:featuredmedia":[{"embeddable":true,"href":"https:\/\/apanano.com\/vi\/wp-json\/wp\/v2\/media\/417"}],"wp:attachment":[{"href":"https:\/\/apanano.com\/vi\/wp-json\/wp\/v2\/media?parent=416"}],"wp:term":[{"taxonomy":"product_brand","embeddable":true,"href":"https:\/\/apanano.com\/vi\/wp-json\/wp\/v2\/product_brand?post=416"},{"taxonomy":"product_cat","embeddable":true,"href":"https:\/\/apanano.com\/vi\/wp-json\/wp\/v2\/product_cat?post=416"},{"taxonomy":"product_tag","embeddable":true,"href":"https:\/\/apanano.com\/vi\/wp-json\/wp\/v2\/product_tag?post=416"}],"curies":[{"name":"wp","href":"https:\/\/api.w.org\/{rel}","templated":true}]}}